{"id":329,"date":"2013-11-22T09:55:14","date_gmt":"2013-11-22T07:55:14","guid":{"rendered":"http:\/\/toensfeldt-modellbau.de\/?page_id=329"},"modified":"2013-11-22T10:00:35","modified_gmt":"2013-11-22T08:00:35","slug":"holzkisten","status":"publish","type":"page","link":"https:\/\/toensfeldt-modellbau.de\/?page_id=329","title":{"rendered":"Holzkisten"},"content":{"rendered":"<p><img loading=\"lazy\" decoding=\"async\" class=\"alignleft size-full wp-image-328\" alt=\"090031\" src=\"http:\/\/toensfeldt-modellbau.de\/wp-content\/uploads\/2013\/11\/090031.jpg\" width=\"300\" height=\"140\" \/>Inlands und Export Holkisten<\/p>\n<p>&nbsp;<\/p>\n<p>&nbsp;<\/p>\n<p>&nbsp;<\/p>\n<p><strong><em><span style=\"color: #ff0000;\">Export Holzkiste<\/span><\/em><\/strong><\/p>\n<p>Bausatz f\u00fcr eine Holzkiste gro\u00df Export mit Beschrieftung.<\/p>\n<div id=\"attachment_327\" style=\"width: 310px\" class=\"wp-caption alignleft\"><img loading=\"lazy\" decoding=\"async\" aria-describedby=\"caption-attachment-327\" class=\"size-full wp-image-327\" alt=\"090030\" src=\"http:\/\/toensfeldt-modellbau.de\/wp-content\/uploads\/2013\/11\/090030.jpg\" width=\"300\" height=\"154\" \/><p id=\"caption-attachment-327\" class=\"wp-caption-text\">090030<\/p><\/div>\n<p>Technische Daten:<\/p>\n<ul>\n<li>L\u00e4nge: ca. 457 mm<\/li>\n<li>H\u00f6he: ca. 182 mm<\/li>\n<li>Breite: ca. 168 mm<\/li>\n<\/ul>\n<p>Art. Nr.: Bestelltext<\/p>\n<ul>\n<li><span style=\"color: #ff0000;\">090030<\/span> Holz Kiste Export<\/li>\n<\/ul>\n<p>&nbsp;<\/p>\n<p><strong><em><span style=\"color: #ff0000;\">Innlands Holzkiste<\/span><\/em><\/strong><\/p>\n<p>Bausatz f\u00fcr eine Holzkiste gro\u00df Innland.<\/p>\n<div id=\"attachment_328\" style=\"width: 310px\" class=\"wp-caption alignleft\"><img loading=\"lazy\" decoding=\"async\" aria-describedby=\"caption-attachment-328\" class=\"size-full wp-image-328\" alt=\"090031\" src=\"http:\/\/toensfeldt-modellbau.de\/wp-content\/uploads\/2013\/11\/090031.jpg\" width=\"300\" height=\"140\" \/><p id=\"caption-attachment-328\" class=\"wp-caption-text\">090031<\/p><\/div>\n<p>Technische Daten:<\/p>\n<ul>\n<li>L\u00e4nge: ca. 457 mm<\/li>\n<li>H\u00f6he: ca. 182 mm<\/li>\n<li>Breite: ca. 168 mm<\/li>\n<\/ul>\n<p>Art. Nr.: Bestelltext<\/p>\n<ul>\n<li><span style=\"color: #ff0000;\">090031<\/span> Holz Kiste Innland<\/li>\n<\/ul>\n","protected":false},"excerpt":{"rendered":"<p>Inlands und Export Holkisten &nbsp; &nbsp; &nbsp; Export Holzkiste Bausatz f\u00fcr eine Holzkiste gro\u00df Export mit Beschrieftung. Technische Daten: L\u00e4nge: ca. 457 mm H\u00f6he: ca. 182 mm Breite: ca. 168 mm Art. Nr.: Bestelltext 090030 Holz Kiste Export &nbsp; Innlands &hellip; <a href=\"https:\/\/toensfeldt-modellbau.de\/?page_id=329\">Weiterlesen <span class=\"meta-nav\">&rarr;<\/span><\/a><\/p>\n","protected":false},"author":3,"featured_media":0,"parent":285,"menu_order":3,"comment_status":"closed","ping_status":"closed","template":"","meta":{"footnotes":""},"class_list":["post-329","page","type-page","status-publish","hentry"],"_links":{"self":[{"href":"https:\/\/toensfeldt-modellbau.de\/index.php?rest_route=\/wp\/v2\/pages\/329","targetHints":{"allow":["GET"]}}],"collection":[{"href":"https:\/\/toensfeldt-modellbau.de\/index.php?rest_route=\/wp\/v2\/pages"}],"about":[{"href":"https:\/\/toensfeldt-modellbau.de\/index.php?rest_route=\/wp\/v2\/types\/page"}],"author":[{"embeddable":true,"href":"https:\/\/toensfeldt-modellbau.de\/index.php?rest_route=\/wp\/v2\/users\/3"}],"replies":[{"embeddable":true,"href":"https:\/\/toensfeldt-modellbau.de\/index.php?rest_route=%2Fwp%2Fv2%2Fcomments&post=329"}],"version-history":[{"count":7,"href":"https:\/\/toensfeldt-modellbau.de\/index.php?rest_route=\/wp\/v2\/pages\/329\/revisions"}],"predecessor-version":[{"id":336,"href":"https:\/\/toensfeldt-modellbau.de\/index.php?rest_route=\/wp\/v2\/pages\/329\/revisions\/336"}],"up":[{"embeddable":true,"href":"https:\/\/toensfeldt-modellbau.de\/index.php?rest_route=\/wp\/v2\/pages\/285"}],"wp:attachment":[{"href":"https:\/\/toensfeldt-modellbau.de\/index.php?rest_route=%2Fwp%2Fv2%2Fmedia&parent=329"}],"curies":[{"name":"wp","href":"https:\/\/api.w.org\/{rel}","templated":true}]}}