{"id":3350,"date":"2018-10-20T17:17:51","date_gmt":"2018-10-20T15:17:51","guid":{"rendered":"http:\/\/toensfeldt-modellbau.de\/?page_id=3350"},"modified":"2025-03-02T12:06:46","modified_gmt":"2025-03-02T10:06:46","slug":"schleifkorbtrage","status":"publish","type":"page","link":"https:\/\/toensfeldt-modellbau.de\/?page_id=3350","title":{"rendered":"Schleifkorbtrage 1:14"},"content":{"rendered":"<div id=\"attachment_3354\" style=\"width: 435px\" class=\"wp-caption alignnone\"><img loading=\"lazy\" decoding=\"async\" aria-describedby=\"caption-attachment-3354\" class=\"wp-image-3354 size-full\" src=\"http:\/\/toensfeldt-modellbau.de\/wp-content\/uploads\/2018\/10\/Trage-Senkrecht-4-St.jpg\" alt=\"\" width=\"425\" height=\"434\" srcset=\"https:\/\/toensfeldt-modellbau.de\/wp-content\/uploads\/2018\/10\/Trage-Senkrecht-4-St.jpg 425w, https:\/\/toensfeldt-modellbau.de\/wp-content\/uploads\/2018\/10\/Trage-Senkrecht-4-St-294x300.jpg 294w\" sizes=\"auto, (max-width: 425px) 100vw, 425px\" \/><p id=\"caption-attachment-3354\" class=\"wp-caption-text\">Trage 1:14 bworld Figur von Bruder<\/p><\/div>\n<p>Schleifkorbtrage 1:14 mit Gummimatte, Gurten und 4 L\u00f6cher zum Anbringen der Anschlagb\u00e4nder zum Kranen. Die Trage kann auf dem Dach von Einsatzfahrzeugen transportiert werden z. B. Feuerwehr, THW oder DLRG.<\/p>\n<p><img loading=\"lazy\" decoding=\"async\" class=\"alignnone size-full wp-image-3355\" src=\"http:\/\/toensfeldt-modellbau.de\/wp-content\/uploads\/2018\/10\/Trage-Wagerecht-1-St-Int.jpg\" alt=\"\" width=\"425\" height=\"128\" srcset=\"https:\/\/toensfeldt-modellbau.de\/wp-content\/uploads\/2018\/10\/Trage-Wagerecht-1-St-Int.jpg 425w, https:\/\/toensfeldt-modellbau.de\/wp-content\/uploads\/2018\/10\/Trage-Wagerecht-1-St-Int-300x90.jpg 300w\" sizes=\"auto, (max-width: 425px) 100vw, 425px\" \/><\/p>\n<p>Technische Daten 1:14:<\/p>\n<ul>\n<li>L\u00e4nge: ca. 160 mm<\/li>\n<li>Breite: ca. 49 mm<\/li>\n<li>H\u00f6he: ca. 19 mm<\/li>\n<\/ul>\n<p>Art. Nr. Bestelltext:<\/p>\n<ul>\n<li><span style=\"color: #ff0000;\">040210<\/span> Schleifkorbtrage 1:14<\/li>\n<\/ul>\n<div id=\"attachment_3491\" style=\"width: 357px\" class=\"wp-caption alignnone\"><img loading=\"lazy\" decoding=\"async\" aria-describedby=\"caption-attachment-3491\" class=\"wp-image-3491 size-full\" src=\"http:\/\/toensfeldt-modellbau.de\/wp-content\/uploads\/2019\/01\/Schleikorbt.1-16-Figuren.Int_.jpg\" alt=\"\" width=\"347\" height=\"312\" srcset=\"https:\/\/toensfeldt-modellbau.de\/wp-content\/uploads\/2019\/01\/Schleikorbt.1-16-Figuren.Int_.jpg 347w, https:\/\/toensfeldt-modellbau.de\/wp-content\/uploads\/2019\/01\/Schleikorbt.1-16-Figuren.Int_-300x270.jpg 300w\" sizes=\"auto, (max-width: 347px) 100vw, 347px\" \/><p id=\"caption-attachment-3491\" class=\"wp-caption-text\">bworld Figuren von Bruder<\/p><\/div>\n\n\n<p>Herstellerdaten gem\u00e4s GPSR<\/p>\n\n\n\n<p>Olaf T\u00f6nsfeldt<br>T\u00f6nsfeldt Modellbau Vertrieb<br>Nobiskr\u00fcger Allee 20<br>24768 Rendsburg<\/p>\n\n\n\n<p><strong>Deutschland<\/strong><br>Tel.: 0049 (0 ) 43 31\/ 51 95<br>E-Mail an: tmv@toensfeldt-modellbau.de<\/p>\n","protected":false},"excerpt":{"rendered":"<p>Schleifkorbtrage 1:14 mit Gummimatte, Gurten und 4 L\u00f6cher zum Anbringen der Anschlagb\u00e4nder zum Kranen. Die Trage kann auf dem Dach von Einsatzfahrzeugen transportiert werden z. B. Feuerwehr, THW oder DLRG. Technische Daten 1:14: L\u00e4nge: ca. 160 mm Breite: ca. 49 &hellip; <a href=\"https:\/\/toensfeldt-modellbau.de\/?page_id=3350\">Weiterlesen <span class=\"meta-nav\">&rarr;<\/span><\/a><\/p>\n","protected":false},"author":2,"featured_media":0,"parent":0,"menu_order":0,"comment_status":"closed","ping_status":"closed","template":"","meta":{"footnotes":""},"class_list":["post-3350","page","type-page","status-publish","hentry"],"_links":{"self":[{"href":"https:\/\/toensfeldt-modellbau.de\/index.php?rest_route=\/wp\/v2\/pages\/3350","targetHints":{"allow":["GET"]}}],"collection":[{"href":"https:\/\/toensfeldt-modellbau.de\/index.php?rest_route=\/wp\/v2\/pages"}],"about":[{"href":"https:\/\/toensfeldt-modellbau.de\/index.php?rest_route=\/wp\/v2\/types\/page"}],"author":[{"embeddable":true,"href":"https:\/\/toensfeldt-modellbau.de\/index.php?rest_route=\/wp\/v2\/users\/2"}],"replies":[{"embeddable":true,"href":"https:\/\/toensfeldt-modellbau.de\/index.php?rest_route=%2Fwp%2Fv2%2Fcomments&post=3350"}],"version-history":[{"count":15,"href":"https:\/\/toensfeldt-modellbau.de\/index.php?rest_route=\/wp\/v2\/pages\/3350\/revisions"}],"predecessor-version":[{"id":7533,"href":"https:\/\/toensfeldt-modellbau.de\/index.php?rest_route=\/wp\/v2\/pages\/3350\/revisions\/7533"}],"wp:attachment":[{"href":"https:\/\/toensfeldt-modellbau.de\/index.php?rest_route=%2Fwp%2Fv2%2Fmedia&parent=3350"}],"curies":[{"name":"wp","href":"https:\/\/api.w.org\/{rel}","templated":true}]}}