{"id":3446,"date":"2018-12-22T13:15:40","date_gmt":"2018-12-22T11:15:40","guid":{"rendered":"http:\/\/toensfeldt-modellbau.de\/?page_id=3446"},"modified":"2021-10-21T17:40:02","modified_gmt":"2021-10-21T15:40:02","slug":"feuerwehr-axt","status":"publish","type":"page","link":"https:\/\/toensfeldt-modellbau.de\/?page_id=3446","title":{"rendered":"Feuerwehr Axt"},"content":{"rendered":"<div id=\"attachment_3440\" style=\"width: 435px\" class=\"wp-caption alignnone\"><img loading=\"lazy\" decoding=\"async\" aria-describedby=\"caption-attachment-3440\" class=\"wp-image-3440 size-full\" src=\"http:\/\/toensfeldt-modellbau.de\/wp-content\/uploads\/2018\/12\/4\u00c4xteEU-Figur.jpg\" alt=\"\" width=\"425\" height=\"430\" srcset=\"https:\/\/toensfeldt-modellbau.de\/wp-content\/uploads\/2018\/12\/4\u00c4xteEU-Figur.jpg 425w, https:\/\/toensfeldt-modellbau.de\/wp-content\/uploads\/2018\/12\/4\u00c4xteEU-Figur-297x300.jpg 297w\" sizes=\"auto, (max-width: 425px) 100vw, 425px\" \/><p id=\"caption-attachment-3440\" class=\"wp-caption-text\">bworld Figur von Bruder<\/p><\/div>\n<p>TMV Feuerwehr\u00e4xte 1:14 f\u00fcr den Einsatz in den Fahrzeugen der Feuerwehr EU &amp; US und des THWs. Feuerwehraxt wie sie bei der deutschen Feuerwehr eingesetzt wird, mit einer breiten Finne und der Schneide, sowie eine US Feuerwehraxt mit einer Spitze und der Schneide. Alle \u00c4xte sind mit einem Stiel aus Glasfaser ausger\u00fcstet. Die TMV \u00c4xte sind aus Messing Feinguss gegossen worden und lackiert, der Stiel ist aus Messingdraht Gelb pulverbeschichtet sowie das Griffst\u00fcckende in Gummi getaucht.<\/p>\n<div style=\"width: 435px\" class=\"wp-caption alignnone\"><img loading=\"lazy\" decoding=\"async\" class=\"wp-image-3439 size-full\" src=\"http:\/\/toensfeldt-modellbau.de\/wp-content\/uploads\/2018\/12\/2\u00c4xte-Klotz-Feuer.jpg\" alt=\"\" width=\"425\" height=\"501\" srcset=\"https:\/\/toensfeldt-modellbau.de\/wp-content\/uploads\/2018\/12\/2\u00c4xte-Klotz-Feuer.jpg 425w, https:\/\/toensfeldt-modellbau.de\/wp-content\/uploads\/2018\/12\/2\u00c4xte-Klotz-Feuer-254x300.jpg 254w\" sizes=\"auto, (max-width: 425px) 100vw, 425px\" \/><p class=\"wp-caption-text\">Links US Rechts EU<\/p><\/div>\n<div id=\"attachment_3442\" style=\"width: 435px\" class=\"wp-caption alignnone\"><img loading=\"lazy\" decoding=\"async\" aria-describedby=\"caption-attachment-3442\" class=\"wp-image-3442 size-full\" src=\"http:\/\/toensfeldt-modellbau.de\/wp-content\/uploads\/2018\/12\/FeuerAxtEU-Figur.jpg\" alt=\"\" width=\"425\" height=\"500\" srcset=\"https:\/\/toensfeldt-modellbau.de\/wp-content\/uploads\/2018\/12\/FeuerAxtEU-Figur.jpg 425w, https:\/\/toensfeldt-modellbau.de\/wp-content\/uploads\/2018\/12\/FeuerAxtEU-Figur-255x300.jpg 255w\" sizes=\"auto, (max-width: 425px) 100vw, 425px\" \/><p id=\"caption-attachment-3442\" class=\"wp-caption-text\">Axt EU bworld Figur von Bruder<\/p><\/div>\n<div id=\"attachment_3454\" style=\"width: 435px\" class=\"wp-caption alignnone\"><img loading=\"lazy\" decoding=\"async\" aria-describedby=\"caption-attachment-3454\" class=\"wp-image-3454 size-full\" src=\"http:\/\/toensfeldt-modellbau.de\/wp-content\/uploads\/2018\/12\/FeuerAxtEU.jpg\" alt=\"\" width=\"425\" height=\"291\" srcset=\"https:\/\/toensfeldt-modellbau.de\/wp-content\/uploads\/2018\/12\/FeuerAxtEU.jpg 425w, https:\/\/toensfeldt-modellbau.de\/wp-content\/uploads\/2018\/12\/FeuerAxtEU-300x205.jpg 300w\" sizes=\"auto, (max-width: 425px) 100vw, 425px\" \/><p id=\"caption-attachment-3454\" class=\"wp-caption-text\">Axt EU mit der Finne<\/p><\/div>\n<div style=\"width: 435px\" class=\"wp-caption alignnone\"><img loading=\"lazy\" decoding=\"async\" class=\"wp-image-3455 size-full\" src=\"http:\/\/toensfeldt-modellbau.de\/wp-content\/uploads\/2018\/12\/FeuerAxtUS-1.jpg\" alt=\"\" width=\"425\" height=\"321\" srcset=\"https:\/\/toensfeldt-modellbau.de\/wp-content\/uploads\/2018\/12\/FeuerAxtUS-1.jpg 425w, https:\/\/toensfeldt-modellbau.de\/wp-content\/uploads\/2018\/12\/FeuerAxtUS-1-300x227.jpg 300w\" sizes=\"auto, (max-width: 425px) 100vw, 425px\" \/><p class=\"wp-caption-text\">Axt US mit der Spitze<\/p><\/div>\n<div id=\"attachment_3441\" style=\"width: 435px\" class=\"wp-caption alignnone\"><img loading=\"lazy\" decoding=\"async\" aria-describedby=\"caption-attachment-3441\" class=\"wp-image-3441 size-full\" src=\"http:\/\/toensfeldt-modellbau.de\/wp-content\/uploads\/2018\/12\/Axt.jpg\" alt=\"\" width=\"425\" height=\"357\" srcset=\"https:\/\/toensfeldt-modellbau.de\/wp-content\/uploads\/2018\/12\/Axt.jpg 425w, https:\/\/toensfeldt-modellbau.de\/wp-content\/uploads\/2018\/12\/Axt-300x252.jpg 300w\" sizes=\"auto, (max-width: 425px) 100vw, 425px\" \/><p id=\"caption-attachment-3441\" class=\"wp-caption-text\">Axt<\/p><\/div>\n<p><img loading=\"lazy\" decoding=\"async\" class=\"alignnone size-full wp-image-5592\" src=\"http:\/\/toensfeldt-modellbau.de\/wp-content\/uploads\/2021\/10\/25-Halter-Rund-2.jpg\" alt=\"\" width=\"283\" height=\"234\" \/><\/p>\n<p><img loading=\"lazy\" decoding=\"async\" class=\"alignnone size-full wp-image-5591\" src=\"http:\/\/toensfeldt-modellbau.de\/wp-content\/uploads\/2021\/10\/25-Halter-Rund-1.jpg\" alt=\"\" width=\"283\" height=\"191\" \/><\/p>\n<p>Ma\u00dfe Feuerwehr\u00e4xte:<\/p>\n<ul>\n<li>Breite: ca. 23 mm<\/li>\n<li>H\u00f6he: ca. 66 mm<\/li>\n<\/ul>\n<p>Ma\u00dfe Spaltaxt:<\/p>\n<ul>\n<li>Breite: ca. 17 mm<\/li>\n<li>H\u00f6he: ca. 67 mm<\/li>\n<\/ul>\n<p>Art. Nr. Bestell Text:<\/p>\n<ul>\n<li><span style=\"color: #ff0000;\">040240<\/span> TMV Feuerwehraxt EU 1:14<\/li>\n<li><span style=\"color: #ff0000;\">040241<\/span> TMV Feuerwehraxt US 1:14<\/li>\n<li><span style=\"color: #ff0000;\">040242<\/span> TMV Axt 1:14<\/li>\n<\/ul>\n<p>Preis ab: 9,90 \u20ac<\/p>\n","protected":false},"excerpt":{"rendered":"<p>TMV Feuerwehr\u00e4xte 1:14 f\u00fcr den Einsatz in den Fahrzeugen der Feuerwehr EU &amp; US und des THWs. Feuerwehraxt wie sie bei der deutschen Feuerwehr eingesetzt wird, mit einer breiten Finne und der Schneide, sowie eine US Feuerwehraxt mit einer Spitze &hellip; <a href=\"https:\/\/toensfeldt-modellbau.de\/?page_id=3446\">Weiterlesen <span class=\"meta-nav\">&rarr;<\/span><\/a><\/p>\n","protected":false},"author":2,"featured_media":0,"parent":0,"menu_order":0,"comment_status":"closed","ping_status":"closed","template":"","meta":{"footnotes":""},"class_list":["post-3446","page","type-page","status-publish","hentry"],"_links":{"self":[{"href":"https:\/\/toensfeldt-modellbau.de\/index.php?rest_route=\/wp\/v2\/pages\/3446","targetHints":{"allow":["GET"]}}],"collection":[{"href":"https:\/\/toensfeldt-modellbau.de\/index.php?rest_route=\/wp\/v2\/pages"}],"about":[{"href":"https:\/\/toensfeldt-modellbau.de\/index.php?rest_route=\/wp\/v2\/types\/page"}],"author":[{"embeddable":true,"href":"https:\/\/toensfeldt-modellbau.de\/index.php?rest_route=\/wp\/v2\/users\/2"}],"replies":[{"embeddable":true,"href":"https:\/\/toensfeldt-modellbau.de\/index.php?rest_route=%2Fwp%2Fv2%2Fcomments&post=3446"}],"version-history":[{"count":11,"href":"https:\/\/toensfeldt-modellbau.de\/index.php?rest_route=\/wp\/v2\/pages\/3446\/revisions"}],"predecessor-version":[{"id":5598,"href":"https:\/\/toensfeldt-modellbau.de\/index.php?rest_route=\/wp\/v2\/pages\/3446\/revisions\/5598"}],"wp:attachment":[{"href":"https:\/\/toensfeldt-modellbau.de\/index.php?rest_route=%2Fwp%2Fv2%2Fmedia&parent=3446"}],"curies":[{"name":"wp","href":"https:\/\/api.w.org\/{rel}","templated":true}]}}