{"id":3448,"date":"2018-12-22T13:16:15","date_gmt":"2018-12-22T11:16:15","guid":{"rendered":"http:\/\/toensfeldt-modellbau.de\/?page_id=3448"},"modified":"2025-03-09T11:39:11","modified_gmt":"2025-03-09T09:39:11","slug":"spalthammer-axt","status":"publish","type":"page","link":"https:\/\/toensfeldt-modellbau.de\/?page_id=3448","title":{"rendered":"Spalthammer Axt"},"content":{"rendered":"<p><img loading=\"lazy\" decoding=\"async\" class=\"alignnone size-full wp-image-3458\" src=\"http:\/\/toensfeldt-modellbau.de\/wp-content\/uploads\/2018\/12\/2\u00c4xte-Klotz2.jpg\" alt=\"\" width=\"425\" height=\"578\" srcset=\"https:\/\/toensfeldt-modellbau.de\/wp-content\/uploads\/2018\/12\/2\u00c4xte-Klotz2.jpg 425w, https:\/\/toensfeldt-modellbau.de\/wp-content\/uploads\/2018\/12\/2\u00c4xte-Klotz2-221x300.jpg 221w\" sizes=\"auto, (max-width: 425px) 100vw, 425px\" \/><\/p>\n<p>TMV Axt und Spalthammer 1:14 f\u00fcr den Einsatz in den W\u00e4ldern und im Garten zum Holz machen. Die Axt und der Spalthammer sind mit einem Stiel aus Glasfaser ausger\u00fcstet. Die TMV Axt und der Spalthammer sind aus Messing Feinguss gegossen worden und lackiert, der Stiel ist aus Messingdraht Gelb pulverbeschichtet sowie das Griffst\u00fcckende in Gummi getaucht.<\/p>\n<div id=\"attachment_3438\" style=\"width: 435px\" class=\"wp-caption alignnone\"><img loading=\"lazy\" decoding=\"async\" aria-describedby=\"caption-attachment-3438\" class=\"wp-image-3438 size-full\" src=\"http:\/\/toensfeldt-modellbau.de\/wp-content\/uploads\/2018\/12\/2\u00c4xte-Klotz.jpg\" alt=\"\" width=\"425\" height=\"560\" srcset=\"https:\/\/toensfeldt-modellbau.de\/wp-content\/uploads\/2018\/12\/2\u00c4xte-Klotz.jpg 425w, https:\/\/toensfeldt-modellbau.de\/wp-content\/uploads\/2018\/12\/2\u00c4xte-Klotz-228x300.jpg 228w\" sizes=\"auto, (max-width: 425px) 100vw, 425px\" \/><p id=\"caption-attachment-3438\" class=\"wp-caption-text\">Links Axt Rechts Spalthammer<\/p><\/div>\n<div id=\"attachment_3445\" style=\"width: 435px\" class=\"wp-caption alignnone\"><img loading=\"lazy\" decoding=\"async\" aria-describedby=\"caption-attachment-3445\" class=\"wp-image-3445 size-full\" src=\"http:\/\/toensfeldt-modellbau.de\/wp-content\/uploads\/2018\/12\/Spalthammer.jpg\" alt=\"\" width=\"425\" height=\"394\" srcset=\"https:\/\/toensfeldt-modellbau.de\/wp-content\/uploads\/2018\/12\/Spalthammer.jpg 425w, https:\/\/toensfeldt-modellbau.de\/wp-content\/uploads\/2018\/12\/Spalthammer-300x278.jpg 300w\" sizes=\"auto, (max-width: 425px) 100vw, 425px\" \/><p id=\"caption-attachment-3445\" class=\"wp-caption-text\">Spalthammer<\/p><\/div>\n<div id=\"attachment_3469\" style=\"width: 435px\" class=\"wp-caption alignnone\"><img loading=\"lazy\" decoding=\"async\" aria-describedby=\"caption-attachment-3469\" class=\"wp-image-3469 size-full\" src=\"http:\/\/toensfeldt-modellbau.de\/wp-content\/uploads\/2018\/12\/Axt2.jpg\" alt=\"\" width=\"425\" height=\"410\" srcset=\"https:\/\/toensfeldt-modellbau.de\/wp-content\/uploads\/2018\/12\/Axt2.jpg 425w, https:\/\/toensfeldt-modellbau.de\/wp-content\/uploads\/2018\/12\/Axt2-300x289.jpg 300w\" sizes=\"auto, (max-width: 425px) 100vw, 425px\" \/><p id=\"caption-attachment-3469\" class=\"wp-caption-text\">Axt<\/p><\/div>\n<p><img loading=\"lazy\" decoding=\"async\" class=\"alignnone size-full wp-image-5592\" src=\"http:\/\/toensfeldt-modellbau.de\/wp-content\/uploads\/2021\/10\/25-Halter-Rund-2.jpg\" alt=\"\" width=\"283\" height=\"234\" \/><\/p>\n<p><img loading=\"lazy\" decoding=\"async\" class=\"alignnone size-full wp-image-5591\" src=\"http:\/\/toensfeldt-modellbau.de\/wp-content\/uploads\/2021\/10\/25-Halter-Rund-1.jpg\" alt=\"\" width=\"283\" height=\"191\" \/><\/p>\n<p>Ma\u00dfe Spalthammer:<\/p>\n<ul>\n<li>Breite: ca. 16 mm<\/li>\n<li>H\u00f6he: ca. 64 mm<\/li>\n<\/ul>\n<p>Ma\u00dfe Spaltaxt:<\/p>\n<ul>\n<li>Breite: ca. 17 mm<\/li>\n<li>H\u00f6he: ca. 67 mm<\/li>\n<\/ul>\n<p>Art. Nr. Bestell Text:<\/p>\n<ul>\n<li><span style=\"color: #ff0000;\">040242<\/span> TMV Axt 1:14<\/li>\n<li><span style=\"color: #ff0000;\">040243<\/span> TMV Spalthammer 1:14<\/li>\n<li><span style=\"color: #ff0000;\">040256<\/span> 2 Halter Rund 2,5 mm<\/li>\n<\/ul>\n<p>Preis ab: 9,90 \u20ac<\/p>\n<p><span style=\"font-size: medium;\">Herstellerdaten gem\u00e4s GPSR<\/span><\/p>\n<p><span style=\"font-size: medium;\">Olaf T\u00f6nsfeldt<br \/>\nT\u00f6nsfeldt <span style=\"color: #000000;\">Modellbau Vertrieb<\/span><span style=\"color: #ff0000;\"><span style=\"font-family: Arial, Helvetica, sans-serif;\"><br \/>\n<\/span><\/span>Nobiskr\u00fcger Allee 20<span style=\"font-family: Arial, Helvetica, sans-serif;\"><br \/>\n<\/span>24768 Rendsburg<\/span><\/p>\n<p><strong><span style=\"font-size: medium;\">Deutschland<\/span><\/strong><span style=\"font-size: medium;\"><br \/>\nTel.: 0049 (0 ) 43 31\/ 51 95<br \/>\nE-Mail an: <a href=\"mailto:tmv@toensfeldt-modellbau.de\">tmv@toensfeldt-modellbau.de<\/a><\/span><\/p>\n","protected":false},"excerpt":{"rendered":"<p>TMV Axt und Spalthammer 1:14 f\u00fcr den Einsatz in den W\u00e4ldern und im Garten zum Holz machen. Die Axt und der Spalthammer sind mit einem Stiel aus Glasfaser ausger\u00fcstet. Die TMV Axt und der Spalthammer sind aus Messing Feinguss gegossen &hellip; <a href=\"https:\/\/toensfeldt-modellbau.de\/?page_id=3448\">Weiterlesen <span class=\"meta-nav\">&rarr;<\/span><\/a><\/p>\n","protected":false},"author":2,"featured_media":0,"parent":0,"menu_order":0,"comment_status":"closed","ping_status":"closed","template":"","meta":{"footnotes":""},"class_list":["post-3448","page","type-page","status-publish","hentry"],"_links":{"self":[{"href":"https:\/\/toensfeldt-modellbau.de\/index.php?rest_route=\/wp\/v2\/pages\/3448","targetHints":{"allow":["GET"]}}],"collection":[{"href":"https:\/\/toensfeldt-modellbau.de\/index.php?rest_route=\/wp\/v2\/pages"}],"about":[{"href":"https:\/\/toensfeldt-modellbau.de\/index.php?rest_route=\/wp\/v2\/types\/page"}],"author":[{"embeddable":true,"href":"https:\/\/toensfeldt-modellbau.de\/index.php?rest_route=\/wp\/v2\/users\/2"}],"replies":[{"embeddable":true,"href":"https:\/\/toensfeldt-modellbau.de\/index.php?rest_route=%2Fwp%2Fv2%2Fcomments&post=3448"}],"version-history":[{"count":12,"href":"https:\/\/toensfeldt-modellbau.de\/index.php?rest_route=\/wp\/v2\/pages\/3448\/revisions"}],"predecessor-version":[{"id":7718,"href":"https:\/\/toensfeldt-modellbau.de\/index.php?rest_route=\/wp\/v2\/pages\/3448\/revisions\/7718"}],"wp:attachment":[{"href":"https:\/\/toensfeldt-modellbau.de\/index.php?rest_route=%2Fwp%2Fv2%2Fmedia&parent=3448"}],"curies":[{"name":"wp","href":"https:\/\/api.w.org\/{rel}","templated":true}]}}