{"id":3589,"date":"2019-03-27T18:02:31","date_gmt":"2019-03-27T16:02:31","guid":{"rendered":"http:\/\/toensfeldt-modellbau.de\/?page_id=3589"},"modified":"2025-03-02T12:05:59","modified_gmt":"2025-03-02T10:05:59","slug":"tragen","status":"publish","type":"page","link":"https:\/\/toensfeldt-modellbau.de\/?page_id=3589","title":{"rendered":"Tragen"},"content":{"rendered":"<p><img loading=\"lazy\" decoding=\"async\" class=\"alignnone size-full wp-image-3542\" src=\"http:\/\/toensfeldt-modellbau.de\/wp-content\/uploads\/2019\/02\/Spin-Figur-Int.jpg\" alt=\"\" width=\"398\" height=\"567\" srcset=\"https:\/\/toensfeldt-modellbau.de\/wp-content\/uploads\/2019\/02\/Spin-Figur-Int.jpg 398w, https:\/\/toensfeldt-modellbau.de\/wp-content\/uploads\/2019\/02\/Spin-Figur-Int-211x300.jpg 211w\" sizes=\"auto, (max-width: 398px) 100vw, 398px\" \/><\/p>\n<p><img loading=\"lazy\" decoding=\"async\" class=\"alignnone size-full wp-image-3491\" src=\"http:\/\/toensfeldt-modellbau.de\/wp-content\/uploads\/2019\/01\/Schleikorbt.1-16-Figuren.Int_.jpg\" alt=\"\" width=\"347\" height=\"312\" srcset=\"https:\/\/toensfeldt-modellbau.de\/wp-content\/uploads\/2019\/01\/Schleikorbt.1-16-Figuren.Int_.jpg 347w, https:\/\/toensfeldt-modellbau.de\/wp-content\/uploads\/2019\/01\/Schleikorbt.1-16-Figuren.Int_-300x270.jpg 300w\" sizes=\"auto, (max-width: 347px) 100vw, 347px\" \/><\/p>\n\n\n<p>Herstellerdaten gem\u00e4s GPSR<\/p>\n\n\n\n<p>Olaf T\u00f6nsfeldt<br>T\u00f6nsfeldt Modellbau Vertrieb<br>Nobiskr\u00fcger Allee 20<br>24768 Rendsburg<\/p>\n\n\n\n<p><strong>Deutschland<\/strong><br>Tel.: 0049 (0 ) 43 31\/ 51 95<br>E-Mail an: tmv@toensfeldt-modellbau.de<\/p>\n","protected":false},"excerpt":{"rendered":"<p>Herstellerdaten gem\u00e4s GPSR Olaf T\u00f6nsfeldtT\u00f6nsfeldt Modellbau VertriebNobiskr\u00fcger Allee 2024768 Rendsburg DeutschlandTel.: 0049 (0 ) 43 31\/ 51 95E-Mail an: tmv@toensfeldt-modellbau.de<\/p>\n","protected":false},"author":2,"featured_media":0,"parent":0,"menu_order":0,"comment_status":"closed","ping_status":"closed","template":"","meta":{"footnotes":""},"class_list":["post-3589","page","type-page","status-publish","hentry"],"_links":{"self":[{"href":"https:\/\/toensfeldt-modellbau.de\/index.php?rest_route=\/wp\/v2\/pages\/3589","targetHints":{"allow":["GET"]}}],"collection":[{"href":"https:\/\/toensfeldt-modellbau.de\/index.php?rest_route=\/wp\/v2\/pages"}],"about":[{"href":"https:\/\/toensfeldt-modellbau.de\/index.php?rest_route=\/wp\/v2\/types\/page"}],"author":[{"embeddable":true,"href":"https:\/\/toensfeldt-modellbau.de\/index.php?rest_route=\/wp\/v2\/users\/2"}],"replies":[{"embeddable":true,"href":"https:\/\/toensfeldt-modellbau.de\/index.php?rest_route=%2Fwp%2Fv2%2Fcomments&post=3589"}],"version-history":[{"count":5,"href":"https:\/\/toensfeldt-modellbau.de\/index.php?rest_route=\/wp\/v2\/pages\/3589\/revisions"}],"predecessor-version":[{"id":7531,"href":"https:\/\/toensfeldt-modellbau.de\/index.php?rest_route=\/wp\/v2\/pages\/3589\/revisions\/7531"}],"wp:attachment":[{"href":"https:\/\/toensfeldt-modellbau.de\/index.php?rest_route=%2Fwp%2Fv2%2Fmedia&parent=3589"}],"curies":[{"name":"wp","href":"https:\/\/api.w.org\/{rel}","templated":true}]}}