{"id":3643,"date":"2019-04-27T11:41:02","date_gmt":"2019-04-27T09:41:02","guid":{"rendered":"http:\/\/toensfeldt-modellbau.de\/?page_id=3643"},"modified":"2025-03-09T11:45:56","modified_gmt":"2025-03-09T09:45:56","slug":"schiffs-transportgest","status":"publish","type":"page","link":"https:\/\/toensfeldt-modellbau.de\/?page_id=3643","title":{"rendered":"Schiffs-Transportgest."},"content":{"rendered":"<div id=\"attachment_3639\" style=\"width: 577px\" class=\"wp-caption aligncenter\"><img loading=\"lazy\" decoding=\"async\" aria-describedby=\"caption-attachment-3639\" class=\"wp-image-3639 size-full\" src=\"http:\/\/toensfeldt-modellbau.de\/wp-content\/uploads\/2019\/04\/STG-Beide-Int.jpg\" alt=\"\" width=\"567\" height=\"395\" srcset=\"https:\/\/toensfeldt-modellbau.de\/wp-content\/uploads\/2019\/04\/STG-Beide-Int.jpg 567w, https:\/\/toensfeldt-modellbau.de\/wp-content\/uploads\/2019\/04\/STG-Beide-Int-300x209.jpg 300w\" sizes=\"auto, (max-width: 567px) 100vw, 567px\" \/><p id=\"caption-attachment-3639\" class=\"wp-caption-text\">STG- Segeljacht<\/p><\/div>\n<p><em><strong><span style=\"color: #ff0000;\">Schiffs-Transportgestell Segeljacht<\/span><\/strong><\/em><\/p>\n<p>TMV Schiffs-Transportgestell aus Alu U-Profilen, wie die alte WEDICO Nr. 409, f\u00fcr den Tieflader mit Schwanenhals WEDICO-models Nr. 3-W &amp; 19-W wird mit Schrauben auf der Ladefl\u00e4che verschraubt. Das Schiffs-Tranportgestell kann f\u00fcr breite und nicht so breite Schiffe genutzt werden, daf\u00fcr werden einfach die Knotenblech verdreht angeschraubt.<\/p>\n<p>Der Bausatz Segeljacht Version 1 enth\u00e4lt: 12 St. Alu U-Profile 70 mm lang, 2 St. Alu U-Profile 160 mm lang. 8 St. Kotenbleche, 8 St. W\u00fcrfel Kunststoff, 8 St. Kurbel, 4 St. Schiffsauflage Kunststoff mit Gummimatten, Schraubensatz und 1 Bauanleitung.<\/p>\n<div id=\"attachment_3641\" style=\"width: 435px\" class=\"wp-caption alignnone\"><img loading=\"lazy\" decoding=\"async\" aria-describedby=\"caption-attachment-3641\" class=\"wp-image-3641 size-full\" src=\"http:\/\/toensfeldt-modellbau.de\/wp-content\/uploads\/2019\/04\/STG-Schmahl-Int.jpg\" alt=\"\" width=\"425\" height=\"503\" srcset=\"https:\/\/toensfeldt-modellbau.de\/wp-content\/uploads\/2019\/04\/STG-Schmahl-Int.jpg 425w, https:\/\/toensfeldt-modellbau.de\/wp-content\/uploads\/2019\/04\/STG-Schmahl-Int-253x300.jpg 253w\" sizes=\"auto, (max-width: 425px) 100vw, 425px\" \/><p id=\"caption-attachment-3641\" class=\"wp-caption-text\">STG-Segeljacht-Schamhl<\/p><\/div>\n<div id=\"attachment_3640\" style=\"width: 435px\" class=\"wp-caption alignnone\"><img loading=\"lazy\" decoding=\"async\" aria-describedby=\"caption-attachment-3640\" class=\"wp-image-3640 size-full\" src=\"http:\/\/toensfeldt-modellbau.de\/wp-content\/uploads\/2019\/04\/STG-Breit-Int.jpg\" alt=\"\" width=\"425\" height=\"440\" srcset=\"https:\/\/toensfeldt-modellbau.de\/wp-content\/uploads\/2019\/04\/STG-Breit-Int.jpg 425w, https:\/\/toensfeldt-modellbau.de\/wp-content\/uploads\/2019\/04\/STG-Breit-Int-290x300.jpg 290w\" sizes=\"auto, (max-width: 425px) 100vw, 425px\" \/><p id=\"caption-attachment-3640\" class=\"wp-caption-text\">STG-Segeljacht-Breit<\/p><\/div>\n<div id=\"attachment_3642\" style=\"width: 435px\" class=\"wp-caption alignnone\"><img loading=\"lazy\" decoding=\"async\" aria-describedby=\"caption-attachment-3642\" class=\"wp-image-3642 size-full\" src=\"http:\/\/toensfeldt-modellbau.de\/wp-content\/uploads\/2019\/04\/STG-Teilesatz-Int.jpg\" alt=\"\" width=\"425\" height=\"303\" srcset=\"https:\/\/toensfeldt-modellbau.de\/wp-content\/uploads\/2019\/04\/STG-Teilesatz-Int.jpg 425w, https:\/\/toensfeldt-modellbau.de\/wp-content\/uploads\/2019\/04\/STG-Teilesatz-Int-300x214.jpg 300w\" sizes=\"auto, (max-width: 425px) 100vw, 425px\" \/><p id=\"caption-attachment-3642\" class=\"wp-caption-text\">STG-Segeljacht-Teilesatz<\/p><\/div>\n<p><em><strong><span style=\"color: #ff0000;\">Schiffs-Transportgestell Motorjacht<\/span><\/strong><\/em><\/p>\n<div id=\"attachment_3657\" style=\"width: 577px\" class=\"wp-caption alignnone\"><img loading=\"lazy\" decoding=\"async\" aria-describedby=\"caption-attachment-3657\" class=\"wp-image-3657 size-full\" src=\"http:\/\/toensfeldt-modellbau.de\/wp-content\/uploads\/2019\/04\/STG-Motor-Beide-Int.jpg\" alt=\"\" width=\"567\" height=\"290\" srcset=\"https:\/\/toensfeldt-modellbau.de\/wp-content\/uploads\/2019\/04\/STG-Motor-Beide-Int.jpg 567w, https:\/\/toensfeldt-modellbau.de\/wp-content\/uploads\/2019\/04\/STG-Motor-Beide-Int-300x153.jpg 300w\" sizes=\"auto, (max-width: 567px) 100vw, 567px\" \/><p id=\"caption-attachment-3657\" class=\"wp-caption-text\">STG-Motorjacht<\/p><\/div>\n<div id=\"attachment_3659\" style=\"width: 435px\" class=\"wp-caption alignnone\"><img loading=\"lazy\" decoding=\"async\" aria-describedby=\"caption-attachment-3659\" class=\"wp-image-3659 size-full\" src=\"http:\/\/toensfeldt-modellbau.de\/wp-content\/uploads\/2019\/04\/STG-Motor-Schmahl-Int.jpg\" alt=\"\" width=\"425\" height=\"327\" srcset=\"https:\/\/toensfeldt-modellbau.de\/wp-content\/uploads\/2019\/04\/STG-Motor-Schmahl-Int.jpg 425w, https:\/\/toensfeldt-modellbau.de\/wp-content\/uploads\/2019\/04\/STG-Motor-Schmahl-Int-300x231.jpg 300w\" sizes=\"auto, (max-width: 425px) 100vw, 425px\" \/><p id=\"caption-attachment-3659\" class=\"wp-caption-text\">STG-Motorjacht-Schmahl<\/p><\/div>\n<div id=\"attachment_3658\" style=\"width: 435px\" class=\"wp-caption alignnone\"><img loading=\"lazy\" decoding=\"async\" aria-describedby=\"caption-attachment-3658\" class=\"wp-image-3658 size-full\" src=\"http:\/\/toensfeldt-modellbau.de\/wp-content\/uploads\/2019\/04\/STG-Motor-Breit-Int.jpg\" alt=\"\" width=\"425\" height=\"312\" srcset=\"https:\/\/toensfeldt-modellbau.de\/wp-content\/uploads\/2019\/04\/STG-Motor-Breit-Int.jpg 425w, https:\/\/toensfeldt-modellbau.de\/wp-content\/uploads\/2019\/04\/STG-Motor-Breit-Int-300x220.jpg 300w\" sizes=\"auto, (max-width: 425px) 100vw, 425px\" \/><p id=\"caption-attachment-3658\" class=\"wp-caption-text\">STG-Motorjacht-Breit<\/p><\/div>\n<div id=\"attachment_3660\" style=\"width: 435px\" class=\"wp-caption alignnone\"><img loading=\"lazy\" decoding=\"async\" aria-describedby=\"caption-attachment-3660\" class=\"wp-image-3660 size-full\" src=\"http:\/\/toensfeldt-modellbau.de\/wp-content\/uploads\/2019\/04\/STG-Motor-Teilesatz.jpg\" alt=\"\" width=\"425\" height=\"429\" srcset=\"https:\/\/toensfeldt-modellbau.de\/wp-content\/uploads\/2019\/04\/STG-Motor-Teilesatz.jpg 425w, https:\/\/toensfeldt-modellbau.de\/wp-content\/uploads\/2019\/04\/STG-Motor-Teilesatz-150x150.jpg 150w, https:\/\/toensfeldt-modellbau.de\/wp-content\/uploads\/2019\/04\/STG-Motor-Teilesatz-297x300.jpg 297w\" sizes=\"auto, (max-width: 425px) 100vw, 425px\" \/><p id=\"caption-attachment-3660\" class=\"wp-caption-text\">STG-Motorjacht-Teilesatz<\/p><\/div>\n<p>Der Bausatz Motorjacht Version 2 enth\u00e4lt: 4 St. Alu U-Profile 70 mm lang, 2 St. Alu U-Profile 160 mm lang, 8 St. Kotenbleche, 4 St. Schiffsauflage Kunststoff mit Gummimatten, Schraubensatz und 1 Bauanleitung.<\/p>\n<p>Der Bausatz Motorjacht kann aufger\u00fcstet werden, in dem Sie Fehlende Teile nachbestellen z. B. Alu U-Profile 70 mm, W\u00fcrfel Kunststoff, Kurbel und die Schrauben dazu.<\/p>\n<p>Gesamtbreite Tr\u00e4ger U-Profil 160 mm<\/p>\n<p>Art. Nr. Bestell Text<\/p>\n<ul>\n<li><span style=\"color: #ff0000;\">020200<\/span> TMV Schiffs-Transportgestell Segeljacht<\/li>\n<li><span style=\"color: #ff0000;\">020201<\/span> TMV Schiffs-Transportgestell Motorjacht<\/li>\n<li><span style=\"color: #ff0000;\">020202<\/span> TMV Schiffs-Transportgestell Nachr\u00fcstsatz Motorjacht<\/li>\n<\/ul>\n<p><strong><span style=\"font-size: medium;\">Herstellerdaten gem. GPSR<\/span><\/strong><\/p>\n<p>thicon e.K.<br \/>\nInhaber: Sven Thiel<br \/>\nDaniel-Eckhardt-Str. 8<br \/>\n45356 Essen<br \/>\nTel.: 0201 8695153<br \/>\nFax: 0201 608354<br \/>\nE-Mail: <a href=\"mailto:info@thicon-models.com\">info@thicon-models.com<\/a><\/p>\n<p><span style=\"font-size: medium;\">Herstellerdaten gem\u00e4s GPSR<\/span><\/p>\n<p><span style=\"font-size: medium;\">Olaf T\u00f6nsfeldt<br \/>\nT\u00f6nsfeldt <span style=\"color: #000000;\">Modellbau Vertrieb<\/span><span style=\"color: #ff0000;\"><span style=\"font-family: Arial, Helvetica, sans-serif;\"><br \/>\n<\/span><\/span>Nobiskr\u00fcger Allee 20<span style=\"font-family: Arial, Helvetica, sans-serif;\"><br \/>\n<\/span>24768 Rendsburg<\/span><\/p>\n<p><strong><span style=\"font-size: medium;\">Deutschland<\/span><\/strong><span style=\"font-size: medium;\"><br \/>\nTel.: 0049 (0 ) 43 31\/ 51 95<br \/>\nE-Mail an: <a href=\"mailto:tmv@toensfeldt-modellbau.de\">tmv@toensfeldt-modellbau.de<\/a><\/span><\/p>\n","protected":false},"excerpt":{"rendered":"<p>Schiffs-Transportgestell Segeljacht TMV Schiffs-Transportgestell aus Alu U-Profilen, wie die alte WEDICO Nr. 409, f\u00fcr den Tieflader mit Schwanenhals WEDICO-models Nr. 3-W &amp; 19-W wird mit Schrauben auf der Ladefl\u00e4che verschraubt. Das Schiffs-Tranportgestell kann f\u00fcr breite und nicht so breite Schiffe &hellip; <a href=\"https:\/\/toensfeldt-modellbau.de\/?page_id=3643\">Weiterlesen <span class=\"meta-nav\">&rarr;<\/span><\/a><\/p>\n","protected":false},"author":2,"featured_media":0,"parent":0,"menu_order":0,"comment_status":"closed","ping_status":"closed","template":"","meta":{"footnotes":""},"class_list":["post-3643","page","type-page","status-publish","hentry"],"_links":{"self":[{"href":"https:\/\/toensfeldt-modellbau.de\/index.php?rest_route=\/wp\/v2\/pages\/3643","targetHints":{"allow":["GET"]}}],"collection":[{"href":"https:\/\/toensfeldt-modellbau.de\/index.php?rest_route=\/wp\/v2\/pages"}],"about":[{"href":"https:\/\/toensfeldt-modellbau.de\/index.php?rest_route=\/wp\/v2\/types\/page"}],"author":[{"embeddable":true,"href":"https:\/\/toensfeldt-modellbau.de\/index.php?rest_route=\/wp\/v2\/users\/2"}],"replies":[{"embeddable":true,"href":"https:\/\/toensfeldt-modellbau.de\/index.php?rest_route=%2Fwp%2Fv2%2Fcomments&post=3643"}],"version-history":[{"count":16,"href":"https:\/\/toensfeldt-modellbau.de\/index.php?rest_route=\/wp\/v2\/pages\/3643\/revisions"}],"predecessor-version":[{"id":7724,"href":"https:\/\/toensfeldt-modellbau.de\/index.php?rest_route=\/wp\/v2\/pages\/3643\/revisions\/7724"}],"wp:attachment":[{"href":"https:\/\/toensfeldt-modellbau.de\/index.php?rest_route=%2Fwp%2Fv2%2Fmedia&parent=3643"}],"curies":[{"name":"wp","href":"https:\/\/api.w.org\/{rel}","templated":true}]}}