{"id":3666,"date":"2019-05-07T15:55:30","date_gmt":"2019-05-07T13:55:30","guid":{"rendered":"http:\/\/toensfeldt-modellbau.de\/?page_id=3666"},"modified":"2025-03-08T12:09:03","modified_gmt":"2025-03-08T10:09:03","slug":"straenge","status":"publish","type":"page","link":"https:\/\/toensfeldt-modellbau.de\/?page_id=3666","title":{"rendered":"Str\u00e4nge"},"content":{"rendered":"<p><img loading=\"lazy\" decoding=\"async\" class=\"alignnone size-full wp-image-3309\" src=\"http:\/\/toensfeldt-modellbau.de\/wp-content\/uploads\/2018\/09\/4-x-Anschlaghaken-1-4Int.jpg\" alt=\"\" width=\"567\" height=\"400\" srcset=\"https:\/\/toensfeldt-modellbau.de\/wp-content\/uploads\/2018\/09\/4-x-Anschlaghaken-1-4Int.jpg 567w, https:\/\/toensfeldt-modellbau.de\/wp-content\/uploads\/2018\/09\/4-x-Anschlaghaken-1-4Int-300x212.jpg 300w\" sizes=\"auto, (max-width: 567px) 100vw, 567px\" \/><\/p>\n<p><em><strong><span style=\"color: #ff0000;\">TMV Anschlagketten mit Anschlghaken (AH).<\/span><\/strong><\/em><\/p>\n<p><em><strong><span style=\"color: #ff0000;\">TMV Anschlagketten Lasthaken mit Sicherung (LH).<\/span><\/strong><\/em><\/p>\n<div id=\"attachment_3674\" style=\"width: 288px\" class=\"wp-caption alignnone\"><img loading=\"lazy\" decoding=\"async\" aria-describedby=\"caption-attachment-3674\" class=\"wp-image-3674 size-full\" src=\"http:\/\/toensfeldt-modellbau.de\/wp-content\/uploads\/2019\/05\/Lasthaken-10-cm-Rot-2Str..jpg\" alt=\"\" width=\"278\" height=\"425\" srcset=\"https:\/\/toensfeldt-modellbau.de\/wp-content\/uploads\/2019\/05\/Lasthaken-10-cm-Rot-2Str..jpg 278w, https:\/\/toensfeldt-modellbau.de\/wp-content\/uploads\/2019\/05\/Lasthaken-10-cm-Rot-2Str.-196x300.jpg 196w\" sizes=\"auto, (max-width: 278px) 100vw, 278px\" \/><p id=\"caption-attachment-3674\" class=\"wp-caption-text\">LH L\u00e4nge 10,0 cm<\/p><\/div>\n<p><em><strong><span style=\"color: #ff0000;\">TMV Anschlagketten mit Aluhaken (AluH).<\/span><\/strong><\/em><\/p>\n<p><img loading=\"lazy\" decoding=\"async\" class=\"alignnone size-full wp-image-3889\" src=\"http:\/\/toensfeldt-modellbau.de\/wp-content\/uploads\/2020\/01\/AnSchKette-AluHaken-3-Faben.jpg\" alt=\"\" width=\"283\" height=\"270\" \/><\/p>\n<p><span style=\"font-size: medium;\">Olaf T\u00f6nsfeldt<br \/>\nT\u00f6nsfeldt <span style=\"color: #000000;\">Modellbau Vertrieb<\/span><span style=\"color: #ff0000;\"><span style=\"font-family: Arial, Helvetica, sans-serif;\"><br \/>\n<\/span><\/span>Nobiskr\u00fcger Allee 20<span style=\"font-family: Arial, Helvetica, sans-serif;\"><br \/>\n<\/span>24768 Rendsburg<\/span><\/p>\n<p><strong><span style=\"font-size: medium;\">Deutschland<\/span><\/strong><span style=\"font-size: medium;\"><br \/>\nTel.: 0049 (0 ) 43 31\/ 51 95<br \/>\nE-Mail an: <a href=\"mailto:tmv@toensfeldt-modellbau.de\">tmv@toensfeldt-modellbau.de<\/a><\/span><\/p>\n","protected":false},"excerpt":{"rendered":"<p>TMV Anschlagketten mit Anschlghaken (AH). TMV Anschlagketten Lasthaken mit Sicherung (LH). TMV Anschlagketten mit Aluhaken (AluH). Olaf T\u00f6nsfeldt T\u00f6nsfeldt Modellbau Vertrieb Nobiskr\u00fcger Allee 20 24768 Rendsburg Deutschland Tel.: 0049 (0 ) 43 31\/ 51 95 E-Mail an: tmv@toensfeldt-modellbau.de<\/p>\n","protected":false},"author":2,"featured_media":0,"parent":0,"menu_order":0,"comment_status":"closed","ping_status":"closed","template":"","meta":{"footnotes":""},"class_list":["post-3666","page","type-page","status-publish","hentry"],"_links":{"self":[{"href":"https:\/\/toensfeldt-modellbau.de\/index.php?rest_route=\/wp\/v2\/pages\/3666","targetHints":{"allow":["GET"]}}],"collection":[{"href":"https:\/\/toensfeldt-modellbau.de\/index.php?rest_route=\/wp\/v2\/pages"}],"about":[{"href":"https:\/\/toensfeldt-modellbau.de\/index.php?rest_route=\/wp\/v2\/types\/page"}],"author":[{"embeddable":true,"href":"https:\/\/toensfeldt-modellbau.de\/index.php?rest_route=\/wp\/v2\/users\/2"}],"replies":[{"embeddable":true,"href":"https:\/\/toensfeldt-modellbau.de\/index.php?rest_route=%2Fwp%2Fv2%2Fcomments&post=3666"}],"version-history":[{"count":9,"href":"https:\/\/toensfeldt-modellbau.de\/index.php?rest_route=\/wp\/v2\/pages\/3666\/revisions"}],"predecessor-version":[{"id":7603,"href":"https:\/\/toensfeldt-modellbau.de\/index.php?rest_route=\/wp\/v2\/pages\/3666\/revisions\/7603"}],"wp:attachment":[{"href":"https:\/\/toensfeldt-modellbau.de\/index.php?rest_route=%2Fwp%2Fv2%2Fmedia&parent=3666"}],"curies":[{"name":"wp","href":"https:\/\/api.w.org\/{rel}","templated":true}]}}