{"id":3779,"date":"2019-06-10T15:52:47","date_gmt":"2019-06-10T13:52:47","guid":{"rendered":"http:\/\/toensfeldt-modellbau.de\/?page_id=3779"},"modified":"2025-03-09T11:21:28","modified_gmt":"2025-03-09T09:21:28","slug":"werkzeug-114","status":"publish","type":"page","link":"https:\/\/toensfeldt-modellbau.de\/?page_id=3779","title":{"rendered":"Werkzeug 1:14"},"content":{"rendered":"<p><a href=\"http:\/\/toensfeldt-modellbau.de\/wp-content\/uploads\/2018\/12\/3VorHam-Klotz1.jpg\"><img loading=\"lazy\" decoding=\"async\" class=\"alignnone wp-image-3468 size-full\" src=\"http:\/\/toensfeldt-modellbau.de\/wp-content\/uploads\/2018\/12\/3VorHam-Klotz1.jpg\" alt=\"\" width=\"425\" height=\"519\" srcset=\"https:\/\/toensfeldt-modellbau.de\/wp-content\/uploads\/2018\/12\/3VorHam-Klotz1.jpg 425w, https:\/\/toensfeldt-modellbau.de\/wp-content\/uploads\/2018\/12\/3VorHam-Klotz1-246x300.jpg 246w\" sizes=\"auto, (max-width: 425px) 100vw, 425px\" \/><\/a><\/p>\n<p><span style=\"font-size: medium;\">Herstellerdaten gem\u00e4s GPSR<\/span><\/p>\n<p><span style=\"font-size: medium;\">Olaf T\u00f6nsfeldt<br \/>\nT\u00f6nsfeldt <span style=\"color: #000000;\">Modellbau Vertrieb<\/span><span style=\"color: #ff0000;\"><span style=\"font-family: Arial, Helvetica, sans-serif;\"><br \/>\n<\/span><\/span>Nobiskr\u00fcger Allee 20<span style=\"font-family: Arial, Helvetica, sans-serif;\"><br \/>\n<\/span>24768 Rendsburg<\/span><\/p>\n<p><strong><span style=\"font-size: medium;\">Deutschland<\/span><\/strong><span style=\"font-size: medium;\"><br \/>\nTel.: 0049 (0 ) 43 31\/ 51 95<br \/>\nE-Mail an: <a href=\"mailto:tmv@toensfeldt-modellbau.de\">tmv@toensfeldt-modellbau.de<\/a><\/span><\/p>\n","protected":false},"excerpt":{"rendered":"<p>Herstellerdaten gem\u00e4s GPSR Olaf T\u00f6nsfeldt T\u00f6nsfeldt Modellbau Vertrieb Nobiskr\u00fcger Allee 20 24768 Rendsburg Deutschland Tel.: 0049 (0 ) 43 31\/ 51 95 E-Mail an: tmv@toensfeldt-modellbau.de<\/p>\n","protected":false},"author":2,"featured_media":0,"parent":0,"menu_order":0,"comment_status":"closed","ping_status":"closed","template":"","meta":{"footnotes":""},"class_list":["post-3779","page","type-page","status-publish","hentry"],"_links":{"self":[{"href":"https:\/\/toensfeldt-modellbau.de\/index.php?rest_route=\/wp\/v2\/pages\/3779","targetHints":{"allow":["GET"]}}],"collection":[{"href":"https:\/\/toensfeldt-modellbau.de\/index.php?rest_route=\/wp\/v2\/pages"}],"about":[{"href":"https:\/\/toensfeldt-modellbau.de\/index.php?rest_route=\/wp\/v2\/types\/page"}],"author":[{"embeddable":true,"href":"https:\/\/toensfeldt-modellbau.de\/index.php?rest_route=\/wp\/v2\/users\/2"}],"replies":[{"embeddable":true,"href":"https:\/\/toensfeldt-modellbau.de\/index.php?rest_route=%2Fwp%2Fv2%2Fcomments&post=3779"}],"version-history":[{"count":4,"href":"https:\/\/toensfeldt-modellbau.de\/index.php?rest_route=\/wp\/v2\/pages\/3779\/revisions"}],"predecessor-version":[{"id":7707,"href":"https:\/\/toensfeldt-modellbau.de\/index.php?rest_route=\/wp\/v2\/pages\/3779\/revisions\/7707"}],"wp:attachment":[{"href":"https:\/\/toensfeldt-modellbau.de\/index.php?rest_route=%2Fwp%2Fv2%2Fmedia&parent=3779"}],"curies":[{"name":"wp","href":"https:\/\/api.w.org\/{rel}","templated":true}]}}