{"id":3785,"date":"2019-06-10T15:57:35","date_gmt":"2019-06-10T13:57:35","guid":{"rendered":"http:\/\/toensfeldt-modellbau.de\/?page_id=3785"},"modified":"2025-03-09T11:21:53","modified_gmt":"2025-03-09T09:21:53","slug":"axt-ovaler-stiel","status":"publish","type":"page","link":"https:\/\/toensfeldt-modellbau.de\/?page_id=3785","title":{"rendered":"Axt"},"content":{"rendered":"<p><img loading=\"lazy\" decoding=\"async\" class=\"alignnone size-full wp-image-3440\" src=\"http:\/\/toensfeldt-modellbau.de\/wp-content\/uploads\/2018\/12\/4\u00c4xteEU-Figur.jpg\" alt=\"\" width=\"425\" height=\"430\" srcset=\"https:\/\/toensfeldt-modellbau.de\/wp-content\/uploads\/2018\/12\/4\u00c4xteEU-Figur.jpg 425w, https:\/\/toensfeldt-modellbau.de\/wp-content\/uploads\/2018\/12\/4\u00c4xteEU-Figur-297x300.jpg 297w\" sizes=\"auto, (max-width: 425px) 100vw, 425px\" \/><\/p>\n<p>Axt mit einem Ovalem Stiel aus Glasfaser ausger\u00fcstet. Die TMV \u00c4xte sind aus Messing Feinguss gegossen worden und lackiert, der Stiel ist aus Messingdraht Gelb pulverbeschichtet sowie das Griffst\u00fcckende in Gummigetaucht.<\/p>\n<div id=\"attachment_3700\" style=\"width: 435px\" class=\"wp-caption alignnone\"><img loading=\"lazy\" decoding=\"async\" aria-describedby=\"caption-attachment-3700\" class=\"wp-image-3700 size-full\" src=\"http:\/\/toensfeldt-modellbau.de\/wp-content\/uploads\/2019\/05\/Axt-Ovaler-Griff-Gelb.jpg\" alt=\"\" width=\"425\" height=\"477\" srcset=\"https:\/\/toensfeldt-modellbau.de\/wp-content\/uploads\/2019\/05\/Axt-Ovaler-Griff-Gelb.jpg 425w, https:\/\/toensfeldt-modellbau.de\/wp-content\/uploads\/2019\/05\/Axt-Ovaler-Griff-Gelb-267x300.jpg 267w\" sizes=\"auto, (max-width: 425px) 100vw, 425px\" \/><p id=\"caption-attachment-3700\" class=\"wp-caption-text\">Axt<\/p><\/div>\n<div id=\"attachment_3445\" style=\"width: 435px\" class=\"wp-caption alignnone\"><img loading=\"lazy\" decoding=\"async\" aria-describedby=\"caption-attachment-3445\" class=\"wp-image-3445 size-full\" src=\"http:\/\/toensfeldt-modellbau.de\/wp-content\/uploads\/2018\/12\/Spalthammer.jpg\" alt=\"\" width=\"425\" height=\"394\" srcset=\"https:\/\/toensfeldt-modellbau.de\/wp-content\/uploads\/2018\/12\/Spalthammer.jpg 425w, https:\/\/toensfeldt-modellbau.de\/wp-content\/uploads\/2018\/12\/Spalthammer-300x278.jpg 300w\" sizes=\"auto, (max-width: 425px) 100vw, 425px\" \/><p id=\"caption-attachment-3445\" class=\"wp-caption-text\">Spalthammer<\/p><\/div>\n<p>Ma\u00dfe Spaltaxt:<\/p>\n<ul>\n<li>Breite: ca. 17 mm<\/li>\n<li>H\u00f6he: ca. 67 mm<\/li>\n<\/ul>\n<p>Art. Nr. Bestell Text:<\/p>\n<ul>\n<li><span style=\"color: #ff0000;\">040242<\/span> TMV Axt<\/li>\n<li><span style=\"color: #ff0000;\">040243<\/span> TMV Spalthammer<\/li>\n<li><span style=\"color: #ff0000;\">040256 <\/span>2 Halter Rund 2,5 mm<\/li>\n<\/ul>\n<p><span style=\"font-size: medium;\">Herstellerdaten gem\u00e4s GPSR<\/span><\/p>\n<p><span style=\"font-size: medium;\">Olaf T\u00f6nsfeldt<br \/>T\u00f6nsfeldt <span style=\"color: #000000;\">Modellbau Vertrieb<\/span><span style=\"color: #ff0000;\"><span style=\"font-family: Arial, Helvetica, sans-serif;\"><br \/><\/span><\/span>Nobiskr\u00fcger Allee 20<span style=\"font-family: Arial, Helvetica, sans-serif;\"><br \/><\/span>24768 Rendsburg<\/span><\/p>\n<p><strong><span style=\"font-size: medium;\">Deutschland<\/span><\/strong><span style=\"font-size: medium;\"><br \/>Tel.: 0049 (0 ) 43 31\/ 51 95<br \/>E-Mail an: <a href=\"mailto:tmv@toensfeldt-modellbau.de\">tmv@toensfeldt-modellbau.de<\/a><\/span><\/p>\n\n\n<p><\/p>\n","protected":false},"excerpt":{"rendered":"<p>Axt mit einem Ovalem Stiel aus Glasfaser ausger\u00fcstet. Die TMV \u00c4xte sind aus Messing Feinguss gegossen worden und lackiert, der Stiel ist aus Messingdraht Gelb pulverbeschichtet sowie das Griffst\u00fcckende in Gummigetaucht. Ma\u00dfe Spaltaxt: Breite: ca. 17 mm H\u00f6he: ca. 67 &hellip; <a href=\"https:\/\/toensfeldt-modellbau.de\/?page_id=3785\">Weiterlesen <span class=\"meta-nav\">&rarr;<\/span><\/a><\/p>\n","protected":false},"author":2,"featured_media":0,"parent":0,"menu_order":0,"comment_status":"closed","ping_status":"closed","template":"","meta":{"footnotes":""},"class_list":["post-3785","page","type-page","status-publish","hentry"],"_links":{"self":[{"href":"https:\/\/toensfeldt-modellbau.de\/index.php?rest_route=\/wp\/v2\/pages\/3785","targetHints":{"allow":["GET"]}}],"collection":[{"href":"https:\/\/toensfeldt-modellbau.de\/index.php?rest_route=\/wp\/v2\/pages"}],"about":[{"href":"https:\/\/toensfeldt-modellbau.de\/index.php?rest_route=\/wp\/v2\/types\/page"}],"author":[{"embeddable":true,"href":"https:\/\/toensfeldt-modellbau.de\/index.php?rest_route=\/wp\/v2\/users\/2"}],"replies":[{"embeddable":true,"href":"https:\/\/toensfeldt-modellbau.de\/index.php?rest_route=%2Fwp%2Fv2%2Fcomments&post=3785"}],"version-history":[{"count":10,"href":"https:\/\/toensfeldt-modellbau.de\/index.php?rest_route=\/wp\/v2\/pages\/3785\/revisions"}],"predecessor-version":[{"id":7708,"href":"https:\/\/toensfeldt-modellbau.de\/index.php?rest_route=\/wp\/v2\/pages\/3785\/revisions\/7708"}],"wp:attachment":[{"href":"https:\/\/toensfeldt-modellbau.de\/index.php?rest_route=%2Fwp%2Fv2%2Fmedia&parent=3785"}],"curies":[{"name":"wp","href":"https:\/\/api.w.org\/{rel}","templated":true}]}}