{"id":3812,"date":"2019-06-13T16:21:01","date_gmt":"2019-06-13T14:21:01","guid":{"rendered":"http:\/\/toensfeldt-modellbau.de\/?page_id=3812"},"modified":"2020-06-29T10:55:29","modified_gmt":"2020-06-29T08:55:29","slug":"bw-kuebelspritze","status":"publish","type":"page","link":"https:\/\/toensfeldt-modellbau.de\/?page_id=3812","title":{"rendered":"BW K\u00fcbelspritze"},"content":{"rendered":"<p><img loading=\"lazy\" decoding=\"async\" class=\"alignnone size-full wp-image-3809\" src=\"http:\/\/toensfeldt-modellbau.de\/wp-content\/uploads\/2019\/06\/Wolf-K\u00fcbelspritze.jpg\" alt=\"\" width=\"567\" height=\"356\" srcset=\"https:\/\/toensfeldt-modellbau.de\/wp-content\/uploads\/2019\/06\/Wolf-K\u00fcbelspritze.jpg 567w, https:\/\/toensfeldt-modellbau.de\/wp-content\/uploads\/2019\/06\/Wolf-K\u00fcbelspritze-300x188.jpg 300w\" sizes=\"auto, (max-width: 567px) 100vw, 567px\" \/><\/p>\n<p>Bei der Bundeswehr h\u00e4ngen sie noch Heute in den Unterk\u00fcnften und den Arbeits bereichen. Die K\u00fcbelspritzen von Feuerwehr und Bundeswehr unterscheiden sich nur durch die Bedienungsanleitung. Die K\u00fcbelspritzen sind von innen hohl und ohne funktion.<\/p>\n<p><img loading=\"lazy\" decoding=\"async\" class=\"alignnone wp-image-3801 size-full\" src=\"http:\/\/toensfeldt-modellbau.de\/wp-content\/uploads\/2019\/06\/BW-K\u00fcbelspritzen.jpg\" alt=\"\" width=\"425\" height=\"380\" srcset=\"https:\/\/toensfeldt-modellbau.de\/wp-content\/uploads\/2019\/06\/BW-K\u00fcbelspritzen.jpg 425w, https:\/\/toensfeldt-modellbau.de\/wp-content\/uploads\/2019\/06\/BW-K\u00fcbelspritzen-300x268.jpg 300w\" sizes=\"auto, (max-width: 425px) 100vw, 425px\" \/><\/p>\n<p>Art. Nr. Bestelltext:<\/p>\n<p><span style=\"color: #ff0000;\">090361<\/span> TMV K\u00fcbelspritze 1:14 BW<\/p>\n","protected":false},"excerpt":{"rendered":"<p>Bei der Bundeswehr h\u00e4ngen sie noch Heute in den Unterk\u00fcnften und den Arbeits bereichen. Die K\u00fcbelspritzen von Feuerwehr und Bundeswehr unterscheiden sich nur durch die Bedienungsanleitung. Die K\u00fcbelspritzen sind von innen hohl und ohne funktion. Art. Nr. Bestelltext: 090361 TMV &hellip; <a href=\"https:\/\/toensfeldt-modellbau.de\/?page_id=3812\">Weiterlesen <span class=\"meta-nav\">&rarr;<\/span><\/a><\/p>\n","protected":false},"author":2,"featured_media":0,"parent":0,"menu_order":0,"comment_status":"closed","ping_status":"closed","template":"","meta":{"footnotes":""},"class_list":["post-3812","page","type-page","status-publish","hentry"],"_links":{"self":[{"href":"https:\/\/toensfeldt-modellbau.de\/index.php?rest_route=\/wp\/v2\/pages\/3812","targetHints":{"allow":["GET"]}}],"collection":[{"href":"https:\/\/toensfeldt-modellbau.de\/index.php?rest_route=\/wp\/v2\/pages"}],"about":[{"href":"https:\/\/toensfeldt-modellbau.de\/index.php?rest_route=\/wp\/v2\/types\/page"}],"author":[{"embeddable":true,"href":"https:\/\/toensfeldt-modellbau.de\/index.php?rest_route=\/wp\/v2\/users\/2"}],"replies":[{"embeddable":true,"href":"https:\/\/toensfeldt-modellbau.de\/index.php?rest_route=%2Fwp%2Fv2%2Fcomments&post=3812"}],"version-history":[{"count":6,"href":"https:\/\/toensfeldt-modellbau.de\/index.php?rest_route=\/wp\/v2\/pages\/3812\/revisions"}],"predecessor-version":[{"id":4091,"href":"https:\/\/toensfeldt-modellbau.de\/index.php?rest_route=\/wp\/v2\/pages\/3812\/revisions\/4091"}],"wp:attachment":[{"href":"https:\/\/toensfeldt-modellbau.de\/index.php?rest_route=%2Fwp%2Fv2%2Fmedia&parent=3812"}],"curies":[{"name":"wp","href":"https:\/\/api.w.org\/{rel}","templated":true}]}}