{"id":3817,"date":"2019-06-13T16:24:23","date_gmt":"2019-06-13T14:24:23","guid":{"rendered":"http:\/\/toensfeldt-modellbau.de\/?page_id=3817"},"modified":"2025-03-02T12:00:47","modified_gmt":"2025-03-02T10:00:47","slug":"kuebelspritze","status":"publish","type":"page","link":"https:\/\/toensfeldt-modellbau.de\/?page_id=3817","title":{"rendered":"K\u00fcbelspritze 1:14"},"content":{"rendered":"<div id=\"attachment_3821\" style=\"width: 577px\" class=\"wp-caption alignnone\"><img loading=\"lazy\" decoding=\"async\" aria-describedby=\"caption-attachment-3821\" class=\"wp-image-3821 size-full\" src=\"http:\/\/toensfeldt-modellbau.de\/wp-content\/uploads\/2019\/06\/Mann-2K\u00fcbelspritzen.jpg\" alt=\"\" width=\"567\" height=\"738\" srcset=\"https:\/\/toensfeldt-modellbau.de\/wp-content\/uploads\/2019\/06\/Mann-2K\u00fcbelspritzen.jpg 567w, https:\/\/toensfeldt-modellbau.de\/wp-content\/uploads\/2019\/06\/Mann-2K\u00fcbelspritzen-230x300.jpg 230w\" sizes=\"auto, (max-width: 567px) 100vw, 567px\" \/><p id=\"caption-attachment-3821\" class=\"wp-caption-text\">bworld Fiegur<\/p><\/div>\n<p>TMV K\u00fcbelspritzen f\u00fcr die Lagerhalle oder das Einsatzfahrzeug. Die K\u00fcbelspritzen werden noch heute in den&nbsp;Einsatzfahrzeug bei Feuerwehr oder dem THW einges\u00e4tz und sind immer noch bestanteil der Ausr\u00fcstung. Bei der Bundeswehr h\u00e4ngen sie noch Heute in den Unterk\u00fcnften und den Arbeits bereichen. Die K\u00fcbelspritzen von Feuerwehr und Bundeswehr unterscheiden sich nur durch die Bedienungserkl\u00e4rung. Die K\u00fcbelspritzen sind von innen Hohl und ohne Funkzion.<\/p>\n<div id=\"attachment_3820\" style=\"width: 435px\" class=\"wp-caption alignnone\"><img loading=\"lazy\" decoding=\"async\" aria-describedby=\"caption-attachment-3820\" class=\"wp-image-3820 size-full\" src=\"http:\/\/toensfeldt-modellbau.de\/wp-content\/uploads\/2019\/06\/2-K\u00fcbelspritzen.jpg\" alt=\"\" width=\"425\" height=\"407\" srcset=\"https:\/\/toensfeldt-modellbau.de\/wp-content\/uploads\/2019\/06\/2-K\u00fcbelspritzen.jpg 425w, https:\/\/toensfeldt-modellbau.de\/wp-content\/uploads\/2019\/06\/2-K\u00fcbelspritzen-300x287.jpg 300w\" sizes=\"auto, (max-width: 425px) 100vw, 425px\" \/><p id=\"caption-attachment-3820\" class=\"wp-caption-text\">K\u00fcbelspritzen Feuerwehr &amp; THW<\/p><\/div>\n<p><img loading=\"lazy\" decoding=\"async\" class=\"alignnone size-full wp-image-3809\" src=\"http:\/\/toensfeldt-modellbau.de\/wp-content\/uploads\/2019\/06\/Wolf-K\u00fcbelspritze.jpg\" alt=\"\" width=\"567\" height=\"356\" srcset=\"https:\/\/toensfeldt-modellbau.de\/wp-content\/uploads\/2019\/06\/Wolf-K\u00fcbelspritze.jpg 567w, https:\/\/toensfeldt-modellbau.de\/wp-content\/uploads\/2019\/06\/Wolf-K\u00fcbelspritze-300x188.jpg 300w\" sizes=\"auto, (max-width: 567px) 100vw, 567px\" \/><\/p>\n<div id=\"attachment_3801\" style=\"width: 435px\" class=\"wp-caption alignnone\"><img loading=\"lazy\" decoding=\"async\" aria-describedby=\"caption-attachment-3801\" class=\"wp-image-3801 size-full\" src=\"http:\/\/toensfeldt-modellbau.de\/wp-content\/uploads\/2019\/06\/BW-K\u00fcbelspritzen.jpg\" alt=\"\" width=\"425\" height=\"380\" srcset=\"https:\/\/toensfeldt-modellbau.de\/wp-content\/uploads\/2019\/06\/BW-K\u00fcbelspritzen.jpg 425w, https:\/\/toensfeldt-modellbau.de\/wp-content\/uploads\/2019\/06\/BW-K\u00fcbelspritzen-300x268.jpg 300w\" sizes=\"auto, (max-width: 425px) 100vw, 425px\" \/><p id=\"caption-attachment-3801\" class=\"wp-caption-text\">K\u00fcbelspritzen Bundeswehr<\/p><\/div>\n<p>Art. Nr. Bestelltext:<\/p>\n<ul>\n<li><span style=\"color: #ff0000;\">090360<\/span> TMV K\u00fcbelspritze 1:14<\/li>\n<li><span style=\"color: #ff0000;\">090361<\/span> TMV K\u00fcbelspritze 1:14 BW<\/li>\n<\/ul>\n\n\n<p>Herstellerdaten gem\u00e4s GPSR<\/p>\n\n\n\n<p>Olaf T\u00f6nsfeldt<br>T\u00f6nsfeldt Modellbau Vertrieb<br>Nobiskr\u00fcger Allee 20<br>24768 Rendsburg<\/p>\n\n\n\n<p><strong>Deutschland<\/strong><br>Tel.: 0049 (0 ) 43 31\/ 51 95<br>E-Mail an: tmv@toensfeldt-modellbau.de<\/p>\n","protected":false},"excerpt":{"rendered":"<p>TMV K\u00fcbelspritzen f\u00fcr die Lagerhalle oder das Einsatzfahrzeug. Die K\u00fcbelspritzen werden noch heute in den&nbsp;Einsatzfahrzeug bei Feuerwehr oder dem THW einges\u00e4tz und sind immer noch bestanteil der Ausr\u00fcstung. Bei der Bundeswehr h\u00e4ngen sie noch Heute in den Unterk\u00fcnften und den &hellip; <a href=\"https:\/\/toensfeldt-modellbau.de\/?page_id=3817\">Weiterlesen <span class=\"meta-nav\">&rarr;<\/span><\/a><\/p>\n","protected":false},"author":2,"featured_media":0,"parent":0,"menu_order":0,"comment_status":"closed","ping_status":"closed","template":"","meta":{"footnotes":""},"class_list":["post-3817","page","type-page","status-publish","hentry"],"_links":{"self":[{"href":"https:\/\/toensfeldt-modellbau.de\/index.php?rest_route=\/wp\/v2\/pages\/3817","targetHints":{"allow":["GET"]}}],"collection":[{"href":"https:\/\/toensfeldt-modellbau.de\/index.php?rest_route=\/wp\/v2\/pages"}],"about":[{"href":"https:\/\/toensfeldt-modellbau.de\/index.php?rest_route=\/wp\/v2\/types\/page"}],"author":[{"embeddable":true,"href":"https:\/\/toensfeldt-modellbau.de\/index.php?rest_route=\/wp\/v2\/users\/2"}],"replies":[{"embeddable":true,"href":"https:\/\/toensfeldt-modellbau.de\/index.php?rest_route=%2Fwp%2Fv2%2Fcomments&post=3817"}],"version-history":[{"count":5,"href":"https:\/\/toensfeldt-modellbau.de\/index.php?rest_route=\/wp\/v2\/pages\/3817\/revisions"}],"predecessor-version":[{"id":7527,"href":"https:\/\/toensfeldt-modellbau.de\/index.php?rest_route=\/wp\/v2\/pages\/3817\/revisions\/7527"}],"wp:attachment":[{"href":"https:\/\/toensfeldt-modellbau.de\/index.php?rest_route=%2Fwp%2Fv2%2Fmedia&parent=3817"}],"curies":[{"name":"wp","href":"https:\/\/api.w.org\/{rel}","templated":true}]}}