{"id":3871,"date":"2019-12-29T19:22:50","date_gmt":"2019-12-29T17:22:50","guid":{"rendered":"http:\/\/toensfeldt-modellbau.de\/?page_id=3871"},"modified":"2025-03-08T12:47:05","modified_gmt":"2025-03-08T10:47:05","slug":"augenschraube","status":"publish","type":"page","link":"https:\/\/toensfeldt-modellbau.de\/?page_id=3871","title":{"rendered":"Augenschraube"},"content":{"rendered":"<p><img loading=\"lazy\" decoding=\"async\" class=\"alignnone size-full wp-image-3877\" src=\"http:\/\/toensfeldt-modellbau.de\/wp-content\/uploads\/2019\/12\/We-TiefAlt-Augen-B4-Int.jpg\" alt=\"\" width=\"425\" height=\"207\" srcset=\"https:\/\/toensfeldt-modellbau.de\/wp-content\/uploads\/2019\/12\/We-TiefAlt-Augen-B4-Int.jpg 425w, https:\/\/toensfeldt-modellbau.de\/wp-content\/uploads\/2019\/12\/We-TiefAlt-Augen-B4-Int-300x146.jpg 300w\" sizes=\"auto, (max-width: 425px) 100vw, 425px\" \/><\/p>\n<p>TMV Augenschraube f\u00fcr WEDICO-models Tieflader Art. Nr. 3-W &amp; Art. Nr. 13-W. Die Augenschraube wird als Ersatz f\u00fcr die Schraube M3 x 20 an der Seite mit den H\u00fclse eingesetzt, so da\u00df der Anschlagspunkt zum Verzurren entstehen kann. Man kann 4 Schrauben austauschen, oder auch alle die man austauschen m\u00f6chte. Die Augenschrauben haben unten ein ca. 10 mm langes M3 Gewinde und sind aus VA gedreht. Zu einem Satz Augenschraube geh\u00f6ren: 1 x Augenschraube M3 x 23 mm, Stopmutter M3 VA, ein Sch\u00e4kel 8 x 5 mm und eine Anleitung. Beim Tieflader Satz Art. Nr. 030451 sind 10 St\u00fcck Augenschrauben M3x23 mm mit Sch\u00e4keln enthalten.<\/p>\n<p><img loading=\"lazy\" decoding=\"async\" class=\"alignnone size-full wp-image-3874\" src=\"http:\/\/toensfeldt-modellbau.de\/wp-content\/uploads\/2019\/12\/We-TiefAlt-Augen-B1-Int.jpg\" alt=\"\" width=\"283\" height=\"311\" srcset=\"https:\/\/toensfeldt-modellbau.de\/wp-content\/uploads\/2019\/12\/We-TiefAlt-Augen-B1-Int.jpg 283w, https:\/\/toensfeldt-modellbau.de\/wp-content\/uploads\/2019\/12\/We-TiefAlt-Augen-B1-Int-273x300.jpg 273w\" sizes=\"auto, (max-width: 283px) 100vw, 283px\" \/><\/p>\n<p><img loading=\"lazy\" decoding=\"async\" class=\"alignnone size-full wp-image-3876\" src=\"http:\/\/toensfeldt-modellbau.de\/wp-content\/uploads\/2019\/12\/We-TiefAlt-Augen-B3-Int.jpg\" alt=\"\" width=\"425\" height=\"237\" srcset=\"https:\/\/toensfeldt-modellbau.de\/wp-content\/uploads\/2019\/12\/We-TiefAlt-Augen-B3-Int.jpg 425w, https:\/\/toensfeldt-modellbau.de\/wp-content\/uploads\/2019\/12\/We-TiefAlt-Augen-B3-Int-300x167.jpg 300w\" sizes=\"auto, (max-width: 425px) 100vw, 425px\" \/><\/p>\n<p><span style=\"font-size: medium;\">Herstellerdaten gem\u00e4s GPSR<\/span><\/p>\n<p><span style=\"font-size: medium;\">Olaf T\u00f6nsfeldt<br \/>T\u00f6nsfeldt <span style=\"color: #000000;\">Modellbau Vertrieb<\/span><span style=\"color: #ff0000;\"><span style=\"font-family: Arial, Helvetica, sans-serif;\"><br \/><\/span><\/span>Nobiskr\u00fcger Allee 20<span style=\"font-family: Arial, Helvetica, sans-serif;\"><br \/><\/span>24768 Rendsburg<\/span><\/p>\n<p><strong><span style=\"font-size: medium;\">Deutschland<\/span><\/strong><span style=\"font-size: medium;\"><br \/>Tel.: 0049 (0 ) 43 31\/ 51 95<br \/>E-Mail an: <a href=\"mailto:tmv@toensfeldt-modellbau.de\">tmv@toensfeldt-modellbau.de<\/a><\/span><\/p>\n\n\n<p>Art. Nr. Bestell Text:<\/p>\n\n\n\n<ul class=\"wp-block-list\">\n<li><span style=\"color:#a30004\" class=\"has-inline-color\">030450<\/span> TMV Augenschraube M3x23 m. Sch\u00e4kel<\/li>\n\n\n\n<li><span style=\"color:#a30004\" class=\"has-inline-color\">030451<\/span> TMV Satz Augenschrauben M3x23 m. Sch\u00e4kel f\u00fcr Tieflader Art. Nr. 3-W<\/li>\n<\/ul>\n\n\n\n<p><strong><em><span style=\"color:#a3000d\" class=\"has-inline-color\">Augenschraube M2 x 18 mm Bohrung 1,5 mm mit Sch\u00e4kel<\/span><\/em><\/strong><\/p>\n\n\n\n<ul class=\"wp-block-list\">\n<li><span style=\"color:#a30008\" class=\"has-inline-color\">030430<\/span> 4 TMV Augenschraube M2x18 m. Sch\u00e4kel<\/li>\n<\/ul>\n","protected":false},"excerpt":{"rendered":"<p>TMV Augenschraube f\u00fcr WEDICO-models Tieflader Art. Nr. 3-W &amp; Art. Nr. 13-W. Die Augenschraube wird als Ersatz f\u00fcr die Schraube M3 x 20 an der Seite mit den H\u00fclse eingesetzt, so da\u00df der Anschlagspunkt zum Verzurren entstehen kann. Man kann &hellip; <a href=\"https:\/\/toensfeldt-modellbau.de\/?page_id=3871\">Weiterlesen <span class=\"meta-nav\">&rarr;<\/span><\/a><\/p>\n","protected":false},"author":2,"featured_media":0,"parent":0,"menu_order":0,"comment_status":"closed","ping_status":"closed","template":"","meta":{"footnotes":""},"class_list":["post-3871","page","type-page","status-publish","hentry"],"_links":{"self":[{"href":"https:\/\/toensfeldt-modellbau.de\/index.php?rest_route=\/wp\/v2\/pages\/3871","targetHints":{"allow":["GET"]}}],"collection":[{"href":"https:\/\/toensfeldt-modellbau.de\/index.php?rest_route=\/wp\/v2\/pages"}],"about":[{"href":"https:\/\/toensfeldt-modellbau.de\/index.php?rest_route=\/wp\/v2\/types\/page"}],"author":[{"embeddable":true,"href":"https:\/\/toensfeldt-modellbau.de\/index.php?rest_route=\/wp\/v2\/users\/2"}],"replies":[{"embeddable":true,"href":"https:\/\/toensfeldt-modellbau.de\/index.php?rest_route=%2Fwp%2Fv2%2Fcomments&post=3871"}],"version-history":[{"count":7,"href":"https:\/\/toensfeldt-modellbau.de\/index.php?rest_route=\/wp\/v2\/pages\/3871\/revisions"}],"predecessor-version":[{"id":7627,"href":"https:\/\/toensfeldt-modellbau.de\/index.php?rest_route=\/wp\/v2\/pages\/3871\/revisions\/7627"}],"wp:attachment":[{"href":"https:\/\/toensfeldt-modellbau.de\/index.php?rest_route=%2Fwp%2Fv2%2Fmedia&parent=3871"}],"curies":[{"name":"wp","href":"https:\/\/api.w.org\/{rel}","templated":true}]}}