{"id":3922,"date":"2020-02-17T15:44:39","date_gmt":"2020-02-17T13:44:39","guid":{"rendered":"http:\/\/toensfeldt-modellbau.de\/?page_id=3922"},"modified":"2025-04-27T16:17:58","modified_gmt":"2025-04-27T14:17:58","slug":"schiebeleiter","status":"publish","type":"page","link":"https:\/\/toensfeldt-modellbau.de\/?page_id=3922","title":{"rendered":"Schiebeleiter"},"content":{"rendered":"<p><em><strong><span style=\"color: #ff0000;\">TMV 2 fach Schiebeleiter aus Alu<\/span><\/strong><\/em><\/p>\n<p><img loading=\"lazy\" decoding=\"async\" class=\"alignnone size-full wp-image-3925\" src=\"http:\/\/toensfeldt-modellbau.de\/wp-content\/uploads\/2020\/02\/4-Schiebeleitern-Int.jpg\" alt=\"\" width=\"567\" height=\"355\" srcset=\"https:\/\/toensfeldt-modellbau.de\/wp-content\/uploads\/2020\/02\/4-Schiebeleitern-Int.jpg 567w, https:\/\/toensfeldt-modellbau.de\/wp-content\/uploads\/2020\/02\/4-Schiebeleitern-Int-300x188.jpg 300w\" sizes=\"auto, (max-width: 567px) 100vw, 567px\" \/><\/p>\n<p>Die TMV 2 fach Schiebeleiter aus Alu kann wie das Original ausgeschoben werden. Die Leiterf\u00fchrungen und die Haken zum Sichern der 2 Leitern sind aus Alu gefr\u00e4st und vernietet. 2 Leitertr\u00e4ger zur Befestigung geh\u00f6rt auch zum Lieferumfang. Standard L\u00e4nge der Schiebeleiter sind 6+6 &amp; 7+7 Sprossen. Im Teilesatz ist enthalten: 2x Alu Leitern, 2x Leitertr\u00e4ger, 4x Nietkopfschrauben mit Scheiben und Muttern M1, so wie 2x Sicherungssplinte.<\/p>\n<p><img loading=\"lazy\" decoding=\"async\" class=\"alignnone size-full wp-image-3926\" src=\"http:\/\/toensfeldt-modellbau.de\/wp-content\/uploads\/2020\/02\/4-Schiebeleitern2-Int.jpg\" alt=\"\" width=\"425\" height=\"371\" srcset=\"https:\/\/toensfeldt-modellbau.de\/wp-content\/uploads\/2020\/02\/4-Schiebeleitern2-Int.jpg 425w, https:\/\/toensfeldt-modellbau.de\/wp-content\/uploads\/2020\/02\/4-Schiebeleitern2-Int-300x262.jpg 300w\" sizes=\"auto, (max-width: 425px) 100vw, 425px\" \/><\/p>\n<p><span style=\"color: #0000ff;\">Achtung: Um Nachfragen gleich auszuschlie\u00dfen, andere Versionen dieser Schiebeleiter sind nicht machbar. Andere Schiebeleitern sind auch nicht geplant !<\/span><\/p>\n<p><span style=\"color: #0000ff;\">\u00a0<\/span><\/p>\n<div id=\"attachment_3937\" style=\"width: 114px\" class=\"wp-caption alignnone\"><img loading=\"lazy\" decoding=\"async\" aria-describedby=\"caption-attachment-3937\" class=\"wp-image-3937 size-full\" src=\"http:\/\/toensfeldt-modellbau.de\/wp-content\/uploads\/2020\/02\/Schiebeleiterr-66-Int.jpg\" alt=\"\" width=\"104\" height=\"425\" \/><p id=\"caption-attachment-3937\" class=\"wp-caption-text\">6+6<\/p><\/div>\n<div id=\"attachment_3938\" style=\"width: 88px\" class=\"wp-caption alignnone\"><img loading=\"lazy\" decoding=\"async\" aria-describedby=\"caption-attachment-3938\" class=\"wp-image-3938 size-full\" src=\"http:\/\/toensfeldt-modellbau.de\/wp-content\/uploads\/2020\/02\/Schiebeleiterr-77-Int.jpg\" alt=\"\" width=\"78\" height=\"425\" srcset=\"https:\/\/toensfeldt-modellbau.de\/wp-content\/uploads\/2020\/02\/Schiebeleiterr-77-Int.jpg 78w, https:\/\/toensfeldt-modellbau.de\/wp-content\/uploads\/2020\/02\/Schiebeleiterr-77-Int-55x300.jpg 55w\" sizes=\"auto, (max-width: 78px) 100vw, 78px\" \/><p id=\"caption-attachment-3938\" class=\"wp-caption-text\">7+7<\/p><\/div>\n<p>Technische Daten 6 Sprossen:<\/p>\n<ul>\n<li>L\u00e4nge: ca. 12,5 bis 20,5 cm<\/li>\n<li>Breite: ca. 2,1 bis 2,5 cm<\/li>\n<li>St\u00e4rke: ca. 0,4 cm<\/li>\n<\/ul>\n<p>Technische Daten 7 Sprossen:<\/p>\n<ul>\n<li>L\u00e4nge: ca. 14,5 bis 24,5 cm<\/li>\n<li>Breite: ca. 2,1 bis 2,5 cm<\/li>\n<li>St\u00e4rke: ca. 0,4 cm<\/li>\n<\/ul>\n<p>Atr. Nr. Bestell Text:<\/p>\n<ul>\n<li><span style=\"color: #ff0000;\">040125<\/span> TMV Schiebeleiter 6+6<\/li>\n<li><span style=\"color: #ff0000;\">040126<\/span> TMV Schiebeleiter 7+7<\/li>\n<li><em><strong><span style=\"color: #ff0000;\">Alle Schiebeleitern sind AUSVERKAUFT<\/span><\/strong><\/em><\/li>\n<li>Stand 27.04.2025<\/li>\n<\/ul>\n<p>Jedes Jahr w\u00e4hlen die Leser der Fachzeitschrift \u201eTruckModell\u201c ihre Favoriten bei den Modellen, Zubeh\u00f6r und ab 2018 neu das Detaillierungszubeh\u00f6r. Bei der Wahl 2020 im Bereich Detaillierungszubeh\u00f6r wurde unsere Schiebeleiter auf den 2. Platz gew\u00e4hlt !<\/p>\n<p><img loading=\"lazy\" decoding=\"async\" class=\"alignnone size-full wp-image-4123\" src=\"http:\/\/toensfeldt-modellbau.de\/wp-content\/uploads\/2020\/07\/Detail-2-Platz-TMV-klein.jpg\" alt=\"\" width=\"196\" height=\"283\" \/><\/p>\n<p><span style=\"font-size: medium;\">Herstellerdaten gem\u00e4s GPSR<\/span><\/p>\n<p><span style=\"font-size: medium;\">Olaf T\u00f6nsfeldt<br \/>\nT\u00f6nsfeldt <span style=\"color: #000000;\">Modellbau Vertrieb<\/span><span style=\"color: #ff0000;\"><span style=\"font-family: Arial, Helvetica, sans-serif;\"><br \/>\n<\/span><\/span>Nobiskr\u00fcger Allee 20<span style=\"font-family: Arial, Helvetica, sans-serif;\"><br \/>\n<\/span>24768 Rendsburg<\/span><\/p>\n<p><strong><span style=\"font-size: medium;\">Deutschland<\/span><\/strong><span style=\"font-size: medium;\"><br \/>\nTel.: 0049 (0 ) 43 31\/ 51 95<br \/>\nE-Mail an: <a href=\"mailto:tmv@toensfeldt-modellbau.de\">tmv@toensfeldt-modellbau.de<\/a><\/span><\/p>\n","protected":false},"excerpt":{"rendered":"<p>TMV 2 fach Schiebeleiter aus Alu Die TMV 2 fach Schiebeleiter aus Alu kann wie das Original ausgeschoben werden. Die Leiterf\u00fchrungen und die Haken zum Sichern der 2 Leitern sind aus Alu gefr\u00e4st und vernietet. 2 Leitertr\u00e4ger zur Befestigung geh\u00f6rt &hellip; <a href=\"https:\/\/toensfeldt-modellbau.de\/?page_id=3922\">Weiterlesen <span class=\"meta-nav\">&rarr;<\/span><\/a><\/p>\n","protected":false},"author":2,"featured_media":0,"parent":0,"menu_order":0,"comment_status":"closed","ping_status":"closed","template":"","meta":{"footnotes":""},"class_list":["post-3922","page","type-page","status-publish","hentry"],"_links":{"self":[{"href":"https:\/\/toensfeldt-modellbau.de\/index.php?rest_route=\/wp\/v2\/pages\/3922","targetHints":{"allow":["GET"]}}],"collection":[{"href":"https:\/\/toensfeldt-modellbau.de\/index.php?rest_route=\/wp\/v2\/pages"}],"about":[{"href":"https:\/\/toensfeldt-modellbau.de\/index.php?rest_route=\/wp\/v2\/types\/page"}],"author":[{"embeddable":true,"href":"https:\/\/toensfeldt-modellbau.de\/index.php?rest_route=\/wp\/v2\/users\/2"}],"replies":[{"embeddable":true,"href":"https:\/\/toensfeldt-modellbau.de\/index.php?rest_route=%2Fwp%2Fv2%2Fcomments&post=3922"}],"version-history":[{"count":25,"href":"https:\/\/toensfeldt-modellbau.de\/index.php?rest_route=\/wp\/v2\/pages\/3922\/revisions"}],"predecessor-version":[{"id":7786,"href":"https:\/\/toensfeldt-modellbau.de\/index.php?rest_route=\/wp\/v2\/pages\/3922\/revisions\/7786"}],"wp:attachment":[{"href":"https:\/\/toensfeldt-modellbau.de\/index.php?rest_route=%2Fwp%2Fv2%2Fmedia&parent=3922"}],"curies":[{"name":"wp","href":"https:\/\/api.w.org\/{rel}","templated":true}]}}