{"id":3966,"date":"2020-03-24T13:05:32","date_gmt":"2020-03-24T11:05:32","guid":{"rendered":"http:\/\/toensfeldt-modellbau.de\/?page_id=3966"},"modified":"2025-03-08T13:48:29","modified_gmt":"2025-03-08T11:48:29","slug":"muelleimer","status":"publish","type":"page","link":"https:\/\/toensfeldt-modellbau.de\/?page_id=3966","title":{"rendered":"M\u00fclleimer"},"content":{"rendered":"<p><img loading=\"lazy\" decoding=\"async\" class=\"alignnone size-full wp-image-3969\" src=\"http:\/\/toensfeldt-modellbau.de\/wp-content\/uploads\/2020\/03\/3-M\u00fclleimer-Int.jpg\" alt=\"\" width=\"425\" height=\"289\" srcset=\"https:\/\/toensfeldt-modellbau.de\/wp-content\/uploads\/2020\/03\/3-M\u00fclleimer-Int.jpg 425w, https:\/\/toensfeldt-modellbau.de\/wp-content\/uploads\/2020\/03\/3-M\u00fclleimer-Int-300x204.jpg 300w\" sizes=\"auto, (max-width: 425px) 100vw, 425px\" \/><\/p>\n<p>M\u00fclleimer rund 3D Druck mit Deckel zum \u00d6ffnen und B\u00fcgel zum Verschliessen erh\u00e4ltlich in Grau, Schwarz, Braun, Gelb, Rot, Schwarz-Blau und Schwarz-Gelb.<\/p>\n<p><img loading=\"lazy\" decoding=\"async\" class=\"alignnone size-full wp-image-3970\" src=\"http:\/\/toensfeldt-modellbau.de\/wp-content\/uploads\/2020\/03\/M\u00fclleimer-Grau.jpg\" alt=\"\" width=\"283\" height=\"355\" srcset=\"https:\/\/toensfeldt-modellbau.de\/wp-content\/uploads\/2020\/03\/M\u00fclleimer-Grau.jpg 283w, https:\/\/toensfeldt-modellbau.de\/wp-content\/uploads\/2020\/03\/M\u00fclleimer-Grau-239x300.jpg 239w\" sizes=\"auto, (max-width: 283px) 100vw, 283px\" \/><\/p>\n<p><img loading=\"lazy\" decoding=\"async\" class=\"alignnone size-full wp-image-3972\" src=\"http:\/\/toensfeldt-modellbau.de\/wp-content\/uploads\/2020\/03\/M\u00fclleimer-Schwarz.jpg\" alt=\"\" width=\"283\" height=\"364\" srcset=\"https:\/\/toensfeldt-modellbau.de\/wp-content\/uploads\/2020\/03\/M\u00fclleimer-Schwarz.jpg 283w, https:\/\/toensfeldt-modellbau.de\/wp-content\/uploads\/2020\/03\/M\u00fclleimer-Schwarz-233x300.jpg 233w\" sizes=\"auto, (max-width: 283px) 100vw, 283px\" \/><\/p>\n<p><img loading=\"lazy\" decoding=\"async\" class=\"alignnone size-full wp-image-4039\" src=\"http:\/\/toensfeldt-modellbau.de\/wp-content\/uploads\/2020\/05\/M\u00fclleimer-Braun.jpg\" alt=\"\" width=\"283\" height=\"378\" srcset=\"https:\/\/toensfeldt-modellbau.de\/wp-content\/uploads\/2020\/05\/M\u00fclleimer-Braun.jpg 283w, https:\/\/toensfeldt-modellbau.de\/wp-content\/uploads\/2020\/05\/M\u00fclleimer-Braun-225x300.jpg 225w\" sizes=\"auto, (max-width: 283px) 100vw, 283px\" \/><\/p>\n<p><img loading=\"lazy\" decoding=\"async\" class=\"alignnone size-full wp-image-4040\" src=\"http:\/\/toensfeldt-modellbau.de\/wp-content\/uploads\/2020\/05\/M\u00fclleimer-Gelb.jpg\" alt=\"\" width=\"283\" height=\"324\" srcset=\"https:\/\/toensfeldt-modellbau.de\/wp-content\/uploads\/2020\/05\/M\u00fclleimer-Gelb.jpg 283w, https:\/\/toensfeldt-modellbau.de\/wp-content\/uploads\/2020\/05\/M\u00fclleimer-Gelb-262x300.jpg 262w\" sizes=\"auto, (max-width: 283px) 100vw, 283px\" \/><\/p>\n<p><img loading=\"lazy\" decoding=\"async\" class=\"alignnone size-full wp-image-4041\" src=\"http:\/\/toensfeldt-modellbau.de\/wp-content\/uploads\/2020\/05\/M\u00fclleimer-Rot.jpg\" alt=\"\" width=\"283\" height=\"370\" srcset=\"https:\/\/toensfeldt-modellbau.de\/wp-content\/uploads\/2020\/05\/M\u00fclleimer-Rot.jpg 283w, https:\/\/toensfeldt-modellbau.de\/wp-content\/uploads\/2020\/05\/M\u00fclleimer-Rot-229x300.jpg 229w\" sizes=\"auto, (max-width: 283px) 100vw, 283px\" \/><\/p>\n<p><img loading=\"lazy\" decoding=\"async\" class=\"alignnone size-full wp-image-4042\" src=\"http:\/\/toensfeldt-modellbau.de\/wp-content\/uploads\/2020\/05\/M\u00fclleimer-Schwarz-Blau.jpg\" alt=\"\" width=\"283\" height=\"331\" srcset=\"https:\/\/toensfeldt-modellbau.de\/wp-content\/uploads\/2020\/05\/M\u00fclleimer-Schwarz-Blau.jpg 283w, https:\/\/toensfeldt-modellbau.de\/wp-content\/uploads\/2020\/05\/M\u00fclleimer-Schwarz-Blau-256x300.jpg 256w\" sizes=\"auto, (max-width: 283px) 100vw, 283px\" \/><\/p>\n<p><img loading=\"lazy\" decoding=\"async\" class=\"alignnone size-full wp-image-4043\" src=\"http:\/\/toensfeldt-modellbau.de\/wp-content\/uploads\/2020\/05\/M\u00fclleimer-Schwarz-Gelb.jpg\" alt=\"\" width=\"283\" height=\"365\" srcset=\"https:\/\/toensfeldt-modellbau.de\/wp-content\/uploads\/2020\/05\/M\u00fclleimer-Schwarz-Gelb.jpg 283w, https:\/\/toensfeldt-modellbau.de\/wp-content\/uploads\/2020\/05\/M\u00fclleimer-Schwarz-Gelb-233x300.jpg 233w\" sizes=\"auto, (max-width: 283px) 100vw, 283px\" \/><\/p>\n<p><em><strong><span style=\"color: #ff0000;\">Fahrzeughalter<\/span><\/strong><\/em><\/p>\n<p>Fahrzeughalter f\u00fcr M\u00fclleimer 3D Druck mit Befestigungsschrauben M2 x 6 und Muttern.<\/p>\n<p><img loading=\"lazy\" decoding=\"async\" class=\"alignnone size-full wp-image-3971\" src=\"http:\/\/toensfeldt-modellbau.de\/wp-content\/uploads\/2020\/03\/M\u00fclleimer-Halter.jpg\" alt=\"\" width=\"283\" height=\"152\" \/><\/p>\n<p>Technische Daten:<\/p>\n<ul>\n<li>H\u00f6he: 36 mm<\/li>\n<li>Breite Tonne: 23-25 mm<\/li>\n<li>Breite B\u00fcgel: 31 mm<\/li>\n<\/ul>\n<p>Bestell Nr.: Bestell Text:<\/p>\n<ul>\n<li><span style=\"color: #ff0000;\">040300<\/span> M\u00fclleimer rund Grau<\/li>\n<li><span style=\"color: #ff0000;\">040301<\/span> M\u00fclleimer rund Schwarz<\/li>\n<li><span style=\"color: #ff0000;\">040302<\/span> M\u00fclleimer rund Braun<\/li>\n<li><span style=\"color: #ff0000;\">040303<\/span> M\u00fclleimer rund Gelb<\/li>\n<li><span style=\"color: #ff0000;\">040304<\/span> M\u00fclleimer rund Rot<\/li>\n<li><span style=\"color: #ff0000;\">040305<\/span> M\u00fclleimer rund Schwarz-Blau<\/li>\n<li><span style=\"color: #ff0000;\">040306<\/span> M\u00fclleimer rund Schwarz-Gelb<\/li>\n<li><span style=\"color: #ff0000;\">040315<\/span> Fahrzeughalter M\u00fclleimer Schwarz<\/li>\n<\/ul>\n<p>Herstellerdaten gem\u00e4s GPSR<\/p>\n<p>Herstellerdaten gem\u00e4s GPSR<\/p>\n<ul>\n<li>Ganter Modellbau<\/li>\n<li>Oliver Kurt Ganter<\/li>\n<li>Eichenweg 1<\/li>\n<li>74847 Obrigheim<\/li>\n<li><a href=\"tel:06261\">06261<\/a>\/<a href=\"tel:9490089\">9490089<\/a><\/li>\n<li>E-Mail: info@gantermodellbautechnik.de<\/li>\n<\/ul>\n<p>&nbsp;<\/p>\n<p>&nbsp;<\/p>\n","protected":false},"excerpt":{"rendered":"<p>M\u00fclleimer rund 3D Druck mit Deckel zum \u00d6ffnen und B\u00fcgel zum Verschliessen erh\u00e4ltlich in Grau, Schwarz, Braun, Gelb, Rot, Schwarz-Blau und Schwarz-Gelb. Fahrzeughalter Fahrzeughalter f\u00fcr M\u00fclleimer 3D Druck mit Befestigungsschrauben M2 x 6 und Muttern. Technische Daten: H\u00f6he: 36 mm &hellip; <a href=\"https:\/\/toensfeldt-modellbau.de\/?page_id=3966\">Weiterlesen <span class=\"meta-nav\">&rarr;<\/span><\/a><\/p>\n","protected":false},"author":2,"featured_media":0,"parent":0,"menu_order":0,"comment_status":"closed","ping_status":"closed","template":"","meta":{"footnotes":""},"class_list":["post-3966","page","type-page","status-publish","hentry"],"_links":{"self":[{"href":"https:\/\/toensfeldt-modellbau.de\/index.php?rest_route=\/wp\/v2\/pages\/3966","targetHints":{"allow":["GET"]}}],"collection":[{"href":"https:\/\/toensfeldt-modellbau.de\/index.php?rest_route=\/wp\/v2\/pages"}],"about":[{"href":"https:\/\/toensfeldt-modellbau.de\/index.php?rest_route=\/wp\/v2\/types\/page"}],"author":[{"embeddable":true,"href":"https:\/\/toensfeldt-modellbau.de\/index.php?rest_route=\/wp\/v2\/users\/2"}],"replies":[{"embeddable":true,"href":"https:\/\/toensfeldt-modellbau.de\/index.php?rest_route=%2Fwp%2Fv2%2Fcomments&post=3966"}],"version-history":[{"count":9,"href":"https:\/\/toensfeldt-modellbau.de\/index.php?rest_route=\/wp\/v2\/pages\/3966\/revisions"}],"predecessor-version":[{"id":7678,"href":"https:\/\/toensfeldt-modellbau.de\/index.php?rest_route=\/wp\/v2\/pages\/3966\/revisions\/7678"}],"wp:attachment":[{"href":"https:\/\/toensfeldt-modellbau.de\/index.php?rest_route=%2Fwp%2Fv2%2Fmedia&parent=3966"}],"curies":[{"name":"wp","href":"https:\/\/api.w.org\/{rel}","templated":true}]}}