{"id":3986,"date":"2020-04-17T11:15:52","date_gmt":"2020-04-17T09:15:52","guid":{"rendered":"http:\/\/toensfeldt-modellbau.de\/?page_id=3986"},"modified":"2025-03-08T12:37:06","modified_gmt":"2025-03-08T10:37:06","slug":"andys-ladegut","status":"publish","type":"page","link":"https:\/\/toensfeldt-modellbau.de\/?page_id=3986","title":{"rendered":"Baggermatte &#038; Betongstein"},"content":{"rendered":"\n<p><strong><em><span class=\"has-inline-color has-blue-color\">Wir Liefern das gesamte Program von Andys Ladegut !<\/span><\/em><\/strong><\/p>\n\n\n<p><img loading=\"lazy\" decoding=\"async\" class=\"alignnone size-full wp-image-4003\" src=\"http:\/\/toensfeldt-modellbau.de\/wp-content\/uploads\/2020\/04\/Andys-Ladegut-Int.jpg\" alt=\"\" width=\"425\" height=\"301\" srcset=\"https:\/\/toensfeldt-modellbau.de\/wp-content\/uploads\/2020\/04\/Andys-Ladegut-Int.jpg 425w, https:\/\/toensfeldt-modellbau.de\/wp-content\/uploads\/2020\/04\/Andys-Ladegut-Int-300x212.jpg 300w\" sizes=\"auto, (max-width: 425px) 100vw, 425px\" \/><\/p>\n<p><img loading=\"lazy\" decoding=\"async\" class=\"alignnone size-full wp-image-3984\" src=\"http:\/\/toensfeldt-modellbau.de\/wp-content\/uploads\/2020\/04\/Baggermatte1-Int.jpg\" alt=\"\" width=\"567\" height=\"361\" srcset=\"https:\/\/toensfeldt-modellbau.de\/wp-content\/uploads\/2020\/04\/Baggermatte1-Int.jpg 567w, https:\/\/toensfeldt-modellbau.de\/wp-content\/uploads\/2020\/04\/Baggermatte1-Int-300x191.jpg 300w\" sizes=\"auto, (max-width: 567px) 100vw, 567px\" \/><\/p>\n<p>Baggermatte aus Bongossi Holz von Andys Ladegut.<\/p>\n<p><img loading=\"lazy\" decoding=\"async\" class=\"alignnone size-full wp-image-3983\" src=\"http:\/\/toensfeldt-modellbau.de\/wp-content\/uploads\/2020\/04\/Baggermatte.jpg\" alt=\"\" width=\"283\" height=\"273\"><\/p>\n<p>Technische Daten:<\/p>\n<ul>\n<li>L\u00e4nge: 347 mm<\/li>\n<li>Breite: 65 mm<\/li>\n<li>St\u00e4rkr: 10 mm<\/li>\n<\/ul>\n<p><em><strong><span style=\"color: #ff0000;\">Anschlagkette f\u00fcr Baggermatte<\/span><\/strong><\/em><\/p>\n<p><img loading=\"lazy\" decoding=\"async\" class=\"alignnone size-full wp-image-3993\" src=\"http:\/\/toensfeldt-modellbau.de\/wp-content\/uploads\/2020\/04\/Anschlagkette-Baggermatte2.jpg\" alt=\"\" width=\"283\" height=\"118\"><\/p>\n<p>TMV Anschlagkette f\u00fcr Baggermatte von Andys Ladegut zum verladen mit dem Kran.<\/p>\n<p>Art. Nr. Bestelltext:<\/p>\n<ul>\n<li><span style=\"color: #ff0000;\">050026<\/span> Baggermatte<\/li>\n<li><span style=\"color: #ff0000;\">050027<\/span> TMV Anschlagkette Baggermatte<\/li>\n<\/ul>\n<p><em><strong><span style=\"color: #ff0000;\">Betonsteine<\/span><\/strong><\/em><\/p>\n<p><img loading=\"lazy\" decoding=\"async\" class=\"alignnone size-full wp-image-3998\" src=\"http:\/\/toensfeldt-modellbau.de\/wp-content\/uploads\/2020\/04\/Betonstein-mit-Figuren-Int.jpg\" alt=\"\" width=\"425\" height=\"333\" srcset=\"https:\/\/toensfeldt-modellbau.de\/wp-content\/uploads\/2020\/04\/Betonstein-mit-Figuren-Int.jpg 425w, https:\/\/toensfeldt-modellbau.de\/wp-content\/uploads\/2020\/04\/Betonstein-mit-Figuren-Int-300x235.jpg 300w\" sizes=\"auto, (max-width: 425px) 100vw, 425px\" \/><\/p>\n<p><img loading=\"lazy\" decoding=\"async\" class=\"alignnone size-full wp-image-3997\" src=\"http:\/\/toensfeldt-modellbau.de\/wp-content\/uploads\/2020\/04\/Betonstein130mm.jpg\" alt=\"\" width=\"283\" height=\"189\"><\/p>\n<p><img loading=\"lazy\" decoding=\"async\" class=\"alignnone size-full wp-image-3995\" src=\"http:\/\/toensfeldt-modellbau.de\/wp-content\/uploads\/2020\/04\/Betonstein-85-mm.jpg\" alt=\"\" width=\"283\" height=\"283\" srcset=\"https:\/\/toensfeldt-modellbau.de\/wp-content\/uploads\/2020\/04\/Betonstein-85-mm.jpg 283w, https:\/\/toensfeldt-modellbau.de\/wp-content\/uploads\/2020\/04\/Betonstein-85-mm-150x150.jpg 150w\" sizes=\"auto, (max-width: 283px) 100vw, 283px\" \/><\/p>\n<div class=\"product--description\">\n<p>Betonsteine zum Bau von St\u00fctzw\u00e4nden, Sch\u00fcttbunkern, Hallen etc.<br \/>\nDie Betonsteine bestehen aus Hartholz, sind sauber gefr\u00e4st nach Original Unterlagen und Freigabe der Firma MEGABLOC.<br \/>\nFarblich Lackiert in Betongrau.<\/p>\n<ul>\n<li>Betonstein 1 170 x 40 x 40 mm<\/li>\n<li>Betonstein 2 130 x 40 x 40 mm<\/li>\n<li>Betonstein 3 125 x 40 x 40 mm<\/li>\n<li>Betonstein 4&nbsp; 85 x 40 x 40 mm<\/li>\n<li>Betonstein 5&nbsp; 40 x 40 x 40 mm<\/li>\n<\/ul>\n<p>Art. Nr. Bestell Text:<\/p>\n<ul>\n<li><span style=\"color: #ff0000;\">050028<\/span> Betonstein 1 170 x 40 x 40 mm<\/li>\n<li><span style=\"color: #ff0000;\">050029<\/span> Betonstein 2 130 x 40 x 40 mm<\/li>\n<li><span style=\"color: #ff0000;\">050030<\/span> Betonstein 3 125 x 40 x 40 mm<\/li>\n<li><span style=\"color: #ff0000;\">050031<\/span> Betonstein 4&nbsp; 85 x 40 x 40 mm<\/li>\n<li><span style=\"color: #ff0000;\">050032<\/span> Betonstein 5&nbsp; 40 x 40 x 40 mm<\/li>\n<li><span style=\"color: #ff0000;\">050033<\/span> TMV Anschlagkette Betonstein<\/li>\n<\/ul>\n<\/div>\n<p><em><strong><span style=\"color: #ff0000;\">Anschlagkette f\u00fcr Betonstein<\/span><\/strong><\/em><\/p>\n<p><img loading=\"lazy\" decoding=\"async\" class=\"alignnone size-full wp-image-3985\" src=\"http:\/\/toensfeldt-modellbau.de\/wp-content\/uploads\/2020\/04\/Betonstein-Anschlagkette.jpg\" alt=\"\" width=\"283\" height=\"270\"><\/p>\n\n\n<p><strong>Herstellerdaten gem\u00e4s GPSR<\/strong><\/p>\n\n\n\n<p><strong>Andreas Heier<br>Andys-Ladegut<br>Gr\u00fcnbaumstra\u00dfe 91<br>42659 Solingen<br>Deutschland<br>Telefon: 021222663430<br>E-Mail: info@andys-ladegut.de<\/strong><\/p>\n","protected":false},"excerpt":{"rendered":"<p>Wir Liefern das gesamte Program von Andys Ladegut ! Baggermatte aus Bongossi Holz von Andys Ladegut. Technische Daten: L\u00e4nge: 347 mm Breite: 65 mm St\u00e4rkr: 10 mm Anschlagkette f\u00fcr Baggermatte TMV Anschlagkette f\u00fcr Baggermatte von Andys Ladegut zum verladen mit &hellip; <a href=\"https:\/\/toensfeldt-modellbau.de\/?page_id=3986\">Weiterlesen <span class=\"meta-nav\">&rarr;<\/span><\/a><\/p>\n","protected":false},"author":2,"featured_media":0,"parent":0,"menu_order":0,"comment_status":"closed","ping_status":"closed","template":"","meta":{"footnotes":""},"class_list":["post-3986","page","type-page","status-publish","hentry"],"_links":{"self":[{"href":"https:\/\/toensfeldt-modellbau.de\/index.php?rest_route=\/wp\/v2\/pages\/3986","targetHints":{"allow":["GET"]}}],"collection":[{"href":"https:\/\/toensfeldt-modellbau.de\/index.php?rest_route=\/wp\/v2\/pages"}],"about":[{"href":"https:\/\/toensfeldt-modellbau.de\/index.php?rest_route=\/wp\/v2\/types\/page"}],"author":[{"embeddable":true,"href":"https:\/\/toensfeldt-modellbau.de\/index.php?rest_route=\/wp\/v2\/users\/2"}],"replies":[{"embeddable":true,"href":"https:\/\/toensfeldt-modellbau.de\/index.php?rest_route=%2Fwp%2Fv2%2Fcomments&post=3986"}],"version-history":[{"count":10,"href":"https:\/\/toensfeldt-modellbau.de\/index.php?rest_route=\/wp\/v2\/pages\/3986\/revisions"}],"predecessor-version":[{"id":7617,"href":"https:\/\/toensfeldt-modellbau.de\/index.php?rest_route=\/wp\/v2\/pages\/3986\/revisions\/7617"}],"wp:attachment":[{"href":"https:\/\/toensfeldt-modellbau.de\/index.php?rest_route=%2Fwp%2Fv2%2Fmedia&parent=3986"}],"curies":[{"name":"wp","href":"https:\/\/api.w.org\/{rel}","templated":true}]}}