{"id":4007,"date":"2020-05-01T11:43:00","date_gmt":"2020-05-01T09:43:00","guid":{"rendered":"http:\/\/toensfeldt-modellbau.de\/?page_id=4007"},"modified":"2025-03-09T11:22:54","modified_gmt":"2025-03-09T09:22:54","slug":"brechstange-kk","status":"publish","type":"page","link":"https:\/\/toensfeldt-modellbau.de\/?page_id=4007","title":{"rendered":"Brechstange Kugelkopf"},"content":{"rendered":"<p><img loading=\"lazy\" decoding=\"async\" class=\"alignnone size-full wp-image-4022\" src=\"http:\/\/toensfeldt-modellbau.de\/wp-content\/uploads\/2020\/05\/Brechstangen-KK-Int.jpg\" alt=\"\" width=\"425\" height=\"293\" srcset=\"https:\/\/toensfeldt-modellbau.de\/wp-content\/uploads\/2020\/05\/Brechstangen-KK-Int.jpg 425w, https:\/\/toensfeldt-modellbau.de\/wp-content\/uploads\/2020\/05\/Brechstangen-KK-Int-300x207.jpg 300w\" sizes=\"auto, (max-width: 425px) 100vw, 425px\" \/><\/p>\n<p>TMV Kugelkopf Brechstange aus Messing mit Stahl Kugelkopf verl\u00f6tet mit breiter Spitze (<span style=\"color: #ff0000;\">BS<\/span>) oder spitz (<span style=\"color: #ff0000;\">S<\/span>) in 2. L\u00e4ngen. Die Kugelkopf Brechstange wird z. B. benutzt, um bei Muldenkippern anhaftedes Erdreich, Kies oder Lemboden auf der Ladefl\u00e4che durch Schl\u00e4ge zu l\u00f6sen, oder bei Steinsetzern die Steine aus dem Verband zu l\u00f6sen !<\/p>\n<p><img loading=\"lazy\" decoding=\"async\" class=\"alignnone size-full wp-image-4020\" src=\"http:\/\/toensfeldt-modellbau.de\/wp-content\/uploads\/2020\/05\/Brechstangen-KK-92-107.jpg\" alt=\"\" width=\"283\" height=\"241\" \/><\/p>\n<p><em><strong><span style=\"color: #ff0000;\">TMV Kugelkopf Brechstange BS &amp; S 107 mm<\/span><\/strong><\/em><\/p>\n<p><img loading=\"lazy\" decoding=\"async\" class=\"alignnone size-full wp-image-4021\" src=\"http:\/\/toensfeldt-modellbau.de\/wp-content\/uploads\/2020\/05\/Brechstangen-KK-107.jpg\" alt=\"\" width=\"76\" height=\"283\" \/><\/p>\n<p>Technische Daten Lang:<\/p>\n<ul>\n<li>L\u00e4nge: 107 mm<\/li>\n<li>St\u00e4rke: 2,5 mm<\/li>\n<\/ul>\n<p><em><strong><span style=\"color: #ff0000;\">TMV Kugelkopf Brechstange BS &amp; S 92 mm<\/span><\/strong><\/em><\/p>\n<p><img loading=\"lazy\" decoding=\"async\" class=\"alignnone size-full wp-image-4019\" src=\"http:\/\/toensfeldt-modellbau.de\/wp-content\/uploads\/2020\/05\/Brechstangen-KK-92.jpg\" alt=\"\" width=\"101\" height=\"283\" \/><\/p>\n<p>Technische Daten Kurz:<\/p>\n<ul>\n<li>L\u00e4nge: 92 mm<\/li>\n<li>St\u00e4rke: 2,5 mm<\/li>\n<\/ul>\n<p>Art. Nr. Bestelltext:<\/p>\n<ul>\n<li><span style=\"color: #ff0000;\">040270<\/span> TMV Brechstange KK BS 107 mm<\/li>\n<li><span style=\"color: #ff0000;\">040271<\/span> TMV Brechstange KK BS\u00a0\u00a0 92 mm<\/li>\n<li><span style=\"color: #ff0000;\">040272<\/span> TMV Brechstange KK\u00a0 S 107 mm<\/li>\n<li><span style=\"color: #ff0000;\">040273<\/span> TMV Brechstange KK\u00a0 S\u00a0\u00a0 92 mm<\/li>\n<\/ul>\n<p><span style=\"font-size: medium;\">Herstellerdaten gem\u00e4s GPSR<\/span><\/p>\n<p><span style=\"font-size: medium;\">Olaf T\u00f6nsfeldt<br \/>\nT\u00f6nsfeldt <span style=\"color: #000000;\">Modellbau Vertrieb<\/span><span style=\"color: #ff0000;\"><span style=\"font-family: Arial, Helvetica, sans-serif;\"><br \/>\n<\/span><\/span>Nobiskr\u00fcger Allee 20<span style=\"font-family: Arial, Helvetica, sans-serif;\"><br \/>\n<\/span>24768 Rendsburg<\/span><\/p>\n<p><strong><span style=\"font-size: medium;\">Deutschland<\/span><\/strong><span style=\"font-size: medium;\"><br \/>\nTel.: 0049 (0 ) 43 31\/ 51 95<br \/>\nE-Mail an: <a href=\"mailto:tmv@toensfeldt-modellbau.de\">tmv@toensfeldt-modellbau.de<\/a><\/span><\/p>\n","protected":false},"excerpt":{"rendered":"<p>TMV Kugelkopf Brechstange aus Messing mit Stahl Kugelkopf verl\u00f6tet mit breiter Spitze (BS) oder spitz (S) in 2. L\u00e4ngen. Die Kugelkopf Brechstange wird z. B. benutzt, um bei Muldenkippern anhaftedes Erdreich, Kies oder Lemboden auf der Ladefl\u00e4che durch Schl\u00e4ge zu &hellip; <a href=\"https:\/\/toensfeldt-modellbau.de\/?page_id=4007\">Weiterlesen <span class=\"meta-nav\">&rarr;<\/span><\/a><\/p>\n","protected":false},"author":2,"featured_media":0,"parent":0,"menu_order":0,"comment_status":"closed","ping_status":"closed","template":"","meta":{"footnotes":""},"class_list":["post-4007","page","type-page","status-publish","hentry"],"_links":{"self":[{"href":"https:\/\/toensfeldt-modellbau.de\/index.php?rest_route=\/wp\/v2\/pages\/4007","targetHints":{"allow":["GET"]}}],"collection":[{"href":"https:\/\/toensfeldt-modellbau.de\/index.php?rest_route=\/wp\/v2\/pages"}],"about":[{"href":"https:\/\/toensfeldt-modellbau.de\/index.php?rest_route=\/wp\/v2\/types\/page"}],"author":[{"embeddable":true,"href":"https:\/\/toensfeldt-modellbau.de\/index.php?rest_route=\/wp\/v2\/users\/2"}],"replies":[{"embeddable":true,"href":"https:\/\/toensfeldt-modellbau.de\/index.php?rest_route=%2Fwp%2Fv2%2Fcomments&post=4007"}],"version-history":[{"count":8,"href":"https:\/\/toensfeldt-modellbau.de\/index.php?rest_route=\/wp\/v2\/pages\/4007\/revisions"}],"predecessor-version":[{"id":7710,"href":"https:\/\/toensfeldt-modellbau.de\/index.php?rest_route=\/wp\/v2\/pages\/4007\/revisions\/7710"}],"wp:attachment":[{"href":"https:\/\/toensfeldt-modellbau.de\/index.php?rest_route=%2Fwp%2Fv2%2Fmedia&parent=4007"}],"curies":[{"name":"wp","href":"https:\/\/api.w.org\/{rel}","templated":true}]}}