{"id":4164,"date":"2020-10-09T11:26:00","date_gmt":"2020-10-09T09:26:00","guid":{"rendered":"http:\/\/toensfeldt-modellbau.de\/?page_id=4164"},"modified":"2025-03-08T14:00:18","modified_gmt":"2025-03-08T12:00:18","slug":"tow-truck","status":"publish","type":"page","link":"https:\/\/toensfeldt-modellbau.de\/?page_id=4164","title":{"rendered":"Tow Truck"},"content":{"rendered":"\n<figure class=\"wp-block-image size-large\"><a href=\"http:\/\/toensfeldt-modellbau.de\/wp-content\/uploads\/2020\/12\/Winde-Teile.jpg\"><img loading=\"lazy\" decoding=\"async\" width=\"567\" height=\"336\" src=\"http:\/\/toensfeldt-modellbau.de\/wp-content\/uploads\/2020\/12\/Winde-Teile.jpg\" alt=\"\" class=\"wp-image-4266\" srcset=\"https:\/\/toensfeldt-modellbau.de\/wp-content\/uploads\/2020\/12\/Winde-Teile.jpg 567w, https:\/\/toensfeldt-modellbau.de\/wp-content\/uploads\/2020\/12\/Winde-Teile-300x178.jpg 300w\" sizes=\"auto, (max-width: 567px) 100vw, 567px\" \/><\/a><\/figure>\n\n\n\n<figure class=\"wp-block-image size-large\"><a href=\"http:\/\/toensfeldt-modellbau.de\/wp-content\/uploads\/2021\/02\/Winde-Seilfuehrung-Haken-int.jpg\"><img loading=\"lazy\" decoding=\"async\" width=\"567\" height=\"370\" src=\"http:\/\/toensfeldt-modellbau.de\/wp-content\/uploads\/2021\/02\/Winde-Seilfuehrung-Haken-int.jpg\" alt=\"\" class=\"wp-image-4450\" srcset=\"https:\/\/toensfeldt-modellbau.de\/wp-content\/uploads\/2021\/02\/Winde-Seilfuehrung-Haken-int.jpg 567w, https:\/\/toensfeldt-modellbau.de\/wp-content\/uploads\/2021\/02\/Winde-Seilfuehrung-Haken-int-300x196.jpg 300w\" sizes=\"auto, (max-width: 567px) 100vw, 567px\" \/><\/a><\/figure>\n\n\n\n<figure class=\"wp-block-image size-large\"><a href=\"http:\/\/toensfeldt-modellbau.de\/wp-content\/uploads\/2020\/12\/Brudersatz.jpg\"><img loading=\"lazy\" decoding=\"async\" width=\"226\" height=\"283\" src=\"http:\/\/toensfeldt-modellbau.de\/wp-content\/uploads\/2020\/12\/Brudersatz.jpg\" alt=\"\" class=\"wp-image-4280\"\/><\/a><\/figure>\n\n\n\n<h3 class=\"wp-block-heading\"><em><strong><span style=\"color:#a30008\" class=\"has-inline-color\">Ausgezeichnet!<\/span><\/strong><\/em><\/h3>\n\n\n\n<p>Jedes Jahr w\u00e4hlen die Leser der Fachzeitschrift \u201eTruckModell\u201c ihre Favoriten bei den Modellen, Zubeh\u00f6r und ab 2018 neu das Detaillierungszubeh\u00f6r. Bei der Wahl im Bereich Detaillierungszubeh\u00f6r 2021b wurde unser &#8222;Seil &amp; Haken f\u00fcr Tow-Truck-Winde&#8220; auf den 1. Platz gew\u00e4hlt !<\/p>\n\n\n\n<figure class=\"wp-block-image size-large\"><a href=\"http:\/\/toensfeldt-modellbau.de\/wp-content\/uploads\/2021\/08\/TMV-1.jpg\"><img loading=\"lazy\" decoding=\"async\" width=\"283\" height=\"370\" src=\"http:\/\/toensfeldt-modellbau.de\/wp-content\/uploads\/2021\/08\/TMV-1.jpg\" alt=\"\" class=\"wp-image-4876\" srcset=\"https:\/\/toensfeldt-modellbau.de\/wp-content\/uploads\/2021\/08\/TMV-1.jpg 283w, https:\/\/toensfeldt-modellbau.de\/wp-content\/uploads\/2021\/08\/TMV-1-229x300.jpg 229w\" sizes=\"auto, (max-width: 283px) 100vw, 283px\" \/><\/a><\/figure>\n\n\n\n<p>Herstellerdaten gem\u00e4s GPSR<\/p>\n\n\n\n<p>Olaf T\u00f6nsfeldt<br>T\u00f6nsfeldt Modellbau Vertrieb<br>Nobiskr\u00fcger Allee 20<br>24768 Rendsburg<\/p>\n\n\n\n<p><strong>Deutschland<\/strong><br>Tel.: 0049 (0 ) 43 31\/ 51 95<br>E-Mail an: <a href=\"mailto:tmv@toensfeldt-modellbau.de\">tmv@toensfeldt-modellbau.de<\/a><\/p>\n","protected":false},"excerpt":{"rendered":"<p>Ausgezeichnet! Jedes Jahr w\u00e4hlen die Leser der Fachzeitschrift \u201eTruckModell\u201c ihre Favoriten bei den Modellen, Zubeh\u00f6r und ab 2018 neu das Detaillierungszubeh\u00f6r. Bei der Wahl im Bereich Detaillierungszubeh\u00f6r 2021b wurde unser &#8222;Seil &amp; Haken f\u00fcr Tow-Truck-Winde&#8220; auf den 1. Platz gew\u00e4hlt &hellip; <a href=\"https:\/\/toensfeldt-modellbau.de\/?page_id=4164\">Weiterlesen <span class=\"meta-nav\">&rarr;<\/span><\/a><\/p>\n","protected":false},"author":2,"featured_media":0,"parent":0,"menu_order":0,"comment_status":"closed","ping_status":"closed","template":"","meta":{"footnotes":""},"class_list":["post-4164","page","type-page","status-publish","hentry"],"_links":{"self":[{"href":"https:\/\/toensfeldt-modellbau.de\/index.php?rest_route=\/wp\/v2\/pages\/4164","targetHints":{"allow":["GET"]}}],"collection":[{"href":"https:\/\/toensfeldt-modellbau.de\/index.php?rest_route=\/wp\/v2\/pages"}],"about":[{"href":"https:\/\/toensfeldt-modellbau.de\/index.php?rest_route=\/wp\/v2\/types\/page"}],"author":[{"embeddable":true,"href":"https:\/\/toensfeldt-modellbau.de\/index.php?rest_route=\/wp\/v2\/users\/2"}],"replies":[{"embeddable":true,"href":"https:\/\/toensfeldt-modellbau.de\/index.php?rest_route=%2Fwp%2Fv2%2Fcomments&post=4164"}],"version-history":[{"count":5,"href":"https:\/\/toensfeldt-modellbau.de\/index.php?rest_route=\/wp\/v2\/pages\/4164\/revisions"}],"predecessor-version":[{"id":7691,"href":"https:\/\/toensfeldt-modellbau.de\/index.php?rest_route=\/wp\/v2\/pages\/4164\/revisions\/7691"}],"wp:attachment":[{"href":"https:\/\/toensfeldt-modellbau.de\/index.php?rest_route=%2Fwp%2Fv2%2Fmedia&parent=4164"}],"curies":[{"name":"wp","href":"https:\/\/api.w.org\/{rel}","templated":true}]}}