{"id":4167,"date":"2020-10-09T11:29:04","date_gmt":"2020-10-09T09:29:04","guid":{"rendered":"http:\/\/toensfeldt-modellbau.de\/?page_id=4167"},"modified":"2025-03-02T11:52:01","modified_gmt":"2025-03-02T09:52:01","slug":"d-ringe","status":"publish","type":"page","link":"https:\/\/toensfeldt-modellbau.de\/?page_id=4167","title":{"rendered":"TMV D-Ringe TT"},"content":{"rendered":"\n<figure class=\"wp-block-image size-large\"><img loading=\"lazy\" decoding=\"async\" width=\"567\" height=\"374\" src=\"http:\/\/toensfeldt-modellbau.de\/wp-content\/uploads\/2020\/10\/Alle-D-Ringe-Int.jpg\" alt=\"\" class=\"wp-image-4174\" srcset=\"https:\/\/toensfeldt-modellbau.de\/wp-content\/uploads\/2020\/10\/Alle-D-Ringe-Int.jpg 567w, https:\/\/toensfeldt-modellbau.de\/wp-content\/uploads\/2020\/10\/Alle-D-Ringe-Int-300x198.jpg 300w\" sizes=\"auto, (max-width: 567px) 100vw, 567px\" \/><\/figure>\n\n\n\n<p><strong><em><span class=\"has-inline-color has-vivid-red-color\">TMV D-Ringe f\u00fcr den VOLVO FH16 TOW TRUCK von Tamiya<\/span><\/em><\/strong> <span class=\"has-inline-color has-vivid-red-color\">!<\/span><\/p>\n\n\n\n<p>Zum Austausch der 6 Kunststoff D-Ringe am VOLVO FH 16 TOW TRUCK. Messing Feinguss schwarz br\u00fcniert oder Rot \/ Gelb pulverbeschichtet andere Farben auf Anfrage.<\/p>\n\n\n\n<figure class=\"wp-block-image size-large\"><img loading=\"lazy\" decoding=\"async\" width=\"299\" height=\"283\" src=\"http:\/\/toensfeldt-modellbau.de\/wp-content\/uploads\/2020\/10\/2-D-Ringe-Schwarz.jpg\" alt=\"\" class=\"wp-image-4170\"\/><\/figure>\n\n\n\n<figure class=\"wp-block-image size-large\"><img loading=\"lazy\" decoding=\"async\" width=\"236\" height=\"283\" src=\"http:\/\/toensfeldt-modellbau.de\/wp-content\/uploads\/2020\/10\/6-D-Ringe-Schwarz.jpg\" alt=\"\" class=\"wp-image-4173\"\/><\/figure>\n\n\n\n<figure class=\"wp-block-image size-large\"><img loading=\"lazy\" decoding=\"async\" width=\"217\" height=\"283\" src=\"http:\/\/toensfeldt-modellbau.de\/wp-content\/uploads\/2020\/10\/6-D-Ringe-Rot.jpg\" alt=\"\" class=\"wp-image-4172\"\/><\/figure>\n\n\n\n<figure class=\"wp-block-image size-large\"><img loading=\"lazy\" decoding=\"async\" width=\"258\" height=\"283\" src=\"http:\/\/toensfeldt-modellbau.de\/wp-content\/uploads\/2020\/10\/6-D-Ringe-Gelb.jpg\" alt=\"\" class=\"wp-image-4171\"\/><\/figure>\n\n\n\n<p>Art.Nr. Bestell Text:<\/p>\n\n\n\n<ul class=\"wp-block-list\">\n<li><mark style=\"background-color:rgba(0, 0, 0, 0)\" class=\"has-inline-color has-vivid-red-color\">050220<\/mark> TMV D-Ring Satz 6T. f\u00fcr FH 16 schwarz<\/li>\n\n\n\n<li><mark style=\"background-color:rgba(0, 0, 0, 0)\" class=\"has-inline-color has-vivid-red-color\">050221<\/mark> TMV D-Ring Satz 6T. f\u00fcr FH 16 Rot<\/li>\n\n\n\n<li><mark style=\"background-color:rgba(0, 0, 0, 0)\" class=\"has-inline-color has-vivid-red-color\">050222<\/mark> TMV D-Ring Satz 6T. f\u00fcr FH 16 Gelb<\/li>\n\n\n\n<li><mark style=\"background-color:rgba(0, 0, 0, 0)\" class=\"has-inline-color has-vivid-red-color\">050223<\/mark> TMV D-Ring Satz 6T. f\u00fcr FH 16 Blau<\/li>\n\n\n\n<li><mark style=\"background-color:rgba(0, 0, 0, 0)\" class=\"has-inline-color has-vivid-red-color\">050224<\/mark> TMV D-Ring Satz 6T. f\u00fcr FH 16 Oliv<\/li>\n\n\n\n<li><mark style=\"background-color:rgba(0, 0, 0, 0)\" class=\"has-inline-color has-vivid-red-color\">050225<\/mark> TMV D-Ring Satz 6T. f\u00fcr FH 16 Sonderfarbe<\/li>\n<\/ul>\n\n\n\n<p>Herstellerdaten gem\u00e4s GPSR<\/p>\n\n\n\n<p>Olaf T\u00f6nsfeldt<br>T\u00f6nsfeldt Modellbau Vertrieb<br>Nobiskr\u00fcger Allee 20<br>24768 Rendsburg<\/p>\n\n\n\n<p><strong>Deutschland<\/strong><br>Tel.: 0049 (0 ) 43 31\/ 51 95<br>E-Mail an: tmv@toensfeldt-modellbau.de<\/p>\n","protected":false},"excerpt":{"rendered":"<p>TMV D-Ringe f\u00fcr den VOLVO FH16 TOW TRUCK von Tamiya ! Zum Austausch der 6 Kunststoff D-Ringe am VOLVO FH 16 TOW TRUCK. Messing Feinguss schwarz br\u00fcniert oder Rot \/ Gelb pulverbeschichtet andere Farben auf Anfrage. Art.Nr. Bestell Text: Herstellerdaten &hellip; <a href=\"https:\/\/toensfeldt-modellbau.de\/?page_id=4167\">Weiterlesen <span class=\"meta-nav\">&rarr;<\/span><\/a><\/p>\n","protected":false},"author":2,"featured_media":0,"parent":0,"menu_order":0,"comment_status":"closed","ping_status":"closed","template":"","meta":{"footnotes":""},"class_list":["post-4167","page","type-page","status-publish","hentry"],"_links":{"self":[{"href":"https:\/\/toensfeldt-modellbau.de\/index.php?rest_route=\/wp\/v2\/pages\/4167","targetHints":{"allow":["GET"]}}],"collection":[{"href":"https:\/\/toensfeldt-modellbau.de\/index.php?rest_route=\/wp\/v2\/pages"}],"about":[{"href":"https:\/\/toensfeldt-modellbau.de\/index.php?rest_route=\/wp\/v2\/types\/page"}],"author":[{"embeddable":true,"href":"https:\/\/toensfeldt-modellbau.de\/index.php?rest_route=\/wp\/v2\/users\/2"}],"replies":[{"embeddable":true,"href":"https:\/\/toensfeldt-modellbau.de\/index.php?rest_route=%2Fwp%2Fv2%2Fcomments&post=4167"}],"version-history":[{"count":9,"href":"https:\/\/toensfeldt-modellbau.de\/index.php?rest_route=\/wp\/v2\/pages\/4167\/revisions"}],"predecessor-version":[{"id":7514,"href":"https:\/\/toensfeldt-modellbau.de\/index.php?rest_route=\/wp\/v2\/pages\/4167\/revisions\/7514"}],"wp:attachment":[{"href":"https:\/\/toensfeldt-modellbau.de\/index.php?rest_route=%2Fwp%2Fv2%2Fmedia&parent=4167"}],"curies":[{"name":"wp","href":"https:\/\/api.w.org\/{rel}","templated":true}]}}