{"id":4211,"date":"2020-11-27T18:42:28","date_gmt":"2020-11-27T16:42:28","guid":{"rendered":"http:\/\/toensfeldt-modellbau.de\/?page_id=4211"},"modified":"2025-03-02T11:51:15","modified_gmt":"2025-03-02T09:51:15","slug":"seilfuehrung","status":"publish","type":"page","link":"https:\/\/toensfeldt-modellbau.de\/?page_id=4211","title":{"rendered":"TMV Seilf\u00fchrung"},"content":{"rendered":"\n<p><strong><em><span class=\"has-inline-color has-vivid-red-color\">TMV Seilf\u00fcrung aus Messing mit Messing Seilrolle<\/span><\/em><\/strong><\/p>\n\n\n\n<figure class=\"wp-block-image size-large\"><img loading=\"lazy\" decoding=\"async\" width=\"425\" height=\"198\" src=\"http:\/\/toensfeldt-modellbau.de\/wp-content\/uploads\/2020\/11\/2-Seilfuehrungen-Int.jpg\" alt=\"\" class=\"wp-image-4214\" srcset=\"https:\/\/toensfeldt-modellbau.de\/wp-content\/uploads\/2020\/11\/2-Seilfuehrungen-Int.jpg 425w, https:\/\/toensfeldt-modellbau.de\/wp-content\/uploads\/2020\/11\/2-Seilfuehrungen-Int-300x140.jpg 300w\" sizes=\"auto, (max-width: 425px) 100vw, 425px\" \/><\/figure>\n\n\n\n<p>Die TMV Seilf\u00fchrung aus Messing f\u00fcr den TOW TRUCK wird gegen die Kunststoffteile aus dem Bausatz ausgetauscht. Die Messing Feingussteile sind zusammengesetzt, verl\u00f6tet, gefeilt, geschliffen und pulverbeschichtet. Der Satz besteht aus: Seilf\u00fchrung, Messing Seilrolle, Wippe und Zylinder W16. Seilf\u00fchrung, Seilrolle und der Zylinder W16 sind schwarz pulverbeschichtet, die Wippe gibt es in Schwarz, Rot, Gelb, Blau oder in Oliv pulverbeschichtet andere Farben wie Pink sind auf Anfrage m\u00f6glich.<\/p>\n\n\n\n<p>Es werden 2 S\u00e4tze ben\u00f6tigt !<\/p>\n\n\n\n<figure class=\"wp-block-image size-large\"><img loading=\"lazy\" decoding=\"async\" width=\"283\" height=\"196\" src=\"http:\/\/toensfeldt-modellbau.de\/wp-content\/uploads\/2020\/11\/Seilfuehrungen-Schwarz.jpg\" alt=\"\" class=\"wp-image-4218\"\/><\/figure>\n\n\n\n<figure class=\"wp-block-image size-large\"><img loading=\"lazy\" decoding=\"async\" width=\"283\" height=\"192\" src=\"http:\/\/toensfeldt-modellbau.de\/wp-content\/uploads\/2020\/11\/Seilfuehrungen-Rot.jpg\" alt=\"\" class=\"wp-image-4217\"\/><\/figure>\n\n\n\n<figure class=\"wp-block-image size-large\"><img loading=\"lazy\" decoding=\"async\" width=\"283\" height=\"172\" src=\"http:\/\/toensfeldt-modellbau.de\/wp-content\/uploads\/2020\/11\/Seilfuehrungen-Gelbt.jpg\" alt=\"\" class=\"wp-image-4216\"\/><\/figure>\n\n\n\n<figure class=\"wp-block-image size-large\"><img loading=\"lazy\" decoding=\"async\" width=\"283\" height=\"198\" src=\"http:\/\/toensfeldt-modellbau.de\/wp-content\/uploads\/2020\/11\/Seilfuehrungen-Blaut.jpg\" alt=\"\" class=\"wp-image-4215\"\/><\/figure>\n\n\n\n<p><strong><em><span style=\"color:#a30003\" class=\"has-inline-color\">TMV Seilrollen Kugelgelagert<\/span><\/em><\/strong><\/p>\n\n\n\n<p>TMV Seilrollen aus Alu gedreht mit Kugellager f\u00fcr Ausleger TOW TRUCK. Zum nachr\u00fcsten \/ austauschen der Kunststoff Seilrollen im Ausleger vom TOW TRUCK. Sie k\u00f6nnen aber f\u00fcr die Seilf\u00fchrung Messing von uns genutzt werden.<\/p>\n\n\n\n<figure class=\"wp-block-image size-full\"><a href=\"http:\/\/toensfeldt-modellbau.de\/wp-content\/uploads\/2022\/04\/2-TMV-Seilrollen-Kugel-Intt.jpg\"><img loading=\"lazy\" decoding=\"async\" width=\"425\" height=\"203\" src=\"http:\/\/toensfeldt-modellbau.de\/wp-content\/uploads\/2022\/04\/2-TMV-Seilrollen-Kugel-Intt.jpg\" alt=\"\" class=\"wp-image-6590\" srcset=\"https:\/\/toensfeldt-modellbau.de\/wp-content\/uploads\/2022\/04\/2-TMV-Seilrollen-Kugel-Intt.jpg 425w, https:\/\/toensfeldt-modellbau.de\/wp-content\/uploads\/2022\/04\/2-TMV-Seilrollen-Kugel-Intt-300x143.jpg 300w\" sizes=\"auto, (max-width: 425px) 100vw, 425px\" \/><\/a><\/figure>\n\n\n\n<figure class=\"wp-block-image size-full\"><a href=\"http:\/\/toensfeldt-modellbau.de\/wp-content\/uploads\/2022\/03\/2-TMV-Seilrollen2.jpg\"><img loading=\"lazy\" decoding=\"async\" width=\"283\" height=\"160\" src=\"http:\/\/toensfeldt-modellbau.de\/wp-content\/uploads\/2022\/03\/2-TMV-Seilrollen2.jpg\" alt=\"\" class=\"wp-image-6465\"\/><\/a><\/figure>\n\n\n\n<p>Preis 11,90 \u20ac<\/p>\n\n\n\n<p>Art. Nr. Bestell Text:<\/p>\n\n\n\n<ul class=\"wp-block-list\">\n<li><span class=\"has-inline-color has-vivid-red-color\">050210<\/span> TMV Seilf\u00fchrung Ausleger TOW TRUCK Schwarz<\/li>\n\n\n\n<li><span class=\"has-inline-color has-vivid-red-color\">050211<\/span> TMV Seilf\u00fchrung Ausleger TOW TRUCK Schwarz\/Rot<\/li>\n\n\n\n<li><span class=\"has-inline-color has-vivid-red-color\">050212<\/span> TMV Seilf\u00fchrung Ausleger TOW TRUCK Schwarz\/Gelb<\/li>\n\n\n\n<li><span class=\"has-inline-color has-vivid-red-color\">050213<\/span> TMV Seilf\u00fchrung Ausleger TOW TRUCK Schwarz\/Blau<\/li>\n\n\n\n<li><span class=\"has-inline-color has-vivid-red-color\">050214<\/span> TMV Seilf\u00fchrung Ausleger TOW TRUCK Oliv<\/li>\n\n\n\n<li><span class=\"has-inline-color has-vivid-red-color\">050215<\/span> TMV Seilf\u00fchrung Ausleger TOW TRUCK Sonderfarbe<\/li>\n\n\n\n<li><span style=\"color:#a30003\" class=\"has-inline-color\">050216<\/span> 2 TMV Seilrollen Kugekgelagert f\u00fcr Ausleger TOW TRUCK<\/li>\n<\/ul>\n\n\n\n<p>Herstellerdaten gem\u00e4s GPSR<\/p>\n\n\n\n<p>Olaf T\u00f6nsfeldt<br>T\u00f6nsfeldt Modellbau Vertrieb<br>Nobiskr\u00fcger Allee 20<br>24768 Rendsburg<\/p>\n\n\n\n<p><strong>Deutschland<\/strong><br>Tel.: 0049 (0 ) 43 31\/ 51 95<br>E-Mail an: tmv@toensfeldt-modellbau.de<\/p>\n","protected":false},"excerpt":{"rendered":"<p>TMV Seilf\u00fcrung aus Messing mit Messing Seilrolle Die TMV Seilf\u00fchrung aus Messing f\u00fcr den TOW TRUCK wird gegen die Kunststoffteile aus dem Bausatz ausgetauscht. Die Messing Feingussteile sind zusammengesetzt, verl\u00f6tet, gefeilt, geschliffen und pulverbeschichtet. Der Satz besteht aus: Seilf\u00fchrung, Messing &hellip; <a href=\"https:\/\/toensfeldt-modellbau.de\/?page_id=4211\">Weiterlesen <span class=\"meta-nav\">&rarr;<\/span><\/a><\/p>\n","protected":false},"author":2,"featured_media":0,"parent":0,"menu_order":0,"comment_status":"closed","ping_status":"closed","template":"","meta":{"footnotes":""},"class_list":["post-4211","page","type-page","status-publish","hentry"],"_links":{"self":[{"href":"https:\/\/toensfeldt-modellbau.de\/index.php?rest_route=\/wp\/v2\/pages\/4211","targetHints":{"allow":["GET"]}}],"collection":[{"href":"https:\/\/toensfeldt-modellbau.de\/index.php?rest_route=\/wp\/v2\/pages"}],"about":[{"href":"https:\/\/toensfeldt-modellbau.de\/index.php?rest_route=\/wp\/v2\/types\/page"}],"author":[{"embeddable":true,"href":"https:\/\/toensfeldt-modellbau.de\/index.php?rest_route=\/wp\/v2\/users\/2"}],"replies":[{"embeddable":true,"href":"https:\/\/toensfeldt-modellbau.de\/index.php?rest_route=%2Fwp%2Fv2%2Fcomments&post=4211"}],"version-history":[{"count":13,"href":"https:\/\/toensfeldt-modellbau.de\/index.php?rest_route=\/wp\/v2\/pages\/4211\/revisions"}],"predecessor-version":[{"id":7512,"href":"https:\/\/toensfeldt-modellbau.de\/index.php?rest_route=\/wp\/v2\/pages\/4211\/revisions\/7512"}],"wp:attachment":[{"href":"https:\/\/toensfeldt-modellbau.de\/index.php?rest_route=%2Fwp%2Fv2%2Fmedia&parent=4211"}],"curies":[{"name":"wp","href":"https:\/\/api.w.org\/{rel}","templated":true}]}}