{"id":4220,"date":"2020-11-27T18:49:13","date_gmt":"2020-11-27T16:49:13","guid":{"rendered":"http:\/\/toensfeldt-modellbau.de\/?page_id=4220"},"modified":"2025-04-15T08:33:48","modified_gmt":"2025-04-15T06:33:48","slug":"umlenkrollen","status":"publish","type":"page","link":"https:\/\/toensfeldt-modellbau.de\/?page_id=4220","title":{"rendered":"TMV Umlenkrollen"},"content":{"rendered":"\n<p><strong><em><span class=\"has-inline-color has-vivid-red-color\">TMV Umlenkrolle mit Haken<\/span><\/em><\/strong><\/p>\n\n\n\n<p>TMV Umlenkrollen aus Messing Teilen und eloxierten leasergeschnitten Aluteilen. Aus Messing gegossener Haken mit Sicherungsblech Seilrolle Messing gedreht mit 14 oder 16 mm Durchmesser.<\/p>\n\n\n\n<figure class=\"wp-block-image size-large\"><img loading=\"lazy\" decoding=\"async\" width=\"425\" height=\"236\" src=\"http:\/\/toensfeldt-modellbau.de\/wp-content\/uploads\/2020\/10\/2-Seilrollen-Int.jpg\" alt=\"\" class=\"wp-image-4181\" srcset=\"https:\/\/toensfeldt-modellbau.de\/wp-content\/uploads\/2020\/10\/2-Seilrollen-Int.jpg 425w, https:\/\/toensfeldt-modellbau.de\/wp-content\/uploads\/2020\/10\/2-Seilrollen-Int-300x167.jpg 300w\" sizes=\"auto, (max-width: 425px) 100vw, 425px\" \/><\/figure>\n\n\n\n<p>Bestell Nr. Bestell Text:<\/p>\n\n\n\n<ul class=\"wp-block-list\">\n<li><mark style=\"background-color:rgba(0, 0, 0, 0);color:#a30004\" class=\"has-inline-color\">050230<\/mark> TMV Umlenkrolle mit Haken 16 mm<\/li>\n\n\n\n<li><mark style=\"background-color:rgba(0, 0, 0, 0);color:#a30008\" class=\"has-inline-color\">040232<\/mark> TMV Umlenkrolle mit Haken 14 mm<\/li>\n<\/ul>\n\n\n\n<p><strong><em><mark style=\"background-color:rgba(0, 0, 0, 0)\" class=\"has-inline-color has-vivid-red-color\">TMV Umlenkrolle<\/mark><\/em><\/strong><\/p>\n\n\n\n<figure class=\"wp-block-image size-large\"><img loading=\"lazy\" decoding=\"async\" width=\"425\" height=\"173\" src=\"http:\/\/toensfeldt-modellbau.de\/wp-content\/uploads\/2020\/10\/Umlenkrollen-ohne-Haken-Int.jpg\" alt=\"\" class=\"wp-image-4186\" srcset=\"https:\/\/toensfeldt-modellbau.de\/wp-content\/uploads\/2020\/10\/Umlenkrollen-ohne-Haken-Int.jpg 425w, https:\/\/toensfeldt-modellbau.de\/wp-content\/uploads\/2020\/10\/Umlenkrollen-ohne-Haken-Int-300x122.jpg 300w\" sizes=\"auto, (max-width: 425px) 100vw, 425px\" \/><\/figure>\n\n\n\n<p>Bestell Nr. Bestell Text:<\/p>\n\n\n\n<ul class=\"wp-block-list\">\n<li><mark style=\"background-color:rgba(0, 0, 0, 0);color:#a30004\" class=\"has-inline-color\">050231<\/mark> TMV Umlenkrolle 16 mm<\/li>\n\n\n\n<li><mark style=\"background-color:rgba(0, 0, 0, 0);color:#a30008\" class=\"has-inline-color\">040233<\/mark> TMV Umlenkrolle 14 mm<\/li>\n<\/ul>\n\n\n\n<p>Herstellerdaten gem\u00e4s GPSR<\/p>\n\n\n\n<p>Olaf T\u00f6nsfeldt<br>T\u00f6nsfeldt Modellbau Vertrieb<br>Nobiskr\u00fcger Allee 20<br>24768 Rendsburg<\/p>\n\n\n\n<p><strong>Deutschland<\/strong><br>Tel.: 0049 (0 ) 43 31\/ 51 95<br>E-Mail an: tmv@toensfeldt-modellbau.de<\/p>\n","protected":false},"excerpt":{"rendered":"<p>TMV Umlenkrolle mit Haken TMV Umlenkrollen aus Messing Teilen und eloxierten leasergeschnitten Aluteilen. Aus Messing gegossener Haken mit Sicherungsblech Seilrolle Messing gedreht mit 14 oder 16 mm Durchmesser. Bestell Nr. Bestell Text: TMV Umlenkrolle Bestell Nr. Bestell Text: Herstellerdaten gem\u00e4s &hellip; <a href=\"https:\/\/toensfeldt-modellbau.de\/?page_id=4220\">Weiterlesen <span class=\"meta-nav\">&rarr;<\/span><\/a><\/p>\n","protected":false},"author":2,"featured_media":0,"parent":0,"menu_order":0,"comment_status":"closed","ping_status":"closed","template":"","meta":{"footnotes":""},"class_list":["post-4220","page","type-page","status-publish","hentry"],"_links":{"self":[{"href":"https:\/\/toensfeldt-modellbau.de\/index.php?rest_route=\/wp\/v2\/pages\/4220","targetHints":{"allow":["GET"]}}],"collection":[{"href":"https:\/\/toensfeldt-modellbau.de\/index.php?rest_route=\/wp\/v2\/pages"}],"about":[{"href":"https:\/\/toensfeldt-modellbau.de\/index.php?rest_route=\/wp\/v2\/types\/page"}],"author":[{"embeddable":true,"href":"https:\/\/toensfeldt-modellbau.de\/index.php?rest_route=\/wp\/v2\/users\/2"}],"replies":[{"embeddable":true,"href":"https:\/\/toensfeldt-modellbau.de\/index.php?rest_route=%2Fwp%2Fv2%2Fcomments&post=4220"}],"version-history":[{"count":12,"href":"https:\/\/toensfeldt-modellbau.de\/index.php?rest_route=\/wp\/v2\/pages\/4220\/revisions"}],"predecessor-version":[{"id":7779,"href":"https:\/\/toensfeldt-modellbau.de\/index.php?rest_route=\/wp\/v2\/pages\/4220\/revisions\/7779"}],"wp:attachment":[{"href":"https:\/\/toensfeldt-modellbau.de\/index.php?rest_route=%2Fwp%2Fv2%2Fmedia&parent=4220"}],"curies":[{"name":"wp","href":"https:\/\/api.w.org\/{rel}","templated":true}]}}