{"id":4273,"date":"2020-12-13T12:11:45","date_gmt":"2020-12-13T10:11:45","guid":{"rendered":"http:\/\/toensfeldt-modellbau.de\/?page_id=4273"},"modified":"2022-01-03T18:58:39","modified_gmt":"2022-01-03T16:58:39","slug":"werkzeug-tow-truck","status":"publish","type":"page","link":"https:\/\/toensfeldt-modellbau.de\/?page_id=4273","title":{"rendered":"Werkzeug TT"},"content":{"rendered":"\n<p>TMV Feuerwehraxt &amp; Vorschlaghammer 1:14 f\u00fcr den Einsatz in den Fahrzeugen der Feuerwehr und des THWs. Feuerwehraxt &amp; Hammer wie sie bei der deutschen Feuerwehr eingesetzt wird, mit einer breiten Finne und der Schneide. Alle \u00c4xte &amp; H\u00e4mmer sind mit einem Stiel aus Glasfaser ausger\u00fcstet. Die TMV \u00c4xte sind aus Messing Feinguss gegossen worden und lackiert, der Stiel ist aus Messingdraht Gelb pulverbeschichtet sowie das Griffst\u00fcckende in Gummi getaucht.<\/p>\n\n\n\n<figure class=\"wp-block-image size-large\"><a href=\"http:\/\/toensfeldt-modellbau.de\/wp-content\/uploads\/2018\/12\/FeuerAxtEU.jpg\"><img loading=\"lazy\" decoding=\"async\" width=\"425\" height=\"291\" src=\"http:\/\/toensfeldt-modellbau.de\/wp-content\/uploads\/2018\/12\/FeuerAxtEU.jpg\" alt=\"\" class=\"wp-image-3454\" srcset=\"https:\/\/toensfeldt-modellbau.de\/wp-content\/uploads\/2018\/12\/FeuerAxtEU.jpg 425w, https:\/\/toensfeldt-modellbau.de\/wp-content\/uploads\/2018\/12\/FeuerAxtEU-300x205.jpg 300w\" sizes=\"auto, (max-width: 425px) 100vw, 425px\" \/><\/a><\/figure>\n\n\n\n<p>Art. Nr. Bestell Text:<\/p>\n\n\n\n<ul class=\"wp-block-list\"><li><span class=\"has-inline-color has-vivid-red-color\">040240<\/span> TMV Feuerwehraxt EU 1:14<\/li><\/ul>\n\n\n\n<figure class=\"wp-block-image size-large\"><a href=\"http:\/\/toensfeldt-modellbau.de\/wp-content\/uploads\/2018\/12\/VorHamEU-1.jpg\"><img loading=\"lazy\" decoding=\"async\" width=\"425\" height=\"394\" src=\"http:\/\/toensfeldt-modellbau.de\/wp-content\/uploads\/2018\/12\/VorHamEU-1.jpg\" alt=\"\" class=\"wp-image-3470\" srcset=\"https:\/\/toensfeldt-modellbau.de\/wp-content\/uploads\/2018\/12\/VorHamEU-1.jpg 425w, https:\/\/toensfeldt-modellbau.de\/wp-content\/uploads\/2018\/12\/VorHamEU-1-300x278.jpg 300w\" sizes=\"auto, (max-width: 425px) 100vw, 425px\" \/><\/a><\/figure>\n\n\n\n<p>Art. Nr. Bestell Text:<\/p>\n\n\n\n<ul class=\"wp-block-list\"><li><span class=\"has-inline-color has-vivid-red-color\">040244<\/span> TMV Vorschlaghammer 5 KG&nbsp; 1:14<\/li><\/ul>\n\n\n\n<p>TMV B\u00fcgels\u00e4ge aus Metal und Gummischutz.<\/p>\n\n\n\n<figure class=\"wp-block-image size-large\"><a href=\"http:\/\/toensfeldt-modellbau.de\/wp-content\/uploads\/2020\/12\/Buegelsaege.jpg\"><img loading=\"lazy\" decoding=\"async\" width=\"283\" height=\"127\" src=\"http:\/\/toensfeldt-modellbau.de\/wp-content\/uploads\/2020\/12\/Buegelsaege.jpg\" alt=\"\" class=\"wp-image-4281\"\/><\/a><\/figure>\n\n\n\n<p>Art. Nr. Bestell Text:<\/p>\n\n\n\n<ul class=\"wp-block-list\"><li><span class=\"has-inline-color has-vivid-red-color\">040275<\/span> TMV VB\u00fcgels\u00e4ge<\/li><\/ul>\n\n\n\n<p>TMV Bolzenschneider im 3D Druck und die Griffst\u00fcckenden in Gummi getaucht.<\/p>\n\n\n\n<figure class=\"wp-block-image size-large\"><a href=\"http:\/\/toensfeldt-modellbau.de\/wp-content\/uploads\/2020\/12\/Bolzenschneider1.jpg\"><img loading=\"lazy\" decoding=\"async\" width=\"138\" height=\"283\" src=\"http:\/\/toensfeldt-modellbau.de\/wp-content\/uploads\/2020\/12\/Bolzenschneider1.jpg\" alt=\"\" class=\"wp-image-4279\"\/><\/a><\/figure>\n\n\n\n<p>Art. Nr. Bestell Text:<\/p>\n\n\n\n<ul class=\"wp-block-list\"><li><span class=\"has-inline-color has-vivid-red-color\">040274<\/span> TMV Bolzenschneider<\/li><\/ul>\n\n\n\n<p>TMV Rollbrett aus 3D Druck.<\/p>\n\n\n\n<figure class=\"wp-block-image size-large\"><a href=\"http:\/\/toensfeldt-modellbau.de\/wp-content\/uploads\/2020\/12\/Rollbrett.jpg\"><img loading=\"lazy\" decoding=\"async\" width=\"187\" height=\"283\" src=\"http:\/\/toensfeldt-modellbau.de\/wp-content\/uploads\/2020\/12\/Rollbrett.jpg\" alt=\"\" class=\"wp-image-4282\"\/><\/a><\/figure>\n\n\n\n<p>Art. Nr. Bestell Text:<\/p>\n\n\n\n<ul class=\"wp-block-list\"><li><span class=\"has-inline-color has-vivid-red-color\">040276<\/span> TMV Rollbrett<\/li><\/ul>\n","protected":false},"excerpt":{"rendered":"<p>TMV Feuerwehraxt &amp; Vorschlaghammer 1:14 f\u00fcr den Einsatz in den Fahrzeugen der Feuerwehr und des THWs. Feuerwehraxt &amp; Hammer wie sie bei der deutschen Feuerwehr eingesetzt wird, mit einer breiten Finne und der Schneide. Alle \u00c4xte &amp; H\u00e4mmer sind mit &hellip; <a href=\"https:\/\/toensfeldt-modellbau.de\/?page_id=4273\">Weiterlesen <span class=\"meta-nav\">&rarr;<\/span><\/a><\/p>\n","protected":false},"author":2,"featured_media":0,"parent":0,"menu_order":0,"comment_status":"closed","ping_status":"closed","template":"","meta":{"footnotes":""},"class_list":["post-4273","page","type-page","status-publish","hentry"],"_links":{"self":[{"href":"https:\/\/toensfeldt-modellbau.de\/index.php?rest_route=\/wp\/v2\/pages\/4273","targetHints":{"allow":["GET"]}}],"collection":[{"href":"https:\/\/toensfeldt-modellbau.de\/index.php?rest_route=\/wp\/v2\/pages"}],"about":[{"href":"https:\/\/toensfeldt-modellbau.de\/index.php?rest_route=\/wp\/v2\/types\/page"}],"author":[{"embeddable":true,"href":"https:\/\/toensfeldt-modellbau.de\/index.php?rest_route=\/wp\/v2\/users\/2"}],"replies":[{"embeddable":true,"href":"https:\/\/toensfeldt-modellbau.de\/index.php?rest_route=%2Fwp%2Fv2%2Fcomments&post=4273"}],"version-history":[{"count":4,"href":"https:\/\/toensfeldt-modellbau.de\/index.php?rest_route=\/wp\/v2\/pages\/4273\/revisions"}],"predecessor-version":[{"id":6109,"href":"https:\/\/toensfeldt-modellbau.de\/index.php?rest_route=\/wp\/v2\/pages\/4273\/revisions\/6109"}],"wp:attachment":[{"href":"https:\/\/toensfeldt-modellbau.de\/index.php?rest_route=%2Fwp%2Fv2%2Fmedia&parent=4273"}],"curies":[{"name":"wp","href":"https:\/\/api.w.org\/{rel}","templated":true}]}}