{"id":4310,"date":"2021-01-01T12:34:10","date_gmt":"2021-01-01T10:34:10","guid":{"rendered":"http:\/\/toensfeldt-modellbau.de\/?page_id=4310"},"modified":"2025-07-07T12:19:55","modified_gmt":"2025-07-07T10:19:55","slug":"holsteiner","status":"publish","type":"page","link":"https:\/\/toensfeldt-modellbau.de\/?page_id=4310","title":{"rendered":"Schaufel Holsteiner"},"content":{"rendered":"\n<p><strong><em>Derzeit sind alle Holsteiner Schaufeln AUSVERKAUFT<\/em><\/strong><\/p>\n\n\n\n<figure class=\"wp-block-image size-full\"><a href=\"http:\/\/toensfeldt-modellbau.de\/wp-content\/uploads\/2022\/02\/3-Holsteiner.jpg\"><img loading=\"lazy\" decoding=\"async\" width=\"361\" height=\"501\" src=\"http:\/\/toensfeldt-modellbau.de\/wp-content\/uploads\/2022\/02\/3-Holsteiner.jpg\" alt=\"\" class=\"wp-image-6449\" srcset=\"https:\/\/toensfeldt-modellbau.de\/wp-content\/uploads\/2022\/02\/3-Holsteiner.jpg 361w, https:\/\/toensfeldt-modellbau.de\/wp-content\/uploads\/2022\/02\/3-Holsteiner-216x300.jpg 216w\" sizes=\"auto, (max-width: 361px) 100vw, 361px\" \/><\/a><\/figure>\n\n\n\n<figure class=\"wp-block-image size-large\"><a href=\"http:\/\/toensfeldt-modellbau.de\/wp-content\/uploads\/2021\/12\/3-Besen.jpg\"><img loading=\"lazy\" decoding=\"async\" width=\"425\" height=\"478\" src=\"http:\/\/toensfeldt-modellbau.de\/wp-content\/uploads\/2021\/12\/3-Besen.jpg\" alt=\"\" class=\"wp-image-5786\" srcset=\"https:\/\/toensfeldt-modellbau.de\/wp-content\/uploads\/2021\/12\/3-Besen.jpg 425w, https:\/\/toensfeldt-modellbau.de\/wp-content\/uploads\/2021\/12\/3-Besen-267x300.jpg 267w\" sizes=\"auto, (max-width: 425px) 100vw, 425px\" \/><\/a><\/figure>\n\n\n\n<p><em><strong><span class=\"has-inline-color has-vivid-red-color\">Piassavabesen und Holsteiner Schaufel<\/span><\/strong><\/em><\/p>\n\n\n\n<ul class=\"wp-block-list\">\n<li>Piassavabesen Hand gefertig in Deutschland mit ca. 360 Borsten !<\/li>\n\n\n\n<li>Piassavabesen Hand gefertig Rot, Schwarz oder Schwarz \/ Rot<\/li>\n\n\n\n<li>Holsteiner Schaufel aus Messingblech in 2. Teilen zugeschnitten. Hand verl\u00f6tet, pulverbeschichtet in Rot oder Schwarz ( Schwarz derzeit nicht Lieferbar ) und Verzinkt.<\/li>\n\n\n\n<li>Besen und Schaufel k\u00f6nnen mit Befestigungsclips am Faherhaus befestigt werden sind dabei.<\/li>\n\n\n\n<li>Besen und Schaufel gibt es als Satz.<\/li>\n\n\n\n<li>Schaufeln auch einzeln.<\/li>\n<\/ul>\n\n\n\n<figure class=\"wp-block-image size-large\"><a href=\"http:\/\/toensfeldt-modellbau.de\/wp-content\/uploads\/2018\/04\/Schaufel-Besen-Rot2.jpg\"><img loading=\"lazy\" decoding=\"async\" width=\"233\" height=\"425\" src=\"http:\/\/toensfeldt-modellbau.de\/wp-content\/uploads\/2018\/04\/Schaufel-Besen-Rot2.jpg\" alt=\"\" class=\"wp-image-3050\" srcset=\"https:\/\/toensfeldt-modellbau.de\/wp-content\/uploads\/2018\/04\/Schaufel-Besen-Rot2.jpg 233w, https:\/\/toensfeldt-modellbau.de\/wp-content\/uploads\/2018\/04\/Schaufel-Besen-Rot2-164x300.jpg 164w\" sizes=\"auto, (max-width: 233px) 100vw, 233px\" \/><\/a><\/figure>\n\n\n\n<figure class=\"wp-block-image size-large\"><a href=\"http:\/\/toensfeldt-modellbau.de\/wp-content\/uploads\/2017\/11\/Schaufel-Besen-Schwarz.jpg\"><img loading=\"lazy\" decoding=\"async\" width=\"251\" height=\"425\" src=\"http:\/\/toensfeldt-modellbau.de\/wp-content\/uploads\/2017\/11\/Schaufel-Besen-Schwarz.jpg\" alt=\"\" class=\"wp-image-2526\" srcset=\"https:\/\/toensfeldt-modellbau.de\/wp-content\/uploads\/2017\/11\/Schaufel-Besen-Schwarz.jpg 251w, https:\/\/toensfeldt-modellbau.de\/wp-content\/uploads\/2017\/11\/Schaufel-Besen-Schwarz-177x300.jpg 177w\" sizes=\"auto, (max-width: 251px) 100vw, 251px\" \/><\/a><\/figure>\n\n\n\n<figure class=\"wp-block-image size-large\"><a href=\"http:\/\/toensfeldt-modellbau.de\/wp-content\/uploads\/2017\/11\/Schaufel-Schwarz-Besen-RotB2.jpg\"><img loading=\"lazy\" decoding=\"async\" width=\"219\" height=\"425\" src=\"http:\/\/toensfeldt-modellbau.de\/wp-content\/uploads\/2017\/11\/Schaufel-Schwarz-Besen-RotB2.jpg\" alt=\"\" class=\"wp-image-2934\" srcset=\"https:\/\/toensfeldt-modellbau.de\/wp-content\/uploads\/2017\/11\/Schaufel-Schwarz-Besen-RotB2.jpg 219w, https:\/\/toensfeldt-modellbau.de\/wp-content\/uploads\/2017\/11\/Schaufel-Schwarz-Besen-RotB2-155x300.jpg 155w\" sizes=\"auto, (max-width: 219px) 100vw, 219px\" \/><\/a><\/figure>\n\n\n\n<figure class=\"wp-block-image size-full\"><a href=\"http:\/\/toensfeldt-modellbau.de\/wp-content\/uploads\/2022\/02\/Schaufel-Verzinkt.jpg\"><img loading=\"lazy\" decoding=\"async\" width=\"97\" height=\"283\" src=\"http:\/\/toensfeldt-modellbau.de\/wp-content\/uploads\/2022\/02\/Schaufel-Verzinkt.jpg\" alt=\"\" class=\"wp-image-6450\"\/><\/a><\/figure>\n\n\n\n<figure class=\"wp-block-image size-large\"><a href=\"http:\/\/toensfeldt-modellbau.de\/wp-content\/uploads\/2021\/12\/Schwarz-Rot-Besen-Int.jpg\"><img decoding=\"async\" src=\"http:\/\/toensfeldt-modellbau.de\/wp-content\/uploads\/2021\/12\/Schwarz-Rot-Besen-Int.jpg\" alt=\"\" class=\"wp-image-5842\"\/><\/a><\/figure>\n\n\n\n<figure class=\"wp-block-image size-large\"><a href=\"http:\/\/toensfeldt-modellbau.de\/wp-content\/uploads\/2021\/12\/Wandhalter-S-B-grau.jpg\"><img decoding=\"async\" src=\"http:\/\/toensfeldt-modellbau.de\/wp-content\/uploads\/2021\/12\/Wandhalter-S-B-grau.jpg\" alt=\"\" class=\"wp-image-5839\"\/><\/a><figcaption class=\"wp-element-caption\">Wandhalter Besen &amp; Schaufel<\/figcaption><\/figure>\n\n\n\n<p>Technische Daten Piassavabesen:<\/p>\n\n\n\n<ul class=\"wp-block-list\">\n<li>360 Borsten von Hand gesetzt<\/li>\n\n\n\n<li>Breite: ca. 28 mm<\/li>\n\n\n\n<li>H\u00f6he: ca. 110 mm<\/li>\n\n\n\n<li>Tiefe: ca. 8 mm<\/li>\n<\/ul>\n\n\n\n<p>Technische Daten Holsteiner Schaufel:<\/p>\n\n\n\n<ul class=\"wp-block-list\">\n<li>Messing verl\u00f6tet ca. 0,4 mm dick<\/li>\n\n\n\n<li>Breite: ca. 18 mm<\/li>\n\n\n\n<li>H\u00f6he: ca. 114 mm<\/li>\n<\/ul>\n\n\n\n<p><strong><em>Derzeit sind alle Holsteiner Schaufeln AUSVERKAUFT<\/em><\/strong><\/p>\n\n\n\n<p>Art. Nr. Bestell Text:<\/p>\n\n\n\n<ul class=\"wp-block-list\">\n<li><mark style=\"background-color:rgba(0, 0, 0, 0)\" class=\"has-inline-color has-vivid-red-color\">040105<\/mark> Besen und Holsteiner Schaufel Rot zur Zeit AUSVERKAUFT<\/li>\n\n\n\n<li><mark style=\"background-color:rgba(0, 0, 0, 0)\" class=\"has-inline-color has-vivid-red-color\">040106<\/mark> Besen und Holsteiner Schaufel Schwarz zur Zeit AUSVERKAUFT<\/li>\n\n\n\n<li><mark style=\"background-color:rgba(0, 0, 0, 0)\" class=\"has-inline-color has-vivid-red-color\">040107<\/mark> Besen Rot und Holsteiner Schaufel Schwarz zur Zeit AUSVERKAUFT<\/li>\n\n\n\n<li><mark style=\"background-color:rgba(0, 0, 0, 0)\" class=\"has-inline-color has-vivid-red-color\">040108<\/mark> Besen Schwarz und Holsteiner Schaufel Rot zur Zeit AUSVERKAUFT<\/li>\n\n\n\n<li><mark style=\"background-color:rgba(0, 0, 0, 0)\" class=\"has-inline-color has-vivid-red-color\">040109<\/mark> Besen Schwarz\/Rot und Holsteiner Schaufel Rot zur Zeit AUSVERKAUFT<\/li>\n\n\n\n<li><mark style=\"background-color:rgba(0, 0, 0, 0)\" class=\"has-inline-color has-vivid-red-color\">040115<\/mark> Holsteiner Schaufel Rot zur Zeit AUSVERKAUFT<\/li>\n\n\n\n<li><mark style=\"background-color:rgba(0, 0, 0, 0)\" class=\"has-inline-color has-vivid-red-color\">040116<\/mark> Holsteiner Schaufel Schwarz zur Zeit AUSVERKAUFT<\/li>\n\n\n\n<li><mark style=\"background-color:rgba(0, 0, 0, 0);color:#a30011\" class=\"has-inline-color\">040119<\/mark> Schaufel Verzinkt Holsteiner\/Frankfuter zur Zeit AUSVERKAUFT<\/li>\n\n\n\n<li><mark style=\"background-color:rgba(0, 0, 0, 0);color:#a30004\" class=\"has-inline-color\">040120<\/mark> Besen Schwarz\/Rot Holsteiner Schaufel Schwarz zur Zeit AUSVERKAUFT<\/li>\n\n\n\n<li><mark style=\"background-color:rgba(0, 0, 0, 0);color:#a30008\" class=\"has-inline-color\">040121<\/mark> Besen Rot Holsteiner Schaufel Verzinkt zur Zeit AUSVERKAUFT<\/li>\n\n\n\n<li><mark style=\"background-color:rgba(0, 0, 0, 0);color:#a30003\" class=\"has-inline-color\">040122<\/mark> Besen Schwarz Holsteiner Schaufel Verzinkt zur Zeit AUSVERKAUFT<\/li>\n\n\n\n<li><mark style=\"background-color:rgba(0, 0, 0, 0);color:#a30003\" class=\"has-inline-color\">040123<\/mark> Besen Schwarz\/Rot Holsteiner Schaufel Verzinkt zur Zeit AUSVERKAUFT<\/li>\n\n\n\n<li><mark style=\"background-color:rgba(0, 0, 0, 0)\" class=\"has-inline-color has-vivid-red-color\">040131<\/mark> Wandhalter Besen zur Zeit AUSVERKAUFT<\/li>\n\n\n\n<li><mark style=\"background-color:rgba(0, 0, 0, 0)\" class=\"has-inline-color has-vivid-red-color\">040132<\/mark> Wandhalter Schaufeln<\/li>\n\n\n\n<li><mark style=\"background-color:rgba(0, 0, 0, 0)\" class=\"has-inline-color has-vivid-red-color\">040133<\/mark> Wandhalter Besen &amp; Schaufel zur Zeit AUSVERKAUFT<\/li>\n<\/ul>\n\n\n\n<p>zur Zeit AUSVERKAUFT<\/p>\n\n\n\n<h3 class=\"wp-block-heading\"><em><strong><span class=\"has-inline-color has-vivid-red-color\">Ausgezeichnet!<\/span><\/strong><\/em><\/h3>\n\n\n\n<p>Jedes Jahr w\u00e4hlen die Leser der Fachzeitschrift &#8222;TruckModell&#8220; ihre Favoriten bei den Modellen, Zubeh\u00f6r und ab 2018 neu das Detaillierungszubeh\u00f6r. Bei der ersten Wahl im Bereich Detaillierungszubeh\u00f6r wurde unser Piassavabesen &amp; Holsteiener Schaufel auf den 3. Platz gew\u00e4hlt !<\/p>\n\n\n\n<figure class=\"wp-block-image size-large\"><a href=\"http:\/\/toensfeldt-modellbau.de\/wp-content\/uploads\/2018\/06\/Truckmodell-Star_2018_T\u00f6nsfeldt-Modellbau-Vertrieb01-int-Kopie.jpg\"><img loading=\"lazy\" decoding=\"async\" width=\"386\" height=\"567\" src=\"http:\/\/toensfeldt-modellbau.de\/wp-content\/uploads\/2018\/06\/Truckmodell-Star_2018_T\u00f6nsfeldt-Modellbau-Vertrieb01-int-Kopie.jpg\" alt=\"\" class=\"wp-image-3198\" srcset=\"https:\/\/toensfeldt-modellbau.de\/wp-content\/uploads\/2018\/06\/Truckmodell-Star_2018_T\u00f6nsfeldt-Modellbau-Vertrieb01-int-Kopie.jpg 386w, https:\/\/toensfeldt-modellbau.de\/wp-content\/uploads\/2018\/06\/Truckmodell-Star_2018_T\u00f6nsfeldt-Modellbau-Vertrieb01-int-Kopie-204x300.jpg 204w\" sizes=\"auto, (max-width: 386px) 100vw, 386px\" \/><\/a><\/figure>\n\n\n\n<p>Herstellerdaten gem\u00e4s GPSR<\/p>\n\n\n\n<p>Olaf T\u00f6nsfeldt<br>T\u00f6nsfeldt Modellbau Vertrieb<br>Nobiskr\u00fcger Allee 20<br>24768 Rendsburg<\/p>\n\n\n\n<p><strong>Deutschland<\/strong><br>Tel.: 0049 (0 ) 43 31\/ 51 95<br>E-Mail an: <a href=\"mailto:tmv@toensfeldt-modellbau.de\">tmv@toensfeldt-modellbau.de<\/a><\/p>\n","protected":false},"excerpt":{"rendered":"<p>Derzeit sind alle Holsteiner Schaufeln AUSVERKAUFT Piassavabesen und Holsteiner Schaufel Technische Daten Piassavabesen: Technische Daten Holsteiner Schaufel: Derzeit sind alle Holsteiner Schaufeln AUSVERKAUFT Art. Nr. Bestell Text: zur Zeit AUSVERKAUFT Ausgezeichnet! Jedes Jahr w\u00e4hlen die Leser der Fachzeitschrift &#8222;TruckModell&#8220; ihre &hellip; <a href=\"https:\/\/toensfeldt-modellbau.de\/?page_id=4310\">Weiterlesen <span class=\"meta-nav\">&rarr;<\/span><\/a><\/p>\n","protected":false},"author":2,"featured_media":0,"parent":0,"menu_order":0,"comment_status":"closed","ping_status":"closed","template":"","meta":{"footnotes":""},"class_list":["post-4310","page","type-page","status-publish","hentry"],"_links":{"self":[{"href":"https:\/\/toensfeldt-modellbau.de\/index.php?rest_route=\/wp\/v2\/pages\/4310","targetHints":{"allow":["GET"]}}],"collection":[{"href":"https:\/\/toensfeldt-modellbau.de\/index.php?rest_route=\/wp\/v2\/pages"}],"about":[{"href":"https:\/\/toensfeldt-modellbau.de\/index.php?rest_route=\/wp\/v2\/types\/page"}],"author":[{"embeddable":true,"href":"https:\/\/toensfeldt-modellbau.de\/index.php?rest_route=\/wp\/v2\/users\/2"}],"replies":[{"embeddable":true,"href":"https:\/\/toensfeldt-modellbau.de\/index.php?rest_route=%2Fwp%2Fv2%2Fcomments&post=4310"}],"version-history":[{"count":32,"href":"https:\/\/toensfeldt-modellbau.de\/index.php?rest_route=\/wp\/v2\/pages\/4310\/revisions"}],"predecessor-version":[{"id":7811,"href":"https:\/\/toensfeldt-modellbau.de\/index.php?rest_route=\/wp\/v2\/pages\/4310\/revisions\/7811"}],"wp:attachment":[{"href":"https:\/\/toensfeldt-modellbau.de\/index.php?rest_route=%2Fwp%2Fv2%2Fmedia&parent=4310"}],"curies":[{"name":"wp","href":"https:\/\/api.w.org\/{rel}","templated":true}]}}