{"id":4314,"date":"2021-01-01T12:36:50","date_gmt":"2021-01-01T10:36:50","guid":{"rendered":"http:\/\/toensfeldt-modellbau.de\/?page_id=4314"},"modified":"2025-10-05T12:17:09","modified_gmt":"2025-10-05T10:17:09","slug":"schaufel-frankfuter","status":"publish","type":"page","link":"https:\/\/toensfeldt-modellbau.de\/?page_id=4314","title":{"rendered":"Schaufel Frankfurter"},"content":{"rendered":"\n<p><strong><em>Frankfuter Schaufel AUSVERKAUFT<\/em><\/strong><\/p>\n\n\n\n<figure class=\"wp-block-image size-full\"><a href=\"http:\/\/toensfeldt-modellbau.de\/wp-content\/uploads\/2022\/02\/3-Frankfuter.jpg\"><img loading=\"lazy\" decoding=\"async\" width=\"312\" height=\"478\" src=\"http:\/\/toensfeldt-modellbau.de\/wp-content\/uploads\/2022\/02\/3-Frankfuter.jpg\" alt=\"\" class=\"wp-image-6448\" srcset=\"https:\/\/toensfeldt-modellbau.de\/wp-content\/uploads\/2022\/02\/3-Frankfuter.jpg 312w, https:\/\/toensfeldt-modellbau.de\/wp-content\/uploads\/2022\/02\/3-Frankfuter-196x300.jpg 196w\" sizes=\"auto, (max-width: 312px) 100vw, 312px\" \/><\/a><\/figure>\n\n\n\n<figure class=\"wp-block-image size-large\"><a href=\"http:\/\/toensfeldt-modellbau.de\/wp-content\/uploads\/2021\/12\/3-Besen.jpg\"><img loading=\"lazy\" decoding=\"async\" width=\"425\" height=\"478\" src=\"http:\/\/toensfeldt-modellbau.de\/wp-content\/uploads\/2021\/12\/3-Besen.jpg\" alt=\"\" class=\"wp-image-5786\" srcset=\"https:\/\/toensfeldt-modellbau.de\/wp-content\/uploads\/2021\/12\/3-Besen.jpg 425w, https:\/\/toensfeldt-modellbau.de\/wp-content\/uploads\/2021\/12\/3-Besen-267x300.jpg 267w\" sizes=\"auto, (max-width: 425px) 100vw, 425px\" \/><\/a><\/figure>\n\n\n\n<p><em><strong><span class=\"has-inline-color has-vivid-red-color\">Piassavabesen und Frankfurter Schaufel<\/span><\/strong><\/em><\/p>\n\n\n\n<ul class=\"wp-block-list\">\n<li>Piassavabesen Hand gefertig in Deutschland mit ca. 360 Borsten !<\/li>\n\n\n\n<li>Frankfurter Schaufel aus Messingblech in 2. Teilen zugeschnitten. Hand verl\u00f6tet und pulverbeschichtet.<\/li>\n\n\n\n<li>Besen und Schaufel k\u00f6nnen mit Befestigungsclips am Fahrerhaus befestigt werden sind dabei.<\/li>\n\n\n\n<li>Besen und Schaufel gibt es nur als Satz in Rot oder Schwarz.<\/li>\n<\/ul>\n\n\n\n<figure class=\"wp-block-image size-large\"><a href=\"http:\/\/toensfeldt-modellbau.de\/wp-content\/uploads\/2019\/04\/Frankfurter-Schwarz.jpg\"><img loading=\"lazy\" decoding=\"async\" width=\"85\" height=\"394\" src=\"http:\/\/toensfeldt-modellbau.de\/wp-content\/uploads\/2019\/04\/Frankfurter-Schwarz.jpg\" alt=\"\" class=\"wp-image-3616\" srcset=\"https:\/\/toensfeldt-modellbau.de\/wp-content\/uploads\/2019\/04\/Frankfurter-Schwarz.jpg 85w, https:\/\/toensfeldt-modellbau.de\/wp-content\/uploads\/2019\/04\/Frankfurter-Schwarz-65x300.jpg 65w\" sizes=\"auto, (max-width: 85px) 100vw, 85px\" \/><\/a><\/figure>\n\n\n\n<figure class=\"wp-block-image size-full\"><a href=\"http:\/\/toensfeldt-modellbau.de\/wp-content\/uploads\/2022\/02\/Frankfurter-Verzinkt.jpg\"><img loading=\"lazy\" decoding=\"async\" width=\"86\" height=\"283\" src=\"http:\/\/toensfeldt-modellbau.de\/wp-content\/uploads\/2022\/02\/Frankfurter-Verzinkt.jpg\" alt=\"\" class=\"wp-image-6447\"\/><\/a><\/figure>\n\n\n\n<figure class=\"wp-block-image size-large\"><a href=\"http:\/\/toensfeldt-modellbau.de\/wp-content\/uploads\/2021\/12\/Halter-Frankfuter.jpg\"><img decoding=\"async\" src=\"http:\/\/toensfeldt-modellbau.de\/wp-content\/uploads\/2021\/12\/Halter-Frankfuter.jpg\" alt=\"\" class=\"wp-image-5835\"\/><\/a><figcaption class=\"wp-element-caption\">Wandhalter Besen &amp; Schaufel<\/figcaption><\/figure>\n\n\n\n<p>Technische Daten Piassavabesen:<\/p>\n\n\n\n<ul class=\"wp-block-list\">\n<li>360 Borsten von Hand gesetzt<\/li>\n\n\n\n<li>Breite: ca. 28 mm<\/li>\n\n\n\n<li>H\u00f6he: ca. 110 mm<\/li>\n\n\n\n<li>Tiefe: ca. 8 mm<\/li>\n<\/ul>\n\n\n\n<p>Technische Daten Frankfurter Schaufel:<\/p>\n\n\n\n<ul class=\"wp-block-list\">\n<li>Messing verl\u00f6tet ca. 0,4 mm dick<\/li>\n\n\n\n<li>Breite: ca. 19,5 mm<\/li>\n\n\n\n<li>H\u00f6he: ca. 110 mm<\/li>\n<\/ul>\n\n\n\n<p><\/p>\n\n\n\n<ul class=\"wp-block-list\">\n<li><span class=\"has-inline-color has-vivid-red-color\">040113<\/span> Besen Rot und Frankfurter Schaufel Schwarz zur Zeit AUSVERKAUFT<\/li>\n\n\n\n<li><span class=\"has-inline-color has-vivid-red-color\">040118<\/span> Frankfurter Schaufel Schwarz zur Zeit AUSVERKAUFT<\/li>\n\n\n\n<li><span style=\"color:#a30004\" class=\"has-inline-color\">040119<\/span> Schaufel Verzinkt Frankfuter<\/li>\n\n\n\n<li><span class=\"has-inline-color has-vivid-red-color\">040131<\/span> Wandhalter Besen<\/li>\n\n\n\n<li><span class=\"has-inline-color has-vivid-red-color\">040132<\/span> Wandhalter Schaufeln<\/li>\n\n\n\n<li><span class=\"has-inline-color has-vivid-red-color\">040133<\/span> Wandhalter Besen &amp; Schaufel<\/li>\n<\/ul>\n\n\n\n<ol class=\"wp-block-list\">\n<li>040111 Besen und Frankfurter Schaufel Schwarz 0 S\u00e4tze da !<\/li>\n\n\n\n<li>040112 Besen Schwarz und Frankfurter Schaufel Rot 0 S\u00e4tze da !<\/li>\n\n\n\n<li>040113 Besen Rot und Frankfurter Schaufel Schwarz 0 S\u00e4tze da !<\/li>\n\n\n\n<li>Stand 05.010.2025<\/li>\n<\/ol>\n\n\n\n<p>Herstellerdaten gem\u00e4s GPSR<\/p>\n\n\n\n<p>Olaf T\u00f6nsfeldt<br>T\u00f6nsfeldt Modellbau Vertrieb<br>Nobiskr\u00fcger Allee 20<br>24768 Rendsburg<\/p>\n\n\n\n<p><strong>Deutschland<\/strong><br>Tel.: 0049 (0 ) 43 31\/ 51 95<br>E-Mail an: <a href=\"mailto:tmv@toensfeldt-modellbau.de\">tmv@toensfeldt-modellbau.de<\/a><\/p>\n\n\n\n<p><\/p>\n","protected":false},"excerpt":{"rendered":"<p>Frankfuter Schaufel AUSVERKAUFT Piassavabesen und Frankfurter Schaufel Technische Daten Piassavabesen: Technische Daten Frankfurter Schaufel: Herstellerdaten gem\u00e4s GPSR Olaf T\u00f6nsfeldtT\u00f6nsfeldt Modellbau VertriebNobiskr\u00fcger Allee 2024768 Rendsburg DeutschlandTel.: 0049 (0 ) 43 31\/ 51 95E-Mail an: tmv@toensfeldt-modellbau.de<\/p>\n","protected":false},"author":2,"featured_media":0,"parent":0,"menu_order":0,"comment_status":"closed","ping_status":"closed","template":"","meta":{"footnotes":""},"class_list":["post-4314","page","type-page","status-publish","hentry"],"_links":{"self":[{"href":"https:\/\/toensfeldt-modellbau.de\/index.php?rest_route=\/wp\/v2\/pages\/4314","targetHints":{"allow":["GET"]}}],"collection":[{"href":"https:\/\/toensfeldt-modellbau.de\/index.php?rest_route=\/wp\/v2\/pages"}],"about":[{"href":"https:\/\/toensfeldt-modellbau.de\/index.php?rest_route=\/wp\/v2\/types\/page"}],"author":[{"embeddable":true,"href":"https:\/\/toensfeldt-modellbau.de\/index.php?rest_route=\/wp\/v2\/users\/2"}],"replies":[{"embeddable":true,"href":"https:\/\/toensfeldt-modellbau.de\/index.php?rest_route=%2Fwp%2Fv2%2Fcomments&post=4314"}],"version-history":[{"count":23,"href":"https:\/\/toensfeldt-modellbau.de\/index.php?rest_route=\/wp\/v2\/pages\/4314\/revisions"}],"predecessor-version":[{"id":7828,"href":"https:\/\/toensfeldt-modellbau.de\/index.php?rest_route=\/wp\/v2\/pages\/4314\/revisions\/7828"}],"wp:attachment":[{"href":"https:\/\/toensfeldt-modellbau.de\/index.php?rest_route=%2Fwp%2Fv2%2Fmedia&parent=4314"}],"curies":[{"name":"wp","href":"https:\/\/api.w.org\/{rel}","templated":true}]}}