{"id":4333,"date":"2021-01-01T13:08:16","date_gmt":"2021-01-01T11:08:16","guid":{"rendered":"http:\/\/toensfeldt-modellbau.de\/?page_id=4333"},"modified":"2025-03-08T13:45:47","modified_gmt":"2025-03-08T11:45:47","slug":"hallenbesen","status":"publish","type":"page","link":"https:\/\/toensfeldt-modellbau.de\/?page_id=4333","title":{"rendered":"Hallenbesen"},"content":{"rendered":"\n<figure class=\"wp-block-image size-large\"><a href=\"http:\/\/toensfeldt-modellbau.de\/wp-content\/uploads\/2021\/01\/Hallenbesen-Gruppe-Int.jpg\"><img loading=\"lazy\" decoding=\"async\" width=\"567\" height=\"351\" src=\"http:\/\/toensfeldt-modellbau.de\/wp-content\/uploads\/2021\/01\/Hallenbesen-Gruppe-Int.jpg\" alt=\"\" class=\"wp-image-4357\" srcset=\"https:\/\/toensfeldt-modellbau.de\/wp-content\/uploads\/2021\/01\/Hallenbesen-Gruppe-Int.jpg 567w, https:\/\/toensfeldt-modellbau.de\/wp-content\/uploads\/2021\/01\/Hallenbesen-Gruppe-Int-300x186.jpg 300w\" sizes=\"auto, (max-width: 567px) 100vw, 567px\" \/><\/a><\/figure>\n\n\n\n<p>Hallenbesen im Ma\u00dfstab 1:14 in Handarbeit gefertigt in Deutschland. Die Besenk\u00f6rper und die Stiele sind aus Buchenholz. Die Hallenbesen gibt es in 5 Farben: Wei\u00df, Schwarz, Blau, Gr\u00fcn und Gelb !<\/p>\n\n\n\n<p><span class=\"has-inline-color has-vivid-red-color\"><strong><em>Hallenbesen 60 cm breite in 1:14 !<\/em><\/strong><\/span><\/p>\n\n\n\n<figure class=\"wp-block-image size-large\"><a href=\"http:\/\/toensfeldt-modellbau.de\/wp-content\/uploads\/2021\/01\/Hallenbesen-Gruppe-60t.jpg\"><img loading=\"lazy\" decoding=\"async\" width=\"567\" height=\"382\" src=\"http:\/\/toensfeldt-modellbau.de\/wp-content\/uploads\/2021\/01\/Hallenbesen-Gruppe-60t.jpg\" alt=\"\" class=\"wp-image-4355\" srcset=\"https:\/\/toensfeldt-modellbau.de\/wp-content\/uploads\/2021\/01\/Hallenbesen-Gruppe-60t.jpg 567w, https:\/\/toensfeldt-modellbau.de\/wp-content\/uploads\/2021\/01\/Hallenbesen-Gruppe-60t-300x202.jpg 300w\" sizes=\"auto, (max-width: 567px) 100vw, 567px\" \/><\/a><figcaption class=\"wp-element-caption\">bworld Figuren von Bruder<\/figcaption><\/figure>\n\n\n\n<figure class=\"wp-block-image size-large\"><a href=\"http:\/\/toensfeldt-modellbau.de\/wp-content\/uploads\/2021\/01\/Hallenbesen60-S-B.jpg\"><img loading=\"lazy\" decoding=\"async\" width=\"316\" height=\"425\" src=\"http:\/\/toensfeldt-modellbau.de\/wp-content\/uploads\/2021\/01\/Hallenbesen60-S-B.jpg\" alt=\"\" class=\"wp-image-4360\" srcset=\"https:\/\/toensfeldt-modellbau.de\/wp-content\/uploads\/2021\/01\/Hallenbesen60-S-B.jpg 316w, https:\/\/toensfeldt-modellbau.de\/wp-content\/uploads\/2021\/01\/Hallenbesen60-S-B-223x300.jpg 223w\" sizes=\"auto, (max-width: 316px) 100vw, 316px\" \/><\/a><\/figure>\n\n\n\n<figure class=\"wp-block-image size-large is-resized\"><a href=\"http:\/\/toensfeldt-modellbau.de\/wp-content\/uploads\/2021\/01\/Hallenbesen60-G-W-Gr.jpg\"><img loading=\"lazy\" decoding=\"async\" width=\"340\" height=\"322\" src=\"http:\/\/toensfeldt-modellbau.de\/wp-content\/uploads\/2021\/01\/Hallenbesen60-G-W-Gr.jpg\" alt=\"\" class=\"wp-image-4359\" style=\"width:340px;height:322px\" srcset=\"https:\/\/toensfeldt-modellbau.de\/wp-content\/uploads\/2021\/01\/Hallenbesen60-G-W-Gr.jpg 340w, https:\/\/toensfeldt-modellbau.de\/wp-content\/uploads\/2021\/01\/Hallenbesen60-G-W-Gr-300x284.jpg 300w\" sizes=\"auto, (max-width: 340px) 100vw, 340px\" \/><\/a><\/figure>\n\n\n\n<p>Technische Daten Hallenbesen 60 cm:<\/p>\n\n\n\n<ul class=\"wp-block-list\">\n<li>380 Borsten von Hand gesetzt<\/li>\n\n\n\n<li>Breite: ca. 44,8 mm<\/li>\n\n\n\n<li>H\u00f6he: ca. 110 mm<\/li>\n\n\n\n<li>Tiefe: ca. 4 mm<\/li>\n<\/ul>\n\n\n\n<p><strong><em><span class=\"has-inline-color has-vivid-red-color\">Hallenbesen 80 cm breite in 1:14 !<\/span><\/em><\/strong><\/p>\n\n\n\n<figure class=\"wp-block-image size-large\"><a href=\"http:\/\/toensfeldt-modellbau.de\/wp-content\/uploads\/2021\/01\/Hallenbesen-Gruppe-80.jpg\"><img loading=\"lazy\" decoding=\"async\" width=\"567\" height=\"398\" src=\"http:\/\/toensfeldt-modellbau.de\/wp-content\/uploads\/2021\/01\/Hallenbesen-Gruppe-80.jpg\" alt=\"\" class=\"wp-image-4356\" srcset=\"https:\/\/toensfeldt-modellbau.de\/wp-content\/uploads\/2021\/01\/Hallenbesen-Gruppe-80.jpg 567w, https:\/\/toensfeldt-modellbau.de\/wp-content\/uploads\/2021\/01\/Hallenbesen-Gruppe-80-300x211.jpg 300w\" sizes=\"auto, (max-width: 567px) 100vw, 567px\" \/><\/a><figcaption class=\"wp-element-caption\">bworld Figuren von Bruder<\/figcaption><\/figure>\n\n\n\n<figure class=\"wp-block-image size-large\"><a href=\"http:\/\/toensfeldt-modellbau.de\/wp-content\/uploads\/2021\/01\/Hallenbesen-80-B-S.jpg\"><img loading=\"lazy\" decoding=\"async\" width=\"401\" height=\"454\" src=\"http:\/\/toensfeldt-modellbau.de\/wp-content\/uploads\/2021\/01\/Hallenbesen-80-B-S.jpg\" alt=\"\" class=\"wp-image-4351\" srcset=\"https:\/\/toensfeldt-modellbau.de\/wp-content\/uploads\/2021\/01\/Hallenbesen-80-B-S.jpg 401w, https:\/\/toensfeldt-modellbau.de\/wp-content\/uploads\/2021\/01\/Hallenbesen-80-B-S-265x300.jpg 265w\" sizes=\"auto, (max-width: 401px) 100vw, 401px\" \/><\/a><\/figure>\n\n\n\n<figure class=\"wp-block-image size-large\"><a href=\"http:\/\/toensfeldt-modellbau.de\/wp-content\/uploads\/2021\/01\/Hallenbesen-80-G-W-Gr.jpg\"><img loading=\"lazy\" decoding=\"async\" width=\"425\" height=\"350\" src=\"http:\/\/toensfeldt-modellbau.de\/wp-content\/uploads\/2021\/01\/Hallenbesen-80-G-W-Gr.jpg\" alt=\"\" class=\"wp-image-4352\" srcset=\"https:\/\/toensfeldt-modellbau.de\/wp-content\/uploads\/2021\/01\/Hallenbesen-80-G-W-Gr.jpg 425w, https:\/\/toensfeldt-modellbau.de\/wp-content\/uploads\/2021\/01\/Hallenbesen-80-G-W-Gr-300x247.jpg 300w\" sizes=\"auto, (max-width: 425px) 100vw, 425px\" \/><\/a><\/figure>\n\n\n\n<p>Technische Daten Hallenbesen 80 cm:<\/p>\n\n\n\n<ul class=\"wp-block-list\">\n<li>515 Borsten von Hand gesetzt<\/li>\n\n\n\n<li>Breite: ca. 58,1 mm<\/li>\n\n\n\n<li>H\u00f6he: ca. 110 mm<\/li>\n\n\n\n<li>Tiefe: ca. 4 mm<\/li>\n<\/ul>\n\n\n\n<p><strong><em><span class=\"has-inline-color has-vivid-red-color\">Hallenbesen 100 cm breite in 1:14 !<\/span><\/em><\/strong><\/p>\n\n\n\n<figure class=\"wp-block-image size-large\"><a href=\"http:\/\/toensfeldt-modellbau.de\/wp-content\/uploads\/2021\/01\/Hallenbesen-Gruppe-Int.jpg\"><img loading=\"lazy\" decoding=\"async\" width=\"567\" height=\"351\" src=\"http:\/\/toensfeldt-modellbau.de\/wp-content\/uploads\/2021\/01\/Hallenbesen-Gruppe-Int.jpg\" alt=\"\" class=\"wp-image-4357\" srcset=\"https:\/\/toensfeldt-modellbau.de\/wp-content\/uploads\/2021\/01\/Hallenbesen-Gruppe-Int.jpg 567w, https:\/\/toensfeldt-modellbau.de\/wp-content\/uploads\/2021\/01\/Hallenbesen-Gruppe-Int-300x186.jpg 300w\" sizes=\"auto, (max-width: 567px) 100vw, 567px\" \/><\/a><figcaption class=\"wp-element-caption\">bworld Figuren von Bruder<\/figcaption><\/figure>\n\n\n\n<figure class=\"wp-block-image size-large\"><a href=\"http:\/\/toensfeldt-modellbau.de\/wp-content\/uploads\/2021\/01\/Hallenbesen-100S-B.jpg\"><img loading=\"lazy\" decoding=\"async\" width=\"425\" height=\"431\" src=\"http:\/\/toensfeldt-modellbau.de\/wp-content\/uploads\/2021\/01\/Hallenbesen-100S-B.jpg\" alt=\"\" class=\"wp-image-4354\" srcset=\"https:\/\/toensfeldt-modellbau.de\/wp-content\/uploads\/2021\/01\/Hallenbesen-100S-B.jpg 425w, https:\/\/toensfeldt-modellbau.de\/wp-content\/uploads\/2021\/01\/Hallenbesen-100S-B-296x300.jpg 296w\" sizes=\"auto, (max-width: 425px) 100vw, 425px\" \/><\/a><\/figure>\n\n\n\n<figure class=\"wp-block-image size-large\"><a href=\"http:\/\/toensfeldt-modellbau.de\/wp-content\/uploads\/2021\/01\/Hallenbesen-100Gelb-Gruen.jpg\"><img loading=\"lazy\" decoding=\"async\" width=\"408\" height=\"283\" src=\"http:\/\/toensfeldt-modellbau.de\/wp-content\/uploads\/2021\/01\/Hallenbesen-100Gelb-Gruen.jpg\" alt=\"\" class=\"wp-image-4353\" srcset=\"https:\/\/toensfeldt-modellbau.de\/wp-content\/uploads\/2021\/01\/Hallenbesen-100Gelb-Gruen.jpg 408w, https:\/\/toensfeldt-modellbau.de\/wp-content\/uploads\/2021\/01\/Hallenbesen-100Gelb-Gruen-300x208.jpg 300w\" sizes=\"auto, (max-width: 408px) 100vw, 408px\" \/><\/a><\/figure>\n\n\n\n<p>Technische Daten Hallenbesen 100 cm:<\/p>\n\n\n\n<ul class=\"wp-block-list\">\n<li>665 Borsten von Hand gesetzt<\/li>\n\n\n\n<li>Breite: ca. 71,7 mm<\/li>\n\n\n\n<li>H\u00f6he: ca. 110 mm<\/li>\n\n\n\n<li>Tiefe: ca. 4 mm<\/li>\n<\/ul>\n\n\n\n<p><span class=\"has-inline-color has-vivid-red-color\"><strong><em>Wandhalter f\u00fcr Hallenbesen !<\/em><\/strong><\/span><\/p>\n\n\n\n<figure class=\"wp-block-image size-large\"><a href=\"http:\/\/toensfeldt-modellbau.de\/wp-content\/uploads\/2021\/01\/Wandhalter-Weiss.jpg\"><img loading=\"lazy\" decoding=\"async\" width=\"283\" height=\"281\" src=\"http:\/\/toensfeldt-modellbau.de\/wp-content\/uploads\/2021\/01\/Wandhalter-Weiss.jpg\" alt=\"\" class=\"wp-image-4362\" srcset=\"https:\/\/toensfeldt-modellbau.de\/wp-content\/uploads\/2021\/01\/Wandhalter-Weiss.jpg 283w, https:\/\/toensfeldt-modellbau.de\/wp-content\/uploads\/2021\/01\/Wandhalter-Weiss-150x150.jpg 150w\" sizes=\"auto, (max-width: 283px) 100vw, 283px\" \/><\/a><\/figure>\n\n\n\n<figure class=\"wp-block-image size-large\"><a href=\"http:\/\/toensfeldt-modellbau.de\/wp-content\/uploads\/2021\/01\/Wandhalter-S-B-grau.jpg\"><img loading=\"lazy\" decoding=\"async\" width=\"425\" height=\"395\" src=\"http:\/\/toensfeldt-modellbau.de\/wp-content\/uploads\/2021\/01\/Wandhalter-S-B-grau.jpg\" alt=\"\" class=\"wp-image-4361\" srcset=\"https:\/\/toensfeldt-modellbau.de\/wp-content\/uploads\/2021\/01\/Wandhalter-S-B-grau.jpg 425w, https:\/\/toensfeldt-modellbau.de\/wp-content\/uploads\/2021\/01\/Wandhalter-S-B-grau-300x279.jpg 300w\" sizes=\"auto, (max-width: 425px) 100vw, 425px\" \/><\/a><\/figure>\n\n\n\n<p>Wandhalter kommen aus dem 3D Drucker !<\/p>\n\n\n\n<p><span class=\"has-inline-color has-vivid-cyan-blue-color\">Bei der Bestellung bitte die Farbe des Hallenbesens mit angeben. Danke !<\/span><\/p>\n\n\n\n<p>Art. Nr. Bestell Text:<\/p>\n\n\n\n<ul class=\"wp-block-list\">\n<li><span class=\"has-inline-color has-vivid-red-color\">040128<\/span> Hallenbesen 60 cm<\/li>\n\n\n\n<li><span class=\"has-inline-color has-vivid-red-color\">040129<\/span> Hallenbesen 80 cm<\/li>\n\n\n\n<li><span class=\"has-inline-color has-vivid-red-color\">040130 <\/span>Hallenbesen 100 cm<\/li>\n\n\n\n<li><span class=\"has-inline-color has-vivid-red-color\">040131<\/span> Wandhalter Besen<\/li>\n\n\n\n<li><span class=\"has-inline-color has-vivid-red-color\">040132<\/span> Wandhalter Schaufeln<\/li>\n\n\n\n<li><span class=\"has-inline-color has-vivid-red-color\">040133<\/span> Wandhalter Besen &amp; Schaufel<\/li>\n<\/ul>\n\n\n\n<p>Herstellerdaten gem\u00e4s GPSR<\/p>\n\n\n\n<p>Olaf T\u00f6nsfeldt<br>T\u00f6nsfeldt Modellbau Vertrieb<br>Nobiskr\u00fcger Allee 20<br>24768 Rendsburg<\/p>\n\n\n\n<p><strong>Deutschland<\/strong><br>Tel.: 0049 (0 ) 43 31\/ 51 95<br>E-Mail an: <a href=\"mailto:tmv@toensfeldt-modellbau.de\">tmv@toensfeldt-modellbau.de<\/a><\/p>\n","protected":false},"excerpt":{"rendered":"<p>Hallenbesen im Ma\u00dfstab 1:14 in Handarbeit gefertigt in Deutschland. Die Besenk\u00f6rper und die Stiele sind aus Buchenholz. Die Hallenbesen gibt es in 5 Farben: Wei\u00df, Schwarz, Blau, Gr\u00fcn und Gelb ! Hallenbesen 60 cm breite in 1:14 ! Technische Daten &hellip; <a href=\"https:\/\/toensfeldt-modellbau.de\/?page_id=4333\">Weiterlesen <span class=\"meta-nav\">&rarr;<\/span><\/a><\/p>\n","protected":false},"author":2,"featured_media":0,"parent":0,"menu_order":0,"comment_status":"closed","ping_status":"closed","template":"","meta":{"footnotes":""},"class_list":["post-4333","page","type-page","status-publish","hentry"],"_links":{"self":[{"href":"https:\/\/toensfeldt-modellbau.de\/index.php?rest_route=\/wp\/v2\/pages\/4333","targetHints":{"allow":["GET"]}}],"collection":[{"href":"https:\/\/toensfeldt-modellbau.de\/index.php?rest_route=\/wp\/v2\/pages"}],"about":[{"href":"https:\/\/toensfeldt-modellbau.de\/index.php?rest_route=\/wp\/v2\/types\/page"}],"author":[{"embeddable":true,"href":"https:\/\/toensfeldt-modellbau.de\/index.php?rest_route=\/wp\/v2\/users\/2"}],"replies":[{"embeddable":true,"href":"https:\/\/toensfeldt-modellbau.de\/index.php?rest_route=%2Fwp%2Fv2%2Fcomments&post=4333"}],"version-history":[{"count":13,"href":"https:\/\/toensfeldt-modellbau.de\/index.php?rest_route=\/wp\/v2\/pages\/4333\/revisions"}],"predecessor-version":[{"id":7676,"href":"https:\/\/toensfeldt-modellbau.de\/index.php?rest_route=\/wp\/v2\/pages\/4333\/revisions\/7676"}],"wp:attachment":[{"href":"https:\/\/toensfeldt-modellbau.de\/index.php?rest_route=%2Fwp%2Fv2%2Fmedia&parent=4333"}],"curies":[{"name":"wp","href":"https:\/\/api.w.org\/{rel}","templated":true}]}}