{"id":4394,"date":"2021-01-12T18:38:25","date_gmt":"2021-01-12T16:38:25","guid":{"rendered":"http:\/\/toensfeldt-modellbau.de\/?page_id=4394"},"modified":"2025-03-08T13:47:04","modified_gmt":"2025-03-08T11:47:04","slug":"handfeger-kehrschaufel","status":"publish","type":"page","link":"https:\/\/toensfeldt-modellbau.de\/?page_id=4394","title":{"rendered":"Handfeger &#038; Kehrschaufel"},"content":{"rendered":"\n<figure class=\"wp-block-image size-large\"><a href=\"http:\/\/toensfeldt-modellbau.de\/wp-content\/uploads\/2021\/02\/Handfeger-mit-Fiegur-Int2.jpg\"><img loading=\"lazy\" decoding=\"async\" width=\"567\" height=\"521\" src=\"http:\/\/toensfeldt-modellbau.de\/wp-content\/uploads\/2021\/02\/Handfeger-mit-Fiegur-Int2.jpg\" alt=\"\" class=\"wp-image-4442\" srcset=\"https:\/\/toensfeldt-modellbau.de\/wp-content\/uploads\/2021\/02\/Handfeger-mit-Fiegur-Int2.jpg 567w, https:\/\/toensfeldt-modellbau.de\/wp-content\/uploads\/2021\/02\/Handfeger-mit-Fiegur-Int2-300x276.jpg 300w\" sizes=\"auto, (max-width: 567px) 100vw, 567px\" \/><\/a><figcaption class=\"wp-element-caption\"><em>bworld Figuren von Bruder<\/em><\/figcaption><\/figure>\n\n\n\n<p>Handfeger aus Holz mit Kehrschaufel Alu und Blecheimer mit Holzgriff. Einzelt oder als 3 teilgen Satz zu haben !<\/p>\n\n\n\n<p><strong><em><span class=\"has-inline-color has-vivid-red-color\">Handfeger aus Holz mit Hamfborsten<\/span><\/em><\/strong><\/p>\n\n\n\n<figure class=\"wp-block-image size-large\"><a href=\"http:\/\/toensfeldt-modellbau.de\/wp-content\/uploads\/2021\/01\/Handfeger.jpg\"><img loading=\"lazy\" decoding=\"async\" width=\"283\" height=\"167\" src=\"http:\/\/toensfeldt-modellbau.de\/wp-content\/uploads\/2021\/01\/Handfeger.jpg\" alt=\"\" class=\"wp-image-4392\"\/><\/a><\/figure>\n\n\n\n<p>31 mm lang, 5 mm breit und 8 mm hoch<\/p>\n\n\n\n<p><span class=\"has-inline-color has-vivid-red-color\"><strong><em>Kehrblech aus Alu mit Holzgriff<\/em><\/strong><\/span><\/p>\n\n\n\n<figure class=\"wp-block-image size-large\"><a href=\"http:\/\/toensfeldt-modellbau.de\/wp-content\/uploads\/2021\/01\/Kehrschaufel.jpg\"><img loading=\"lazy\" decoding=\"async\" width=\"283\" height=\"252\" src=\"http:\/\/toensfeldt-modellbau.de\/wp-content\/uploads\/2021\/01\/Kehrschaufel.jpg\" alt=\"\" class=\"wp-image-4393\"\/><\/a><\/figure>\n\n\n\n<p>20 mm breit, 20 mm tief und ca. 38 mm lang mit Stiel <\/p>\n\n\n\n<p><span class=\"has-inline-color has-vivid-red-color\"><strong><em>Blecheimer aus Alu mit Holzgriff<\/em><\/strong><\/span><\/p>\n\n\n\n<figure class=\"wp-block-image size-large\"><a href=\"http:\/\/toensfeldt-modellbau.de\/wp-content\/uploads\/2021\/01\/Eimer-Holzgriff.jpg\"><img loading=\"lazy\" decoding=\"async\" width=\"283\" height=\"288\" src=\"http:\/\/toensfeldt-modellbau.de\/wp-content\/uploads\/2021\/01\/Eimer-Holzgriff.jpg\" alt=\"\" class=\"wp-image-4389\"\/><\/a><\/figure>\n\n\n\n<p>ca. 28 mm Durchmesser oben und 25 mm hoch<\/p>\n\n\n\n<figure class=\"wp-block-image size-large\"><a href=\"http:\/\/toensfeldt-modellbau.de\/wp-content\/uploads\/2021\/02\/Handfeger-und-Schwarz.jpg\"><img loading=\"lazy\" decoding=\"async\" width=\"283\" height=\"300\" src=\"http:\/\/toensfeldt-modellbau.de\/wp-content\/uploads\/2021\/02\/Handfeger-und-Schwarz.jpg\" alt=\"\" class=\"wp-image-4444\"\/><\/a><\/figure>\n\n\n\n<figure class=\"wp-block-image size-large\"><a href=\"http:\/\/toensfeldt-modellbau.de\/wp-content\/uploads\/2021\/02\/Handfeger-und-Rot.jpg\"><img loading=\"lazy\" decoding=\"async\" width=\"283\" height=\"312\" src=\"http:\/\/toensfeldt-modellbau.de\/wp-content\/uploads\/2021\/02\/Handfeger-und-Rot.jpg\" alt=\"\" class=\"wp-image-4443\" srcset=\"https:\/\/toensfeldt-modellbau.de\/wp-content\/uploads\/2021\/02\/Handfeger-und-Rot.jpg 283w, https:\/\/toensfeldt-modellbau.de\/wp-content\/uploads\/2021\/02\/Handfeger-und-Rot-272x300.jpg 272w\" sizes=\"auto, (max-width: 283px) 100vw, 283px\" \/><\/a><\/figure>\n\n\n\n<p>Art. Nr. Bestelltext:<\/p>\n\n\n\n<ul class=\"wp-block-list\">\n<li><span class=\"has-inline-color has-vivid-red-color\">040136<\/span> Handfeger Holz<\/li>\n\n\n\n<li><span class=\"has-inline-color has-vivid-red-color\">040137<\/span> Kehrschaufel Alu mit Holzgriff<\/li>\n\n\n\n<li><span class=\"has-inline-color has-vivid-red-color\">040138<\/span> Blecheimer mit Holzgriff<\/li>\n\n\n\n<li><span class=\"has-inline-color has-vivid-red-color\">040139<\/span> Handfeger Satz 3 teilig<\/li>\n\n\n\n<li><span class=\"has-inline-color has-vivid-red-color\">040139F<\/span> Handfeger Satz 3 teilig Schaufel Farbieg<\/li>\n<\/ul>\n\n\n\n<p>Herstellerdaten gem\u00e4s GPSR<\/p>\n\n\n\n<p>Olaf T\u00f6nsfeldt<br>T\u00f6nsfeldt Modellbau Vertrieb<br>Nobiskr\u00fcger Allee 20<br>24768 Rendsburg<\/p>\n\n\n\n<p><strong>Deutschland<\/strong><br>Tel.: 0049 (0 ) 43 31\/ 51 95<br>E-Mail an: <a href=\"mailto:tmv@toensfeldt-modellbau.de\">tmv@toensfeldt-modellbau.de<\/a><\/p>\n","protected":false},"excerpt":{"rendered":"<p>Handfeger aus Holz mit Kehrschaufel Alu und Blecheimer mit Holzgriff. Einzelt oder als 3 teilgen Satz zu haben ! Handfeger aus Holz mit Hamfborsten 31 mm lang, 5 mm breit und 8 mm hoch Kehrblech aus Alu mit Holzgriff 20 &hellip; <a href=\"https:\/\/toensfeldt-modellbau.de\/?page_id=4394\">Weiterlesen <span class=\"meta-nav\">&rarr;<\/span><\/a><\/p>\n","protected":false},"author":2,"featured_media":0,"parent":0,"menu_order":0,"comment_status":"closed","ping_status":"closed","template":"","meta":{"footnotes":""},"class_list":["post-4394","page","type-page","status-publish","hentry"],"_links":{"self":[{"href":"https:\/\/toensfeldt-modellbau.de\/index.php?rest_route=\/wp\/v2\/pages\/4394","targetHints":{"allow":["GET"]}}],"collection":[{"href":"https:\/\/toensfeldt-modellbau.de\/index.php?rest_route=\/wp\/v2\/pages"}],"about":[{"href":"https:\/\/toensfeldt-modellbau.de\/index.php?rest_route=\/wp\/v2\/types\/page"}],"author":[{"embeddable":true,"href":"https:\/\/toensfeldt-modellbau.de\/index.php?rest_route=\/wp\/v2\/users\/2"}],"replies":[{"embeddable":true,"href":"https:\/\/toensfeldt-modellbau.de\/index.php?rest_route=%2Fwp%2Fv2%2Fcomments&post=4394"}],"version-history":[{"count":14,"href":"https:\/\/toensfeldt-modellbau.de\/index.php?rest_route=\/wp\/v2\/pages\/4394\/revisions"}],"predecessor-version":[{"id":7677,"href":"https:\/\/toensfeldt-modellbau.de\/index.php?rest_route=\/wp\/v2\/pages\/4394\/revisions\/7677"}],"wp:attachment":[{"href":"https:\/\/toensfeldt-modellbau.de\/index.php?rest_route=%2Fwp%2Fv2%2Fmedia&parent=4394"}],"curies":[{"name":"wp","href":"https:\/\/api.w.org\/{rel}","templated":true}]}}