{"id":4408,"date":"2021-01-16T12:42:41","date_gmt":"2021-01-16T10:42:41","guid":{"rendered":"http:\/\/toensfeldt-modellbau.de\/?page_id=4408"},"modified":"2021-01-17T16:36:43","modified_gmt":"2021-01-17T14:36:43","slug":"glasreiniger","status":"publish","type":"page","link":"https:\/\/toensfeldt-modellbau.de\/?page_id=4408","title":{"rendered":"Glasreiniger"},"content":{"rendered":"\n<figure class=\"wp-block-image size-large\"><a href=\"http:\/\/toensfeldt-modellbau.de\/wp-content\/uploads\/2021\/01\/3-Glasreiniger-Int.jpg\"><img loading=\"lazy\" decoding=\"async\" width=\"425\" height=\"407\" src=\"http:\/\/toensfeldt-modellbau.de\/wp-content\/uploads\/2021\/01\/3-Glasreiniger-Int.jpg\" alt=\"\" class=\"wp-image-4406\" srcset=\"https:\/\/toensfeldt-modellbau.de\/wp-content\/uploads\/2021\/01\/3-Glasreiniger-Int.jpg 425w, https:\/\/toensfeldt-modellbau.de\/wp-content\/uploads\/2021\/01\/3-Glasreiniger-Int-300x287.jpg 300w\" sizes=\"auto, (max-width: 425px) 100vw, 425px\" \/><\/a><\/figure>\n\n\n\n<p><strong><em><span class=\"has-inline-color has-vivid-red-color\">Glasreiniger Flasche mit K\u00fcchenrolle in 1:14<\/span><\/em><\/strong><\/p>\n\n\n\n<p>Wieder da: Der TMV Glasreiniger mit der K\u00fcchenrolle darf im keinem LKW fehlen.<\/p>\n\n\n\n<figure class=\"wp-block-image size-large\"><a href=\"http:\/\/toensfeldt-modellbau.de\/wp-content\/uploads\/2021\/01\/Glasreiniger-1.jpg\"><img loading=\"lazy\" decoding=\"async\" width=\"283\" height=\"245\" src=\"http:\/\/toensfeldt-modellbau.de\/wp-content\/uploads\/2021\/01\/Glasreiniger-1.jpg\" alt=\"\" class=\"wp-image-4407\"\/><\/a><\/figure>\n\n\n\n<p>Art. Nr. Bestelltext:<\/p>\n\n\n\n<p><span class=\"has-inline-color has-vivid-red-color\">040140<\/span> TMV Glasreiniger mit K\u00fcchenrolle<\/p>\n","protected":false},"excerpt":{"rendered":"<p>Glasreiniger Flasche mit K\u00fcchenrolle in 1:14 Wieder da: Der TMV Glasreiniger mit der K\u00fcchenrolle darf im keinem LKW fehlen. Art. Nr. Bestelltext: 040140 TMV Glasreiniger mit K\u00fcchenrolle<\/p>\n","protected":false},"author":2,"featured_media":0,"parent":0,"menu_order":0,"comment_status":"closed","ping_status":"closed","template":"","meta":{"footnotes":""},"class_list":["post-4408","page","type-page","status-publish","hentry"],"_links":{"self":[{"href":"https:\/\/toensfeldt-modellbau.de\/index.php?rest_route=\/wp\/v2\/pages\/4408","targetHints":{"allow":["GET"]}}],"collection":[{"href":"https:\/\/toensfeldt-modellbau.de\/index.php?rest_route=\/wp\/v2\/pages"}],"about":[{"href":"https:\/\/toensfeldt-modellbau.de\/index.php?rest_route=\/wp\/v2\/types\/page"}],"author":[{"embeddable":true,"href":"https:\/\/toensfeldt-modellbau.de\/index.php?rest_route=\/wp\/v2\/users\/2"}],"replies":[{"embeddable":true,"href":"https:\/\/toensfeldt-modellbau.de\/index.php?rest_route=%2Fwp%2Fv2%2Fcomments&post=4408"}],"version-history":[{"count":4,"href":"https:\/\/toensfeldt-modellbau.de\/index.php?rest_route=\/wp\/v2\/pages\/4408\/revisions"}],"predecessor-version":[{"id":4416,"href":"https:\/\/toensfeldt-modellbau.de\/index.php?rest_route=\/wp\/v2\/pages\/4408\/revisions\/4416"}],"wp:attachment":[{"href":"https:\/\/toensfeldt-modellbau.de\/index.php?rest_route=%2Fwp%2Fv2%2Fmedia&parent=4408"}],"curies":[{"name":"wp","href":"https:\/\/api.w.org\/{rel}","templated":true}]}}