{"id":4475,"date":"2021-02-10T12:43:00","date_gmt":"2021-02-10T10:43:00","guid":{"rendered":"http:\/\/toensfeldt-modellbau.de\/?page_id=4475"},"modified":"2025-03-08T12:32:10","modified_gmt":"2025-03-08T10:32:10","slug":"kisten-116","status":"publish","type":"page","link":"https:\/\/toensfeldt-modellbau.de\/?page_id=4475","title":{"rendered":"Kisten 1:16"},"content":{"rendered":"\n<p><em><strong><span class=\"has-inline-color has-vivid-red-color\">Bierkiste verschiedene Farben ohne Beschriftung<\/span><\/strong><\/em><\/p>\n\n\n\n<figure class=\"wp-block-image size-full\"><a href=\"http:\/\/toensfeldt-modellbau.de\/wp-content\/uploads\/2017\/12\/4Kisten-4Farben-Int.jpg\"><img loading=\"lazy\" decoding=\"async\" width=\"425\" height=\"288\" src=\"http:\/\/toensfeldt-modellbau.de\/wp-content\/uploads\/2017\/12\/4Kisten-4Farben-Int.jpg\" alt=\"\" class=\"wp-image-2707\" srcset=\"https:\/\/toensfeldt-modellbau.de\/wp-content\/uploads\/2017\/12\/4Kisten-4Farben-Int.jpg 425w, https:\/\/toensfeldt-modellbau.de\/wp-content\/uploads\/2017\/12\/4Kisten-4Farben-Int-300x203.jpg 300w\" sizes=\"auto, (max-width: 425px) 100vw, 425px\" \/><\/a><\/figure>\n\n\n\n<p>Bierkiste: 1 Kiste&nbsp;in 4 vers. Farben 1 Flaschenblock braun Preis 1,90 \u20ac St.<\/p>\n\n\n\n<p><img loading=\"lazy\" decoding=\"async\" src=\"http:\/\/toensfeldt-modellbau.de\/wp-content\/uploads\/2017\/12\/1Kiste-Gr\u00fcn-Int.jpg\" alt=\"\" width=\"283\" height=\"182\"><\/p>\n\n\n\n<p id=\"caption-attachment-2704\"><img loading=\"lazy\" decoding=\"async\" src=\"http:\/\/toensfeldt-modellbau.de\/wp-content\/uploads\/2017\/12\/1Kiste-Gelb-Int.jpg\" alt=\"\" width=\"283\" height=\"160\"><\/p>\n\n\n\n<p id=\"caption-attachment-2703\"><img loading=\"lazy\" decoding=\"async\" src=\"http:\/\/toensfeldt-modellbau.de\/wp-content\/uploads\/2017\/12\/1Kiste-Orange-Int.jpg\" alt=\"\" width=\"283\" height=\"181\"><\/p>\n\n\n\n<p id=\"caption-attachment-2705\"><img loading=\"lazy\" decoding=\"async\" src=\"http:\/\/toensfeldt-modellbau.de\/wp-content\/uploads\/2017\/12\/1Kiste-T\u00fcrkis-Int.jpg\" alt=\"\" width=\"283\" height=\"170\"><\/p>\n\n\n\n<p id=\"caption-attachment-2706\">Art. Nr. Bestell Text:<\/p>\n\n\n\n<p><span class=\"has-inline-color has-vivid-red-color\">040411<\/span> 1 Bierkiste ohne Aufdruck 1:16 vers. Farben<\/p>\n\n\n\n<p>Herstellerdaten gem\u00e4s GPSR<\/p>\n\n\n\n<p>Olaf T\u00f6nsfeldt<br>T\u00f6nsfeldt Modellbau Vertrieb<br>Nobiskr\u00fcger Allee 20<br>24768 Rendsburg<\/p>\n\n\n\n<p><strong>Deutschland<\/strong><br>Tel.: 0049 (0 ) 43 31\/ 51 95<br>E-Mail an: <a href=\"mailto:tmv@toensfeldt-modellbau.de\">tmv@toensfeldt-modellbau.de<\/a><\/p>\n","protected":false},"excerpt":{"rendered":"<p>Bierkiste verschiedene Farben ohne Beschriftung Bierkiste: 1 Kiste&nbsp;in 4 vers. Farben 1 Flaschenblock braun Preis 1,90 \u20ac St. Art. Nr. Bestell Text: 040411 1 Bierkiste ohne Aufdruck 1:16 vers. Farben Herstellerdaten gem\u00e4s GPSR Olaf T\u00f6nsfeldtT\u00f6nsfeldt Modellbau VertriebNobiskr\u00fcger Allee 2024768 Rendsburg &hellip; <a href=\"https:\/\/toensfeldt-modellbau.de\/?page_id=4475\">Weiterlesen <span class=\"meta-nav\">&rarr;<\/span><\/a><\/p>\n","protected":false},"author":2,"featured_media":0,"parent":0,"menu_order":0,"comment_status":"closed","ping_status":"closed","template":"","meta":{"footnotes":""},"class_list":["post-4475","page","type-page","status-publish","hentry"],"_links":{"self":[{"href":"https:\/\/toensfeldt-modellbau.de\/index.php?rest_route=\/wp\/v2\/pages\/4475","targetHints":{"allow":["GET"]}}],"collection":[{"href":"https:\/\/toensfeldt-modellbau.de\/index.php?rest_route=\/wp\/v2\/pages"}],"about":[{"href":"https:\/\/toensfeldt-modellbau.de\/index.php?rest_route=\/wp\/v2\/types\/page"}],"author":[{"embeddable":true,"href":"https:\/\/toensfeldt-modellbau.de\/index.php?rest_route=\/wp\/v2\/users\/2"}],"replies":[{"embeddable":true,"href":"https:\/\/toensfeldt-modellbau.de\/index.php?rest_route=%2Fwp%2Fv2%2Fcomments&post=4475"}],"version-history":[{"count":5,"href":"https:\/\/toensfeldt-modellbau.de\/index.php?rest_route=\/wp\/v2\/pages\/4475\/revisions"}],"predecessor-version":[{"id":7611,"href":"https:\/\/toensfeldt-modellbau.de\/index.php?rest_route=\/wp\/v2\/pages\/4475\/revisions\/7611"}],"wp:attachment":[{"href":"https:\/\/toensfeldt-modellbau.de\/index.php?rest_route=%2Fwp%2Fv2%2Fmedia&parent=4475"}],"curies":[{"name":"wp","href":"https:\/\/api.w.org\/{rel}","templated":true}]}}