{"id":4550,"date":"2021-04-01T17:43:54","date_gmt":"2021-04-01T15:43:54","guid":{"rendered":"http:\/\/toensfeldt-modellbau.de\/?page_id=4550"},"modified":"2026-03-26T13:46:17","modified_gmt":"2026-03-26T11:46:17","slug":"lkw-kutscher-114","status":"publish","type":"page","link":"https:\/\/toensfeldt-modellbau.de\/?page_id=4550","title":{"rendered":"LKW Kutscher 1:14"},"content":{"rendered":"\n<figure class=\"wp-block-image size-large\"><a href=\"http:\/\/toensfeldt-modellbau.de\/wp-content\/uploads\/2021\/04\/4-Kutscher-LKW-2-Int.jpg\"><img loading=\"lazy\" decoding=\"async\" width=\"567\" height=\"370\" src=\"http:\/\/toensfeldt-modellbau.de\/wp-content\/uploads\/2021\/04\/4-Kutscher-LKW-2-Int.jpg\" alt=\"\" class=\"wp-image-4559\" srcset=\"https:\/\/toensfeldt-modellbau.de\/wp-content\/uploads\/2021\/04\/4-Kutscher-LKW-2-Int.jpg 567w, https:\/\/toensfeldt-modellbau.de\/wp-content\/uploads\/2021\/04\/4-Kutscher-LKW-2-Int-300x196.jpg 300w\" sizes=\"auto, (max-width: 567px) 100vw, 567px\" \/><\/a><\/figure>\n\n\n\n<p>TMV LKW Kutscher &amp; Kutscherin im Ma\u00dfstab 1:14 ! Die Kutscher werden aus einem Drahtgestell gebaut und mit Schaumstoff umwickelt dann bekommen die Kutscher noch ihre Kleindung an. Die K\u00f6pfe werden von Handbemahlt und die Haare werden aufgebracht. Alle Kutscher &amp; Kutscherin werden in Deutschland in Handarbeit hergestellt.<\/p>\n\n\n\n<figure class=\"wp-block-image size-large\"><a href=\"http:\/\/toensfeldt-modellbau.de\/wp-content\/uploads\/2021\/04\/4-Kutscher-1_14.jpg\"><img loading=\"lazy\" decoding=\"async\" width=\"425\" height=\"239\" src=\"http:\/\/toensfeldt-modellbau.de\/wp-content\/uploads\/2021\/04\/4-Kutscher-1_14.jpg\" alt=\"\" class=\"wp-image-4557\" srcset=\"https:\/\/toensfeldt-modellbau.de\/wp-content\/uploads\/2021\/04\/4-Kutscher-1_14.jpg 425w, https:\/\/toensfeldt-modellbau.de\/wp-content\/uploads\/2021\/04\/4-Kutscher-1_14-300x169.jpg 300w\" sizes=\"auto, (max-width: 425px) 100vw, 425px\" \/><\/a><\/figure>\n\n\n\n<figure class=\"wp-block-image size-large\"><a href=\"http:\/\/toensfeldt-modellbau.de\/wp-content\/uploads\/2021\/04\/2-Kutscher-1_14.jpg\"><img loading=\"lazy\" decoding=\"async\" width=\"447\" height=\"425\" src=\"http:\/\/toensfeldt-modellbau.de\/wp-content\/uploads\/2021\/04\/2-Kutscher-1_14.jpg\" alt=\"\" class=\"wp-image-4568\" srcset=\"https:\/\/toensfeldt-modellbau.de\/wp-content\/uploads\/2021\/04\/2-Kutscher-1_14.jpg 447w, https:\/\/toensfeldt-modellbau.de\/wp-content\/uploads\/2021\/04\/2-Kutscher-1_14-300x285.jpg 300w\" sizes=\"auto, (max-width: 447px) 100vw, 447px\" \/><\/a><\/figure>\n\n\n\n<div class=\"wp-block-cover\"><img loading=\"lazy\" decoding=\"async\" width=\"160\" height=\"283\" class=\"wp-block-cover__image-background wp-image-4563\" alt=\"\" src=\"http:\/\/toensfeldt-modellbau.de\/wp-content\/uploads\/2021\/04\/Olaf-1-14.jpg\" data-object-fit=\"cover\"\/><span aria-hidden=\"true\" class=\"wp-block-cover__background has-background-dim\"><\/span><div class=\"wp-block-cover__inner-container is-layout-flow wp-block-cover-is-layout-flow\">\n<p class=\"has-text-align-center has-large-font-size\">LKW Kutscher Olaf AUSVERKAUFT<\/p>\n<\/div><\/div>\n\n\n\n<figure class=\"wp-block-image size-large\"><a href=\"http:\/\/toensfeldt-modellbau.de\/wp-content\/uploads\/2021\/04\/Gerd-1-14.jpg\"><img loading=\"lazy\" decoding=\"async\" width=\"165\" height=\"283\" src=\"http:\/\/toensfeldt-modellbau.de\/wp-content\/uploads\/2021\/04\/Gerd-1-14.jpg\" alt=\"\" class=\"wp-image-4562\"\/><\/a><figcaption class=\"wp-element-caption\">LKW Kutscher Gerd<\/figcaption><\/figure>\n\n\n\n<p>Technische Daten Kutscher:<\/p>\n\n\n\n<ul class=\"wp-block-list\">\n<li>Breite: ca. 47 mm \u00fcber die Schultern<\/li>\n\n\n\n<li>H\u00f6he: ca. 12,7 cm<\/li>\n\n\n\n<li>Tiefe: ca. 19 mm<\/li>\n<\/ul>\n\n\n\n<p>Art. Nr. Bestell Text:<\/p>\n\n\n\n<ul class=\"wp-block-list\">\n<li><span class=\"has-inline-color has-vivid-red-color\">050302<\/span> TMV LKW Kutscher &#8222;Gerd&#8220;<\/li>\n\n\n\n<li><mark style=\"background-color:rgba(0, 0, 0, 0)\" class=\"has-inline-color has-black-color\">050302<\/mark> TMV LKW Kutscher &#8222;Gerd noch 2 vorhanden<\/li>\n<\/ul>\n\n\n\n<figure class=\"wp-block-image size-large is-resized\"><a href=\"http:\/\/toensfeldt-modellbau.de\/wp-content\/uploads\/2021\/06\/Kutscher-Olaf-MB-SLT-Int.jpg\"><img loading=\"lazy\" decoding=\"async\" width=\"425\" height=\"283\" src=\"http:\/\/toensfeldt-modellbau.de\/wp-content\/uploads\/2021\/06\/Kutscher-Olaf-MB-SLT-Int.jpg\" alt=\"\" class=\"wp-image-4672\" style=\"width:670px;height:auto\" srcset=\"https:\/\/toensfeldt-modellbau.de\/wp-content\/uploads\/2021\/06\/Kutscher-Olaf-MB-SLT-Int.jpg 425w, https:\/\/toensfeldt-modellbau.de\/wp-content\/uploads\/2021\/06\/Kutscher-Olaf-MB-SLT-Int-300x200.jpg 300w\" sizes=\"auto, (max-width: 425px) 100vw, 425px\" \/><\/a><figcaption class=\"wp-element-caption\">Kutscher &#8220; Olaf &#8220; am Steuer <\/figcaption><\/figure>\n\n\n\n<p>Herstellerdaten gem\u00e4s GPSR<\/p>\n\n\n\n<p>Olaf T\u00f6nsfeldt<br>T\u00f6nsfeldt Modellbau Vertrieb<br>Nobiskr\u00fcger Allee 20<br>24768 Rendsburg<\/p>\n\n\n\n<p><strong>Deutschland<\/strong><br>Tel.: 0049 (0 ) 43 31\/ 51 95<br>E-Mail an: <a href=\"mailto:tmv@toensfeldt-modellbau.de\">tmv@toensfeldt-modellbau.de<\/a><\/p>\n","protected":false},"excerpt":{"rendered":"<p>TMV LKW Kutscher &amp; Kutscherin im Ma\u00dfstab 1:14 ! Die Kutscher werden aus einem Drahtgestell gebaut und mit Schaumstoff umwickelt dann bekommen die Kutscher noch ihre Kleindung an. Die K\u00f6pfe werden von Handbemahlt und die Haare werden aufgebracht. Alle Kutscher &hellip; <a href=\"https:\/\/toensfeldt-modellbau.de\/?page_id=4550\">Weiterlesen <span class=\"meta-nav\">&rarr;<\/span><\/a><\/p>\n","protected":false},"author":2,"featured_media":0,"parent":0,"menu_order":0,"comment_status":"closed","ping_status":"closed","template":"","meta":{"footnotes":""},"class_list":["post-4550","page","type-page","status-publish","hentry"],"_links":{"self":[{"href":"https:\/\/toensfeldt-modellbau.de\/index.php?rest_route=\/wp\/v2\/pages\/4550","targetHints":{"allow":["GET"]}}],"collection":[{"href":"https:\/\/toensfeldt-modellbau.de\/index.php?rest_route=\/wp\/v2\/pages"}],"about":[{"href":"https:\/\/toensfeldt-modellbau.de\/index.php?rest_route=\/wp\/v2\/types\/page"}],"author":[{"embeddable":true,"href":"https:\/\/toensfeldt-modellbau.de\/index.php?rest_route=\/wp\/v2\/users\/2"}],"replies":[{"embeddable":true,"href":"https:\/\/toensfeldt-modellbau.de\/index.php?rest_route=%2Fwp%2Fv2%2Fcomments&post=4550"}],"version-history":[{"count":13,"href":"https:\/\/toensfeldt-modellbau.de\/index.php?rest_route=\/wp\/v2\/pages\/4550\/revisions"}],"predecessor-version":[{"id":8087,"href":"https:\/\/toensfeldt-modellbau.de\/index.php?rest_route=\/wp\/v2\/pages\/4550\/revisions\/8087"}],"wp:attachment":[{"href":"https:\/\/toensfeldt-modellbau.de\/index.php?rest_route=%2Fwp%2Fv2%2Fmedia&parent=4550"}],"curies":[{"name":"wp","href":"https:\/\/api.w.org\/{rel}","templated":true}]}}