{"id":4644,"date":"2021-05-05T17:57:14","date_gmt":"2021-05-05T15:57:14","guid":{"rendered":"http:\/\/toensfeldt-modellbau.de\/?page_id=4644"},"modified":"2023-01-13T17:24:07","modified_gmt":"2023-01-13T15:24:07","slug":"tmv-aufbau","status":"publish","type":"page","link":"https:\/\/toensfeldt-modellbau.de\/?page_id=4644","title":{"rendered":"TMV Aufbau"},"content":{"rendered":"\n<p>Hier wird durch T\u00f6nsfeldt Modellbau &#8211; Vertrieb ein Tamiya Volvo FH 16 Tow Truck aufgebaut !<\/p>\n\n\n\n<figure class=\"wp-block-image size-large\"><a href=\"http:\/\/toensfeldt-modellbau.de\/wp-content\/uploads\/2021\/05\/Fahrgestell-oben.jpg\"><img loading=\"lazy\" decoding=\"async\" width=\"567\" height=\"168\" src=\"http:\/\/toensfeldt-modellbau.de\/wp-content\/uploads\/2021\/05\/Fahrgestell-oben.jpg\" alt=\"\" class=\"wp-image-4641\" srcset=\"https:\/\/toensfeldt-modellbau.de\/wp-content\/uploads\/2021\/05\/Fahrgestell-oben.jpg 567w, https:\/\/toensfeldt-modellbau.de\/wp-content\/uploads\/2021\/05\/Fahrgestell-oben-300x89.jpg 300w\" sizes=\"auto, (max-width: 567px) 100vw, 567px\" \/><\/a><figcaption class=\"wp-element-caption\">TMV Fahrgestell Ansicht von oben<\/figcaption><\/figure>\n\n\n\n<figure class=\"wp-block-image size-large\"><a href=\"http:\/\/toensfeldt-modellbau.de\/wp-content\/uploads\/2021\/05\/Fahrgestell-unten.jpg\"><img loading=\"lazy\" decoding=\"async\" width=\"567\" height=\"176\" src=\"http:\/\/toensfeldt-modellbau.de\/wp-content\/uploads\/2021\/05\/Fahrgestell-unten.jpg\" alt=\"\" class=\"wp-image-4642\" srcset=\"https:\/\/toensfeldt-modellbau.de\/wp-content\/uploads\/2021\/05\/Fahrgestell-unten.jpg 567w, https:\/\/toensfeldt-modellbau.de\/wp-content\/uploads\/2021\/05\/Fahrgestell-unten-300x93.jpg 300w\" sizes=\"auto, (max-width: 567px) 100vw, 567px\" \/><\/a><figcaption class=\"wp-element-caption\">TMV Fahrgestell Ansicht von unten<\/figcaption><\/figure>\n\n\n\n<figure class=\"wp-block-image size-large\"><a href=\"http:\/\/toensfeldt-modellbau.de\/wp-content\/uploads\/2021\/05\/Rolling-Chassi.jpg\"><img loading=\"lazy\" decoding=\"async\" width=\"567\" height=\"208\" src=\"http:\/\/toensfeldt-modellbau.de\/wp-content\/uploads\/2021\/05\/Rolling-Chassi.jpg\" alt=\"\" class=\"wp-image-4643\" srcset=\"https:\/\/toensfeldt-modellbau.de\/wp-content\/uploads\/2021\/05\/Rolling-Chassi.jpg 567w, https:\/\/toensfeldt-modellbau.de\/wp-content\/uploads\/2021\/05\/Rolling-Chassi-300x110.jpg 300w\" sizes=\"auto, (max-width: 567px) 100vw, 567px\" \/><\/a><figcaption class=\"wp-element-caption\">TMV Fahrgestell rollend<\/figcaption><\/figure>\n\n\n\n<p>Unterflur Motorgetriebeeinheit mit Montageplatte von Servonaut mit Tamiya Kardanwelle auf originale Tamiya Differentiale, die ausgestattet sind mit Kugellagern. Tamiya Vorderachsen mit Radbolzen Umbausatz von Carson und Kugellagern in den Tamiya Felgen.<\/p>\n\n\n\n<figure class=\"wp-block-image size-full\"><a href=\"http:\/\/toensfeldt-modellbau.de\/wp-content\/uploads\/2022\/05\/Fahrgestell-mit-Ausleger.jpg\"><img loading=\"lazy\" decoding=\"async\" width=\"567\" height=\"244\" src=\"http:\/\/toensfeldt-modellbau.de\/wp-content\/uploads\/2022\/05\/Fahrgestell-mit-Ausleger.jpg\" alt=\"\" class=\"wp-image-6757\" srcset=\"https:\/\/toensfeldt-modellbau.de\/wp-content\/uploads\/2022\/05\/Fahrgestell-mit-Ausleger.jpg 567w, https:\/\/toensfeldt-modellbau.de\/wp-content\/uploads\/2022\/05\/Fahrgestell-mit-Ausleger-300x129.jpg 300w\" sizes=\"auto, (max-width: 567px) 100vw, 567px\" \/><\/a><figcaption class=\"wp-element-caption\">TMV Fahrgestell mit Ausleger<\/figcaption><\/figure>\n\n\n\n<figure class=\"wp-block-image size-full\"><a href=\"http:\/\/toensfeldt-modellbau.de\/wp-content\/uploads\/2022\/05\/Fahrerhaus.jpg\"><img loading=\"lazy\" decoding=\"async\" width=\"567\" height=\"315\" src=\"http:\/\/toensfeldt-modellbau.de\/wp-content\/uploads\/2022\/05\/Fahrerhaus.jpg\" alt=\"\" class=\"wp-image-6756\" srcset=\"https:\/\/toensfeldt-modellbau.de\/wp-content\/uploads\/2022\/05\/Fahrerhaus.jpg 567w, https:\/\/toensfeldt-modellbau.de\/wp-content\/uploads\/2022\/05\/Fahrerhaus-300x167.jpg 300w\" sizes=\"auto, (max-width: 567px) 100vw, 567px\" \/><\/a><figcaption class=\"wp-element-caption\">TMV Fahrgestell mit Faherhaus und Innenk\u00e4sten<\/figcaption><\/figure>\n\n\n\n<figure class=\"wp-block-image size-full\"><a href=\"http:\/\/toensfeldt-modellbau.de\/wp-content\/uploads\/2022\/05\/Aufbau-Rechts.jpg\"><img loading=\"lazy\" decoding=\"async\" width=\"567\" height=\"297\" src=\"http:\/\/toensfeldt-modellbau.de\/wp-content\/uploads\/2022\/05\/Aufbau-Rechts.jpg\" alt=\"\" class=\"wp-image-6755\" srcset=\"https:\/\/toensfeldt-modellbau.de\/wp-content\/uploads\/2022\/05\/Aufbau-Rechts.jpg 567w, https:\/\/toensfeldt-modellbau.de\/wp-content\/uploads\/2022\/05\/Aufbau-Rechts-300x157.jpg 300w\" sizes=\"auto, (max-width: 567px) 100vw, 567px\" \/><\/a><figcaption class=\"wp-element-caption\">TMV Fahrgestell rechts<\/figcaption><\/figure>\n\n\n\n<figure class=\"wp-block-image size-full is-resized\"><a href=\"http:\/\/toensfeldt-modellbau.de\/wp-content\/uploads\/2022\/05\/Aufbau-Links.jpg\"><img loading=\"lazy\" decoding=\"async\" src=\"http:\/\/toensfeldt-modellbau.de\/wp-content\/uploads\/2022\/05\/Aufbau-Links.jpg\" alt=\"\" class=\"wp-image-6754\" width=\"567\" height=\"295\" srcset=\"https:\/\/toensfeldt-modellbau.de\/wp-content\/uploads\/2022\/05\/Aufbau-Links.jpg 567w, https:\/\/toensfeldt-modellbau.de\/wp-content\/uploads\/2022\/05\/Aufbau-Links-300x156.jpg 300w\" sizes=\"auto, (max-width: 567px) 100vw, 567px\" \/><\/a><figcaption class=\"wp-element-caption\">TMV Fahrgestell links<\/figcaption><\/figure>\n\n\n\n<figure class=\"wp-block-image size-full\"><a href=\"http:\/\/toensfeldt-modellbau.de\/wp-content\/uploads\/2022\/06\/Aufbau-TT-Rechts.jpg\"><img loading=\"lazy\" decoding=\"async\" width=\"567\" height=\"306\" src=\"http:\/\/toensfeldt-modellbau.de\/wp-content\/uploads\/2022\/06\/Aufbau-TT-Rechts.jpg\" alt=\"\" class=\"wp-image-6766\" srcset=\"https:\/\/toensfeldt-modellbau.de\/wp-content\/uploads\/2022\/06\/Aufbau-TT-Rechts.jpg 567w, https:\/\/toensfeldt-modellbau.de\/wp-content\/uploads\/2022\/06\/Aufbau-TT-Rechts-300x162.jpg 300w\" sizes=\"auto, (max-width: 567px) 100vw, 567px\" \/><\/a><figcaption class=\"wp-element-caption\">TMV Aufbau Rechts<\/figcaption><\/figure>\n\n\n\n<figure class=\"wp-block-image size-full\"><a href=\"http:\/\/toensfeldt-modellbau.de\/wp-content\/uploads\/2022\/06\/Aufbau-TT-Front.jpg\"><img loading=\"lazy\" decoding=\"async\" width=\"425\" height=\"577\" src=\"http:\/\/toensfeldt-modellbau.de\/wp-content\/uploads\/2022\/06\/Aufbau-TT-Front.jpg\" alt=\"\" class=\"wp-image-6763\" srcset=\"https:\/\/toensfeldt-modellbau.de\/wp-content\/uploads\/2022\/06\/Aufbau-TT-Front.jpg 425w, https:\/\/toensfeldt-modellbau.de\/wp-content\/uploads\/2022\/06\/Aufbau-TT-Front-221x300.jpg 221w\" sizes=\"auto, (max-width: 425px) 100vw, 425px\" \/><\/a><figcaption class=\"wp-element-caption\">TMV Aufbau Front<\/figcaption><\/figure>\n\n\n\n<figure class=\"wp-block-image size-full\"><a href=\"http:\/\/toensfeldt-modellbau.de\/wp-content\/uploads\/2022\/06\/Aufbau-TT-Links.jpg\"><img loading=\"lazy\" decoding=\"async\" width=\"567\" height=\"277\" src=\"http:\/\/toensfeldt-modellbau.de\/wp-content\/uploads\/2022\/06\/Aufbau-TT-Links.jpg\" alt=\"\" class=\"wp-image-6765\" srcset=\"https:\/\/toensfeldt-modellbau.de\/wp-content\/uploads\/2022\/06\/Aufbau-TT-Links.jpg 567w, https:\/\/toensfeldt-modellbau.de\/wp-content\/uploads\/2022\/06\/Aufbau-TT-Links-300x147.jpg 300w\" sizes=\"auto, (max-width: 567px) 100vw, 567px\" \/><\/a><figcaption class=\"wp-element-caption\">TMV Aufbau Links<\/figcaption><\/figure>\n\n\n\n<figure class=\"wp-block-image size-full\"><a href=\"http:\/\/toensfeldt-modellbau.de\/wp-content\/uploads\/2022\/06\/Aufbau-TT-Heck.jpg\"><img loading=\"lazy\" decoding=\"async\" width=\"425\" height=\"559\" src=\"http:\/\/toensfeldt-modellbau.de\/wp-content\/uploads\/2022\/06\/Aufbau-TT-Heck.jpg\" alt=\"\" class=\"wp-image-6764\" srcset=\"https:\/\/toensfeldt-modellbau.de\/wp-content\/uploads\/2022\/06\/Aufbau-TT-Heck.jpg 425w, https:\/\/toensfeldt-modellbau.de\/wp-content\/uploads\/2022\/06\/Aufbau-TT-Heck-228x300.jpg 228w\" sizes=\"auto, (max-width: 425px) 100vw, 425px\" \/><\/a><figcaption class=\"wp-element-caption\">TMV Aufbau Heck Unterfahrlift hochgeklapt<\/figcaption><\/figure>\n\n\n\n<figure class=\"wp-block-image size-full\"><a href=\"http:\/\/toensfeldt-modellbau.de\/wp-content\/uploads\/2022\/08\/Schrift-Links.jpg\"><img loading=\"lazy\" decoding=\"async\" width=\"567\" height=\"406\" src=\"http:\/\/toensfeldt-modellbau.de\/wp-content\/uploads\/2022\/08\/Schrift-Links.jpg\" alt=\"\" class=\"wp-image-6884\" srcset=\"https:\/\/toensfeldt-modellbau.de\/wp-content\/uploads\/2022\/08\/Schrift-Links.jpg 567w, https:\/\/toensfeldt-modellbau.de\/wp-content\/uploads\/2022\/08\/Schrift-Links-300x215.jpg 300w\" sizes=\"auto, (max-width: 567px) 100vw, 567px\" \/><\/a><\/figure>\n\n\n\n<figure class=\"wp-block-image size-full\"><a href=\"http:\/\/toensfeldt-modellbau.de\/wp-content\/uploads\/2022\/08\/Schrift-vorne-Links.jpg\"><img loading=\"lazy\" decoding=\"async\" width=\"567\" height=\"461\" src=\"http:\/\/toensfeldt-modellbau.de\/wp-content\/uploads\/2022\/08\/Schrift-vorne-Links.jpg\" alt=\"\" class=\"wp-image-6886\" srcset=\"https:\/\/toensfeldt-modellbau.de\/wp-content\/uploads\/2022\/08\/Schrift-vorne-Links.jpg 567w, https:\/\/toensfeldt-modellbau.de\/wp-content\/uploads\/2022\/08\/Schrift-vorne-Links-300x244.jpg 300w\" sizes=\"auto, (max-width: 567px) 100vw, 567px\" \/><\/a><\/figure>\n\n\n\n<figure class=\"wp-block-image size-full\"><a href=\"http:\/\/toensfeldt-modellbau.de\/wp-content\/uploads\/2022\/08\/Schrift-Tuer-Links.jpg\"><img loading=\"lazy\" decoding=\"async\" width=\"425\" height=\"319\" src=\"http:\/\/toensfeldt-modellbau.de\/wp-content\/uploads\/2022\/08\/Schrift-Tuer-Links.jpg\" alt=\"\" class=\"wp-image-6885\" srcset=\"https:\/\/toensfeldt-modellbau.de\/wp-content\/uploads\/2022\/08\/Schrift-Tuer-Links.jpg 425w, https:\/\/toensfeldt-modellbau.de\/wp-content\/uploads\/2022\/08\/Schrift-Tuer-Links-300x225.jpg 300w\" sizes=\"auto, (max-width: 425px) 100vw, 425px\" \/><\/a><\/figure>\n\n\n\n<figure class=\"wp-block-image size-full\"><a href=\"http:\/\/toensfeldt-modellbau.de\/wp-content\/uploads\/2022\/09\/Schrift-Hinten1.jpg\"><img loading=\"lazy\" decoding=\"async\" width=\"567\" height=\"475\" src=\"http:\/\/toensfeldt-modellbau.de\/wp-content\/uploads\/2022\/09\/Schrift-Hinten1.jpg\" alt=\"\" class=\"wp-image-6938\" srcset=\"https:\/\/toensfeldt-modellbau.de\/wp-content\/uploads\/2022\/09\/Schrift-Hinten1.jpg 567w, https:\/\/toensfeldt-modellbau.de\/wp-content\/uploads\/2022\/09\/Schrift-Hinten1-300x251.jpg 300w\" sizes=\"auto, (max-width: 567px) 100vw, 567px\" \/><\/a><figcaption class=\"wp-element-caption\">Heck mit Unterfahrlift  hoch geklapt<\/figcaption><\/figure>\n\n\n\n<figure class=\"wp-block-image size-full\"><a href=\"http:\/\/toensfeldt-modellbau.de\/wp-content\/uploads\/2022\/09\/Schrift-Hinten2.jpg\"><img loading=\"lazy\" decoding=\"async\" width=\"567\" height=\"538\" src=\"http:\/\/toensfeldt-modellbau.de\/wp-content\/uploads\/2022\/09\/Schrift-Hinten2.jpg\" alt=\"\" class=\"wp-image-6939\" srcset=\"https:\/\/toensfeldt-modellbau.de\/wp-content\/uploads\/2022\/09\/Schrift-Hinten2.jpg 567w, https:\/\/toensfeldt-modellbau.de\/wp-content\/uploads\/2022\/09\/Schrift-Hinten2-300x285.jpg 300w\" sizes=\"auto, (max-width: 567px) 100vw, 567px\" \/><\/a><figcaption class=\"wp-element-caption\">Heck Beschriftet<\/figcaption><\/figure>\n\n\n\n<figure class=\"wp-block-image size-full\"><a href=\"http:\/\/toensfeldt-modellbau.de\/wp-content\/uploads\/2023\/01\/T-Balken-LKW-Int.jpg\"><img loading=\"lazy\" decoding=\"async\" width=\"567\" height=\"688\" src=\"http:\/\/toensfeldt-modellbau.de\/wp-content\/uploads\/2023\/01\/T-Balken-LKW-Int.jpg\" alt=\"\" class=\"wp-image-7020\" srcset=\"https:\/\/toensfeldt-modellbau.de\/wp-content\/uploads\/2023\/01\/T-Balken-LKW-Int.jpg 567w, https:\/\/toensfeldt-modellbau.de\/wp-content\/uploads\/2023\/01\/T-Balken-LKW-Int-247x300.jpg 247w\" sizes=\"auto, (max-width: 567px) 100vw, 567px\" \/><\/a><figcaption class=\"wp-element-caption\">Heck mit Unterfahrlift und kurzem TMV T-Balken<\/figcaption><\/figure>\n\n\n\n<p><strong><em>TMV Fahrgestell Tow Truck:<\/em><\/strong><\/p>\n\n\n\n<ul class=\"wp-block-list\">\n<li>Vorderachsen Tamiya<\/li>\n\n\n\n<li>Spurstangen Tamiya <\/li>\n\n\n\n<li>Vorderachanlenkung Servonaut<\/li>\n\n\n\n<li>Hinterachsen Tamiya<\/li>\n\n\n\n<li>Antrieb Unterflur Servonaut<\/li>\n<\/ul>\n\n\n\n<p><strong><em>TMV Fahrerhaus Aufbau:<\/em><\/strong><\/p>\n\n\n\n<ul class=\"wp-block-list\">\n<li>Fahrerhaus Tamiya<\/li>\n\n\n\n<li>Fahrerhaus Beleuchtung Ecken oben Carson<\/li>\n\n\n\n<li>Dachlampen Carson<\/li>\n\n\n\n<li>Scheinwerfer Servonaut<\/li>\n\n\n\n<li>Bullenf\u00e4nger mit Beleuchtung<\/li>\n\n\n\n<li>Lackierung &#8222;Michael Seyfarth&#8220; MS-Graphixx.<\/li>\n\n\n\n<li>Beschriftung &#8222;Michael Seyfarth&#8220; MS-Graphixx.<\/li>\n<\/ul>\n\n\n\n<p><strong><em>TMV Aufbau Tow Truck:<\/em><\/strong><\/p>\n\n\n\n<ul class=\"wp-block-list\">\n<li>Aufbauten Tamiya<\/li>\n\n\n\n<li>Ausleger Tamiya<\/li>\n\n\n\n<li>Ausleger anheben elektrisch<\/li>\n\n\n\n<li>Unterfahrlift abkippen elektrisch<\/li>\n\n\n\n<li>Seitenbeleuchtung Carson<\/li>\n\n\n\n<li>Lackierung K\u00e4sten innen &#8222;Michael Seyfarth&#8220; MS-Graphixx<\/li>\n\n\n\n<li>Lackierung aussen &#8222;Michael Seyfarth&#8220; MS-Graphixx<\/li>\n\n\n\n<li>Beschriftung &#8222;Michael Seyfarth&#8220; MS-Graphixx.<\/li>\n<\/ul>\n\n\n\n<p><strong><em>TMV Aufbau Ausleger:<\/em><\/strong><\/p>\n\n\n\n<ul class=\"wp-block-list\">\n<li>2 x Winde T\u00f6nsfeldt Modellbau-Vertrieb<\/li>\n\n\n\n<li>2 x Seilf\u00fchrung T\u00f6nsfeldt Modellbau-Vertrieb<\/li>\n\n\n\n<li>2 x Seilrollen Seilf\u00fchrung T\u00f6nsfeldt Modellbau-Vertrieb<\/li>\n\n\n\n<li>Seil &amp; Haken 1 x Gelb und 1 x Blau T\u00f6nsfeldt Modellbau-Vertrieb<\/li>\n\n\n\n<li>Anschlagpunkt f\u00fcr Haken Blau &amp; Gelb T\u00f6nsfeldt Modellbau-Vertrieb<\/li>\n\n\n\n<li>Anschlagpunkt f\u00fcr Umlenkrolle Klemmblech mit \u00d6se Lang Blau &amp; Gelb T\u00f6nsfeldt Modellbau<\/li>\n\n\n\n<li>Anschlagpunkt f\u00fcr Umlenkrolle Klemmblech mit \u00d6se Lang Verzinkt T\u00f6nsfeldt Modellbau<\/li>\n\n\n\n<li>D-Ringe verzinkt T\u00f6nsfeldt Modellbau-Vertrieb<\/li>\n<\/ul>\n\n\n\n<p><mark style=\"background-color:rgba(0, 0, 0, 0)\" class=\"has-inline-color has-vivid-cyan-blue-color\">Die namentliche Nennung von Herstellern und Produkten erfolgt nur zum Zweck der eindeutigen Bezeichnung der Artikel der einzelnen Hersteller. Einige der auf dieser Internetseite genannten Produktnamen sind eingetragene Warenzeichen bzw. unterliegen dem Copyright der jeweiligen Eigent\u00fcmer.<\/mark><\/p>\n","protected":false},"excerpt":{"rendered":"<p>Hier wird durch T\u00f6nsfeldt Modellbau &#8211; Vertrieb ein Tamiya Volvo FH 16 Tow Truck aufgebaut ! Unterflur Motorgetriebeeinheit mit Montageplatte von Servonaut mit Tamiya Kardanwelle auf originale Tamiya Differentiale, die ausgestattet sind mit Kugellagern. Tamiya Vorderachsen mit Radbolzen Umbausatz von &hellip; <a href=\"https:\/\/toensfeldt-modellbau.de\/?page_id=4644\">Weiterlesen <span class=\"meta-nav\">&rarr;<\/span><\/a><\/p>\n","protected":false},"author":2,"featured_media":0,"parent":0,"menu_order":0,"comment_status":"closed","ping_status":"closed","template":"","meta":{"footnotes":""},"class_list":["post-4644","page","type-page","status-publish","hentry"],"_links":{"self":[{"href":"https:\/\/toensfeldt-modellbau.de\/index.php?rest_route=\/wp\/v2\/pages\/4644","targetHints":{"allow":["GET"]}}],"collection":[{"href":"https:\/\/toensfeldt-modellbau.de\/index.php?rest_route=\/wp\/v2\/pages"}],"about":[{"href":"https:\/\/toensfeldt-modellbau.de\/index.php?rest_route=\/wp\/v2\/types\/page"}],"author":[{"embeddable":true,"href":"https:\/\/toensfeldt-modellbau.de\/index.php?rest_route=\/wp\/v2\/users\/2"}],"replies":[{"embeddable":true,"href":"https:\/\/toensfeldt-modellbau.de\/index.php?rest_route=%2Fwp%2Fv2%2Fcomments&post=4644"}],"version-history":[{"count":27,"href":"https:\/\/toensfeldt-modellbau.de\/index.php?rest_route=\/wp\/v2\/pages\/4644\/revisions"}],"predecessor-version":[{"id":7023,"href":"https:\/\/toensfeldt-modellbau.de\/index.php?rest_route=\/wp\/v2\/pages\/4644\/revisions\/7023"}],"wp:attachment":[{"href":"https:\/\/toensfeldt-modellbau.de\/index.php?rest_route=%2Fwp%2Fv2%2Fmedia&parent=4644"}],"curies":[{"name":"wp","href":"https:\/\/api.w.org\/{rel}","templated":true}]}}