{"id":4675,"date":"2021-06-10T08:39:59","date_gmt":"2021-06-10T06:39:59","guid":{"rendered":"http:\/\/toensfeldt-modellbau.de\/?page_id=4675"},"modified":"2025-03-08T12:36:44","modified_gmt":"2025-03-08T10:36:44","slug":"3d-druck","status":"publish","type":"page","link":"https:\/\/toensfeldt-modellbau.de\/?page_id=4675","title":{"rendered":"3D Druck"},"content":{"rendered":"\n<p><strong><em><span class=\"has-inline-color has-blue-color\">Wir Liefern das gesamte Program von Andys Ladegut !<\/span><\/em><\/strong><\/p>\n\n\n\n<p><strong><em><span class=\"has-inline-color has-vivid-red-color\">Erdtank<\/span><\/em><\/strong><\/p>\n\n\n\n<figure class=\"wp-block-image size-large\"><a href=\"http:\/\/toensfeldt-modellbau.de\/wp-content\/uploads\/2021\/06\/2-Erdtanks.jpg\"><img loading=\"lazy\" decoding=\"async\" width=\"425\" height=\"280\" src=\"http:\/\/toensfeldt-modellbau.de\/wp-content\/uploads\/2021\/06\/2-Erdtanks.jpg\" alt=\"\" class=\"wp-image-4678\" srcset=\"https:\/\/toensfeldt-modellbau.de\/wp-content\/uploads\/2021\/06\/2-Erdtanks.jpg 425w, https:\/\/toensfeldt-modellbau.de\/wp-content\/uploads\/2021\/06\/2-Erdtanks-300x198.jpg 300w\" sizes=\"auto, (max-width: 425px) 100vw, 425px\" \/><\/a><\/figure>\n\n\n\n<p>Erdtank im 3D Druck.<\/p>\n\n\n\n<figure class=\"wp-block-image size-large\"><a href=\"http:\/\/toensfeldt-modellbau.de\/wp-content\/uploads\/2021\/06\/Erdtank.jpg\"><img loading=\"lazy\" decoding=\"async\" width=\"283\" height=\"258\" src=\"http:\/\/toensfeldt-modellbau.de\/wp-content\/uploads\/2021\/06\/Erdtank.jpg\" alt=\"\" class=\"wp-image-4679\"\/><\/a><\/figure>\n\n\n\n<ul class=\"wp-block-list\">\n<li><strong>LxBxH:<\/strong>16cm x 9,8cm x 15cm<\/li>\n\n\n\n<li><strong>Gewicht:<\/strong> 180g<\/li>\n<\/ul>\n\n\n\n<p>Art. Nr. Bestelltext:<\/p>\n\n\n\n<p><span class=\"has-inline-color has-vivid-red-color\">050088<\/span> Erdtank<\/p>\n\n\n\n<p><span class=\"has-inline-color has-vivid-red-color\"><em><strong>Metalstapel Box <\/strong><\/em><\/span><\/p>\n\n\n\n<figure class=\"wp-block-image size-large\"><a href=\"http:\/\/toensfeldt-modellbau.de\/wp-content\/uploads\/2021\/06\/4-MSB.jpg\"><img loading=\"lazy\" decoding=\"async\" width=\"425\" height=\"253\" src=\"http:\/\/toensfeldt-modellbau.de\/wp-content\/uploads\/2021\/06\/4-MSB.jpg\" alt=\"\" class=\"wp-image-4682\" srcset=\"https:\/\/toensfeldt-modellbau.de\/wp-content\/uploads\/2021\/06\/4-MSB.jpg 425w, https:\/\/toensfeldt-modellbau.de\/wp-content\/uploads\/2021\/06\/4-MSB-300x179.jpg 300w\" sizes=\"auto, (max-width: 425px) 100vw, 425px\" \/><\/a><\/figure>\n\n\n\n<p>Stapelbox, geschlossene Form. Stapelbar mit 4 F\u00fc\u00dfen. Eisengrau oder Olivgr\u00fcn.<\/p>\n\n\n\n<figure class=\"wp-block-image size-large\"><a href=\"http:\/\/toensfeldt-modellbau.de\/wp-content\/uploads\/2021\/06\/MSB-Grau.jpg\"><img loading=\"lazy\" decoding=\"async\" width=\"283\" height=\"137\" src=\"http:\/\/toensfeldt-modellbau.de\/wp-content\/uploads\/2021\/06\/MSB-Grau.jpg\" alt=\"\" class=\"wp-image-4683\"\/><\/a><\/figure>\n\n\n\n<figure class=\"wp-block-image size-large\"><a href=\"http:\/\/toensfeldt-modellbau.de\/wp-content\/uploads\/2021\/06\/MSB-Oliv.jpg\"><img loading=\"lazy\" decoding=\"async\" width=\"283\" height=\"146\" src=\"http:\/\/toensfeldt-modellbau.de\/wp-content\/uploads\/2021\/06\/MSB-Oliv.jpg\" alt=\"\" class=\"wp-image-4684\"\/><\/a><\/figure>\n\n\n\n<p>Ma\u00dfe 1:14<\/p>\n\n\n\n<ul class=\"wp-block-list\">\n<li><strong>LxBxH:<\/strong> 87 x 74 x 46mm<\/li>\n\n\n\n<li><strong>Gewicht:<\/strong> 27g<\/li>\n<\/ul>\n\n\n\n<p>Ma\u00dfe 1:16<\/p>\n\n\n\n<ul class=\"wp-block-list\">\n<li><strong>LxBxH:<\/strong> 80 x 68 x 42 mm<\/li>\n\n\n\n<li><strong>Gewicht:<\/strong> 23g<\/li>\n<\/ul>\n\n\n\n<p>Art. Nr. Bestelltext:<\/p>\n\n\n\n<ul class=\"wp-block-list\">\n<li><span class=\"has-inline-color has-vivid-red-color\">050070<\/span> MetalstapelBox 1:14,5 Eisengrau<\/li>\n\n\n\n<li><span class=\"has-inline-color has-vivid-red-color\">050071<\/span> MetalstapelBox 1:14,5 Olivgr\u00fcn<\/li>\n\n\n\n<li><span class=\"has-inline-color has-vivid-red-color\">050072<\/span> MetalstapelBox 1:16 Eisengrau<\/li>\n\n\n\n<li><span class=\"has-inline-color has-vivid-red-color\">050073<\/span> MetalstapelBox 1:16 Olivgr\u00fcn<\/li>\n<\/ul>\n\n\n\n<p>Big Box<\/p>\n\n\n\n<figure class=\"wp-block-image size-large\"><a href=\"http:\/\/toensfeldt-modellbau.de\/wp-content\/uploads\/2021\/11\/4-KSB-Gross.jpg\"><img loading=\"lazy\" decoding=\"async\" width=\"425\" height=\"278\" src=\"http:\/\/toensfeldt-modellbau.de\/wp-content\/uploads\/2021\/11\/4-KSB-Gross.jpg\" alt=\"\" class=\"wp-image-5710\" srcset=\"https:\/\/toensfeldt-modellbau.de\/wp-content\/uploads\/2021\/11\/4-KSB-Gross.jpg 425w, https:\/\/toensfeldt-modellbau.de\/wp-content\/uploads\/2021\/11\/4-KSB-Gross-300x196.jpg 300w\" sizes=\"auto, (max-width: 425px) 100vw, 425px\" \/><\/a><\/figure>\n\n\n\n<p>Big Box aus dem 3d-Drucker<\/p>\n\n\n\n<figure class=\"wp-block-image size-large\"><a href=\"http:\/\/toensfeldt-modellbau.de\/wp-content\/uploads\/2021\/11\/KSB-Weiss1.jpg\"><img loading=\"lazy\" decoding=\"async\" width=\"283\" height=\"146\" src=\"http:\/\/toensfeldt-modellbau.de\/wp-content\/uploads\/2021\/11\/KSB-Weiss1.jpg\" alt=\"\" class=\"wp-image-5712\"\/><\/a><\/figure>\n\n\n\n<figure class=\"wp-block-image size-large\"><a href=\"http:\/\/toensfeldt-modellbau.de\/wp-content\/uploads\/2021\/11\/KSB-Blau2.jpg\"><img loading=\"lazy\" decoding=\"async\" width=\"283\" height=\"160\" src=\"http:\/\/toensfeldt-modellbau.de\/wp-content\/uploads\/2021\/11\/KSB-Blau2.jpg\" alt=\"\" class=\"wp-image-5711\"\/><\/a><\/figure>\n\n\n\n<p>Maststab 1:14.5<\/p>\n\n\n\n<ul class=\"wp-block-list\">\n<li><strong>LxBxH:<\/strong> 83 x 69 x 54<\/li>\n\n\n\n<li><strong>Gewicht:<\/strong> 38g<\/li>\n<\/ul>\n\n\n\n<p>Art. Nr. Bestelltext:<\/p>\n\n\n\n<ul class=\"wp-block-list\">\n<li><span class=\"has-inline-color has-vivid-red-color\">050077<\/span> BigBox 1 mit Deckel Blau\/Wei\u00df<\/li>\n\n\n\n<li><span class=\"has-inline-color has-vivid-red-color\">050078<\/span> BigBox 2 Hellgrau<\/li>\n\n\n\n<li><span class=\"has-inline-color has-vivid-red-color\">050079<\/span> BigBox 2 Deckel Schwarz<\/li>\n<\/ul>\n\n\n\n<p><strong>Herstellerdaten gem\u00e4s GPSR<\/strong><\/p>\n\n\n\n<p><strong>Andreas Heier<br>Andys-Ladegut<br>Gr\u00fcnbaumstra\u00dfe 91<br>42659 Solingen<br>Deutschland<br>Telefon: 021222663430<br>E-Mail: info@andys-ladegut.de<\/strong><\/p>\n","protected":false},"excerpt":{"rendered":"<p>Wir Liefern das gesamte Program von Andys Ladegut ! Erdtank Erdtank im 3D Druck. Art. Nr. Bestelltext: 050088 Erdtank Metalstapel Box Stapelbox, geschlossene Form. Stapelbar mit 4 F\u00fc\u00dfen. Eisengrau oder Olivgr\u00fcn. Ma\u00dfe 1:14 Ma\u00dfe 1:16 Art. Nr. Bestelltext: Big Box &hellip; <a href=\"https:\/\/toensfeldt-modellbau.de\/?page_id=4675\">Weiterlesen <span class=\"meta-nav\">&rarr;<\/span><\/a><\/p>\n","protected":false},"author":2,"featured_media":0,"parent":0,"menu_order":0,"comment_status":"closed","ping_status":"closed","template":"","meta":{"footnotes":""},"class_list":["post-4675","page","type-page","status-publish","hentry"],"_links":{"self":[{"href":"https:\/\/toensfeldt-modellbau.de\/index.php?rest_route=\/wp\/v2\/pages\/4675","targetHints":{"allow":["GET"]}}],"collection":[{"href":"https:\/\/toensfeldt-modellbau.de\/index.php?rest_route=\/wp\/v2\/pages"}],"about":[{"href":"https:\/\/toensfeldt-modellbau.de\/index.php?rest_route=\/wp\/v2\/types\/page"}],"author":[{"embeddable":true,"href":"https:\/\/toensfeldt-modellbau.de\/index.php?rest_route=\/wp\/v2\/users\/2"}],"replies":[{"embeddable":true,"href":"https:\/\/toensfeldt-modellbau.de\/index.php?rest_route=%2Fwp%2Fv2%2Fcomments&post=4675"}],"version-history":[{"count":8,"href":"https:\/\/toensfeldt-modellbau.de\/index.php?rest_route=\/wp\/v2\/pages\/4675\/revisions"}],"predecessor-version":[{"id":7616,"href":"https:\/\/toensfeldt-modellbau.de\/index.php?rest_route=\/wp\/v2\/pages\/4675\/revisions\/7616"}],"wp:attachment":[{"href":"https:\/\/toensfeldt-modellbau.de\/index.php?rest_route=%2Fwp%2Fv2%2Fmedia&parent=4675"}],"curies":[{"name":"wp","href":"https:\/\/api.w.org\/{rel}","templated":true}]}}