{"id":4712,"date":"2021-06-25T11:33:47","date_gmt":"2021-06-25T09:33:47","guid":{"rendered":"http:\/\/toensfeldt-modellbau.de\/?page_id=4712"},"modified":"2025-03-08T12:35:57","modified_gmt":"2025-03-08T10:35:57","slug":"sender-koffer","status":"publish","type":"page","link":"https:\/\/toensfeldt-modellbau.de\/?page_id=4712","title":{"rendered":"Koffer Sender"},"content":{"rendered":"\n<figure class=\"wp-block-image size-large\"><a href=\"http:\/\/toensfeldt-modellbau.de\/wp-content\/uploads\/2021\/06\/Koffer.jpg\"><img loading=\"lazy\" decoding=\"async\" width=\"567\" height=\"556\" src=\"http:\/\/toensfeldt-modellbau.de\/wp-content\/uploads\/2021\/06\/Koffer.jpg\" alt=\"\" class=\"wp-image-4708\" srcset=\"https:\/\/toensfeldt-modellbau.de\/wp-content\/uploads\/2021\/06\/Koffer.jpg 567w, https:\/\/toensfeldt-modellbau.de\/wp-content\/uploads\/2021\/06\/Koffer-300x294.jpg 300w\" sizes=\"auto, (max-width: 567px) 100vw, 567px\" \/><\/a><\/figure>\n\n\n\n<p>Koffer mit Rasterschaumstoff f\u00fcr einen Handsender: Hier eine HS 16 mit 3D-Kn\u00fcppeln und Konsole von ServoNaut, geht aber auch f\u00fcr andere Handsender mit und ohne 3D-Kn\u00fcppeln. Dieser Outdoor-Senderkoffer ist wasserdicht und mit einem Ventil f\u00fcr einen Druckausgleich ausger\u00fcstet. Der Kunststoff-Senderkoffer ist robust und l\u00e4sst sich mit einem Vorh\u00e4ngeschlo\u00df gegen unerw\u00fcnschten Zugriff auf den Inhalt sichern. <\/p>\n\n\n\n<figure class=\"wp-block-image size-large\"><a href=\"http:\/\/toensfeldt-modellbau.de\/wp-content\/uploads\/2021\/06\/Koffer-Liegend.jpg\"><img loading=\"lazy\" decoding=\"async\" width=\"425\" height=\"228\" src=\"http:\/\/toensfeldt-modellbau.de\/wp-content\/uploads\/2021\/06\/Koffer-Liegend.jpg\" alt=\"\" class=\"wp-image-4701\" srcset=\"https:\/\/toensfeldt-modellbau.de\/wp-content\/uploads\/2021\/06\/Koffer-Liegend.jpg 425w, https:\/\/toensfeldt-modellbau.de\/wp-content\/uploads\/2021\/06\/Koffer-Liegend-300x161.jpg 300w\" sizes=\"auto, (max-width: 425px) 100vw, 425px\" \/><\/a><\/figure>\n\n\n\n<figure class=\"wp-block-image size-large\"><a href=\"http:\/\/toensfeldt-modellbau.de\/wp-content\/uploads\/2021\/06\/Koffer-Stehent.jpg\"><img loading=\"lazy\" decoding=\"async\" width=\"425\" height=\"339\" src=\"http:\/\/toensfeldt-modellbau.de\/wp-content\/uploads\/2021\/06\/Koffer-Stehent.jpg\" alt=\"\" class=\"wp-image-4707\" srcset=\"https:\/\/toensfeldt-modellbau.de\/wp-content\/uploads\/2021\/06\/Koffer-Stehent.jpg 425w, https:\/\/toensfeldt-modellbau.de\/wp-content\/uploads\/2021\/06\/Koffer-Stehent-300x239.jpg 300w\" sizes=\"auto, (max-width: 425px) 100vw, 425px\" \/><\/a><\/figure>\n\n\n\n<figure class=\"wp-block-image size-large\"><a href=\"http:\/\/toensfeldt-modellbau.de\/wp-content\/uploads\/2021\/06\/Ventiel.jpg\"><img loading=\"lazy\" decoding=\"async\" width=\"425\" height=\"297\" src=\"http:\/\/toensfeldt-modellbau.de\/wp-content\/uploads\/2021\/06\/Ventiel.jpg\" alt=\"\" class=\"wp-image-4718\" srcset=\"https:\/\/toensfeldt-modellbau.de\/wp-content\/uploads\/2021\/06\/Ventiel.jpg 425w, https:\/\/toensfeldt-modellbau.de\/wp-content\/uploads\/2021\/06\/Ventiel-300x210.jpg 300w\" sizes=\"auto, (max-width: 425px) 100vw, 425px\" \/><\/a><\/figure>\n\n\n\n<figure class=\"wp-block-image size-large\"><a href=\"http:\/\/toensfeldt-modellbau.de\/wp-content\/uploads\/2021\/06\/Koffer-Schloss.jpg\"><img loading=\"lazy\" decoding=\"async\" width=\"425\" height=\"364\" src=\"http:\/\/toensfeldt-modellbau.de\/wp-content\/uploads\/2021\/06\/Koffer-Schloss.jpg\" alt=\"\" class=\"wp-image-4706\" srcset=\"https:\/\/toensfeldt-modellbau.de\/wp-content\/uploads\/2021\/06\/Koffer-Schloss.jpg 425w, https:\/\/toensfeldt-modellbau.de\/wp-content\/uploads\/2021\/06\/Koffer-Schloss-300x257.jpg 300w\" sizes=\"auto, (max-width: 425px) 100vw, 425px\" \/><\/a><\/figure>\n\n\n\n<figure class=\"wp-block-image size-large\"><a href=\"http:\/\/toensfeldt-modellbau.de\/wp-content\/uploads\/2021\/06\/Koffer-mit-HS-16-1.jpg\"><img loading=\"lazy\" decoding=\"async\" width=\"425\" height=\"275\" src=\"http:\/\/toensfeldt-modellbau.de\/wp-content\/uploads\/2021\/06\/Koffer-mit-HS-16-1.jpg\" alt=\"\" class=\"wp-image-4705\" srcset=\"https:\/\/toensfeldt-modellbau.de\/wp-content\/uploads\/2021\/06\/Koffer-mit-HS-16-1.jpg 425w, https:\/\/toensfeldt-modellbau.de\/wp-content\/uploads\/2021\/06\/Koffer-mit-HS-16-1-300x194.jpg 300w\" sizes=\"auto, (max-width: 425px) 100vw, 425px\" \/><\/a><figcaption class=\"wp-element-caption\">HS 16 ohne Konsole<\/figcaption><\/figure>\n\n\n\n<figure class=\"wp-block-image size-large\"><a href=\"http:\/\/toensfeldt-modellbau.de\/wp-content\/uploads\/2021\/06\/Koffer-mit-HS-16Konsole2.jpg\"><img loading=\"lazy\" decoding=\"async\" width=\"425\" height=\"296\" src=\"http:\/\/toensfeldt-modellbau.de\/wp-content\/uploads\/2021\/06\/Koffer-mit-HS-16Konsole2.jpg\" alt=\"\" class=\"wp-image-4703\" srcset=\"https:\/\/toensfeldt-modellbau.de\/wp-content\/uploads\/2021\/06\/Koffer-mit-HS-16Konsole2.jpg 425w, https:\/\/toensfeldt-modellbau.de\/wp-content\/uploads\/2021\/06\/Koffer-mit-HS-16Konsole2-300x209.jpg 300w\" sizes=\"auto, (max-width: 425px) 100vw, 425px\" \/><\/a><figcaption class=\"wp-element-caption\">HS 16 mit Konsole in der 1. Rasterschaumstofflage<\/figcaption><\/figure>\n\n\n\n<figure class=\"wp-block-image size-large\"><a href=\"http:\/\/toensfeldt-modellbau.de\/wp-content\/uploads\/2021\/06\/Koffer-mit-HS-16Konsole1.jpg\"><img loading=\"lazy\" decoding=\"async\" width=\"425\" height=\"298\" src=\"http:\/\/toensfeldt-modellbau.de\/wp-content\/uploads\/2021\/06\/Koffer-mit-HS-16Konsole1.jpg\" alt=\"\" class=\"wp-image-4702\" srcset=\"https:\/\/toensfeldt-modellbau.de\/wp-content\/uploads\/2021\/06\/Koffer-mit-HS-16Konsole1.jpg 425w, https:\/\/toensfeldt-modellbau.de\/wp-content\/uploads\/2021\/06\/Koffer-mit-HS-16Konsole1-300x210.jpg 300w\" sizes=\"auto, (max-width: 425px) 100vw, 425px\" \/><\/a><figcaption class=\"wp-element-caption\">HS 16 mit Konsole mit der 2. Rasterschaumstofflage<\/figcaption><\/figure>\n\n\n\n<figure class=\"wp-block-image size-large\"><a href=\"http:\/\/toensfeldt-modellbau.de\/wp-content\/uploads\/2021\/06\/Koffer-mit-HS-16Konsole3.jpg\"><img loading=\"lazy\" decoding=\"async\" width=\"425\" height=\"310\" src=\"http:\/\/toensfeldt-modellbau.de\/wp-content\/uploads\/2021\/06\/Koffer-mit-HS-16Konsole3.jpg\" alt=\"\" class=\"wp-image-4704\" srcset=\"https:\/\/toensfeldt-modellbau.de\/wp-content\/uploads\/2021\/06\/Koffer-mit-HS-16Konsole3.jpg 425w, https:\/\/toensfeldt-modellbau.de\/wp-content\/uploads\/2021\/06\/Koffer-mit-HS-16Konsole3-300x219.jpg 300w\" sizes=\"auto, (max-width: 425px) 100vw, 425px\" \/><\/a><figcaption class=\"wp-element-caption\">HS 16 mit Konsole und Gurt Art. Nr. 050500<\/figcaption><\/figure>\n\n\n\n<p><strong><span style=\"color:#a30028\" class=\"has-inline-color\">Der Senderkoffer bietet optimalen Schutz beim Transport von empfindlichen Gegenst\u00e4nden unter extremen Bedingungen und eignet sich f\u00fcr viele verschiedene Anwendungszwecke.<\/span><\/strong><\/p>\n\n\n\n<ul class=\"wp-block-list\">\n<li>Vielseitig einsetzbar als Koffer f\u00fcr Handsender, Ladeger\u00e4te oder Messger\u00e4te<\/li>\n\n\n\n<li>Sehr robuster und hochwertig verarbeiteter Hartschalenkoffer aus schlagfestem Kunststoff (Polypropylen) in schwarz<\/li>\n\n\n\n<li>Sicherer Transport dank Noppenschaumstoff im Deckel, Rasterschaumstoffmatte und Schaumstoffboden<\/li>\n\n\n\n<li>Rasterschaumstoff mit perforiertem, vorgestanztem Raster zur einfachen, individuellen Anpassung<\/li>\n\n\n\n<li>Wasserdicht bis zu 1 Meter f\u00fcr 30 Minuten (IP67) und staubdicht dank Gummidichtung und Schnappverschl\u00fcssen<\/li>\n\n\n\n<li>Ventilschraube zum Druckausgleich beim Transport im Flugzeug<\/li>\n\n\n\n<li>Temperaturstabil von -20\u00b0C bis +80\u00b0C<\/li>\n\n\n\n<li>Best\u00e4ndig gegen\u00fcber gew\u00f6hnlichen Laugen und S\u00e4uren<\/li>\n\n\n\n<li>\u00d6sen zum Abschlie\u00dfen oder Versiegeln passend f\u00fcr Vorh\u00e4ngeschl\u00f6sser<\/li>\n\n\n\n<li>Solider Tragegriff zum Einklappen<\/li>\n\n\n\n<li>Standf\u00fc\u00dfe aus Kunststoff f\u00fcr einen geraden Stand<\/li>\n<\/ul>\n\n\n\n<p><strong><span style=\"color:#a30011\" class=\"has-inline-color\">Abmessungen Senderkoffer Gr\u00f6\u00dfe 1 41 cm:<\/span><\/strong><\/p>\n\n\n\n<ul class=\"wp-block-list\">\n<li>Au\u00dfen (B x T x H): 41 x 32 x 17,5 cm (inkl. Griff u. Verschl\u00fcsse)<\/li>\n\n\n\n<li>Innen (B x T x H): 37,5 x 26,5 x 16 cm | H\u00f6he Unterteil: 11,5 cm | H\u00f6he Deckel: 4,5 cm<\/li>\n\n\n\n<li>Lochdurchmesser \u00d6sen: 9-10 mm<\/li>\n\n\n\n<li>Noppenschaumstoff (H): 45 mm<\/li>\n\n\n\n<li>Rasterschaumstoff (H): 50 mm | Raster: 15 x 15 mm | Randbreite: 15 mm<\/li>\n\n\n\n<li>Schaumstoffboden (H): 10 mm<\/li>\n\n\n\n<li><strong><span style=\"color:#a30008\" class=\"has-inline-color\">Gewicht:<\/span><\/strong> 2,8 kg<\/li>\n<\/ul>\n\n\n\n<p>Art. Nr. Bestelltext:<\/p>\n\n\n\n<ul class=\"wp-block-list\">\n<li><span style=\"color:#a30004\" class=\"has-inline-color\">0<\/span><span style=\"color:#a30003\" class=\"has-inline-color\">50500<\/span> Senderkoffer Gr\u00f6\u00dfe 1 41 cm<\/li>\n<\/ul>\n\n\n\n<p><strong><span style=\"color:#a30008\" class=\"has-inline-color\">Abmessungen Senderkoffer Gr\u00f6\u00dfe 2 57 cm:<\/span><\/strong><\/p>\n\n\n\n<ul class=\"wp-block-list\">\n<li>Au\u00dfen (B x T x H): 57 x 41,5 x 21,5 cm (inkl. Griff u. Verschl\u00fcsse)<\/li>\n\n\n\n<li>Innen (B x T x H): 50 x 35 x 19,5 cm | H\u00f6he Unterteil: 14 cm | H\u00f6he Deckel: 5,5 cm<\/li>\n\n\n\n<li>Lochdurchmesser \u00d6sen: 7-8 mm<\/li>\n\n\n\n<li>Noppenschaumstoff (H): 50 mm<\/li>\n\n\n\n<li>Rasterschaumstoff (H): 45 mm | Raster: 15 x 15 mm | Randbreite: 15 mm<\/li>\n\n\n\n<li>Schaumstoffboden (H): 10 mm<\/li>\n\n\n\n<li><strong><span style=\"color:#a30003\" class=\"has-inline-color\">Gewicht:<\/span><\/strong> 4,65 kg<\/li>\n<\/ul>\n\n\n\n<p>Art. Nr. Bestelltext:<\/p>\n\n\n\n<ul class=\"wp-block-list\">\n<li><span style=\"color:#a30004\" class=\"has-inline-color\">0<\/span><span style=\"color:#a30003\" class=\"has-inline-color\">5050<\/span>1 Senderkoffer Gr\u00f6\u00dfe 2 57 cm<\/li>\n<\/ul>\n\n\n\n<p>Senderkoffer Gr\u00f6\u00dfe 2 auf Anfrage, nicht vorr\u00e4tig.<\/p>\n\n\n\n<p>Herstellerdaten gem\u00e4s GPSR<\/p>\n\n\n\n<p>Olaf T\u00f6nsfeldt<br>T\u00f6nsfeldt Modellbau Vertrieb<br>Nobiskr\u00fcger Allee 20<br>24768 Rendsburg<\/p>\n\n\n\n<p><strong>Deutschland<\/strong><br>Tel.: 0049 (0 ) 43 31\/ 51 95<br>E-Mail an: <a href=\"mailto:tmv@toensfeldt-modellbau.de\">tmv@toensfeldt-modellbau.de<\/a><\/p>\n","protected":false},"excerpt":{"rendered":"<p>Koffer mit Rasterschaumstoff f\u00fcr einen Handsender: Hier eine HS 16 mit 3D-Kn\u00fcppeln und Konsole von ServoNaut, geht aber auch f\u00fcr andere Handsender mit und ohne 3D-Kn\u00fcppeln. Dieser Outdoor-Senderkoffer ist wasserdicht und mit einem Ventil f\u00fcr einen Druckausgleich ausger\u00fcstet. Der Kunststoff-Senderkoffer &hellip; <a href=\"https:\/\/toensfeldt-modellbau.de\/?page_id=4712\">Weiterlesen <span class=\"meta-nav\">&rarr;<\/span><\/a><\/p>\n","protected":false},"author":2,"featured_media":0,"parent":0,"menu_order":0,"comment_status":"closed","ping_status":"closed","template":"","meta":{"footnotes":""},"class_list":["post-4712","page","type-page","status-publish","hentry"],"_links":{"self":[{"href":"https:\/\/toensfeldt-modellbau.de\/index.php?rest_route=\/wp\/v2\/pages\/4712","targetHints":{"allow":["GET"]}}],"collection":[{"href":"https:\/\/toensfeldt-modellbau.de\/index.php?rest_route=\/wp\/v2\/pages"}],"about":[{"href":"https:\/\/toensfeldt-modellbau.de\/index.php?rest_route=\/wp\/v2\/types\/page"}],"author":[{"embeddable":true,"href":"https:\/\/toensfeldt-modellbau.de\/index.php?rest_route=\/wp\/v2\/users\/2"}],"replies":[{"embeddable":true,"href":"https:\/\/toensfeldt-modellbau.de\/index.php?rest_route=%2Fwp%2Fv2%2Fcomments&post=4712"}],"version-history":[{"count":12,"href":"https:\/\/toensfeldt-modellbau.de\/index.php?rest_route=\/wp\/v2\/pages\/4712\/revisions"}],"predecessor-version":[{"id":7615,"href":"https:\/\/toensfeldt-modellbau.de\/index.php?rest_route=\/wp\/v2\/pages\/4712\/revisions\/7615"}],"wp:attachment":[{"href":"https:\/\/toensfeldt-modellbau.de\/index.php?rest_route=%2Fwp%2Fv2%2Fmedia&parent=4712"}],"curies":[{"name":"wp","href":"https:\/\/api.w.org\/{rel}","templated":true}]}}