{"id":4723,"date":"2021-06-25T12:19:24","date_gmt":"2021-06-25T10:19:24","guid":{"rendered":"http:\/\/toensfeldt-modellbau.de\/?page_id=4723"},"modified":"2025-03-08T12:35:37","modified_gmt":"2025-03-08T10:35:37","slug":"ladegeraet","status":"publish","type":"page","link":"https:\/\/toensfeldt-modellbau.de\/?page_id=4723","title":{"rendered":"Koffer Ladeger\u00e4t"},"content":{"rendered":"\n<figure class=\"wp-block-image size-large\"><a href=\"http:\/\/toensfeldt-modellbau.de\/wp-content\/uploads\/2021\/06\/LG-LG-2.jpg\"><img loading=\"lazy\" decoding=\"async\" width=\"567\" height=\"787\" src=\"http:\/\/toensfeldt-modellbau.de\/wp-content\/uploads\/2021\/06\/LG-LG-2.jpg\" alt=\"\" class=\"wp-image-4736\" srcset=\"https:\/\/toensfeldt-modellbau.de\/wp-content\/uploads\/2021\/06\/LG-LG-2.jpg 567w, https:\/\/toensfeldt-modellbau.de\/wp-content\/uploads\/2021\/06\/LG-LG-2-216x300.jpg 216w\" sizes=\"auto, (max-width: 567px) 100vw, 567px\" \/><\/a><\/figure>\n\n\n\n<p>Koffer mit Rasterschaumstoff f\u00fcr ein Ladeger\u00e4t: hier ein TLG-150 Touch f\u00fcr LKW und Baumaschinen von WEDICO-models, geht aber auch f\u00fcr andere Ladeger\u00e4te in der Gr\u00f6\u00dfe. Dieser Outdoor-Koffer ist wasserdicht und mit einem Ventil f\u00fcr einen Druckausgleich ausger\u00fcstet. Der Kunststoff-Koffer ist robust und l\u00e4sst sich mit einem Vorh\u00e4ngeschlo\u00df gegen unerw\u00fcnschten Zugriff auf den Inhalt sichern.<\/p>\n\n\n\n<figure class=\"wp-block-image size-large is-resized\"><a href=\"http:\/\/toensfeldt-modellbau.de\/wp-content\/uploads\/2021\/06\/LG-Liegend.jpg\"><img loading=\"lazy\" decoding=\"async\" width=\"425\" height=\"295\" src=\"http:\/\/toensfeldt-modellbau.de\/wp-content\/uploads\/2021\/06\/LG-Liegend.jpg\" alt=\"\" class=\"wp-image-4737\" style=\"width:425px;height:295px\" srcset=\"https:\/\/toensfeldt-modellbau.de\/wp-content\/uploads\/2021\/06\/LG-Liegend.jpg 425w, https:\/\/toensfeldt-modellbau.de\/wp-content\/uploads\/2021\/06\/LG-Liegend-300x208.jpg 300w\" sizes=\"auto, (max-width: 425px) 100vw, 425px\" \/><\/a><\/figure>\n\n\n\n<figure class=\"wp-block-image size-large\"><a href=\"http:\/\/toensfeldt-modellbau.de\/wp-content\/uploads\/2021\/06\/LG-Ventil.jpg\"><img loading=\"lazy\" decoding=\"async\" width=\"425\" height=\"354\" src=\"http:\/\/toensfeldt-modellbau.de\/wp-content\/uploads\/2021\/06\/LG-Ventil.jpg\" alt=\"\" class=\"wp-image-4738\" srcset=\"https:\/\/toensfeldt-modellbau.de\/wp-content\/uploads\/2021\/06\/LG-Ventil.jpg 425w, https:\/\/toensfeldt-modellbau.de\/wp-content\/uploads\/2021\/06\/LG-Ventil-300x250.jpg 300w\" sizes=\"auto, (max-width: 425px) 100vw, 425px\" \/><\/a><\/figure>\n\n\n\n<figure class=\"wp-block-image size-large\"><a href=\"http:\/\/toensfeldt-modellbau.de\/wp-content\/uploads\/2021\/06\/LG-LG-1.jpg\"><img loading=\"lazy\" decoding=\"async\" width=\"425\" height=\"309\" src=\"http:\/\/toensfeldt-modellbau.de\/wp-content\/uploads\/2021\/06\/LG-LG-1.jpg\" alt=\"\" class=\"wp-image-4735\" srcset=\"https:\/\/toensfeldt-modellbau.de\/wp-content\/uploads\/2021\/06\/LG-LG-1.jpg 425w, https:\/\/toensfeldt-modellbau.de\/wp-content\/uploads\/2021\/06\/LG-LG-1-300x218.jpg 300w\" sizes=\"auto, (max-width: 425px) 100vw, 425px\" \/><\/a><figcaption class=\"wp-element-caption\">Atr. Nr. 050502<\/figcaption><\/figure>\n\n\n\n<p><strong><span style=\"color:#a30011\" class=\"has-inline-color\">Der Koffer bietet optimalen Schutz beim Transport von empfindlichen Gegenst\u00e4nden unter extremen Bedingungen und eignet sich f\u00fcr viele verschiedene Anwendungszwecke.<\/span><\/strong><\/p>\n\n\n\n<ul class=\"wp-block-list\">\n<li>Vielseitig einsetzbar als Koffer f\u00fcr Ladeger\u00e4te oder Messger\u00e4te<\/li>\n\n\n\n<li>Sehr robuster und hochwertig verarbeiteter Hartschalenkoffer aus schlagfestem Kunststoff (Polypropylen) in schwarz<\/li>\n\n\n\n<li>Sicherer Transport dank Noppenschaumstoff im Deckel, Rasterschaumstoffmatte und Schaumstoffboden<\/li>\n\n\n\n<li>Rasterschaumstoff mit perforiertem, vorgestanztem Raster zur einfachen, individuellen Anpassung<\/li>\n\n\n\n<li>Wasserdicht bis zu 1 Meter f\u00fcr 30 Minuten (IP67) und staubdicht dank Gummidichtung und Schnappverschl\u00fcssen<\/li>\n\n\n\n<li>Ventilschraube zum Druckausgleich beim Transport im Flugzeug<\/li>\n\n\n\n<li>Temperaturstabil von -20\u00b0C bis +80\u00b0C<\/li>\n\n\n\n<li>Best\u00e4ndig gegen\u00fcber gew\u00f6hnlichen Laugen und S\u00e4uren<\/li>\n\n\n\n<li>\u00d6sen zum Abschlie\u00dfen oder Versiegeln passend f\u00fcr Vorh\u00e4ngeschl\u00f6sser<\/li>\n\n\n\n<li>Solider Tragegriff zum Einklappen<\/li>\n\n\n\n<li>Standf\u00fc\u00dfe aus Kunststoff f\u00fcr einen geraden Stand<\/li>\n<\/ul>\n\n\n\n<p><strong><span style=\"color:#a30003\" class=\"has-inline-color\">Abmessungen Koffer Gr\u00f6\u00dfe 3 27 cm:<\/span><\/strong><\/p>\n\n\n\n<ul class=\"wp-block-list\">\n<li>Au\u00dfen (B x T x H): 27 x 24,5 x 13 cm (inkl. Griff u. Verschl\u00fcsse)<\/li>\n\n\n\n<li>Innen (B x T x H): 23 x 18 x 11 cm | H\u00f6he Unterteil: 8 cm | H\u00f6he Deckel: 3 cm<\/li>\n\n\n\n<li>Lochdurchmesser \u00d6sen: 7-8 mm<\/li>\n\n\n\n<li>Noppenschaumstoff (H): 30 mm<\/li>\n\n\n\n<li>Rasterschaumstoff (H): 70 mm | Raster: 15 x 15 mm | Randbreite: 15 mm<\/li>\n\n\n\n<li>Schaumstoffboden (H): 10 mm<\/li>\n\n\n\n<li><strong><span style=\"color:#a30003\" class=\"has-inline-color\">Gewicht:<\/span><\/strong> 1,1 kg<\/li>\n<\/ul>\n\n\n\n<p>Art. Nr. Bestelltext:<\/p>\n\n\n\n<ul class=\"wp-block-list\">\n<li><span style=\"color:#a30004\" class=\"has-inline-color\">0<\/span><span style=\"color:#a30003\" class=\"has-inline-color\">5050<\/span><span style=\"color:#a30004\" class=\"has-inline-color\">2<\/span> Senderkoffer Gr\u00f6\u00dfe 3 27 cm<\/li>\n<\/ul>\n\n\n\n<p><strong><span style=\"color:#a30004\" class=\"has-inline-color\">Abmessungen Koffer Gr\u00f6\u00dfe 4 34 cm:<\/span><\/strong><\/p>\n\n\n\n<ul class=\"wp-block-list\">\n<li>Au\u00dfen (B x T x H): 34 x 29,5 x 15,5 cm (inkl. Griff u. Verschl\u00fcsse)<\/li>\n\n\n\n<li>Innen (B x T x H): 30,5 x 23 x 14 cm | H\u00f6he Unterteil: 10,5 cm | H\u00f6he Deckel: 3,5 cm<\/li>\n\n\n\n<li>Lochdurchmesser \u00d6sen: 7-8 mm<\/li>\n\n\n\n<li>Noppenschaumstoff (H): 35 mm<\/li>\n\n\n\n<li>Rasterschaumstoff (H): 95 mm | Raster: 15 x 15 mm | Randbreite: 15 mm<\/li>\n\n\n\n<li>Schaumstoffboden (H): 10 mm<\/li>\n\n\n\n<li><strong>Gewicht:<\/strong> 1,82 kg<\/li>\n<\/ul>\n\n\n\n<p>Art. Nr. Bestelltext:<\/p>\n\n\n\n<ul class=\"wp-block-list\">\n<li><span style=\"color:#a30004\" class=\"has-inline-color\">0<\/span><span style=\"color:#a30003\" class=\"has-inline-color\">50503<\/span> Senderkoffer Gr\u00f6\u00dfe 4 34 cm<\/li>\n<\/ul>\n\n\n\n<p>Senderkoffer Gr\u00f6\u00dfe 4 auf Anfrage. nicht vorr\u00e4tig.<\/p>\n\n\n\n<p>Herstellerdaten gem\u00e4s GPSR<\/p>\n\n\n\n<p>Olaf T\u00f6nsfeldt<br>T\u00f6nsfeldt Modellbau Vertrieb<br>Nobiskr\u00fcger Allee 20<br>24768 Rendsburg<\/p>\n\n\n\n<p><strong>Deutschland<\/strong><br>Tel.: 0049 (0 ) 43 31\/ 51 95<br>E-Mail an: <a href=\"mailto:tmv@toensfeldt-modellbau.de\">tmv@toensfeldt-modellbau.de<\/a><\/p>\n","protected":false},"excerpt":{"rendered":"<p>Koffer mit Rasterschaumstoff f\u00fcr ein Ladeger\u00e4t: hier ein TLG-150 Touch f\u00fcr LKW und Baumaschinen von WEDICO-models, geht aber auch f\u00fcr andere Ladeger\u00e4te in der Gr\u00f6\u00dfe. Dieser Outdoor-Koffer ist wasserdicht und mit einem Ventil f\u00fcr einen Druckausgleich ausger\u00fcstet. Der Kunststoff-Koffer ist &hellip; <a href=\"https:\/\/toensfeldt-modellbau.de\/?page_id=4723\">Weiterlesen <span class=\"meta-nav\">&rarr;<\/span><\/a><\/p>\n","protected":false},"author":2,"featured_media":0,"parent":0,"menu_order":0,"comment_status":"closed","ping_status":"closed","template":"","meta":{"footnotes":""},"class_list":["post-4723","page","type-page","status-publish","hentry"],"_links":{"self":[{"href":"https:\/\/toensfeldt-modellbau.de\/index.php?rest_route=\/wp\/v2\/pages\/4723","targetHints":{"allow":["GET"]}}],"collection":[{"href":"https:\/\/toensfeldt-modellbau.de\/index.php?rest_route=\/wp\/v2\/pages"}],"about":[{"href":"https:\/\/toensfeldt-modellbau.de\/index.php?rest_route=\/wp\/v2\/types\/page"}],"author":[{"embeddable":true,"href":"https:\/\/toensfeldt-modellbau.de\/index.php?rest_route=\/wp\/v2\/users\/2"}],"replies":[{"embeddable":true,"href":"https:\/\/toensfeldt-modellbau.de\/index.php?rest_route=%2Fwp%2Fv2%2Fcomments&post=4723"}],"version-history":[{"count":10,"href":"https:\/\/toensfeldt-modellbau.de\/index.php?rest_route=\/wp\/v2\/pages\/4723\/revisions"}],"predecessor-version":[{"id":7614,"href":"https:\/\/toensfeldt-modellbau.de\/index.php?rest_route=\/wp\/v2\/pages\/4723\/revisions\/7614"}],"wp:attachment":[{"href":"https:\/\/toensfeldt-modellbau.de\/index.php?rest_route=%2Fwp%2Fv2%2Fmedia&parent=4723"}],"curies":[{"name":"wp","href":"https:\/\/api.w.org\/{rel}","templated":true}]}}