{"id":4760,"date":"2021-07-14T11:47:17","date_gmt":"2021-07-14T09:47:17","guid":{"rendered":"http:\/\/toensfeldt-modellbau.de\/?page_id=4760"},"modified":"2021-08-04T18:16:29","modified_gmt":"2021-08-04T16:16:29","slug":"tmv-gabelstapler-114","status":"publish","type":"page","link":"https:\/\/toensfeldt-modellbau.de\/?page_id=4760","title":{"rendered":"TMV GS Lesu 1:14"},"content":{"rendered":"\n<figure class=\"wp-block-image size-large\"><a href=\"http:\/\/toensfeldt-modellbau.de\/wp-content\/uploads\/2021\/07\/TMV-Stabler-6.jpg\"><img loading=\"lazy\" decoding=\"async\" width=\"567\" height=\"329\" src=\"http:\/\/toensfeldt-modellbau.de\/wp-content\/uploads\/2021\/07\/TMV-Stabler-6.jpg\" alt=\"\" class=\"wp-image-4774\" srcset=\"https:\/\/toensfeldt-modellbau.de\/wp-content\/uploads\/2021\/07\/TMV-Stabler-6.jpg 567w, https:\/\/toensfeldt-modellbau.de\/wp-content\/uploads\/2021\/07\/TMV-Stabler-6-300x174.jpg 300w\" sizes=\"auto, (max-width: 567px) 100vw, 567px\" \/><\/a><figcaption>#<\/figcaption><\/figure>\n\n\n\n<p><em><strong><span style=\"color:#a30004\" class=\"has-inline-color\">TMV Gabelstapler von thicon-models<\/span><\/strong><\/em><\/p>\n\n\n\n<p>Kompakter Gabelstapler aus Metall mit hydraulischem Mast, Licht und Soundmodul! Die Version 2 des thicon Gabelstapler hat jetzt eine Hinterachsfederung. Der Gabelstapler ist serienm\u00e4\u00dfig in rot pulverlackiert und von LINDE lizensiert ! Jeder ausgelieferte Gabelstapler bekommt ein Zertifikat mit einer Seriennummer. Das gesamte Modell ist aus Metall hergestellt und \u00e4u\u00dferst pr\u00e4zise gefertigt. Der Mast wird \u00fcber eine Hydraulikanlage geneigt und ausgefahren. Das Fahren erfolgt elektrisch \u00fcber ein eingebautes Differenzial im Vorderwagen. Die Lenkung erfolgt \u00fcber ein Miniservo im Heck. Alle Wellen und R\u00e4der sind kugelgelagert. Die Hydraulikanlage ist auf ca. 10 bar eingestellt, was f\u00fcr eine Hubkraft von ca. 1 KG ausreichend ist.<\/p>\n\n\n\n<p>Es wurde geliefert: Gabelstapler Linde-rot pulverbeschichtet, aufgebaut im Auftrag von TMV, Antrieb mit Motor und neuem Regler Servonaut S10, Lenkservo, Hydraulikpumpe brushless mit Regler und neuem Hydraulik-Schlauch schwarz flexibel, Zweifach-Steuerventil mit Servos, Anbauteile, Lichtanlage erg\u00e4nzt mit einem R\u00fcckfahrscheinwerfer und Bremslicht von TMV, Soundmodul, 46-Seiten Bauanleitung.<\/p>\n\n\n\n<figure class=\"wp-block-image size-large\"><a href=\"http:\/\/toensfeldt-modellbau.de\/wp-content\/uploads\/2021\/07\/TMV-Stabler-4.jpg\"><img loading=\"lazy\" decoding=\"async\" width=\"567\" height=\"362\" src=\"http:\/\/toensfeldt-modellbau.de\/wp-content\/uploads\/2021\/07\/TMV-Stabler-4.jpg\" alt=\"\" class=\"wp-image-4772\" srcset=\"https:\/\/toensfeldt-modellbau.de\/wp-content\/uploads\/2021\/07\/TMV-Stabler-4.jpg 567w, https:\/\/toensfeldt-modellbau.de\/wp-content\/uploads\/2021\/07\/TMV-Stabler-4-300x192.jpg 300w\" sizes=\"auto, (max-width: 567px) 100vw, 567px\" \/><\/a><\/figure>\n\n\n\n<figure class=\"wp-block-image size-large\"><a href=\"http:\/\/toensfeldt-modellbau.de\/wp-content\/uploads\/2021\/07\/TMV-Stabler-1.jpg\"><img loading=\"lazy\" decoding=\"async\" width=\"567\" height=\"394\" src=\"http:\/\/toensfeldt-modellbau.de\/wp-content\/uploads\/2021\/07\/TMV-Stabler-1.jpg\" alt=\"\" class=\"wp-image-4769\" srcset=\"https:\/\/toensfeldt-modellbau.de\/wp-content\/uploads\/2021\/07\/TMV-Stabler-1.jpg 567w, https:\/\/toensfeldt-modellbau.de\/wp-content\/uploads\/2021\/07\/TMV-Stabler-1-300x208.jpg 300w\" sizes=\"auto, (max-width: 567px) 100vw, 567px\" \/><\/a><\/figure>\n\n\n\n<figure class=\"wp-block-image size-large\"><a href=\"http:\/\/toensfeldt-modellbau.de\/wp-content\/uploads\/2021\/07\/TMV-Stabler-3.jpg\"><img loading=\"lazy\" decoding=\"async\" width=\"425\" height=\"501\" src=\"http:\/\/toensfeldt-modellbau.de\/wp-content\/uploads\/2021\/07\/TMV-Stabler-3.jpg\" alt=\"\" class=\"wp-image-4771\" srcset=\"https:\/\/toensfeldt-modellbau.de\/wp-content\/uploads\/2021\/07\/TMV-Stabler-3.jpg 425w, https:\/\/toensfeldt-modellbau.de\/wp-content\/uploads\/2021\/07\/TMV-Stabler-3-254x300.jpg 254w\" sizes=\"auto, (max-width: 425px) 100vw, 425px\" \/><\/a><\/figure>\n\n\n\n<figure class=\"wp-block-image size-large\"><a href=\"http:\/\/toensfeldt-modellbau.de\/wp-content\/uploads\/2021\/07\/GS-R-B-Block-2a.jpg\"><img loading=\"lazy\" decoding=\"async\" width=\"425\" height=\"199\" src=\"http:\/\/toensfeldt-modellbau.de\/wp-content\/uploads\/2021\/07\/GS-R-B-Block-2a.jpg\" alt=\"\" class=\"wp-image-4852\" srcset=\"https:\/\/toensfeldt-modellbau.de\/wp-content\/uploads\/2021\/07\/GS-R-B-Block-2a.jpg 425w, https:\/\/toensfeldt-modellbau.de\/wp-content\/uploads\/2021\/07\/GS-R-B-Block-2a-300x140.jpg 300w\" sizes=\"auto, (max-width: 425px) 100vw, 425px\" \/><\/a><\/figure>\n\n\n\n<figure class=\"wp-block-image size-large is-resized\"><a href=\"http:\/\/toensfeldt-modellbau.de\/wp-content\/uploads\/2021\/07\/TMV-Stabler2.jpg\"><img loading=\"lazy\" decoding=\"async\" src=\"http:\/\/toensfeldt-modellbau.de\/wp-content\/uploads\/2021\/07\/TMV-Stabler2.jpg\" alt=\"\" class=\"wp-image-4770\" width=\"567\" height=\"587\" srcset=\"https:\/\/toensfeldt-modellbau.de\/wp-content\/uploads\/2021\/07\/TMV-Stabler2.jpg 567w, https:\/\/toensfeldt-modellbau.de\/wp-content\/uploads\/2021\/07\/TMV-Stabler2-290x300.jpg 290w\" sizes=\"auto, (max-width: 567px) 100vw, 567px\" \/><\/a><\/figure>\n\n\n\n<p><strong><em><span style=\"color:#a30004\" class=\"has-inline-color\">Zum Betrieb n\u00f6tig:<\/span><\/em><\/strong><\/p>\n\n\n\n<ul class=\"wp-block-list\"><li>Hydraulik\u00f6l,<\/li><li>7,4V-Akku,<\/li><li>Fernsteuerung mit mind. 7 Kan\u00e4len hier eine Servonaut HS 16 mit 3D-Kn\u00fcppeln<\/li><\/ul>\n\n\n\n<p><strong><em><span style=\"color:#a30011\" class=\"has-inline-color\">Ma\u00dfe:<\/span><\/em><\/strong><\/p>\n\n\n\n<ul class=\"wp-block-list\"><li>L\u00e4nge: 325mm<\/li><li>Breite: 108mm<\/li><li>H\u00f6he: 201mm<\/li><li>Gabelh\u00f6he max: 220mm<\/li><li>Masth\u00f6he max: 306mm<\/li><li>Radstand: 145mm<\/li><li>Neigewinkel: +10\u00b0\/-6,5\u00b0<\/li><li>Lenkradius links: 301mm<\/li><li>Lenkradius rechts: 247mm<\/li><li>Gewicht: ca. 2650g<\/li><\/ul>\n","protected":false},"excerpt":{"rendered":"<p>TMV Gabelstapler von thicon-models Kompakter Gabelstapler aus Metall mit hydraulischem Mast, Licht und Soundmodul! Die Version 2 des thicon Gabelstapler hat jetzt eine Hinterachsfederung. Der Gabelstapler ist serienm\u00e4\u00dfig in rot pulverlackiert und von LINDE lizensiert ! Jeder ausgelieferte Gabelstapler bekommt &hellip; <a href=\"https:\/\/toensfeldt-modellbau.de\/?page_id=4760\">Weiterlesen <span class=\"meta-nav\">&rarr;<\/span><\/a><\/p>\n","protected":false},"author":2,"featured_media":0,"parent":0,"menu_order":0,"comment_status":"closed","ping_status":"closed","template":"","meta":{"footnotes":""},"class_list":["post-4760","page","type-page","status-publish","hentry"],"_links":{"self":[{"href":"https:\/\/toensfeldt-modellbau.de\/index.php?rest_route=\/wp\/v2\/pages\/4760","targetHints":{"allow":["GET"]}}],"collection":[{"href":"https:\/\/toensfeldt-modellbau.de\/index.php?rest_route=\/wp\/v2\/pages"}],"about":[{"href":"https:\/\/toensfeldt-modellbau.de\/index.php?rest_route=\/wp\/v2\/types\/page"}],"author":[{"embeddable":true,"href":"https:\/\/toensfeldt-modellbau.de\/index.php?rest_route=\/wp\/v2\/users\/2"}],"replies":[{"embeddable":true,"href":"https:\/\/toensfeldt-modellbau.de\/index.php?rest_route=%2Fwp%2Fv2%2Fcomments&post=4760"}],"version-history":[{"count":10,"href":"https:\/\/toensfeldt-modellbau.de\/index.php?rest_route=\/wp\/v2\/pages\/4760\/revisions"}],"predecessor-version":[{"id":4917,"href":"https:\/\/toensfeldt-modellbau.de\/index.php?rest_route=\/wp\/v2\/pages\/4760\/revisions\/4917"}],"wp:attachment":[{"href":"https:\/\/toensfeldt-modellbau.de\/index.php?rest_route=%2Fwp%2Fv2%2Fmedia&parent=4760"}],"curies":[{"name":"wp","href":"https:\/\/api.w.org\/{rel}","templated":true}]}}