{"id":4762,"date":"2021-07-14T11:48:34","date_gmt":"2021-07-14T09:48:34","guid":{"rendered":"http:\/\/toensfeldt-modellbau.de\/?page_id=4762"},"modified":"2025-03-02T14:38:18","modified_gmt":"2025-03-02T12:38:18","slug":"tmv-anhaenger-114","status":"publish","type":"page","link":"https:\/\/toensfeldt-modellbau.de\/?page_id=4762","title":{"rendered":"TMV GS Anh\u00e4nger 1:14"},"content":{"rendered":"\n<figure class=\"wp-block-image size-large\"><a href=\"http:\/\/toensfeldt-modellbau.de\/wp-content\/uploads\/2021\/07\/GS-GA-1-Int.jpg\"><img loading=\"lazy\" decoding=\"async\" width=\"567\" height=\"265\" src=\"http:\/\/toensfeldt-modellbau.de\/wp-content\/uploads\/2021\/07\/GS-GA-1-Int.jpg\" alt=\"\" class=\"wp-image-4783\" srcset=\"https:\/\/toensfeldt-modellbau.de\/wp-content\/uploads\/2021\/07\/GS-GA-1-Int.jpg 567w, https:\/\/toensfeldt-modellbau.de\/wp-content\/uploads\/2021\/07\/GS-GA-1-Int-300x140.jpg 300w\" sizes=\"auto, (max-width: 567px) 100vw, 567px\" \/><\/a><\/figure>\n\n\n\n<p><strong><em><span style=\"color:#a30011\" class=\"has-inline-color\">TMV Anh\u00e4nger f\u00fcr Gabelstaple<\/span><span style=\"color:#a3000d\" class=\"has-inline-color\">r 1:14<\/span><\/em><\/strong><\/p>\n\n\n\n<p>Die Teile des TMV Bausatzes f\u00fcr Anh\u00e4nger Gabelstapler sind aus Polystyrol gefr\u00e4st ( Plattform, Lagerhalter, Deichsel, Achshalter und Heckabschluss ). Der Achslagerhalter und die Plattform werden mit Kugeln ausger\u00fcstet, das hintere Achslager wird mit Schrauben festgesetzt, kann aber auch mit einer Lenkstange mit dem vorderen Achslagerhalter verbunden werden, sodas die hintere Ache gelenkt wird. Die Aluachse hinten ist starr, die Aluachse vorne ist pendelnt, die Felgen sind aus Alu gedreht und mit Kugellagern ausger\u00fcstet. An dem Heckabschluss kann auch eine Zugvorrichtung angebracht werden, sodas mehrere Anh\u00e4nger hintereinander angeh\u00e4ngt werden k\u00f6nnen. F\u00fcr die Plattform gibt es mehrere Aufbau Varianten. Verschraubt werden die Polystyroteile, Vorderachse und Felgen mit VA Schrauben M2 &amp; M3.<\/p>\n\n\n\n<figure class=\"wp-block-image size-large\"><a href=\"http:\/\/toensfeldt-modellbau.de\/wp-content\/uploads\/2021\/07\/2-GA-2.jpg\"><img loading=\"lazy\" decoding=\"async\" width=\"567\" height=\"325\" src=\"http:\/\/toensfeldt-modellbau.de\/wp-content\/uploads\/2021\/07\/2-GA-2.jpg\" alt=\"\" class=\"wp-image-4779\" srcset=\"https:\/\/toensfeldt-modellbau.de\/wp-content\/uploads\/2021\/07\/2-GA-2.jpg 567w, https:\/\/toensfeldt-modellbau.de\/wp-content\/uploads\/2021\/07\/2-GA-2-300x172.jpg 300w\" sizes=\"auto, (max-width: 567px) 100vw, 567px\" \/><\/a><\/figure>\n\n\n\n<figure class=\"wp-block-image size-large\"><a href=\"http:\/\/toensfeldt-modellbau.de\/wp-content\/uploads\/2021\/07\/Anhaenger-Natur.jpg\"><img loading=\"lazy\" decoding=\"async\" width=\"567\" height=\"234\" src=\"http:\/\/toensfeldt-modellbau.de\/wp-content\/uploads\/2021\/07\/Anhaenger-Natur.jpg\" alt=\"\" class=\"wp-image-4786\" srcset=\"https:\/\/toensfeldt-modellbau.de\/wp-content\/uploads\/2021\/07\/Anhaenger-Natur.jpg 567w, https:\/\/toensfeldt-modellbau.de\/wp-content\/uploads\/2021\/07\/Anhaenger-Natur-300x124.jpg 300w\" sizes=\"auto, (max-width: 567px) 100vw, 567px\" \/><\/a><\/figure>\n\n\n\n<figure class=\"wp-block-image size-large\"><a href=\"http:\/\/toensfeldt-modellbau.de\/wp-content\/uploads\/2021\/07\/Teile-Anhaenger1-Int.jpg\"><img loading=\"lazy\" decoding=\"async\" width=\"567\" height=\"417\" src=\"http:\/\/toensfeldt-modellbau.de\/wp-content\/uploads\/2021\/07\/Teile-Anhaenger1-Int.jpg\" alt=\"\" class=\"wp-image-4787\" srcset=\"https:\/\/toensfeldt-modellbau.de\/wp-content\/uploads\/2021\/07\/Teile-Anhaenger1-Int.jpg 567w, https:\/\/toensfeldt-modellbau.de\/wp-content\/uploads\/2021\/07\/Teile-Anhaenger1-Int-300x221.jpg 300w\" sizes=\"auto, (max-width: 567px) 100vw, 567px\" \/><\/a><\/figure>\n\n\n\n<figure class=\"wp-block-image size-large is-style-default\"><a href=\"http:\/\/toensfeldt-modellbau.de\/wp-content\/uploads\/2021\/07\/2-GA-1.jpg\"><img loading=\"lazy\" decoding=\"async\" width=\"425\" height=\"260\" src=\"http:\/\/toensfeldt-modellbau.de\/wp-content\/uploads\/2021\/07\/2-GA-1.jpg\" alt=\"\" class=\"wp-image-4778\" srcset=\"https:\/\/toensfeldt-modellbau.de\/wp-content\/uploads\/2021\/07\/2-GA-1.jpg 425w, https:\/\/toensfeldt-modellbau.de\/wp-content\/uploads\/2021\/07\/2-GA-1-300x184.jpg 300w\" sizes=\"auto, (max-width: 425px) 100vw, 425px\" \/><\/a><\/figure>\n\n\n\n<figure class=\"wp-block-image size-large\"><a href=\"http:\/\/toensfeldt-modellbau.de\/wp-content\/uploads\/2021\/07\/GA-Version-1-Linke-Seile.jpg\"><img loading=\"lazy\" decoding=\"async\" width=\"425\" height=\"192\" src=\"http:\/\/toensfeldt-modellbau.de\/wp-content\/uploads\/2021\/07\/GA-Version-1-Linke-Seile.jpg\" alt=\"\" class=\"wp-image-4781\" srcset=\"https:\/\/toensfeldt-modellbau.de\/wp-content\/uploads\/2021\/07\/GA-Version-1-Linke-Seile.jpg 425w, https:\/\/toensfeldt-modellbau.de\/wp-content\/uploads\/2021\/07\/GA-Version-1-Linke-Seile-300x136.jpg 300w\" sizes=\"auto, (max-width: 425px) 100vw, 425px\" \/><\/a><\/figure>\n\n\n\n<figure class=\"wp-block-image size-large\"><a href=\"http:\/\/toensfeldt-modellbau.de\/wp-content\/uploads\/2021\/07\/GA-Version-1-Vorne.jpg\"><img loading=\"lazy\" decoding=\"async\" width=\"425\" height=\"361\" src=\"http:\/\/toensfeldt-modellbau.de\/wp-content\/uploads\/2021\/07\/GA-Version-1-Vorne.jpg\" alt=\"\" class=\"wp-image-4782\" srcset=\"https:\/\/toensfeldt-modellbau.de\/wp-content\/uploads\/2021\/07\/GA-Version-1-Vorne.jpg 425w, https:\/\/toensfeldt-modellbau.de\/wp-content\/uploads\/2021\/07\/GA-Version-1-Vorne-300x255.jpg 300w\" sizes=\"auto, (max-width: 425px) 100vw, 425px\" \/><\/a><\/figure>\n\n\n\n<figure class=\"wp-block-image size-large\"><a href=\"http:\/\/toensfeldt-modellbau.de\/wp-content\/uploads\/2021\/07\/GA-Version-1-Hinten.jpg\"><img loading=\"lazy\" decoding=\"async\" width=\"425\" height=\"274\" src=\"http:\/\/toensfeldt-modellbau.de\/wp-content\/uploads\/2021\/07\/GA-Version-1-Hinten.jpg\" alt=\"\" class=\"wp-image-4780\" srcset=\"https:\/\/toensfeldt-modellbau.de\/wp-content\/uploads\/2021\/07\/GA-Version-1-Hinten.jpg 425w, https:\/\/toensfeldt-modellbau.de\/wp-content\/uploads\/2021\/07\/GA-Version-1-Hinten-300x193.jpg 300w\" sizes=\"auto, (max-width: 425px) 100vw, 425px\" \/><\/a><figcaption class=\"wp-element-caption\">Zugvorichtung nicht im Bausatz dabei<\/figcaption><\/figure>\n\n\n\n<p><strong><em><span style=\"color:#a30003\" class=\"has-inline-color\">Ma\u00dfe:<\/span><\/em><\/strong><\/p>\n\n\n\n<ul class=\"wp-block-list\">\n<li>L\u00e4nge ohne Deichsel: 23,0 cm<\/li>\n\n\n\n<li>L\u00e4nge mit Deichsel: 31,5 cm<\/li>\n\n\n\n<li>Breite: 10,7 cm<\/li>\n\n\n\n<li>H\u00f6he: 6,3 cm<\/li>\n\n\n\n<li>Gewicht: 425 g<\/li>\n<\/ul>\n\n\n\n<p>Art. Nr. Bestelltext:<\/p>\n\n\n\n<p><span style=\"color:#a30004\" class=\"has-inline-color\">020500<\/span> TMV Gabelstapler Anh\u00e4nger 1:14<\/p>\n\n\n\n<p>Herstellerdaten gem\u00e4s GPSR<\/p>\n\n\n\n<p>Olaf T\u00f6nsfeldt<br>T\u00f6nsfeldt Modellbau Vertrieb<br>Nobiskr\u00fcger Allee 20<br>24768 Rendsburg<\/p>\n\n\n\n<p><strong>Deutschland<\/strong><br>Tel.: 0049 (0 ) 43 31\/ 51 95<br>E-Mail an: <a href=\"mailto:tmv@toensfeldt-modellbau.de\">tmv@toensfeldt-modellbau.de<\/a><\/p>\n","protected":false},"excerpt":{"rendered":"<p>TMV Anh\u00e4nger f\u00fcr Gabelstapler 1:14 Die Teile des TMV Bausatzes f\u00fcr Anh\u00e4nger Gabelstapler sind aus Polystyrol gefr\u00e4st ( Plattform, Lagerhalter, Deichsel, Achshalter und Heckabschluss ). Der Achslagerhalter und die Plattform werden mit Kugeln ausger\u00fcstet, das hintere Achslager wird mit Schrauben &hellip; <a href=\"https:\/\/toensfeldt-modellbau.de\/?page_id=4762\">Weiterlesen <span class=\"meta-nav\">&rarr;<\/span><\/a><\/p>\n","protected":false},"author":2,"featured_media":0,"parent":0,"menu_order":0,"comment_status":"closed","ping_status":"closed","template":"","meta":{"footnotes":""},"class_list":["post-4762","page","type-page","status-publish","hentry"],"_links":{"self":[{"href":"https:\/\/toensfeldt-modellbau.de\/index.php?rest_route=\/wp\/v2\/pages\/4762","targetHints":{"allow":["GET"]}}],"collection":[{"href":"https:\/\/toensfeldt-modellbau.de\/index.php?rest_route=\/wp\/v2\/pages"}],"about":[{"href":"https:\/\/toensfeldt-modellbau.de\/index.php?rest_route=\/wp\/v2\/types\/page"}],"author":[{"embeddable":true,"href":"https:\/\/toensfeldt-modellbau.de\/index.php?rest_route=\/wp\/v2\/users\/2"}],"replies":[{"embeddable":true,"href":"https:\/\/toensfeldt-modellbau.de\/index.php?rest_route=%2Fwp%2Fv2%2Fcomments&post=4762"}],"version-history":[{"count":9,"href":"https:\/\/toensfeldt-modellbau.de\/index.php?rest_route=\/wp\/v2\/pages\/4762\/revisions"}],"predecessor-version":[{"id":7569,"href":"https:\/\/toensfeldt-modellbau.de\/index.php?rest_route=\/wp\/v2\/pages\/4762\/revisions\/7569"}],"wp:attachment":[{"href":"https:\/\/toensfeldt-modellbau.de\/index.php?rest_route=%2Fwp%2Fv2%2Fmedia&parent=4762"}],"curies":[{"name":"wp","href":"https:\/\/api.w.org\/{rel}","templated":true}]}}