{"id":4811,"date":"2021-07-14T18:25:21","date_gmt":"2021-07-14T16:25:21","guid":{"rendered":"http:\/\/toensfeldt-modellbau.de\/?page_id=4811"},"modified":"2024-05-04T11:26:09","modified_gmt":"2024-05-04T09:26:09","slug":"tmv-gs-zubehoer","status":"publish","type":"page","link":"https:\/\/toensfeldt-modellbau.de\/?page_id=4811","title":{"rendered":"TMV Licht"},"content":{"rendered":"\n<p><strong><em><span style=\"color:#a30004\" class=\"has-inline-color\">TMV Bremslicht &amp; R\u00fcckfahrscheinwerfer Block<\/span><\/em><\/strong><\/p>\n\n\n\n<figure class=\"wp-block-image size-large\"><a href=\"http:\/\/toensfeldt-modellbau.de\/wp-content\/uploads\/2021\/07\/GS-R-B-Block-1.jpg\"><img loading=\"lazy\" decoding=\"async\" width=\"283\" height=\"126\" src=\"http:\/\/toensfeldt-modellbau.de\/wp-content\/uploads\/2021\/07\/GS-R-B-Block-1.jpg\" alt=\"\" class=\"wp-image-4827\"\/><\/a><\/figure>\n\n\n\n<figure class=\"wp-block-image size-large\"><a href=\"http:\/\/toensfeldt-modellbau.de\/wp-content\/uploads\/2021\/07\/GS-R-B-Block-3.jpg\"><img loading=\"lazy\" decoding=\"async\" width=\"283\" height=\"143\" src=\"http:\/\/toensfeldt-modellbau.de\/wp-content\/uploads\/2021\/07\/GS-R-B-Block-3.jpg\" alt=\"\" class=\"wp-image-4829\"\/><\/a><\/figure>\n\n\n\n<figure class=\"wp-block-image size-large\"><a href=\"http:\/\/toensfeldt-modellbau.de\/wp-content\/uploads\/2021\/07\/GS-R-B-Block-4.jpg\"><img loading=\"lazy\" decoding=\"async\" width=\"283\" height=\"121\" src=\"http:\/\/toensfeldt-modellbau.de\/wp-content\/uploads\/2021\/07\/GS-R-B-Block-4.jpg\" alt=\"\" class=\"wp-image-4830\"\/><\/a><\/figure>\n\n\n\n<figure class=\"wp-block-image size-large is-resized\"><a href=\"http:\/\/toensfeldt-modellbau.de\/wp-content\/uploads\/2021\/07\/GS-R-B-Block-2.jpg\"><img loading=\"lazy\" decoding=\"async\" width=\"283\" height=\"132\" src=\"http:\/\/toensfeldt-modellbau.de\/wp-content\/uploads\/2021\/07\/GS-R-B-Block-2.jpg\" alt=\"\" class=\"wp-image-4828\" style=\"width:283px;height:132px\"\/><\/a><\/figure>\n\n\n\n<p>Der TMV Gabelstapler R\u00fcckfahr &amp; Bremslicht Block ist f\u00fcr den thicon-models Gabelstapler ( Lesu ) gedacht kann aber auch am Robbe Gabelstapler angebracht werden.<\/p>\n\n\n\n<p>Art.Nr. Art. Text:<\/p>\n\n\n\n<ul class=\"wp-block-list\">\n<li>020513  TMV GS R\u00fcckfahr &amp; Bremslicht Block<\/li>\n<\/ul>\n\n\n\n<p><strong><em><span class=\"has-inline-color has-blue-color\">Der Block ist in Vorbereitung !<\/span><\/em><\/strong><\/p>\n","protected":false},"excerpt":{"rendered":"<p>TMV Bremslicht &amp; R\u00fcckfahrscheinwerfer Block Der TMV Gabelstapler R\u00fcckfahr &amp; Bremslicht Block ist f\u00fcr den thicon-models Gabelstapler ( Lesu ) gedacht kann aber auch am Robbe Gabelstapler angebracht werden. Art.Nr. Art. Text: Der Block ist in Vorbereitung !<\/p>\n","protected":false},"author":2,"featured_media":0,"parent":0,"menu_order":0,"comment_status":"closed","ping_status":"closed","template":"","meta":{"footnotes":""},"class_list":["post-4811","page","type-page","status-publish","hentry"],"_links":{"self":[{"href":"https:\/\/toensfeldt-modellbau.de\/index.php?rest_route=\/wp\/v2\/pages\/4811","targetHints":{"allow":["GET"]}}],"collection":[{"href":"https:\/\/toensfeldt-modellbau.de\/index.php?rest_route=\/wp\/v2\/pages"}],"about":[{"href":"https:\/\/toensfeldt-modellbau.de\/index.php?rest_route=\/wp\/v2\/types\/page"}],"author":[{"embeddable":true,"href":"https:\/\/toensfeldt-modellbau.de\/index.php?rest_route=\/wp\/v2\/users\/2"}],"replies":[{"embeddable":true,"href":"https:\/\/toensfeldt-modellbau.de\/index.php?rest_route=%2Fwp%2Fv2%2Fcomments&post=4811"}],"version-history":[{"count":7,"href":"https:\/\/toensfeldt-modellbau.de\/index.php?rest_route=\/wp\/v2\/pages\/4811\/revisions"}],"predecessor-version":[{"id":7339,"href":"https:\/\/toensfeldt-modellbau.de\/index.php?rest_route=\/wp\/v2\/pages\/4811\/revisions\/7339"}],"wp:attachment":[{"href":"https:\/\/toensfeldt-modellbau.de\/index.php?rest_route=%2Fwp%2Fv2%2Fmedia&parent=4811"}],"curies":[{"name":"wp","href":"https:\/\/api.w.org\/{rel}","templated":true}]}}