{"id":4904,"date":"2021-08-04T17:51:13","date_gmt":"2021-08-04T15:51:13","guid":{"rendered":"http:\/\/toensfeldt-modellbau.de\/?page_id=4904"},"modified":"2025-11-08T16:16:35","modified_gmt":"2025-11-08T14:16:35","slug":"tmv-gs-robbe","status":"publish","type":"page","link":"https:\/\/toensfeldt-modellbau.de\/?page_id=4904","title":{"rendered":"Robbe Gabelstapler H50"},"content":{"rendered":"\n<figure class=\"wp-block-image size-large\"><a href=\"http:\/\/toensfeldt-modellbau.de\/wp-content\/uploads\/2021\/08\/GS-Robbe-Links.jpg\"><img loading=\"lazy\" decoding=\"async\" width=\"567\" height=\"404\" src=\"http:\/\/toensfeldt-modellbau.de\/wp-content\/uploads\/2021\/08\/GS-Robbe-Links.jpg\" alt=\"\" class=\"wp-image-4900\" srcset=\"https:\/\/toensfeldt-modellbau.de\/wp-content\/uploads\/2021\/08\/GS-Robbe-Links.jpg 567w, https:\/\/toensfeldt-modellbau.de\/wp-content\/uploads\/2021\/08\/GS-Robbe-Links-300x214.jpg 300w\" sizes=\"auto, (max-width: 567px) 100vw, 567px\" \/><\/a><\/figure>\n\n\n\n<p><strong><em><span style=\"color:#a3000d\" class=\"has-inline-color\">Robbe<\/span><\/em><\/strong> <strong><em><span style=\"color:#a3001a\" class=\"has-inline-color\">Gabelstapler Linde H50 Bausatz Ma\u00dfstab 1:16 !<\/span><\/em><\/strong><\/p>\n\n\n\n<p>Der Gabelstapler Linde H50 von Robbe wird nicht mehr hergestellt ! ! ! !<\/p>\n\n\n\n<p>Vorbildgetreues Modell eines Gabelstaplers im Ma\u00dfstab 1:16 In Zusammenarbeit mit der Firma Linde entstand dieses absolut spektakul\u00e4re Modell. Der Linde H50 ist einer der bekanntesten und verbreitetsten Gabelstapler der Welt. Es gibt kaum ein Einsatzgebiet, auf dem dieses Fahrzeug nicht eingesetzt werden kann. Tausendfach bew\u00e4hrt war er Vorbild und Grundlage f\u00fcr unser Modell. Oberste Priorit\u00e4t bei der Entwicklung dieses Modells hatten zwei entscheidende Punkte: Vorbildtreue und Funktionalit\u00e4t.<\/p>\n\n\n\n<p>Inhalt des Bausatzes:<br>Durchgef\u00e4rbte Karosserie-Teile (Halbschalen).Kugelgelagerte, angetrieben Vorderachse mit Differential. Antriebmotor mit Getriebe. Pendel-Hinterachse. Felgen und Reifen, Felgenkappen. Alle Teile f\u00fcr den kippbaren, voll funktionsf\u00e4higen Hubmast. Hubmotor mit Getriebeteilen. Hubzylinder (Gewindespindeln) f\u00fcr Hubmast.                                         Gabeltr\u00e4ger mit Elektrischer Zinkenverstellung und Zinken. Sowie ein Schutzgitter aus Messing.<br>Kabinenrahmen, Lenks\u00e4ule, Lenkrad. Halter f\u00fcr Lenkservo und Kippservo (Mast kippen).<br>Umpolschalter f\u00fcr Hubmotor. Elektrischer Hauptschalter. Gegengewicht, Schutzdach.<br>Fahrersitz mit Konsole, Motorhaube, Kn\u00fcppeldummies.Heckteil, Heckgitter, Auspuff, Antennenrohr.Umfangreich bebilderte Bauanleitung, Dekorbogen.<\/p>\n\n\n\n<figure class=\"wp-block-image size-large\"><a href=\"http:\/\/toensfeldt-modellbau.de\/wp-content\/uploads\/2021\/08\/GS-Seitlich-Rechts.jpg\"><img loading=\"lazy\" decoding=\"async\" width=\"425\" height=\"326\" src=\"http:\/\/toensfeldt-modellbau.de\/wp-content\/uploads\/2021\/08\/GS-Seitlich-Rechts.jpg\" alt=\"\" class=\"wp-image-4903\" srcset=\"https:\/\/toensfeldt-modellbau.de\/wp-content\/uploads\/2021\/08\/GS-Seitlich-Rechts.jpg 425w, https:\/\/toensfeldt-modellbau.de\/wp-content\/uploads\/2021\/08\/GS-Seitlich-Rechts-300x230.jpg 300w\" sizes=\"auto, (max-width: 425px) 100vw, 425px\" \/><\/a><\/figure>\n\n\n\n<figure class=\"wp-block-image size-large\"><a href=\"http:\/\/toensfeldt-modellbau.de\/wp-content\/uploads\/2021\/08\/GS-Robbe-Seitlich-Links.jpg\"><img loading=\"lazy\" decoding=\"async\" width=\"425\" height=\"330\" src=\"http:\/\/toensfeldt-modellbau.de\/wp-content\/uploads\/2021\/08\/GS-Robbe-Seitlich-Links.jpg\" alt=\"\" class=\"wp-image-4901\" srcset=\"https:\/\/toensfeldt-modellbau.de\/wp-content\/uploads\/2021\/08\/GS-Robbe-Seitlich-Links.jpg 425w, https:\/\/toensfeldt-modellbau.de\/wp-content\/uploads\/2021\/08\/GS-Robbe-Seitlich-Links-300x233.jpg 300w\" sizes=\"auto, (max-width: 425px) 100vw, 425px\" \/><\/a><\/figure>\n\n\n\n<figure class=\"wp-block-image size-large\"><a href=\"http:\/\/toensfeldt-modellbau.de\/wp-content\/uploads\/2021\/08\/GS-Robbe-Vorne.jpg\"><img loading=\"lazy\" decoding=\"async\" width=\"425\" height=\"671\" src=\"http:\/\/toensfeldt-modellbau.de\/wp-content\/uploads\/2021\/08\/GS-Robbe-Vorne.jpg\" alt=\"\" class=\"wp-image-4902\" srcset=\"https:\/\/toensfeldt-modellbau.de\/wp-content\/uploads\/2021\/08\/GS-Robbe-Vorne.jpg 425w, https:\/\/toensfeldt-modellbau.de\/wp-content\/uploads\/2021\/08\/GS-Robbe-Vorne-190x300.jpg 190w\" sizes=\"auto, (max-width: 425px) 100vw, 425px\" \/><\/a><\/figure>\n\n\n\n<figure class=\"wp-block-image size-large\"><a href=\"http:\/\/toensfeldt-modellbau.de\/wp-content\/uploads\/2021\/08\/GS-Robbe-Hinten.jpg\"><img loading=\"lazy\" decoding=\"async\" width=\"425\" height=\"453\" src=\"http:\/\/toensfeldt-modellbau.de\/wp-content\/uploads\/2021\/08\/GS-Robbe-Hinten.jpg\" alt=\"\" class=\"wp-image-4899\" srcset=\"https:\/\/toensfeldt-modellbau.de\/wp-content\/uploads\/2021\/08\/GS-Robbe-Hinten.jpg 425w, https:\/\/toensfeldt-modellbau.de\/wp-content\/uploads\/2021\/08\/GS-Robbe-Hinten-281x300.jpg 281w\" sizes=\"auto, (max-width: 425px) 100vw, 425px\" \/><\/a><\/figure>\n\n\n\n<ul class=\"wp-block-list\">\n<li>max.Hubh\u00f6he 200mm<\/li>\n\n\n\n<li>L\u00e4nge:285mm<\/li>\n\n\n\n<li>Breite:115mm<\/li>\n\n\n\n<li>H\u00f6he:170\/270mm.<\/li>\n<\/ul>\n\n\n\n<p><strong><em>Die namentliche Nennung von Herstellern und Produkten erfolgt nur zum Zweck der eindeutigen Bezeichnung der Artikel der einzelnen Hersteller. Einige der auf dieser Internetseite genannten Produktnamen sind eingetragene Warenzeichen bzw. unterliegen dem Copyright der jeweiligen Eigent\u00fcmer.<\/em><\/strong><\/p>\n","protected":false},"excerpt":{"rendered":"<p>Robbe Gabelstapler Linde H50 Bausatz Ma\u00dfstab 1:16 ! Der Gabelstapler Linde H50 von Robbe wird nicht mehr hergestellt ! ! ! ! Vorbildgetreues Modell eines Gabelstaplers im Ma\u00dfstab 1:16 In Zusammenarbeit mit der Firma Linde entstand dieses absolut spektakul\u00e4re Modell. &hellip; <a href=\"https:\/\/toensfeldt-modellbau.de\/?page_id=4904\">Weiterlesen <span class=\"meta-nav\">&rarr;<\/span><\/a><\/p>\n","protected":false},"author":2,"featured_media":0,"parent":0,"menu_order":0,"comment_status":"closed","ping_status":"closed","template":"","meta":{"footnotes":""},"class_list":["post-4904","page","type-page","status-publish","hentry"],"_links":{"self":[{"href":"https:\/\/toensfeldt-modellbau.de\/index.php?rest_route=\/wp\/v2\/pages\/4904","targetHints":{"allow":["GET"]}}],"collection":[{"href":"https:\/\/toensfeldt-modellbau.de\/index.php?rest_route=\/wp\/v2\/pages"}],"about":[{"href":"https:\/\/toensfeldt-modellbau.de\/index.php?rest_route=\/wp\/v2\/types\/page"}],"author":[{"embeddable":true,"href":"https:\/\/toensfeldt-modellbau.de\/index.php?rest_route=\/wp\/v2\/users\/2"}],"replies":[{"embeddable":true,"href":"https:\/\/toensfeldt-modellbau.de\/index.php?rest_route=%2Fwp%2Fv2%2Fcomments&post=4904"}],"version-history":[{"count":12,"href":"https:\/\/toensfeldt-modellbau.de\/index.php?rest_route=\/wp\/v2\/pages\/4904\/revisions"}],"predecessor-version":[{"id":7884,"href":"https:\/\/toensfeldt-modellbau.de\/index.php?rest_route=\/wp\/v2\/pages\/4904\/revisions\/7884"}],"wp:attachment":[{"href":"https:\/\/toensfeldt-modellbau.de\/index.php?rest_route=%2Fwp%2Fv2%2Fmedia&parent=4904"}],"curies":[{"name":"wp","href":"https:\/\/api.w.org\/{rel}","templated":true}]}}