{"id":5234,"date":"2021-09-05T14:14:27","date_gmt":"2021-09-05T12:14:27","guid":{"rendered":"http:\/\/toensfeldt-modellbau.de\/?page_id=5234"},"modified":"2025-03-02T12:22:38","modified_gmt":"2025-03-02T10:22:38","slug":"fahrgestelle-2","status":"publish","type":"page","link":"https:\/\/toensfeldt-modellbau.de\/?page_id=5234","title":{"rendered":"Fahrgestelle 1:16"},"content":{"rendered":"\n<figure class=\"wp-block-image size-large is-resized\"><a href=\"http:\/\/toensfeldt-modellbau.de\/wp-content\/uploads\/2013\/11\/FG3AV1-2.jpg\"><img loading=\"lazy\" decoding=\"async\" width=\"241\" height=\"142\" src=\"http:\/\/toensfeldt-modellbau.de\/wp-content\/uploads\/2013\/11\/FG3AV1-2.jpg\" alt=\"\" class=\"wp-image-65\" style=\"width:670px;height:auto\"\/><\/a><\/figure>\n\n\n\n<p>Herstellerdaten gem\u00e4s GPSR<\/p>\n\n\n\n<p>Olaf T\u00f6nsfeldt<br>T\u00f6nsfeldt Modellbau Vertrieb<br>Nobiskr\u00fcger Allee 20<br>24768 Rendsburg<\/p>\n\n\n\n<p><strong>Deutschland<\/strong><br>Tel.: 0049 (0 ) 43 31\/ 51 95<br>E-Mail an: <a href=\"mailto:tmv@toensfeldt-modellbau.de\">tmv@toensfeldt-modellbau.de<\/a><\/p>\n","protected":false},"excerpt":{"rendered":"<p>Herstellerdaten gem\u00e4s GPSR Olaf T\u00f6nsfeldtT\u00f6nsfeldt Modellbau VertriebNobiskr\u00fcger Allee 2024768 Rendsburg DeutschlandTel.: 0049 (0 ) 43 31\/ 51 95E-Mail an: tmv@toensfeldt-modellbau.de<\/p>\n","protected":false},"author":2,"featured_media":0,"parent":0,"menu_order":0,"comment_status":"closed","ping_status":"closed","template":"","meta":{"footnotes":""},"class_list":["post-5234","page","type-page","status-publish","hentry"],"_links":{"self":[{"href":"https:\/\/toensfeldt-modellbau.de\/index.php?rest_route=\/wp\/v2\/pages\/5234","targetHints":{"allow":["GET"]}}],"collection":[{"href":"https:\/\/toensfeldt-modellbau.de\/index.php?rest_route=\/wp\/v2\/pages"}],"about":[{"href":"https:\/\/toensfeldt-modellbau.de\/index.php?rest_route=\/wp\/v2\/types\/page"}],"author":[{"embeddable":true,"href":"https:\/\/toensfeldt-modellbau.de\/index.php?rest_route=\/wp\/v2\/users\/2"}],"replies":[{"embeddable":true,"href":"https:\/\/toensfeldt-modellbau.de\/index.php?rest_route=%2Fwp%2Fv2%2Fcomments&post=5234"}],"version-history":[{"count":4,"href":"https:\/\/toensfeldt-modellbau.de\/index.php?rest_route=\/wp\/v2\/pages\/5234\/revisions"}],"predecessor-version":[{"id":7552,"href":"https:\/\/toensfeldt-modellbau.de\/index.php?rest_route=\/wp\/v2\/pages\/5234\/revisions\/7552"}],"wp:attachment":[{"href":"https:\/\/toensfeldt-modellbau.de\/index.php?rest_route=%2Fwp%2Fv2%2Fmedia&parent=5234"}],"curies":[{"name":"wp","href":"https:\/\/api.w.org\/{rel}","templated":true}]}}