{"id":5350,"date":"2021-09-12T14:42:57","date_gmt":"2021-09-12T12:42:57","guid":{"rendered":"http:\/\/toensfeldt-modellbau.de\/?page_id=5350"},"modified":"2022-07-09T12:49:49","modified_gmt":"2022-07-09T10:49:49","slug":"jx-model","status":"publish","type":"page","link":"https:\/\/toensfeldt-modellbau.de\/?page_id=5350","title":{"rendered":"JX Model"},"content":{"rendered":"\n<figure class=\"wp-block-image size-large is-resized\"><a href=\"http:\/\/toensfeldt-modellbau.de\/wp-content\/uploads\/2021\/09\/JX-Anhaenger-Rot-1.jpg\"><img loading=\"lazy\" decoding=\"async\" src=\"http:\/\/toensfeldt-modellbau.de\/wp-content\/uploads\/2021\/09\/JX-Anhaenger-Rot-1.jpg\" alt=\"\" class=\"wp-image-5347\" width=\"568\" height=\"280\" srcset=\"https:\/\/toensfeldt-modellbau.de\/wp-content\/uploads\/2021\/09\/JX-Anhaenger-Rot-1.jpg 567w, https:\/\/toensfeldt-modellbau.de\/wp-content\/uploads\/2021\/09\/JX-Anhaenger-Rot-1-300x148.jpg 300w\" sizes=\"auto, (max-width: 568px) 100vw, 568px\" \/><\/a><\/figure>\n\n\n\n<p>JX Baustoff Anh\u00e4nger mit Holzplatte und TMV Schaniersatz<\/p>\n\n\n\n<figure class=\"wp-block-image size-large\"><a href=\"http:\/\/toensfeldt-modellbau.de\/wp-content\/uploads\/2021\/09\/Schniersatz-2.jpg\"><img loading=\"lazy\" decoding=\"async\" width=\"425\" height=\"290\" src=\"http:\/\/toensfeldt-modellbau.de\/wp-content\/uploads\/2021\/09\/Schniersatz-2.jpg\" alt=\"\" class=\"wp-image-5349\" srcset=\"https:\/\/toensfeldt-modellbau.de\/wp-content\/uploads\/2021\/09\/Schniersatz-2.jpg 425w, https:\/\/toensfeldt-modellbau.de\/wp-content\/uploads\/2021\/09\/Schniersatz-2-300x205.jpg 300w\" sizes=\"auto, (max-width: 425px) 100vw, 425px\" \/><\/a><\/figure>\n\n\n\n<p>TMV Schniers\u00e4tze f\u00fcr JX Anh\u00e4nger, Motorwagen &amp; Auflieger<\/p>\n","protected":false},"excerpt":{"rendered":"<p>JX Baustoff Anh\u00e4nger mit Holzplatte und TMV Schaniersatz TMV Schniers\u00e4tze f\u00fcr JX Anh\u00e4nger, Motorwagen &amp; Auflieger<\/p>\n","protected":false},"author":2,"featured_media":0,"parent":0,"menu_order":0,"comment_status":"closed","ping_status":"closed","template":"","meta":{"footnotes":""},"class_list":["post-5350","page","type-page","status-publish","hentry"],"_links":{"self":[{"href":"https:\/\/toensfeldt-modellbau.de\/index.php?rest_route=\/wp\/v2\/pages\/5350","targetHints":{"allow":["GET"]}}],"collection":[{"href":"https:\/\/toensfeldt-modellbau.de\/index.php?rest_route=\/wp\/v2\/pages"}],"about":[{"href":"https:\/\/toensfeldt-modellbau.de\/index.php?rest_route=\/wp\/v2\/types\/page"}],"author":[{"embeddable":true,"href":"https:\/\/toensfeldt-modellbau.de\/index.php?rest_route=\/wp\/v2\/users\/2"}],"replies":[{"embeddable":true,"href":"https:\/\/toensfeldt-modellbau.de\/index.php?rest_route=%2Fwp%2Fv2%2Fcomments&post=5350"}],"version-history":[{"count":4,"href":"https:\/\/toensfeldt-modellbau.de\/index.php?rest_route=\/wp\/v2\/pages\/5350\/revisions"}],"predecessor-version":[{"id":6821,"href":"https:\/\/toensfeldt-modellbau.de\/index.php?rest_route=\/wp\/v2\/pages\/5350\/revisions\/6821"}],"wp:attachment":[{"href":"https:\/\/toensfeldt-modellbau.de\/index.php?rest_route=%2Fwp%2Fv2%2Fmedia&parent=5350"}],"curies":[{"name":"wp","href":"https:\/\/api.w.org\/{rel}","templated":true}]}}