{"id":5353,"date":"2021-09-12T14:44:58","date_gmt":"2021-09-12T12:44:58","guid":{"rendered":"http:\/\/toensfeldt-modellbau.de\/?page_id=5353"},"modified":"2025-03-08T12:33:30","modified_gmt":"2025-03-08T10:33:30","slug":"2-achs-anhaenger","status":"publish","type":"page","link":"https:\/\/toensfeldt-modellbau.de\/?page_id=5353","title":{"rendered":"JX 2 Achs Anh\u00e4nger"},"content":{"rendered":"\n<figure class=\"wp-block-image size-large\"><a href=\"http:\/\/toensfeldt-modellbau.de\/wp-content\/uploads\/2021\/09\/JX-Anhaenger-Rot-1.jpg\"><img loading=\"lazy\" decoding=\"async\" width=\"567\" height=\"280\" src=\"http:\/\/toensfeldt-modellbau.de\/wp-content\/uploads\/2021\/09\/JX-Anhaenger-Rot-1.jpg\" alt=\"\" class=\"wp-image-5347\" srcset=\"https:\/\/toensfeldt-modellbau.de\/wp-content\/uploads\/2021\/09\/JX-Anhaenger-Rot-1.jpg 567w, https:\/\/toensfeldt-modellbau.de\/wp-content\/uploads\/2021\/09\/JX-Anhaenger-Rot-1-300x148.jpg 300w\" sizes=\"auto, (max-width: 567px) 100vw, 567px\" \/><\/a><\/figure>\n\n\n\n<p><strong><em><span style=\"color:#a30003\" class=\"has-inline-color\">Ladeboden Holz f\u00fcr JX Model-Aufbauten,<\/span><\/em><\/strong> <strong><em><span style=\"color:#a30003\" class=\"has-inline-color\">MAN F2000 und Anh\u00e4nger<\/span><\/em><\/strong> <\/p>\n\n\n\n<p>Ladeboden aus Holz f\u00fcr Baupritsche von JX Model 2-Achsanh\u00e4nger thicon Nr. 52003, Baupritsche Zugmaschine MAN F2000 thicon Nr. 52000, sowie Baupritschen-Aufbau 52004. Holzboden braun lasiert und von unten mit doppelseitigem Klebeband beklebt.<\/p>\n\n\n\n<figure class=\"wp-block-image size-large\"><a href=\"http:\/\/toensfeldt-modellbau.de\/wp-content\/uploads\/2021\/09\/Holzbrett-Ladeflaeche-Int.jpg\"><img loading=\"lazy\" decoding=\"async\" width=\"425\" height=\"268\" src=\"http:\/\/toensfeldt-modellbau.de\/wp-content\/uploads\/2021\/09\/Holzbrett-Ladeflaeche-Int.jpg\" alt=\"\" class=\"wp-image-5362\" srcset=\"https:\/\/toensfeldt-modellbau.de\/wp-content\/uploads\/2021\/09\/Holzbrett-Ladeflaeche-Int.jpg 425w, https:\/\/toensfeldt-modellbau.de\/wp-content\/uploads\/2021\/09\/Holzbrett-Ladeflaeche-Int-300x189.jpg 300w\" sizes=\"auto, (max-width: 425px) 100vw, 425px\" \/><\/a><\/figure>\n\n\n\n<p><strong><em><span style=\"color:#a30003\" class=\"has-inline-color\">Scharniersatz f\u00fcr JX Model Aufbauten, MAN F 2000 und Anh\u00e4nger<\/span><\/em><\/strong><\/p>\n\n\n\n<p>Scharniersatz bestehend aus 10 Paaren Scharniere aus Feinguss Messing Verzinkt als Ersatz f\u00fcr die Orginalscharniere des JX Model 2-Achsanh\u00e4nger thicon Nr. 52003, JX Model Baupritsche Zugmaschine MAN F2000 thicon Nr. 52000, sowie JX Model Baupritschen-Aufbau 52004.<\/p>\n\n\n\n<figure class=\"wp-block-image size-large\"><a href=\"http:\/\/toensfeldt-modellbau.de\/wp-content\/uploads\/2021\/09\/Schaniersatz-1.jpg\"><img loading=\"lazy\" decoding=\"async\" width=\"425\" height=\"224\" src=\"http:\/\/toensfeldt-modellbau.de\/wp-content\/uploads\/2021\/09\/Schaniersatz-1.jpg\" alt=\"\" class=\"wp-image-5348\" srcset=\"https:\/\/toensfeldt-modellbau.de\/wp-content\/uploads\/2021\/09\/Schaniersatz-1.jpg 425w, https:\/\/toensfeldt-modellbau.de\/wp-content\/uploads\/2021\/09\/Schaniersatz-1-300x158.jpg 300w\" sizes=\"auto, (max-width: 425px) 100vw, 425px\" \/><\/a><\/figure>\n\n\n\n<figure class=\"wp-block-image size-large\"><a href=\"http:\/\/toensfeldt-modellbau.de\/wp-content\/uploads\/2021\/09\/Schniersatz-2.jpg\"><img loading=\"lazy\" decoding=\"async\" width=\"425\" height=\"290\" src=\"http:\/\/toensfeldt-modellbau.de\/wp-content\/uploads\/2021\/09\/Schniersatz-2.jpg\" alt=\"\" class=\"wp-image-5349\" srcset=\"https:\/\/toensfeldt-modellbau.de\/wp-content\/uploads\/2021\/09\/Schniersatz-2.jpg 425w, https:\/\/toensfeldt-modellbau.de\/wp-content\/uploads\/2021\/09\/Schniersatz-2-300x205.jpg 300w\" sizes=\"auto, (max-width: 425px) 100vw, 425px\" \/><\/a><\/figure>\n\n\n\n<figure class=\"wp-block-image size-large is-resized\"><a href=\"http:\/\/toensfeldt-modellbau.de\/wp-content\/uploads\/2021\/09\/1-Schanier.jpg\"><img loading=\"lazy\" decoding=\"async\" width=\"425\" height=\"224\" src=\"http:\/\/toensfeldt-modellbau.de\/wp-content\/uploads\/2021\/09\/1-Schanier.jpg\" alt=\"\" class=\"wp-image-5345\" style=\"width:425px;height:224px\" srcset=\"https:\/\/toensfeldt-modellbau.de\/wp-content\/uploads\/2021\/09\/1-Schanier.jpg 425w, https:\/\/toensfeldt-modellbau.de\/wp-content\/uploads\/2021\/09\/1-Schanier-300x158.jpg 300w\" sizes=\"auto, (max-width: 425px) 100vw, 425px\" \/><\/a><\/figure>\n\n\n\n<p><strong><em><span style=\"color:#a30008\" class=\"has-inline-color\">Scharniersatz f\u00fcr JX Model Auflieger Pritsche<\/span><\/em><\/strong><\/p>\n\n\n\n<p>Scharniersatz, bestehend aus 33 Paaren Scharniere als Ersatz f\u00fcr die Orginalscharniere des JX Model 3-Achs Pritschenauflieger.<\/p>\n\n\n\n<ul class=\"wp-block-list\">\n<li><span style=\"color:#a30003\" class=\"has-inline-color\">020420<\/span> \u00a0\u00a010 Scharniere f\u00fcr JX Model Baupritsche<\/li>\n\n\n\n<li><span style=\"color:#a30003\" class=\"has-inline-color\">020421<\/span> \u00a0\u00a033 Scharniere f\u00fcr JX Model 3-Achs Pritschenauflieger<\/li>\n\n\n\n<li><span style=\"color:#a30003\" class=\"has-inline-color\">02042<\/span><span style=\"color:#a30011\" class=\"has-inline-color\">2<\/span>   2 Scharniere f\u00fcr JX Model Baupritsche<\/li>\n\n\n\n<li><span style=\"color:#a3001a\" class=\"has-inline-color\">020426<\/span>   1 Ladeboden Holz braun lasiert Baupritsche<\/li>\n<\/ul>\n\n\n\n<p><\/p>\n\n\n\n<ul class=\"wp-block-list\">\n<li>Herstellerdaten gem\u00e4s GPSR<\/li>\n\n\n\n<li>Olaf T\u00f6nsfeldt<\/li>\n\n\n\n<li>T\u00f6nsfeldt Modellbau Vertrieb<\/li>\n\n\n\n<li>Nobiskr\u00fcger Allee 20<\/li>\n\n\n\n<li>24768 Rendsburg<\/li>\n\n\n\n<li><strong>Deutschland<\/strong><\/li>\n\n\n\n<li>Tel.: 0049 (0 ) 43 31\/ 51 95<\/li>\n\n\n\n<li>E-Mail an: <a href=\"mailto:tmv@toensfeldt-modellbau.de\">tmv@toensfeldt-modellbau.de<\/a><\/li>\n<\/ul>\n","protected":false},"excerpt":{"rendered":"<p>Ladeboden Holz f\u00fcr JX Model-Aufbauten, MAN F2000 und Anh\u00e4nger Ladeboden aus Holz f\u00fcr Baupritsche von JX Model 2-Achsanh\u00e4nger thicon Nr. 52003, Baupritsche Zugmaschine MAN F2000 thicon Nr. 52000, sowie Baupritschen-Aufbau 52004. Holzboden braun lasiert und von unten mit doppelseitigem Klebeband &hellip; <a href=\"https:\/\/toensfeldt-modellbau.de\/?page_id=5353\">Weiterlesen <span class=\"meta-nav\">&rarr;<\/span><\/a><\/p>\n","protected":false},"author":2,"featured_media":0,"parent":0,"menu_order":0,"comment_status":"closed","ping_status":"closed","template":"","meta":{"footnotes":""},"class_list":["post-5353","page","type-page","status-publish","hentry"],"_links":{"self":[{"href":"https:\/\/toensfeldt-modellbau.de\/index.php?rest_route=\/wp\/v2\/pages\/5353","targetHints":{"allow":["GET"]}}],"collection":[{"href":"https:\/\/toensfeldt-modellbau.de\/index.php?rest_route=\/wp\/v2\/pages"}],"about":[{"href":"https:\/\/toensfeldt-modellbau.de\/index.php?rest_route=\/wp\/v2\/types\/page"}],"author":[{"embeddable":true,"href":"https:\/\/toensfeldt-modellbau.de\/index.php?rest_route=\/wp\/v2\/users\/2"}],"replies":[{"embeddable":true,"href":"https:\/\/toensfeldt-modellbau.de\/index.php?rest_route=%2Fwp%2Fv2%2Fcomments&post=5353"}],"version-history":[{"count":13,"href":"https:\/\/toensfeldt-modellbau.de\/index.php?rest_route=\/wp\/v2\/pages\/5353\/revisions"}],"predecessor-version":[{"id":7612,"href":"https:\/\/toensfeldt-modellbau.de\/index.php?rest_route=\/wp\/v2\/pages\/5353\/revisions\/7612"}],"wp:attachment":[{"href":"https:\/\/toensfeldt-modellbau.de\/index.php?rest_route=%2Fwp%2Fv2%2Fmedia&parent=5353"}],"curies":[{"name":"wp","href":"https:\/\/api.w.org\/{rel}","templated":true}]}}