{"id":5411,"date":"2021-09-19T11:19:21","date_gmt":"2021-09-19T09:19:21","guid":{"rendered":"http:\/\/toensfeldt-modellbau.de\/?page_id=5411"},"modified":"2025-03-02T14:40:19","modified_gmt":"2025-03-02T12:40:19","slug":"tmv-zinke-mittel","status":"publish","type":"page","link":"https:\/\/toensfeldt-modellbau.de\/?page_id=5411","title":{"rendered":"TMV Zinke Mittel"},"content":{"rendered":"\n<p><strong><em><span style=\"color:#a30003\" class=\"has-inline-color\">TMV Gabelstapler Zinken Mittel<\/span><\/em><\/strong><\/p>\n\n\n\n<figure class=\"wp-block-image size-large\"><a href=\"http:\/\/toensfeldt-modellbau.de\/wp-content\/uploads\/2021\/09\/Mittlerre-Gabel.jpg\"><img loading=\"lazy\" decoding=\"async\" width=\"425\" height=\"303\" src=\"http:\/\/toensfeldt-modellbau.de\/wp-content\/uploads\/2021\/09\/Mittlerre-Gabel.jpg\" alt=\"\" class=\"wp-image-5307\" srcset=\"https:\/\/toensfeldt-modellbau.de\/wp-content\/uploads\/2021\/09\/Mittlerre-Gabel.jpg 425w, https:\/\/toensfeldt-modellbau.de\/wp-content\/uploads\/2021\/09\/Mittlerre-Gabel-300x214.jpg 300w\" sizes=\"auto, (max-width: 425px) 100vw, 425px\" \/><\/a><\/figure>\n\n\n\n<p>Mittel Lange Gabelzinken f\u00fcr den thicon-Lesu Gabelstapler aus dem 3D-Drucker. Die TMV Gabelzinken sind aus Alumide und sehr flexibel aber auch bruchsicher in der normalen Handhabung. Auf die TMV Gabelzinken passen 2 Europaletten quer ( zur schnellst-m\u00f6glichen Beladung unter Beachtung der zu hebenden Gewichte des Modells ) und 1. Europalette L\u00e4ngs. Die Gabelstaplerzinken gibt es in Schwarz eingef\u00e4rbt. Achtung die Oberfl\u00e4che der TMV Gabelzinken ist rau und nicht glatt wie die Metallzinken ! Falls n\u00f6tig liefern wir noch 2 Madenschrauben zur Sicherung der TMV Gabelzinken mit.<\/p>\n\n\n\n<p><strong><em><span style=\"color:#a30003\" class=\"has-inline-color\">Was ist Alumide ?<\/span><\/em><\/strong><\/p>\n\n\n\n<p><strong><em><span style=\"color:#87a300\" class=\"has-inline-color\">Alumide besitzt eine hohe Festigkeit und Steifigkeit. Es ist leicht por\u00f6s und best\u00e4ndig gegen hohe Temperaturen (130\u00b0C). Hergestellt wird es aus Polyamid-Pulver (PA 12) mit einer geringen Beimischung an Aluminiumpulver. Das Aluminium verleiht dem Material eine matte, metallisch anmutende Oberfl\u00e4che mit einem subtilen Glanz, macht es aber spr\u00f6der als Polyamid.<\/span><\/em><\/strong><\/p>\n\n\n\n<p>Technische Daten Mittel:<\/p>\n\n\n\n<ul class=\"wp-block-list\">\n<li>L\u00e4nge: ca. 111 mm<\/li>\n\n\n\n<li>H\u00f6he: ca. 49 mm<\/li>\n\n\n\n<li>Breite: ca. 9 mm<\/li>\n\n\n\n<li>St\u00e4rke: ca. 4 mm<\/li>\n<\/ul>\n\n\n\n<p>Art. Nr. Text:<\/p>\n\n\n\n<ul class=\"wp-block-list\">\n<li><mark style=\"background-color:rgba(0, 0, 0, 0);color:#a30003\" class=\"has-inline-color\">020551<\/mark> TMV GS Zinken Alumide Mittel Schwarz<\/li>\n\n\n\n<li>020551 noch 2 St. Schwarz und 2 St. Grau da<\/li>\n<\/ul>\n\n\n\n<p>Herstellerdaten gem\u00e4s GPSR<\/p>\n\n\n\n<p>Olaf T\u00f6nsfeldt<br>T\u00f6nsfeldt Modellbau Vertrieb<br>Nobiskr\u00fcger Allee 20<br>24768 Rendsburg<\/p>\n\n\n\n<p><strong>Deutschland<\/strong><br>Tel.: 0049 (0 ) 43 31\/ 51 95<br>E-Mail an: <a href=\"mailto:tmv@toensfeldt-modellbau.de\">tmv@toensfeldt-modellbau.de<\/a><\/p>\n","protected":false},"excerpt":{"rendered":"<p>TMV Gabelstapler Zinken Mittel Mittel Lange Gabelzinken f\u00fcr den thicon-Lesu Gabelstapler aus dem 3D-Drucker. Die TMV Gabelzinken sind aus Alumide und sehr flexibel aber auch bruchsicher in der normalen Handhabung. Auf die TMV Gabelzinken passen 2 Europaletten quer ( zur &hellip; <a href=\"https:\/\/toensfeldt-modellbau.de\/?page_id=5411\">Weiterlesen <span class=\"meta-nav\">&rarr;<\/span><\/a><\/p>\n","protected":false},"author":2,"featured_media":0,"parent":0,"menu_order":0,"comment_status":"closed","ping_status":"closed","template":"","meta":{"footnotes":""},"class_list":["post-5411","page","type-page","status-publish","hentry"],"_links":{"self":[{"href":"https:\/\/toensfeldt-modellbau.de\/index.php?rest_route=\/wp\/v2\/pages\/5411","targetHints":{"allow":["GET"]}}],"collection":[{"href":"https:\/\/toensfeldt-modellbau.de\/index.php?rest_route=\/wp\/v2\/pages"}],"about":[{"href":"https:\/\/toensfeldt-modellbau.de\/index.php?rest_route=\/wp\/v2\/types\/page"}],"author":[{"embeddable":true,"href":"https:\/\/toensfeldt-modellbau.de\/index.php?rest_route=\/wp\/v2\/users\/2"}],"replies":[{"embeddable":true,"href":"https:\/\/toensfeldt-modellbau.de\/index.php?rest_route=%2Fwp%2Fv2%2Fcomments&post=5411"}],"version-history":[{"count":8,"href":"https:\/\/toensfeldt-modellbau.de\/index.php?rest_route=\/wp\/v2\/pages\/5411\/revisions"}],"predecessor-version":[{"id":7574,"href":"https:\/\/toensfeldt-modellbau.de\/index.php?rest_route=\/wp\/v2\/pages\/5411\/revisions\/7574"}],"wp:attachment":[{"href":"https:\/\/toensfeldt-modellbau.de\/index.php?rest_route=%2Fwp%2Fv2%2Fmedia&parent=5411"}],"curies":[{"name":"wp","href":"https:\/\/api.w.org\/{rel}","templated":true}]}}