{"id":5469,"date":"2021-09-27T12:02:05","date_gmt":"2021-09-27T10:02:05","guid":{"rendered":"http:\/\/toensfeldt-modellbau.de\/?page_id=5469"},"modified":"2025-03-08T12:47:34","modified_gmt":"2025-03-08T10:47:34","slug":"ap-gp-8x8-ah-2","status":"publish","type":"page","link":"https:\/\/toensfeldt-modellbau.de\/?page_id=5469","title":{"rendered":"AP GP 8&#215;8 AH"},"content":{"rendered":"\n<figure class=\"wp-block-image size-large\"><a href=\"http:\/\/toensfeldt-modellbau.de\/wp-content\/uploads\/2021\/09\/AP-GP-8x8-AH.jpg\"><img loading=\"lazy\" decoding=\"async\" width=\"425\" height=\"172\" src=\"http:\/\/toensfeldt-modellbau.de\/wp-content\/uploads\/2021\/09\/AP-GP-8x8-AH.jpg\" alt=\"\" class=\"wp-image-5464\" srcset=\"https:\/\/toensfeldt-modellbau.de\/wp-content\/uploads\/2021\/09\/AP-GP-8x8-AH.jpg 425w, https:\/\/toensfeldt-modellbau.de\/wp-content\/uploads\/2021\/09\/AP-GP-8x8-AH-300x121.jpg 300w\" sizes=\"auto, (max-width: 425px) 100vw, 425px\" \/><\/a><\/figure>\n\n\n\n<p><span class=\"has-inline-color has-black-color\">2 TMV Anschlagpunkte mit Grundplatte 8\u00d78 mm und fester \u00d6se, in klein f\u00fcr die Anschlaghaken, aus Messing verl\u00f6tet und pulverbeschichtet.<\/span><\/p>\n\n\n\n<p><em><strong><span style=\"color:#a30011\" class=\"has-inline-color\">TMV Anschlagpunkte Anschlaghaken ( AH )<\/span><\/strong><\/em><\/p>\n\n\n\n<figure class=\"wp-block-image\"><img loading=\"lazy\" decoding=\"async\" width=\"283\" height=\"328\" src=\"http:\/\/toensfeldt-modellbau.de\/wp-content\/uploads\/2020\/01\/AP-GP-AH_-Rot.jpg\" alt=\"\" class=\"wp-image-3901\" srcset=\"https:\/\/toensfeldt-modellbau.de\/wp-content\/uploads\/2020\/01\/AP-GP-AH_-Rot.jpg 283w, https:\/\/toensfeldt-modellbau.de\/wp-content\/uploads\/2020\/01\/AP-GP-AH_-Rot-259x300.jpg 259w\" sizes=\"auto, (max-width: 283px) 100vw, 283px\" \/><\/figure>\n\n\n\n<figure class=\"wp-block-image\"><img loading=\"lazy\" decoding=\"async\" width=\"283\" height=\"319\" src=\"http:\/\/toensfeldt-modellbau.de\/wp-content\/uploads\/2020\/01\/AP-GP-AH_-Gelb.jpg\" alt=\"\" class=\"wp-image-3899\" srcset=\"https:\/\/toensfeldt-modellbau.de\/wp-content\/uploads\/2020\/01\/AP-GP-AH_-Gelb.jpg 283w, https:\/\/toensfeldt-modellbau.de\/wp-content\/uploads\/2020\/01\/AP-GP-AH_-Gelb-266x300.jpg 266w\" sizes=\"auto, (max-width: 283px) 100vw, 283px\" \/><\/figure>\n\n\n\n<figure class=\"wp-block-image\"><img loading=\"lazy\" decoding=\"async\" width=\"283\" height=\"364\" src=\"http:\/\/toensfeldt-modellbau.de\/wp-content\/uploads\/2020\/01\/AP-GP-AH_-Oliv.jpg\" alt=\"\" class=\"wp-image-3900\" srcset=\"https:\/\/toensfeldt-modellbau.de\/wp-content\/uploads\/2020\/01\/AP-GP-AH_-Oliv.jpg 283w, https:\/\/toensfeldt-modellbau.de\/wp-content\/uploads\/2020\/01\/AP-GP-AH_-Oliv-233x300.jpg 233w\" sizes=\"auto, (max-width: 283px) 100vw, 283px\" \/><\/figure>\n\n\n\n<figure class=\"wp-block-image\"><img loading=\"lazy\" decoding=\"async\" width=\"283\" height=\"348\" src=\"http:\/\/toensfeldt-modellbau.de\/wp-content\/uploads\/2020\/01\/AP-GP-AH_-Blau.jpg\" alt=\"\" class=\"wp-image-3898\" srcset=\"https:\/\/toensfeldt-modellbau.de\/wp-content\/uploads\/2020\/01\/AP-GP-AH_-Blau.jpg 283w, https:\/\/toensfeldt-modellbau.de\/wp-content\/uploads\/2020\/01\/AP-GP-AH_-Blau-244x300.jpg 244w\" sizes=\"auto, (max-width: 283px) 100vw, 283px\" \/><\/figure>\n\n\n\n<p>Technische Daten \u00d6se Klein AH:<\/p>\n\n\n\n<ul class=\"wp-block-list\">\n<li>2,5 x 4 mm<\/li>\n<\/ul>\n\n\n\n<ul class=\"wp-block-list\">\n<li><span style=\"color:#a30004\" class=\"has-inline-color\">030405<\/span> 2 TMV AP Grundplatte 8\u00d78 \u00d6se Klein AH Rot<\/li>\n\n\n\n<li><span style=\"color:#a30008\" class=\"has-inline-color\">030406<\/span> 2 TMV AP Grundplatte 8\u00d78 \u00d6se Klein AH Gelb<\/li>\n\n\n\n<li><span style=\"color:#a30008\" class=\"has-inline-color\">030407<\/span> 2 TMV AP Grundplatte 8\u00d78 \u00d6se Klein AH Schwarz<\/li>\n\n\n\n<li><span style=\"color:#a30004\" class=\"has-inline-color\">030408<\/span> 2 TMV AP Grundplatte 8\u00d78 \u00d6se Klein AH Oliv<\/li>\n\n\n\n<li><span style=\"color:#a30004\" class=\"has-inline-color\">030409<\/span> 2 TMV AP Grundplatte 8\u00d78 \u00d6se Klein AH Blau<\/li>\n<\/ul>\n\n\n\n<p>Preis 9,90 \u20ac<\/p>\n\n\n\n<p><em><strong><span class=\"has-inline-color has-blue-color\">Achtung \u00c4nderung der Bestellnummern und ab sofort nur noch bei Anfrage mit Nietkopfschrauben.<\/span><\/strong><\/em><\/p>\n\n\n\n<p>Herstellerdaten gem\u00e4s GPSR<\/p>\n\n\n\n<p>Olaf T\u00f6nsfeldt<br>T\u00f6nsfeldt Modellbau Vertrieb<br>Nobiskr\u00fcger Allee 20<br>24768 Rendsburg<\/p>\n\n\n\n<p><strong>Deutschland<\/strong><br>Tel.: 0049 (0 ) 43 31\/ 51 95<br>E-Mail an: <a href=\"mailto:tmv@toensfeldt-modellbau.de\">tmv@toensfeldt-modellbau.de<\/a><\/p>\n","protected":false},"excerpt":{"rendered":"<p>2 TMV Anschlagpunkte mit Grundplatte 8\u00d78 mm und fester \u00d6se, in klein f\u00fcr die Anschlaghaken, aus Messing verl\u00f6tet und pulverbeschichtet. TMV Anschlagpunkte Anschlaghaken ( AH ) Technische Daten \u00d6se Klein AH: Preis 9,90 \u20ac Achtung \u00c4nderung der Bestellnummern und ab &hellip; <a href=\"https:\/\/toensfeldt-modellbau.de\/?page_id=5469\">Weiterlesen <span class=\"meta-nav\">&rarr;<\/span><\/a><\/p>\n","protected":false},"author":2,"featured_media":0,"parent":0,"menu_order":0,"comment_status":"closed","ping_status":"closed","template":"","meta":{"footnotes":""},"class_list":["post-5469","page","type-page","status-publish","hentry"],"_links":{"self":[{"href":"https:\/\/toensfeldt-modellbau.de\/index.php?rest_route=\/wp\/v2\/pages\/5469","targetHints":{"allow":["GET"]}}],"collection":[{"href":"https:\/\/toensfeldt-modellbau.de\/index.php?rest_route=\/wp\/v2\/pages"}],"about":[{"href":"https:\/\/toensfeldt-modellbau.de\/index.php?rest_route=\/wp\/v2\/types\/page"}],"author":[{"embeddable":true,"href":"https:\/\/toensfeldt-modellbau.de\/index.php?rest_route=\/wp\/v2\/users\/2"}],"replies":[{"embeddable":true,"href":"https:\/\/toensfeldt-modellbau.de\/index.php?rest_route=%2Fwp%2Fv2%2Fcomments&post=5469"}],"version-history":[{"count":5,"href":"https:\/\/toensfeldt-modellbau.de\/index.php?rest_route=\/wp\/v2\/pages\/5469\/revisions"}],"predecessor-version":[{"id":7628,"href":"https:\/\/toensfeldt-modellbau.de\/index.php?rest_route=\/wp\/v2\/pages\/5469\/revisions\/7628"}],"wp:attachment":[{"href":"https:\/\/toensfeldt-modellbau.de\/index.php?rest_route=%2Fwp%2Fv2%2Fmedia&parent=5469"}],"curies":[{"name":"wp","href":"https:\/\/api.w.org\/{rel}","templated":true}]}}