{"id":5471,"date":"2021-09-27T12:02:33","date_gmt":"2021-09-27T10:02:33","guid":{"rendered":"http:\/\/toensfeldt-modellbau.de\/?page_id=5471"},"modified":"2025-03-08T12:47:52","modified_gmt":"2025-03-08T10:47:52","slug":"ap-gp-8x8-lh-2","status":"publish","type":"page","link":"https:\/\/toensfeldt-modellbau.de\/?page_id=5471","title":{"rendered":"AP GP 8&#215;8 LH"},"content":{"rendered":"\n<p><span class=\"has-inline-color has-black-color\">2 TMV Anschlagpunkte mit Grundplatte 8\u00d78 mm und fester \u00d6se, in Gro\u00df f\u00fcr die Lasthaken, aus Messing verl\u00f6tet und pulverbeschichtet.<\/span><\/p>\n\n\n\n<p><strong><em><span style=\"color:#a30008\" class=\"has-inline-color\">TMV Anschlagpunkte Lasthaken ( LH<\/span> <span style=\"color:#a30003\" class=\"has-inline-color\">)<\/span><\/em><\/strong><\/p>\n\n\n\n<figure class=\"wp-block-image\"><img loading=\"lazy\" decoding=\"async\" width=\"283\" height=\"351\" src=\"http:\/\/toensfeldt-modellbau.de\/wp-content\/uploads\/2020\/01\/AP-GP-LH_-Rot.jpg\" alt=\"\" class=\"wp-image-3905\" srcset=\"https:\/\/toensfeldt-modellbau.de\/wp-content\/uploads\/2020\/01\/AP-GP-LH_-Rot.jpg 283w, https:\/\/toensfeldt-modellbau.de\/wp-content\/uploads\/2020\/01\/AP-GP-LH_-Rot-242x300.jpg 242w\" sizes=\"auto, (max-width: 283px) 100vw, 283px\" \/><\/figure>\n\n\n\n<figure class=\"wp-block-image\"><img loading=\"lazy\" decoding=\"async\" width=\"283\" height=\"338\" src=\"http:\/\/toensfeldt-modellbau.de\/wp-content\/uploads\/2020\/01\/AP-GP-LH_-Gelb.jpg\" alt=\"\" class=\"wp-image-3903\" srcset=\"https:\/\/toensfeldt-modellbau.de\/wp-content\/uploads\/2020\/01\/AP-GP-LH_-Gelb.jpg 283w, https:\/\/toensfeldt-modellbau.de\/wp-content\/uploads\/2020\/01\/AP-GP-LH_-Gelb-251x300.jpg 251w\" sizes=\"auto, (max-width: 283px) 100vw, 283px\" \/><\/figure>\n\n\n\n<figure class=\"wp-block-image\"><img loading=\"lazy\" decoding=\"async\" width=\"283\" height=\"365\" src=\"http:\/\/toensfeldt-modellbau.de\/wp-content\/uploads\/2020\/01\/AP-GP-LH_-Oliv.jpg\" alt=\"\" class=\"wp-image-3904\" srcset=\"https:\/\/toensfeldt-modellbau.de\/wp-content\/uploads\/2020\/01\/AP-GP-LH_-Oliv.jpg 283w, https:\/\/toensfeldt-modellbau.de\/wp-content\/uploads\/2020\/01\/AP-GP-LH_-Oliv-233x300.jpg 233w\" sizes=\"auto, (max-width: 283px) 100vw, 283px\" \/><\/figure>\n\n\n\n<figure class=\"wp-block-image\"><img loading=\"lazy\" decoding=\"async\" width=\"283\" height=\"361\" src=\"http:\/\/toensfeldt-modellbau.de\/wp-content\/uploads\/2020\/01\/AP-GP-LH_-Blau.jpg\" alt=\"\" class=\"wp-image-3902\" srcset=\"https:\/\/toensfeldt-modellbau.de\/wp-content\/uploads\/2020\/01\/AP-GP-LH_-Blau.jpg 283w, https:\/\/toensfeldt-modellbau.de\/wp-content\/uploads\/2020\/01\/AP-GP-LH_-Blau-235x300.jpg 235w\" sizes=\"auto, (max-width: 283px) 100vw, 283px\" \/><\/figure>\n\n\n\n<figure class=\"wp-block-image\"><img loading=\"lazy\" decoding=\"async\" width=\"283\" height=\"333\" src=\"http:\/\/toensfeldt-modellbau.de\/wp-content\/uploads\/2020\/01\/AP-GP-LH_-VA.jpg\" alt=\"\" class=\"wp-image-3906\" srcset=\"https:\/\/toensfeldt-modellbau.de\/wp-content\/uploads\/2020\/01\/AP-GP-LH_-VA.jpg 283w, https:\/\/toensfeldt-modellbau.de\/wp-content\/uploads\/2020\/01\/AP-GP-LH_-VA-255x300.jpg 255w\" sizes=\"auto, (max-width: 283px) 100vw, 283px\" \/><\/figure>\n\n\n\n<p>Technische Daten \u00d6se Gro\u00df LH:<\/p>\n\n\n\n<ul class=\"wp-block-list\">\n<li>4 x 5,5 mm<\/li>\n<\/ul>\n\n\n\n<p>Art.Nr. Art. Text:<\/p>\n\n\n\n<ul class=\"wp-block-list\">\n<li><span style=\"color:#a30004\" class=\"has-inline-color\">030400<\/span> 2 TMV AP Grundplatte 8\u00d78 \u00d6se Gro\u00df LH Rot.<\/li>\n\n\n\n<li><span style=\"color:#a30008\" class=\"has-inline-color\">030401<\/span> 2 TMV AP Grundplatte 8\u00d78 \u00d6se Gro\u00df LH Gelb<\/li>\n\n\n\n<li><span style=\"color:#a30008\" class=\"has-inline-color\">030402<\/span> 2 TMV AP Grundplatte 8\u00d78 \u00d6se Gro\u00df LH Schwarz<\/li>\n\n\n\n<li><span style=\"color:#a30008\" class=\"has-inline-color\">030403<\/span> 2 TMV AP Grundplatte 8\u00d78 \u00d6se Gro\u00df LH Oliv<\/li>\n\n\n\n<li><span style=\"color:#a30004\" class=\"has-inline-color\">030404<\/span> 2 TMV AP Grundplatte 8\u00d78 \u00d6se Gro\u00df LH Blau<\/li>\n\n\n\n<li><span style=\"color:#a30011\" class=\"has-inline-color\">030414<\/span> 2 TMV AP Grundplatte 8\u00d78 \u00d6se Gro\u00df LH VA<\/li>\n<\/ul>\n\n\n\n<p><em><strong><span class=\"has-inline-color has-blue-color\">Achtung \u00c4nderung der Bestellnummern und ab sofort nur noch bei Anfrage mit Nietkopfschrauben.<\/span><\/strong><\/em><\/p>\n\n\n\n<p>Herstellerdaten gem\u00e4s GPSR<\/p>\n\n\n\n<p>Olaf T\u00f6nsfeldt<br>T\u00f6nsfeldt Modellbau Vertrieb<br>Nobiskr\u00fcger Allee 20<br>24768 Rendsburg<\/p>\n\n\n\n<p><strong>Deutschland<\/strong><br>Tel.: 0049 (0 ) 43 31\/ 51 95<br>E-Mail an: <a href=\"mailto:tmv@toensfeldt-modellbau.de\">tmv@toensfeldt-modellbau.de<\/a><\/p>\n","protected":false},"excerpt":{"rendered":"<p>2 TMV Anschlagpunkte mit Grundplatte 8\u00d78 mm und fester \u00d6se, in Gro\u00df f\u00fcr die Lasthaken, aus Messing verl\u00f6tet und pulverbeschichtet. TMV Anschlagpunkte Lasthaken ( LH ) Technische Daten \u00d6se Gro\u00df LH: Art.Nr. Art. Text: Achtung \u00c4nderung der Bestellnummern und ab &hellip; <a href=\"https:\/\/toensfeldt-modellbau.de\/?page_id=5471\">Weiterlesen <span class=\"meta-nav\">&rarr;<\/span><\/a><\/p>\n","protected":false},"author":2,"featured_media":0,"parent":0,"menu_order":0,"comment_status":"closed","ping_status":"closed","template":"","meta":{"footnotes":""},"class_list":["post-5471","page","type-page","status-publish","hentry"],"_links":{"self":[{"href":"https:\/\/toensfeldt-modellbau.de\/index.php?rest_route=\/wp\/v2\/pages\/5471","targetHints":{"allow":["GET"]}}],"collection":[{"href":"https:\/\/toensfeldt-modellbau.de\/index.php?rest_route=\/wp\/v2\/pages"}],"about":[{"href":"https:\/\/toensfeldt-modellbau.de\/index.php?rest_route=\/wp\/v2\/types\/page"}],"author":[{"embeddable":true,"href":"https:\/\/toensfeldt-modellbau.de\/index.php?rest_route=\/wp\/v2\/users\/2"}],"replies":[{"embeddable":true,"href":"https:\/\/toensfeldt-modellbau.de\/index.php?rest_route=%2Fwp%2Fv2%2Fcomments&post=5471"}],"version-history":[{"count":5,"href":"https:\/\/toensfeldt-modellbau.de\/index.php?rest_route=\/wp\/v2\/pages\/5471\/revisions"}],"predecessor-version":[{"id":7629,"href":"https:\/\/toensfeldt-modellbau.de\/index.php?rest_route=\/wp\/v2\/pages\/5471\/revisions\/7629"}],"wp:attachment":[{"href":"https:\/\/toensfeldt-modellbau.de\/index.php?rest_route=%2Fwp%2Fv2%2Fmedia&parent=5471"}],"curies":[{"name":"wp","href":"https:\/\/api.w.org\/{rel}","templated":true}]}}