{"id":5475,"date":"2021-09-27T12:03:37","date_gmt":"2021-09-27T10:03:37","guid":{"rendered":"http:\/\/toensfeldt-modellbau.de\/?page_id=5475"},"modified":"2025-03-08T12:48:51","modified_gmt":"2025-03-08T10:48:51","slug":"oese-lang-klemblech","status":"publish","type":"page","link":"https:\/\/toensfeldt-modellbau.de\/?page_id=5475","title":{"rendered":"\u00d6se Lang Klemblech"},"content":{"rendered":"\n<p><strong><em><span style=\"color:#a3001e\" class=\"has-inline-color\">4 TMV Anschlagpunkte mit langer \u00d6se und Klemblech<\/span><\/em><\/strong><\/p>\n\n\n\n<p>4 TMV Anschlagpunkte mit Klemmblech und bewegliche \u00d6se. Im Satz enthalten sind: 4 Klemmbleche aus Messing pulverbeschichtet, 8 x Schraube Sechskant M 1,4 x 6 mm Messing schwarz br\u00fcniert, 8 x Mutter M 1,4 mm Messing Natur und \u00d6se lang aus Messing pulverbeschichtet.<\/p>\n\n\n\n<figure class=\"wp-block-image\"><img loading=\"lazy\" decoding=\"async\" width=\"167\" height=\"283\" src=\"http:\/\/toensfeldt-modellbau.de\/wp-content\/uploads\/2020\/01\/AP-Blech-\u00d6se_Rot.jpg\" alt=\"\" class=\"wp-image-3897\"\/><\/figure>\n\n\n\n<figure class=\"wp-block-image\"><img loading=\"lazy\" decoding=\"async\" width=\"165\" height=\"283\" src=\"http:\/\/toensfeldt-modellbau.de\/wp-content\/uploads\/2020\/01\/AP-Blech-\u00d6se_Gelb.jpg\" alt=\"\" class=\"wp-image-3895\"\/><\/figure>\n\n\n\n<figure class=\"wp-block-image\"><img loading=\"lazy\" decoding=\"async\" width=\"184\" height=\"283\" src=\"http:\/\/toensfeldt-modellbau.de\/wp-content\/uploads\/2020\/01\/AP-Blech-\u00d6se_Oliv.jpg\" alt=\"\" class=\"wp-image-3896\"\/><\/figure>\n\n\n\n<p>Technische Daten \u00d6se innenmasse:<\/p>\n\n\n\n<ul class=\"wp-block-list\">\n<li>L\u00e4nge: ca. 10 mm<\/li>\n\n\n\n<li>Breite: ca. 3 mm<\/li>\n\n\n\n<li>\u00d8: ca. 1,5 mm<\/li>\n<\/ul>\n\n\n\n<p>Technische Daten Klemblech:<\/p>\n\n\n\n<ul class=\"wp-block-list\">\n<li>L\u00e4nge:\u00a0 ca. 12 mm<\/li>\n\n\n\n<li>Breite: ca. 2,5 mm<\/li>\n\n\n\n<li>H\u00f6he: ca. 2,5 mm<\/li>\n<\/ul>\n\n\n\n<p>Art.Nr. Art. Text:<\/p>\n\n\n\n<ul class=\"wp-block-list\">\n<li><span style=\"color:#a30003\" class=\"has-inline-color\">030410<\/span> 4 TMV AP mit Klemmblech Ose lang Rot<\/li>\n\n\n\n<li><span style=\"color:#a30011\" class=\"has-inline-color\">030411<\/span> 4 TMV AP mit Klemmblech Ose lang Gelb<\/li>\n\n\n\n<li><span style=\"color:#a3000d\" class=\"has-inline-color\">030412<\/span> 4 TMV AP mit Klemmblech Ose lang Oliv<\/li>\n\n\n\n<li><span style=\"color:#a30003\" class=\"has-inline-color\">030413<\/span> 4 TMV AP mit Klemmblech Ose lang Blau<\/li>\n\n\n\n<li><span style=\"color:#a30003\" class=\"has-inline-color\">030415<\/span> 4 TMV AP mit Klemmblech Ose lang Verzingt<\/li>\n<\/ul>\n\n\n\n<p>Preise: 9,50 \u20ac<\/p>\n\n\n\n<p>Herstellerdaten gem\u00e4s GPSR<\/p>\n\n\n\n<p>Olaf T\u00f6nsfeldt<br>T\u00f6nsfeldt Modellbau Vertrieb<br>Nobiskr\u00fcger Allee 20<br>24768 Rendsburg<\/p>\n\n\n\n<p><strong>Deutschland<\/strong><br>Tel.: 0049 (0 ) 43 31\/ 51 95<br>E-Mail an: <a href=\"mailto:tmv@toensfeldt-modellbau.de\">tmv@toensfeldt-modellbau.de<\/a><\/p>\n","protected":false},"excerpt":{"rendered":"<p>4 TMV Anschlagpunkte mit langer \u00d6se und Klemblech 4 TMV Anschlagpunkte mit Klemmblech und bewegliche \u00d6se. Im Satz enthalten sind: 4 Klemmbleche aus Messing pulverbeschichtet, 8 x Schraube Sechskant M 1,4 x 6 mm Messing schwarz br\u00fcniert, 8 x Mutter &hellip; <a href=\"https:\/\/toensfeldt-modellbau.de\/?page_id=5475\">Weiterlesen <span class=\"meta-nav\">&rarr;<\/span><\/a><\/p>\n","protected":false},"author":2,"featured_media":0,"parent":0,"menu_order":0,"comment_status":"closed","ping_status":"closed","template":"","meta":{"footnotes":""},"class_list":["post-5475","page","type-page","status-publish","hentry"],"_links":{"self":[{"href":"https:\/\/toensfeldt-modellbau.de\/index.php?rest_route=\/wp\/v2\/pages\/5475","targetHints":{"allow":["GET"]}}],"collection":[{"href":"https:\/\/toensfeldt-modellbau.de\/index.php?rest_route=\/wp\/v2\/pages"}],"about":[{"href":"https:\/\/toensfeldt-modellbau.de\/index.php?rest_route=\/wp\/v2\/types\/page"}],"author":[{"embeddable":true,"href":"https:\/\/toensfeldt-modellbau.de\/index.php?rest_route=\/wp\/v2\/users\/2"}],"replies":[{"embeddable":true,"href":"https:\/\/toensfeldt-modellbau.de\/index.php?rest_route=%2Fwp%2Fv2%2Fcomments&post=5475"}],"version-history":[{"count":5,"href":"https:\/\/toensfeldt-modellbau.de\/index.php?rest_route=\/wp\/v2\/pages\/5475\/revisions"}],"predecessor-version":[{"id":7632,"href":"https:\/\/toensfeldt-modellbau.de\/index.php?rest_route=\/wp\/v2\/pages\/5475\/revisions\/7632"}],"wp:attachment":[{"href":"https:\/\/toensfeldt-modellbau.de\/index.php?rest_route=%2Fwp%2Fv2%2Fmedia&parent=5475"}],"curies":[{"name":"wp","href":"https:\/\/api.w.org\/{rel}","templated":true}]}}