{"id":5543,"date":"2021-10-20T16:42:40","date_gmt":"2021-10-20T14:42:40","guid":{"rendered":"http:\/\/toensfeldt-modellbau.de\/?page_id=5543"},"modified":"2025-03-02T14:39:25","modified_gmt":"2025-03-02T12:39:25","slug":"tmv-steckbolzen-lesu","status":"publish","type":"page","link":"https:\/\/toensfeldt-modellbau.de\/?page_id=5543","title":{"rendered":"TMV Steckbolzen Lesu"},"content":{"rendered":"\n<p><strong><em><span style=\"color:#a30004\" class=\"has-inline-color\">Steckbolzen f\u00fcr Gabelstapler thicon \/ Lesu<\/span><\/em><\/strong><\/p>\n\n\n\n<figure class=\"wp-block-image size-large\"><a href=\"http:\/\/toensfeldt-modellbau.de\/wp-content\/uploads\/2021\/10\/Steck-Lesu1.jpg\"><img loading=\"lazy\" decoding=\"async\" width=\"283\" height=\"215\" src=\"http:\/\/toensfeldt-modellbau.de\/wp-content\/uploads\/2021\/10\/Steck-Lesu1.jpg\" alt=\"\" class=\"wp-image-5539\"\/><\/a><\/figure>\n\n\n\n<p>Der Steckbolzen von TMV ist aus Messing und verzingt.<\/p>\n\n\n\n<figure class=\"wp-block-image size-large\"><a href=\"http:\/\/toensfeldt-modellbau.de\/wp-content\/uploads\/2021\/10\/Steck-Lesu2.jpg\"><img loading=\"lazy\" decoding=\"async\" width=\"283\" height=\"311\" src=\"http:\/\/toensfeldt-modellbau.de\/wp-content\/uploads\/2021\/10\/Steck-Lesu2.jpg\" alt=\"\" class=\"wp-image-5540\" srcset=\"https:\/\/toensfeldt-modellbau.de\/wp-content\/uploads\/2021\/10\/Steck-Lesu2.jpg 283w, https:\/\/toensfeldt-modellbau.de\/wp-content\/uploads\/2021\/10\/Steck-Lesu2-273x300.jpg 273w\" sizes=\"auto, (max-width: 283px) 100vw, 283px\" \/><\/a><\/figure>\n\n\n\n<p>Art. Nr. Bestelltext:<\/p>\n\n\n\n<p><span style=\"color:#a30004\" class=\"has-inline-color\">020530<\/span> TMV Steckbolzen Lesu<\/p>\n\n\n\n<p>Herstellerdaten gem\u00e4s GPSR<\/p>\n\n\n\n<p>Olaf T\u00f6nsfeldt<br>T\u00f6nsfeldt Modellbau Vertrieb<br>Nobiskr\u00fcger Allee 20<br>24768 Rendsburg<\/p>\n\n\n\n<p><strong>Deutschland<\/strong><br>Tel.: 0049 (0 ) 43 31\/ 51 95<br>E-Mail an: <a href=\"mailto:tmv@toensfeldt-modellbau.de\">tmv@toensfeldt-modellbau.de<\/a><\/p>\n","protected":false},"excerpt":{"rendered":"<p>Steckbolzen f\u00fcr Gabelstapler thicon \/ Lesu Der Steckbolzen von TMV ist aus Messing und verzingt. Art. Nr. Bestelltext: 020530 TMV Steckbolzen Lesu Herstellerdaten gem\u00e4s GPSR Olaf T\u00f6nsfeldtT\u00f6nsfeldt Modellbau VertriebNobiskr\u00fcger Allee 2024768 Rendsburg DeutschlandTel.: 0049 (0 ) 43 31\/ 51 95E-Mail &hellip; <a href=\"https:\/\/toensfeldt-modellbau.de\/?page_id=5543\">Weiterlesen <span class=\"meta-nav\">&rarr;<\/span><\/a><\/p>\n","protected":false},"author":2,"featured_media":0,"parent":0,"menu_order":0,"comment_status":"closed","ping_status":"closed","template":"","meta":{"footnotes":""},"class_list":["post-5543","page","type-page","status-publish","hentry"],"_links":{"self":[{"href":"https:\/\/toensfeldt-modellbau.de\/index.php?rest_route=\/wp\/v2\/pages\/5543","targetHints":{"allow":["GET"]}}],"collection":[{"href":"https:\/\/toensfeldt-modellbau.de\/index.php?rest_route=\/wp\/v2\/pages"}],"about":[{"href":"https:\/\/toensfeldt-modellbau.de\/index.php?rest_route=\/wp\/v2\/types\/page"}],"author":[{"embeddable":true,"href":"https:\/\/toensfeldt-modellbau.de\/index.php?rest_route=\/wp\/v2\/users\/2"}],"replies":[{"embeddable":true,"href":"https:\/\/toensfeldt-modellbau.de\/index.php?rest_route=%2Fwp%2Fv2%2Fcomments&post=5543"}],"version-history":[{"count":4,"href":"https:\/\/toensfeldt-modellbau.de\/index.php?rest_route=\/wp\/v2\/pages\/5543\/revisions"}],"predecessor-version":[{"id":7572,"href":"https:\/\/toensfeldt-modellbau.de\/index.php?rest_route=\/wp\/v2\/pages\/5543\/revisions\/7572"}],"wp:attachment":[{"href":"https:\/\/toensfeldt-modellbau.de\/index.php?rest_route=%2Fwp%2Fv2%2Fmedia&parent=5543"}],"curies":[{"name":"wp","href":"https:\/\/api.w.org\/{rel}","templated":true}]}}