{"id":5545,"date":"2021-10-20T16:43:05","date_gmt":"2021-10-20T14:43:05","guid":{"rendered":"http:\/\/toensfeldt-modellbau.de\/?page_id=5545"},"modified":"2026-04-08T17:08:24","modified_gmt":"2026-04-08T15:08:24","slug":"tmv-steckbolzen-robbe","status":"publish","type":"page","link":"https:\/\/toensfeldt-modellbau.de\/?page_id=5545","title":{"rendered":"GS H50 Steckbolzen"},"content":{"rendered":"\n<p><strong><em><span style=\"color:#a30008\" class=\"has-inline-color\">TMV Steckbolze f\u00fcr Robbe Gabelstapler<\/span><\/em><\/strong><\/p>\n\n\n\n<figure class=\"wp-block-image size-large is-resized\"><a href=\"http:\/\/toensfeldt-modellbau.de\/wp-content\/uploads\/2021\/10\/Steck-Robbe2.jpg\"><img loading=\"lazy\" decoding=\"async\" width=\"283\" height=\"197\" src=\"http:\/\/toensfeldt-modellbau.de\/wp-content\/uploads\/2021\/10\/Steck-Robbe2.jpg\" alt=\"\" class=\"wp-image-5542\" style=\"width:670px;height:auto\"\/><\/a><\/figure>\n\n\n\n<p>Der Steckbolzen von TMV ist aus Messing und verzingt.<\/p>\n\n\n\n<figure class=\"wp-block-image size-large is-resized\"><a href=\"http:\/\/toensfeldt-modellbau.de\/wp-content\/uploads\/2021\/10\/Steck-Robbe1.jpg\"><img loading=\"lazy\" decoding=\"async\" width=\"283\" height=\"184\" src=\"http:\/\/toensfeldt-modellbau.de\/wp-content\/uploads\/2021\/10\/Steck-Robbe1.jpg\" alt=\"\" class=\"wp-image-5541\" style=\"width:670px;height:auto\"\/><\/a><\/figure>\n\n\n\n<p>Art. Nr. Bestelltext:<\/p>\n\n\n\n<p><span style=\"color:#a30004\" class=\"has-inline-color\">020532<\/span> TMV Steckbolzen Robbe<\/p>\n\n\n\n<p>Herstellerdaten gem\u00e4s GPSR<\/p>\n\n\n\n<p>Olaf T\u00f6nsfeldt<br>T\u00f6nsfeldt Modellbau Vertrieb<br>Nobiskr\u00fcger Allee 20<br>24768 Rendsburg<\/p>\n\n\n\n<p><strong>Deutschland<\/strong><br>Tel.: 0049 (0 ) 43 31\/ 51 95<br>E-Mail an: <a href=\"mailto:tmv@toensfeldt-modellbau.de\">tmv@toensfeldt-modellbau.de<\/a><\/p>\n\n\n\n<p><em><mark style=\"background-color:rgba(0, 0, 0, 0)\" class=\"has-inline-color has-blue-color\">Die namentliche Nennung von Herstellern und Produkten erfolgt nur zum Zweck der eindeutigen Bezeichnung der Artikel der einzelnen Hersteller. Einige der auf dieser Internetseite genannten Produktnamen sind eingetragene Warenzeichen bzw. unterliegen dem Copyright der jeweiligen Eigent\u00fcmer.<\/mark><\/em><\/p>\n","protected":false},"excerpt":{"rendered":"<p>TMV Steckbolze f\u00fcr Robbe Gabelstapler Der Steckbolzen von TMV ist aus Messing und verzingt. Art. Nr. Bestelltext: 020532 TMV Steckbolzen Robbe Herstellerdaten gem\u00e4s GPSR Olaf T\u00f6nsfeldtT\u00f6nsfeldt Modellbau VertriebNobiskr\u00fcger Allee 2024768 Rendsburg DeutschlandTel.: 0049 (0 ) 43 31\/ 51 95E-Mail an: &hellip; <a href=\"https:\/\/toensfeldt-modellbau.de\/?page_id=5545\">Weiterlesen <span class=\"meta-nav\">&rarr;<\/span><\/a><\/p>\n","protected":false},"author":2,"featured_media":0,"parent":0,"menu_order":0,"comment_status":"closed","ping_status":"closed","template":"","meta":{"footnotes":""},"class_list":["post-5545","page","type-page","status-publish","hentry"],"_links":{"self":[{"href":"https:\/\/toensfeldt-modellbau.de\/index.php?rest_route=\/wp\/v2\/pages\/5545","targetHints":{"allow":["GET"]}}],"collection":[{"href":"https:\/\/toensfeldt-modellbau.de\/index.php?rest_route=\/wp\/v2\/pages"}],"about":[{"href":"https:\/\/toensfeldt-modellbau.de\/index.php?rest_route=\/wp\/v2\/types\/page"}],"author":[{"embeddable":true,"href":"https:\/\/toensfeldt-modellbau.de\/index.php?rest_route=\/wp\/v2\/users\/2"}],"replies":[{"embeddable":true,"href":"https:\/\/toensfeldt-modellbau.de\/index.php?rest_route=%2Fwp%2Fv2%2Fcomments&post=5545"}],"version-history":[{"count":6,"href":"https:\/\/toensfeldt-modellbau.de\/index.php?rest_route=\/wp\/v2\/pages\/5545\/revisions"}],"predecessor-version":[{"id":8127,"href":"https:\/\/toensfeldt-modellbau.de\/index.php?rest_route=\/wp\/v2\/pages\/5545\/revisions\/8127"}],"wp:attachment":[{"href":"https:\/\/toensfeldt-modellbau.de\/index.php?rest_route=%2Fwp%2Fv2%2Fmedia&parent=5545"}],"curies":[{"name":"wp","href":"https:\/\/api.w.org\/{rel}","templated":true}]}}