{"id":5557,"date":"2021-10-21T10:33:33","date_gmt":"2021-10-21T08:33:33","guid":{"rendered":"http:\/\/toensfeldt-modellbau.de\/?page_id=5557"},"modified":"2025-03-08T12:08:38","modified_gmt":"2025-03-08T10:08:38","slug":"bauma-lh","status":"publish","type":"page","link":"https:\/\/toensfeldt-modellbau.de\/?page_id=5557","title":{"rendered":"Bauma LH"},"content":{"rendered":"\n<p><em><strong><span style=\"color:#a30004\" class=\"has-inline-color\">TMV Anschlagkette Bauma mit Lasthaken<\/span><\/strong><\/em><\/p>\n\n\n\n<p>Neu bei T\u00f6nsfeldt Modellbau &#8211; Vertrieb sind die Anschlagketten Lasthaken mit Sichrung gegen das rausrutschen der Anschlag\u00f6sen, zum sicheren Verladen von schwerem Ladegut mit der Baumaschine. Standartl\u00e4nge der Kette ist 6,2 cm Sonderanfertigungen sind m\u00f6glich, bitte sprechen Sie uns an.<\/p>\n\n\n\n<p>Anschlag\u00f6se Gro\u00df und Lasthaken (LH) gibt es in den Farben Rot, Gelb, Oliv &amp; Blau pulverbeschichtet oder verzinnt. Die Sch\u00e4kel sind verzinnt oder schwarz br\u00fcniert, die Kette aus Messing verl\u00f6tet ist Schwarz br\u00fcniert dazu das Schild: nur heben und die blaue Pr\u00fcfplakette.<\/p>\n\n\n\n<figure class=\"wp-block-image\"><img loading=\"lazy\" decoding=\"async\" width=\"127\" height=\"425\" src=\"http:\/\/toensfeldt-modellbau.de\/wp-content\/uploads\/2018\/09\/Bauma-Last-Rot.jpg\" alt=\"\" class=\"wp-image-3315\" srcset=\"https:\/\/toensfeldt-modellbau.de\/wp-content\/uploads\/2018\/09\/Bauma-Last-Rot.jpg 127w, https:\/\/toensfeldt-modellbau.de\/wp-content\/uploads\/2018\/09\/Bauma-Last-Rot-90x300.jpg 90w\" sizes=\"auto, (max-width: 127px) 100vw, 127px\" \/><\/figure>\n\n\n\n<figure class=\"wp-block-image\"><img loading=\"lazy\" decoding=\"async\" width=\"146\" height=\"425\" src=\"http:\/\/toensfeldt-modellbau.de\/wp-content\/uploads\/2018\/09\/Bauma-Last-Gelb.jpg\" alt=\"\" class=\"wp-image-3313\" srcset=\"https:\/\/toensfeldt-modellbau.de\/wp-content\/uploads\/2018\/09\/Bauma-Last-Gelb.jpg 146w, https:\/\/toensfeldt-modellbau.de\/wp-content\/uploads\/2018\/09\/Bauma-Last-Gelb-103x300.jpg 103w\" sizes=\"auto, (max-width: 146px) 100vw, 146px\" \/><\/figure>\n\n\n\n<figure class=\"wp-block-image\"><img loading=\"lazy\" decoding=\"async\" width=\"131\" height=\"425\" src=\"http:\/\/toensfeldt-modellbau.de\/wp-content\/uploads\/2018\/09\/Bauma-Last-Oliv.jpg\" alt=\"\" class=\"wp-image-3314\"\/><\/figure>\n\n\n\n<figure class=\"wp-block-image size-full\"><a href=\"http:\/\/toensfeldt-modellbau.de\/wp-content\/uploads\/2022\/01\/Anschlag-Bauma-Blau-B1.jpg\"><img loading=\"lazy\" decoding=\"async\" width=\"149\" height=\"425\" src=\"http:\/\/toensfeldt-modellbau.de\/wp-content\/uploads\/2022\/01\/Anschlag-Bauma-Blau-B1.jpg\" alt=\"\" class=\"wp-image-6328\" srcset=\"https:\/\/toensfeldt-modellbau.de\/wp-content\/uploads\/2022\/01\/Anschlag-Bauma-Blau-B1.jpg 149w, https:\/\/toensfeldt-modellbau.de\/wp-content\/uploads\/2022\/01\/Anschlag-Bauma-Blau-B1-105x300.jpg 105w\" sizes=\"auto, (max-width: 149px) 100vw, 149px\" \/><\/a><\/figure>\n\n\n\n<figure class=\"wp-block-image size-full\"><a href=\"http:\/\/toensfeldt-modellbau.de\/wp-content\/uploads\/2022\/01\/Anschlag-Bauma-Verzinkt-B1.jpg\"><img loading=\"lazy\" decoding=\"async\" width=\"120\" height=\"425\" src=\"http:\/\/toensfeldt-modellbau.de\/wp-content\/uploads\/2022\/01\/Anschlag-Bauma-Verzinkt-B1.jpg\" alt=\"\" class=\"wp-image-6329\" srcset=\"https:\/\/toensfeldt-modellbau.de\/wp-content\/uploads\/2022\/01\/Anschlag-Bauma-Verzinkt-B1.jpg 120w, https:\/\/toensfeldt-modellbau.de\/wp-content\/uploads\/2022\/01\/Anschlag-Bauma-Verzinkt-B1-85x300.jpg 85w\" sizes=\"auto, (max-width: 120px) 100vw, 120px\" \/><\/a><\/figure>\n\n\n\n<p>Technische Daten Lasthaken:<\/p>\n\n\n\n<ul class=\"wp-block-list\">\n<li>H\u00f6he: ca. 17 mm<\/li>\n\n\n\n<li>Breite: ca. 9 mm<\/li>\n\n\n\n<li>Material St\u00e4rke ca. 2-3,5 mm<\/li>\n<\/ul>\n\n\n\n<p>Art. Nr. Bestelltext:<\/p>\n\n\n\n<ul class=\"wp-block-list\">\n<li><span style=\"color:#a30004\" class=\"has-inline-color\">030165<\/span> TMV Anschlagkette Bauma LH Verzinkt<\/li>\n\n\n\n<li><span style=\"color:#a30008\" class=\"has-inline-color\">030166<\/span> TMV Anschlagkette Bauma LH Rot<\/li>\n\n\n\n<li><span style=\"color:#a30004\" class=\"has-inline-color\">030167<\/span> TMV Anschlagkette Bauma LH Gelb<\/li>\n\n\n\n<li><span style=\"color:#a30011\" class=\"has-inline-color\">030168<\/span> TMV Anschlagkette Bauma LH Oliv<\/li>\n\n\n\n<li><span style=\"color:#a30011\" class=\"has-inline-color\">030169<\/span> TMV Anschlagkette Bauma LH Blau<\/li>\n<\/ul>\n\n\n\n<p>Preis 17,20 \u20ac<\/p>\n\n\n\n<p><em><strong><span style=\"color:#a30011\" class=\"has-inline-color\">TMV Anschlagkette Bauma mit Lasthaken &amp; Wirbel<\/span><\/strong><\/em><\/p>\n\n\n\n<p>Neu bei T\u00f6nsfeldt Modellbau &#8211; Vertrieb sind die Anschlagketten Lasthaken mit Sichrung gegen das rausrutschen der Anschlag\u00f6sen mit Wirbel, zum sicheren Verladen von schwerem Ladegut mit der Baumaschine. Standartl\u00e4nge der Kette ist 5,0 cm Sonderanfertigungen sind m\u00f6glich, bitte sprechen Sie uns an.<\/p>\n\n\n\n<p>Anschlag\u00f6se Gro\u00df und Lasthaken gibt es in den Farben Rot, Gelb, Oliv &amp; Blau pulverbeschichtet oder verzinnt. Die Sch\u00e4kel sind verzinnt oder schwarz br\u00fcniert, die Kette aus Messing verl\u00f6tet ist Schwarz br\u00fcniert dazu das Schild nur heben so wie die blaue Pr\u00fcfplakette.<\/p>\n\n\n\n<figure class=\"wp-block-image\"><img loading=\"lazy\" decoding=\"async\" width=\"141\" height=\"425\" src=\"http:\/\/toensfeldt-modellbau.de\/wp-content\/uploads\/2018\/09\/Bauma-Last-Wirbel-Rot.jpg\" alt=\"\" class=\"wp-image-3312\" srcset=\"https:\/\/toensfeldt-modellbau.de\/wp-content\/uploads\/2018\/09\/Bauma-Last-Wirbel-Rot.jpg 141w, https:\/\/toensfeldt-modellbau.de\/wp-content\/uploads\/2018\/09\/Bauma-Last-Wirbel-Rot-100x300.jpg 100w\" sizes=\"auto, (max-width: 141px) 100vw, 141px\" \/><\/figure>\n\n\n\n<figure class=\"wp-block-image\"><img loading=\"lazy\" decoding=\"async\" width=\"128\" height=\"425\" src=\"http:\/\/toensfeldt-modellbau.de\/wp-content\/uploads\/2018\/09\/Bauma-Last-Wirbel-Gelb.jpg\" alt=\"\" class=\"wp-image-3310\" srcset=\"https:\/\/toensfeldt-modellbau.de\/wp-content\/uploads\/2018\/09\/Bauma-Last-Wirbel-Gelb.jpg 128w, https:\/\/toensfeldt-modellbau.de\/wp-content\/uploads\/2018\/09\/Bauma-Last-Wirbel-Gelb-90x300.jpg 90w\" sizes=\"auto, (max-width: 128px) 100vw, 128px\" \/><\/figure>\n\n\n\n<figure class=\"wp-block-image\"><img loading=\"lazy\" decoding=\"async\" width=\"155\" height=\"425\" src=\"http:\/\/toensfeldt-modellbau.de\/wp-content\/uploads\/2018\/09\/Bauma-Last-Wirbel-Oliv.jpg\" alt=\"\" class=\"wp-image-3311\" srcset=\"https:\/\/toensfeldt-modellbau.de\/wp-content\/uploads\/2018\/09\/Bauma-Last-Wirbel-Oliv.jpg 155w, https:\/\/toensfeldt-modellbau.de\/wp-content\/uploads\/2018\/09\/Bauma-Last-Wirbel-Oliv-109x300.jpg 109w\" sizes=\"auto, (max-width: 155px) 100vw, 155px\" \/><\/figure>\n\n\n\n<figure class=\"wp-block-image size-full\"><a href=\"http:\/\/toensfeldt-modellbau.de\/wp-content\/uploads\/2022\/01\/Anschlag-Bauma-Blau-Wirbwel-Int.jpg\"><img loading=\"lazy\" decoding=\"async\" width=\"147\" height=\"425\" src=\"http:\/\/toensfeldt-modellbau.de\/wp-content\/uploads\/2022\/01\/Anschlag-Bauma-Blau-Wirbwel-Int.jpg\" alt=\"\" class=\"wp-image-6326\" srcset=\"https:\/\/toensfeldt-modellbau.de\/wp-content\/uploads\/2022\/01\/Anschlag-Bauma-Blau-Wirbwel-Int.jpg 147w, https:\/\/toensfeldt-modellbau.de\/wp-content\/uploads\/2022\/01\/Anschlag-Bauma-Blau-Wirbwel-Int-104x300.jpg 104w\" sizes=\"auto, (max-width: 147px) 100vw, 147px\" \/><\/a><\/figure>\n\n\n\n<figure class=\"wp-block-image size-full\"><a href=\"http:\/\/toensfeldt-modellbau.de\/wp-content\/uploads\/2022\/01\/Anschlag-Bauma-Verzinkt-Wirbel-Int.jpg\"><img loading=\"lazy\" decoding=\"async\" width=\"133\" height=\"425\" src=\"http:\/\/toensfeldt-modellbau.de\/wp-content\/uploads\/2022\/01\/Anschlag-Bauma-Verzinkt-Wirbel-Int.jpg\" alt=\"\" class=\"wp-image-6327\" srcset=\"https:\/\/toensfeldt-modellbau.de\/wp-content\/uploads\/2022\/01\/Anschlag-Bauma-Verzinkt-Wirbel-Int.jpg 133w, https:\/\/toensfeldt-modellbau.de\/wp-content\/uploads\/2022\/01\/Anschlag-Bauma-Verzinkt-Wirbel-Int-94x300.jpg 94w\" sizes=\"auto, (max-width: 133px) 100vw, 133px\" \/><\/a><\/figure>\n\n\n\n<p>Art. Nr. Bestelltext:<\/p>\n\n\n\n<ul class=\"wp-block-list\">\n<li><span style=\"color:#a30011\" class=\"has-inline-color\">030175<\/span> TMV Anschlagkette Bauma LH Wirbel Verzinkt<\/li>\n\n\n\n<li><span style=\"color:#a30004\" class=\"has-inline-color\">030176<\/span> TMV Anschlagkette Bauma LH Wirbel Rot<\/li>\n\n\n\n<li><span style=\"color:#a30004\" class=\"has-inline-color\">030177<\/span> TMV Anschlagkette Bauma LH Wirbel Gelb<\/li>\n\n\n\n<li><span style=\"color:#a30003\" class=\"has-inline-color\">030178<\/span> TMV Anschlagkette Bauma LH Wirbel Oliv<\/li>\n\n\n\n<li><span style=\"color:#a3000d\" class=\"has-inline-color\">030179<\/span> TMV Anschlagkette Bauma LH Wirbel Blau<\/li>\n<\/ul>\n\n\n\n<p>Preis 22,30 \u20ac<\/p>\n\n\n\n<p>Olaf T\u00f6nsfeldt<br>T\u00f6nsfeldt Modellbau Vertrieb<br>Nobiskr\u00fcger Allee 20<br>24768 Rendsburg<\/p>\n\n\n\n<p><strong>Deutschland<\/strong><br>Tel.: 0049 (0 ) 43 31\/ 51 95<br>E-Mail an: <a href=\"mailto:tmv@toensfeldt-modellbau.de\">tmv@toensfeldt-modellbau.de<\/a><\/p>\n","protected":false},"excerpt":{"rendered":"<p>TMV Anschlagkette Bauma mit Lasthaken Neu bei T\u00f6nsfeldt Modellbau &#8211; Vertrieb sind die Anschlagketten Lasthaken mit Sichrung gegen das rausrutschen der Anschlag\u00f6sen, zum sicheren Verladen von schwerem Ladegut mit der Baumaschine. Standartl\u00e4nge der Kette ist 6,2 cm Sonderanfertigungen sind m\u00f6glich, &hellip; <a href=\"https:\/\/toensfeldt-modellbau.de\/?page_id=5557\">Weiterlesen <span class=\"meta-nav\">&rarr;<\/span><\/a><\/p>\n","protected":false},"author":2,"featured_media":0,"parent":0,"menu_order":0,"comment_status":"closed","ping_status":"closed","template":"","meta":{"footnotes":""},"class_list":["post-5557","page","type-page","status-publish","hentry"],"_links":{"self":[{"href":"https:\/\/toensfeldt-modellbau.de\/index.php?rest_route=\/wp\/v2\/pages\/5557","targetHints":{"allow":["GET"]}}],"collection":[{"href":"https:\/\/toensfeldt-modellbau.de\/index.php?rest_route=\/wp\/v2\/pages"}],"about":[{"href":"https:\/\/toensfeldt-modellbau.de\/index.php?rest_route=\/wp\/v2\/types\/page"}],"author":[{"embeddable":true,"href":"https:\/\/toensfeldt-modellbau.de\/index.php?rest_route=\/wp\/v2\/users\/2"}],"replies":[{"embeddable":true,"href":"https:\/\/toensfeldt-modellbau.de\/index.php?rest_route=%2Fwp%2Fv2%2Fcomments&post=5557"}],"version-history":[{"count":4,"href":"https:\/\/toensfeldt-modellbau.de\/index.php?rest_route=\/wp\/v2\/pages\/5557\/revisions"}],"predecessor-version":[{"id":7602,"href":"https:\/\/toensfeldt-modellbau.de\/index.php?rest_route=\/wp\/v2\/pages\/5557\/revisions\/7602"}],"wp:attachment":[{"href":"https:\/\/toensfeldt-modellbau.de\/index.php?rest_route=%2Fwp%2Fv2%2Fmedia&parent=5557"}],"curies":[{"name":"wp","href":"https:\/\/api.w.org\/{rel}","templated":true}]}}