{"id":5567,"date":"2021-10-21T10:44:49","date_gmt":"2021-10-21T08:44:49","guid":{"rendered":"http:\/\/toensfeldt-modellbau.de\/?page_id=5567"},"modified":"2025-03-08T12:21:07","modified_gmt":"2025-03-08T10:21:07","slug":"straenge-ah","status":"publish","type":"page","link":"https:\/\/toensfeldt-modellbau.de\/?page_id=5567","title":{"rendered":"Str\u00e4nge AH"},"content":{"rendered":"\n<p><em><strong><span style=\"color:#a3000d\" class=\"has-inline-color\">TMV Anschlagketten Anschlaghaken  (AH).<\/span><\/strong><\/em><\/p>\n\n\n\n<figure class=\"wp-block-image\"><img loading=\"lazy\" decoding=\"async\" width=\"567\" height=\"400\" src=\"http:\/\/toensfeldt-modellbau.de\/wp-content\/uploads\/2018\/09\/4-x-Anschlaghaken-1-4Int.jpg\" alt=\"\" class=\"wp-image-3309\" srcset=\"https:\/\/toensfeldt-modellbau.de\/wp-content\/uploads\/2018\/09\/4-x-Anschlaghaken-1-4Int.jpg 567w, https:\/\/toensfeldt-modellbau.de\/wp-content\/uploads\/2018\/09\/4-x-Anschlaghaken-1-4Int-300x212.jpg 300w\" sizes=\"auto, (max-width: 567px) 100vw, 567px\" \/><\/figure>\n\n\n\n<p><em><strong><span style=\"color:#a30011\" class=\"has-inline-color\">TMV Anschlagketten mit Anschlghaken (AH).<\/span><\/strong><\/em><\/p>\n\n\n\n<p>Die TMV Anschlagketten k\u00f6nnen zum sicheren Verladen von schwerem Ladegut mit dem Kran benutz werden. Standartl\u00e4nge der Ketten ist 7,5 cm, Es k\u00f6nnen aber auch anderen L\u00e4ngen bestellt werden. Sonderanfertigungen sind m\u00f6glich, bitte sprechen Sie uns an.<\/p>\n\n\n\n<p>Die Ketten k\u00f6nnen gegen Aufpreis in Schritten von 2,5 cm verl\u00e4ngert werden.<\/p>\n\n\n\n<p>Die Kettenglider sind aus Messing gel\u00f6tet und schwarz br\u00fcniert, Anschlag\u00f6se und Anschlaghaken (AH) in Rot, Gelb, Oliv oder Blau pulverbeschichtet.<\/p>\n\n\n\n<p><em>Bei der Bestellung die Art. Nr. und die gew\u00fcnschte L\u00e4nge angeben.<\/em><\/p>\n\n\n\n<figure class=\"wp-block-image size-full\"><a href=\"http:\/\/toensfeldt-modellbau.de\/wp-content\/uploads\/2018\/07\/Gelb-4-Strang-HoS-Int-e1532541342711.jpg\"><img loading=\"lazy\" decoding=\"async\" width=\"354\" height=\"137\" src=\"http:\/\/toensfeldt-modellbau.de\/wp-content\/uploads\/2018\/07\/Gelb-4-Strang-HoS-Int-e1532541342711.jpg\" alt=\"\" class=\"wp-image-3279\" srcset=\"https:\/\/toensfeldt-modellbau.de\/wp-content\/uploads\/2018\/07\/Gelb-4-Strang-HoS-Int-e1532541342711.jpg 354w, https:\/\/toensfeldt-modellbau.de\/wp-content\/uploads\/2018\/07\/Gelb-4-Strang-HoS-Int-e1532541342711-300x116.jpg 300w\" sizes=\"auto, (max-width: 354px) 100vw, 354px\" \/><\/a><\/figure>\n\n\n\n<p id=\"caption-attachment-3276\"><\/p>\n\n\n\n<figure class=\"wp-block-image size-full is-resized\"><a href=\"http:\/\/toensfeldt-modellbau.de\/wp-content\/uploads\/2018\/07\/Gelb-3-Strang-HoS-Int-e1532541301484.jpg\"><img loading=\"lazy\" decoding=\"async\" width=\"354\" height=\"119\" src=\"http:\/\/toensfeldt-modellbau.de\/wp-content\/uploads\/2018\/07\/Gelb-3-Strang-HoS-Int-e1532541301484.jpg\" alt=\"\" class=\"wp-image-3278\" style=\"width:356px;height:auto\" srcset=\"https:\/\/toensfeldt-modellbau.de\/wp-content\/uploads\/2018\/07\/Gelb-3-Strang-HoS-Int-e1532541301484.jpg 354w, https:\/\/toensfeldt-modellbau.de\/wp-content\/uploads\/2018\/07\/Gelb-3-Strang-HoS-Int-e1532541301484-300x101.jpg 300w\" sizes=\"auto, (max-width: 354px) 100vw, 354px\" \/><\/a><\/figure>\n\n\n\n<p id=\"caption-attachment-3277\"><\/p>\n\n\n\n<figure class=\"wp-block-image size-full\"><a href=\"http:\/\/toensfeldt-modellbau.de\/wp-content\/uploads\/2018\/07\/Gelb-2-Strang-HoS-Int-e1532541274859.jpg\"><img loading=\"lazy\" decoding=\"async\" width=\"354\" height=\"113\" src=\"http:\/\/toensfeldt-modellbau.de\/wp-content\/uploads\/2018\/07\/Gelb-2-Strang-HoS-Int-e1532541274859.jpg\" alt=\"\" class=\"wp-image-3277\" srcset=\"https:\/\/toensfeldt-modellbau.de\/wp-content\/uploads\/2018\/07\/Gelb-2-Strang-HoS-Int-e1532541274859.jpg 354w, https:\/\/toensfeldt-modellbau.de\/wp-content\/uploads\/2018\/07\/Gelb-2-Strang-HoS-Int-e1532541274859-300x96.jpg 300w\" sizes=\"auto, (max-width: 354px) 100vw, 354px\" \/><\/a><\/figure>\n\n\n\n<p id=\"caption-attachment-3278\"><\/p>\n\n\n\n<figure class=\"wp-block-image size-full\"><a href=\"http:\/\/toensfeldt-modellbau.de\/wp-content\/uploads\/2018\/07\/Gelb-1-Strang-HoS-Int-e1532541324359.jpg\"><img loading=\"lazy\" decoding=\"async\" width=\"354\" height=\"104\" src=\"http:\/\/toensfeldt-modellbau.de\/wp-content\/uploads\/2018\/07\/Gelb-1-Strang-HoS-Int-e1532541324359.jpg\" alt=\"\" class=\"wp-image-3276\" srcset=\"https:\/\/toensfeldt-modellbau.de\/wp-content\/uploads\/2018\/07\/Gelb-1-Strang-HoS-Int-e1532541324359.jpg 354w, https:\/\/toensfeldt-modellbau.de\/wp-content\/uploads\/2018\/07\/Gelb-1-Strang-HoS-Int-e1532541324359-300x88.jpg 300w\" sizes=\"auto, (max-width: 354px) 100vw, 354px\" \/><\/a><\/figure>\n\n\n\n<p id=\"caption-attachment-3279\">AH L\u00e4nge 7,5 cm<\/p>\n\n\n\n<p>Art. Nr. Bestell Text:<\/p>\n\n\n\n<ul class=\"wp-block-list\">\n<li><span style=\"color:#a30004\" class=\"has-inline-color\">030100<\/span> TMV Anschlagkette 1 AH Rot<\/li>\n\n\n\n<li><span style=\"color:#a30011\" class=\"has-inline-color\">030101<\/span> TMV Anschlagkette 2 AH Rot<\/li>\n\n\n\n<li><span style=\"color:#a30004\" class=\"has-inline-color\">030102<\/span> TMV Anschlagkette 3 AH Rot<\/li>\n\n\n\n<li><span style=\"color:#a30011\" class=\"has-inline-color\">030103<\/span> TMV Anschlagkette 4 AH Rot<\/li>\n<\/ul>\n\n\n\n<ul class=\"wp-block-list\">\n<li><span style=\"color:#a30008\" class=\"has-inline-color\">030104<\/span> TMV Anschlagkette 1 AH Blau<\/li>\n\n\n\n<li><span style=\"color:#a30008\" class=\"has-inline-color\">030105<\/span> TMV Anschlagkette 2 AH Blau<\/li>\n\n\n\n<li><span style=\"color:#a30003\" class=\"has-inline-color\">030106<\/span> TMV Anschlagkette 3 AH Blau<\/li>\n\n\n\n<li><span style=\"color:#a30008\" class=\"has-inline-color\">030107<\/span> TMV Anschlagkette 4 AH Blau<\/li>\n<\/ul>\n\n\n\n<ul class=\"wp-block-list\">\n<li><span style=\"color:#a30004\" class=\"has-inline-color\">030110<\/span> TMV Anschlagkette 1 AH Gelb<\/li>\n\n\n\n<li><span style=\"color:#a30008\" class=\"has-inline-color\">030111<\/span> TMV Anschlagkette 2 AH Gelb<\/li>\n\n\n\n<li><span style=\"color:#a3000d\" class=\"has-inline-color\">030112<\/span> TMV Anschlagkette 3 AH Gelb<\/li>\n\n\n\n<li><span style=\"color:#a30004\" class=\"has-inline-color\">030113<\/span> TMV Anschlagkette 4 AH Gelb<\/li>\n<\/ul>\n\n\n\n<ul class=\"wp-block-list\">\n<li><span style=\"color:#a30003\" class=\"has-inline-color\">030116<\/span> TMV Anschlagkette 1 AH Oliv<\/li>\n\n\n\n<li><span style=\"color:#a30008\" class=\"has-inline-color\">030117<\/span> TMV Anschlagkette 2 AH Oliv<\/li>\n\n\n\n<li><span style=\"color:#a30008\" class=\"has-inline-color\">030118<\/span> TMV Anschlagkette 3 AH Oliv<\/li>\n\n\n\n<li><span style=\"color:#a30011\" class=\"has-inline-color\">030119<\/span> TMV Anschlagkette 4 AH Oliv<\/li>\n<\/ul>\n\n\n\n<p>Preise ab: 8,50 \u20ac<\/p>\n\n\n\n<p>Olaf T\u00f6nsfeldt<br>T\u00f6nsfeldt Modellbau Vertrieb<br>Nobiskr\u00fcger Allee 20<br>24768 Rendsburg<\/p>\n\n\n\n<p><strong>Deutschland<\/strong><br>Tel.: 0049 (0 ) 43 31\/ 51 95<br>E-Mail an: <a href=\"mailto:tmv@toensfeldt-modellbau.de\">tmv@toensfeldt-modellbau.de<\/a><\/p>\n","protected":false},"excerpt":{"rendered":"<p>TMV Anschlagketten Anschlaghaken (AH). TMV Anschlagketten mit Anschlghaken (AH). Die TMV Anschlagketten k\u00f6nnen zum sicheren Verladen von schwerem Ladegut mit dem Kran benutz werden. Standartl\u00e4nge der Ketten ist 7,5 cm, Es k\u00f6nnen aber auch anderen L\u00e4ngen bestellt werden. Sonderanfertigungen sind &hellip; <a href=\"https:\/\/toensfeldt-modellbau.de\/?page_id=5567\">Weiterlesen <span class=\"meta-nav\">&rarr;<\/span><\/a><\/p>\n","protected":false},"author":2,"featured_media":0,"parent":0,"menu_order":0,"comment_status":"closed","ping_status":"closed","template":"","meta":{"footnotes":""},"class_list":["post-5567","page","type-page","status-publish","hentry"],"_links":{"self":[{"href":"https:\/\/toensfeldt-modellbau.de\/index.php?rest_route=\/wp\/v2\/pages\/5567","targetHints":{"allow":["GET"]}}],"collection":[{"href":"https:\/\/toensfeldt-modellbau.de\/index.php?rest_route=\/wp\/v2\/pages"}],"about":[{"href":"https:\/\/toensfeldt-modellbau.de\/index.php?rest_route=\/wp\/v2\/types\/page"}],"author":[{"embeddable":true,"href":"https:\/\/toensfeldt-modellbau.de\/index.php?rest_route=\/wp\/v2\/users\/2"}],"replies":[{"embeddable":true,"href":"https:\/\/toensfeldt-modellbau.de\/index.php?rest_route=%2Fwp%2Fv2%2Fcomments&post=5567"}],"version-history":[{"count":6,"href":"https:\/\/toensfeldt-modellbau.de\/index.php?rest_route=\/wp\/v2\/pages\/5567\/revisions"}],"predecessor-version":[{"id":7605,"href":"https:\/\/toensfeldt-modellbau.de\/index.php?rest_route=\/wp\/v2\/pages\/5567\/revisions\/7605"}],"wp:attachment":[{"href":"https:\/\/toensfeldt-modellbau.de\/index.php?rest_route=%2Fwp%2Fv2%2Fmedia&parent=5567"}],"curies":[{"name":"wp","href":"https:\/\/api.w.org\/{rel}","templated":true}]}}