{"id":5569,"date":"2021-10-21T10:45:06","date_gmt":"2021-10-21T08:45:06","guid":{"rendered":"http:\/\/toensfeldt-modellbau.de\/?page_id=5569"},"modified":"2025-03-08T12:22:05","modified_gmt":"2025-03-08T10:22:05","slug":"straenge-lh","status":"publish","type":"page","link":"https:\/\/toensfeldt-modellbau.de\/?page_id=5569","title":{"rendered":"Str\u00e4nge LH"},"content":{"rendered":"\n<p><em><strong><span style=\"color:#a3000d\" class=\"has-inline-color\">TMV Anschlagketten Lasthaken mit Sicherung (LH).<\/span><\/strong><\/em><\/p>\n\n\n\n<figure class=\"wp-block-image size-large\"><a href=\"http:\/\/toensfeldt-modellbau.de\/wp-content\/uploads\/2021\/12\/4-Straenge-LH-4-Farben.jpg\"><img loading=\"lazy\" decoding=\"async\" width=\"425\" height=\"415\" src=\"http:\/\/toensfeldt-modellbau.de\/wp-content\/uploads\/2021\/12\/4-Straenge-LH-4-Farben.jpg\" alt=\"\" class=\"wp-image-5783\" srcset=\"https:\/\/toensfeldt-modellbau.de\/wp-content\/uploads\/2021\/12\/4-Straenge-LH-4-Farben.jpg 425w, https:\/\/toensfeldt-modellbau.de\/wp-content\/uploads\/2021\/12\/4-Straenge-LH-4-Farben-300x293.jpg 300w\" sizes=\"auto, (max-width: 425px) 100vw, 425px\" \/><\/a><\/figure>\n\n\n\n<p id=\"caption-attachment-3674\">LH Ketten L\u00e4nge 7,5 cm<\/p>\n\n\n\n<p>Die TMV Anschlagketten k\u00f6nnen zum sicheren Verladen von schwerem Ladegut mit dem Kran benutz werden. Standartl\u00e4nge der Ketten ist 7,5 cm, Es k\u00f6nnen aber auch anderen L\u00e4ngen bestellt werden. Sonderanfertigungen sind m\u00f6glich, bitte sprechen Sie uns an.<\/p>\n\n\n\n<p>Die Ketten k\u00f6nnen gegen Aufpreis in Schritten von&nbsp; 2,5 cm verl\u00e4ngert werden.<\/p>\n\n\n\n<p>Die Kettenglider sind aus Messing gel\u00f6tet und schwarz br\u00fcniert, Anschlag\u00f6se und Lasthaken (LH) in Rot, Gelb, Oliv oder Blau pulverbeschichtet.<\/p>\n\n\n\n<figure class=\"wp-block-image size-large is-resized\"><a href=\"http:\/\/toensfeldt-modellbau.de\/wp-content\/uploads\/2021\/12\/1-LH-Oliv.jpg\"><img loading=\"lazy\" decoding=\"async\" width=\"142\" height=\"481\" src=\"http:\/\/toensfeldt-modellbau.de\/wp-content\/uploads\/2021\/12\/1-LH-Oliv.jpg\" alt=\"\" class=\"wp-image-5779\" style=\"width:142px;height:481px\" srcset=\"https:\/\/toensfeldt-modellbau.de\/wp-content\/uploads\/2021\/12\/1-LH-Oliv.jpg 142w, https:\/\/toensfeldt-modellbau.de\/wp-content\/uploads\/2021\/12\/1-LH-Oliv-89x300.jpg 89w\" sizes=\"auto, (max-width: 142px) 100vw, 142px\" \/><\/a><\/figure>\n\n\n\n<p>1 LH Kette 7,5 cm Oliv<\/p>\n\n\n\n<figure class=\"wp-block-image size-large\"><a href=\"http:\/\/toensfeldt-modellbau.de\/wp-content\/uploads\/2021\/12\/2-LH-Gelb.jpg\"><img loading=\"lazy\" decoding=\"async\" width=\"142\" height=\"467\" src=\"http:\/\/toensfeldt-modellbau.de\/wp-content\/uploads\/2021\/12\/2-LH-Gelb.jpg\" alt=\"\" class=\"wp-image-5780\" srcset=\"https:\/\/toensfeldt-modellbau.de\/wp-content\/uploads\/2021\/12\/2-LH-Gelb.jpg 142w, https:\/\/toensfeldt-modellbau.de\/wp-content\/uploads\/2021\/12\/2-LH-Gelb-91x300.jpg 91w\" sizes=\"auto, (max-width: 142px) 100vw, 142px\" \/><\/a><\/figure>\n\n\n\n<p>2 LH Kette 7,5 cm Gelb<\/p>\n\n\n\n<figure class=\"wp-block-image size-large\"><a href=\"http:\/\/toensfeldt-modellbau.de\/wp-content\/uploads\/2021\/12\/3-LH-Blau.jpg\"><img loading=\"lazy\" decoding=\"async\" width=\"142\" height=\"313\" src=\"http:\/\/toensfeldt-modellbau.de\/wp-content\/uploads\/2021\/12\/3-LH-Blau.jpg\" alt=\"\" class=\"wp-image-5781\" srcset=\"https:\/\/toensfeldt-modellbau.de\/wp-content\/uploads\/2021\/12\/3-LH-Blau.jpg 142w, https:\/\/toensfeldt-modellbau.de\/wp-content\/uploads\/2021\/12\/3-LH-Blau-136x300.jpg 136w\" sizes=\"auto, (max-width: 142px) 100vw, 142px\" \/><\/a><\/figure>\n\n\n\n<p>3 LH Kette 7,5 cm Blau<\/p>\n\n\n\n<figure class=\"wp-block-image size-large\"><a href=\"http:\/\/toensfeldt-modellbau.de\/wp-content\/uploads\/2021\/12\/4-LA-Rot.jpg\"><img loading=\"lazy\" decoding=\"async\" width=\"142\" height=\"283\" src=\"http:\/\/toensfeldt-modellbau.de\/wp-content\/uploads\/2021\/12\/4-LA-Rot.jpg\" alt=\"\" class=\"wp-image-5782\"\/><\/a><\/figure>\n\n\n\n<p>4 LH Kette 7,5 cm Rot<\/p>\n\n\n\n<figure class=\"wp-block-image size-full\"><a href=\"http:\/\/toensfeldt-modellbau.de\/wp-content\/uploads\/2022\/01\/Anschagkette-2-LH-verzinkt.jpg\"><img loading=\"lazy\" decoding=\"async\" width=\"168\" height=\"425\" src=\"http:\/\/toensfeldt-modellbau.de\/wp-content\/uploads\/2022\/01\/Anschagkette-2-LH-verzinkt.jpg\" alt=\"\" class=\"wp-image-6330\" srcset=\"https:\/\/toensfeldt-modellbau.de\/wp-content\/uploads\/2022\/01\/Anschagkette-2-LH-verzinkt.jpg 168w, https:\/\/toensfeldt-modellbau.de\/wp-content\/uploads\/2022\/01\/Anschagkette-2-LH-verzinkt-119x300.jpg 119w\" sizes=\"auto, (max-width: 168px) 100vw, 168px\" \/><\/a><\/figure>\n\n\n\n<p> 2 LH Kette 7,5 cm Verzinkt <\/p>\n\n\n\n<p>Art. Nr. Bestell Text:<\/p>\n\n\n\n<ul class=\"wp-block-list\">\n<li><span style=\"color:#a30003\" class=\"has-inline-color\">030120<\/span> TMV Anschlagkette 1 LH Rot<\/li>\n\n\n\n<li><span style=\"color:#a3000d\" class=\"has-inline-color\">030121<\/span> TMV Anschlagkette 2 LH Rot<\/li>\n\n\n\n<li><span style=\"color:#a3000d\" class=\"has-inline-color\">030122<\/span> TMV Anschlagkette 3 LH Rot<\/li>\n\n\n\n<li><span style=\"color:#a3000d\" class=\"has-inline-color\">030123<\/span> TMV Anschlagkette 4 LH Rot<\/li>\n<\/ul>\n\n\n\n<ul class=\"wp-block-list\">\n<li><span style=\"color:#a30008\" class=\"has-inline-color\">030124<\/span> TMV Anschlagkette 1 LH Gelb<\/li>\n\n\n\n<li><span style=\"color:#a3000d\" class=\"has-inline-color\">030125<\/span> TMV Anschlagkette 2 LH Gelb<\/li>\n\n\n\n<li><span style=\"color:#a30008\" class=\"has-inline-color\">030126<\/span> TMV Anschlagkette 3 LH Gelb<\/li>\n\n\n\n<li><span style=\"color:#a30015\" class=\"has-inline-color\">030127<\/span> TMV Anschlagkette 4 LH Gelb<\/li>\n<\/ul>\n\n\n\n<ul class=\"wp-block-list\">\n<li><span style=\"color:#a30008\" class=\"has-inline-color\">030128<\/span> TMV Anschlagkette 1 LH Oliv<\/li>\n\n\n\n<li><span style=\"color:#a30008\" class=\"has-inline-color\">030129<\/span> TMV Anschlagkette 2 LH Oliv<\/li>\n\n\n\n<li><span style=\"color:#a30004\" class=\"has-inline-color\">030130<\/span> TMV Anschlagkette 3 LH Oliv<\/li>\n\n\n\n<li><span style=\"color:#a30003\" class=\"has-inline-color\">030131<\/span> TMV Anschlagkette 4 LH Oliv<\/li>\n<\/ul>\n\n\n\n<ul class=\"wp-block-list\">\n<li><span style=\"color:#a3000d\" class=\"has-inline-color\">030132<\/span> TMV Anschlagkette 1 LH Blau<\/li>\n\n\n\n<li><span style=\"color:#a30004\" class=\"has-inline-color\">030133<\/span> TMV Anschlagkette 2 LH Blau<\/li>\n\n\n\n<li><span style=\"color:#a3000d\" class=\"has-inline-color\">030134<\/span> TMV Anschlagkette 3 LH Blau<\/li>\n\n\n\n<li><span style=\"color:#a30003\" class=\"has-inline-color\">030135<\/span> TMV Anschlagkette 4 LH Blau<\/li>\n<\/ul>\n\n\n\n<ul class=\"wp-block-list\">\n<li><span style=\"color:#a30004\" class=\"has-inline-color\">030136<\/span> TMV Anschlagkette 1 LH Verzinkt<\/li>\n\n\n\n<li><span style=\"color:#a30004\" class=\"has-inline-color\">030137 <\/span>TMV Anschlagkette 2 LH Verzinkt<\/li>\n\n\n\n<li><span style=\"color:#a30011\" class=\"has-inline-color\">030138<\/span> TMV Anschlagkette 3 LH Verzinkt<\/li>\n\n\n\n<li><span style=\"color:#a30004\" class=\"has-inline-color\">030139<\/span> TMV Anschlagkette 4 LH Verzinkt<\/li>\n<\/ul>\n\n\n\n<p>Preise ab: 10,90 \u20ac<\/p>\n\n\n\n<p>Olaf T\u00f6nsfeldt<br>T\u00f6nsfeldt Modellbau Vertrieb<br>Nobiskr\u00fcger Allee 20<br>24768 Rendsburg<\/p>\n\n\n\n<p><strong>Deutschland<\/strong><br>Tel.: 0049 (0 ) 43 31\/ 51 95<br>E-Mail an: <a href=\"mailto:tmv@toensfeldt-modellbau.de\">tmv@toensfeldt-modellbau.de<\/a><\/p>\n","protected":false},"excerpt":{"rendered":"<p>TMV Anschlagketten Lasthaken mit Sicherung (LH). LH Ketten L\u00e4nge 7,5 cm Die TMV Anschlagketten k\u00f6nnen zum sicheren Verladen von schwerem Ladegut mit dem Kran benutz werden. Standartl\u00e4nge der Ketten ist 7,5 cm, Es k\u00f6nnen aber auch anderen L\u00e4ngen bestellt werden. &hellip; <a href=\"https:\/\/toensfeldt-modellbau.de\/?page_id=5569\">Weiterlesen <span class=\"meta-nav\">&rarr;<\/span><\/a><\/p>\n","protected":false},"author":2,"featured_media":0,"parent":0,"menu_order":0,"comment_status":"closed","ping_status":"closed","template":"","meta":{"footnotes":""},"class_list":["post-5569","page","type-page","status-publish","hentry"],"_links":{"self":[{"href":"https:\/\/toensfeldt-modellbau.de\/index.php?rest_route=\/wp\/v2\/pages\/5569","targetHints":{"allow":["GET"]}}],"collection":[{"href":"https:\/\/toensfeldt-modellbau.de\/index.php?rest_route=\/wp\/v2\/pages"}],"about":[{"href":"https:\/\/toensfeldt-modellbau.de\/index.php?rest_route=\/wp\/v2\/types\/page"}],"author":[{"embeddable":true,"href":"https:\/\/toensfeldt-modellbau.de\/index.php?rest_route=\/wp\/v2\/users\/2"}],"replies":[{"embeddable":true,"href":"https:\/\/toensfeldt-modellbau.de\/index.php?rest_route=%2Fwp%2Fv2%2Fcomments&post=5569"}],"version-history":[{"count":7,"href":"https:\/\/toensfeldt-modellbau.de\/index.php?rest_route=\/wp\/v2\/pages\/5569\/revisions"}],"predecessor-version":[{"id":7607,"href":"https:\/\/toensfeldt-modellbau.de\/index.php?rest_route=\/wp\/v2\/pages\/5569\/revisions\/7607"}],"wp:attachment":[{"href":"https:\/\/toensfeldt-modellbau.de\/index.php?rest_route=%2Fwp%2Fv2%2Fmedia&parent=5569"}],"curies":[{"name":"wp","href":"https:\/\/api.w.org\/{rel}","templated":true}]}}