{"id":5571,"date":"2021-10-21T10:45:32","date_gmt":"2021-10-21T08:45:32","guid":{"rendered":"http:\/\/toensfeldt-modellbau.de\/?page_id=5571"},"modified":"2025-03-08T12:21:43","modified_gmt":"2025-03-08T10:21:43","slug":"straenge-alu-haken","status":"publish","type":"page","link":"https:\/\/toensfeldt-modellbau.de\/?page_id=5571","title":{"rendered":"Str\u00e4nge AluH"},"content":{"rendered":"\n<p><em><strong><span style=\"color:#a30011\" class=\"has-inline-color\">TMV Anschlagketten mit Aluhaken (AluH).<\/span><\/strong><\/em><\/p>\n\n\n\n<figure class=\"wp-block-image\"><img loading=\"lazy\" decoding=\"async\" width=\"283\" height=\"270\" src=\"http:\/\/toensfeldt-modellbau.de\/wp-content\/uploads\/2020\/01\/AnSchKette-AluHaken-3-Faben.jpg\" alt=\"\" class=\"wp-image-3889\"\/><\/figure>\n\n\n\n<p>Die TMV Anschlagketten k\u00f6nnen zum sicheren Verladen von schwerem Ladegut mit dem Kran benutz werden. Standartl\u00e4nge der Ketten ist 7,5 cm, Es k\u00f6nnen aber auch anderen L\u00e4ngen bestellt werden. Sonderanfertigungen sind m\u00f6glich, bitte sprechen Sie uns an.<\/p>\n\n\n\n<p>Die Ketten k\u00f6nnen gegen Aufpreis in Schritten von 2,5 cm verl\u00e4ngert werden.<\/p>\n\n\n\n<p>Die Kettenglider sind aus Messing gel\u00f6tet und schwarz br\u00fcniert, Anschlag\u00f6se bei Rot pulverbeschichtet bei Schwarz und Alu natur Glansverzinnt. Aluhaken (AluH) in Rot und Schwarz eloxiert oder Alu natur.<\/p>\n\n\n\n<p><em>Bei der Bestellung die Art. Nr. und die gew\u00fcnschte L\u00e4nge angeben.<\/em><\/p>\n\n\n\n<figure class=\"wp-block-image\"><img loading=\"lazy\" decoding=\"async\" width=\"269\" height=\"283\" src=\"http:\/\/toensfeldt-modellbau.de\/wp-content\/uploads\/2020\/01\/AnSchKette-AluHaken-Rot.jpg\" alt=\"\" class=\"wp-image-3891\"\/><\/figure>\n\n\n\n<figure class=\"wp-block-image\"><img loading=\"lazy\" decoding=\"async\" width=\"273\" height=\"283\" src=\"http:\/\/toensfeldt-modellbau.de\/wp-content\/uploads\/2020\/01\/AnSchKette-AluHaken-Natur.jpg\" alt=\"\" class=\"wp-image-3890\"\/><\/figure>\n\n\n\n<figure class=\"wp-block-image\"><img loading=\"lazy\" decoding=\"async\" width=\"257\" height=\"283\" src=\"http:\/\/toensfeldt-modellbau.de\/wp-content\/uploads\/2020\/01\/AnSchKette-AluHaken-Schwarz.jpg\" alt=\"\" class=\"wp-image-3892\"\/><\/figure>\n\n\n\n<ul class=\"wp-block-list\">\n<li><span style=\"color:#a30011\" class=\"has-inline-color\">030240<\/span> TMV Anschlagkette 1 AluH Rot<\/li>\n\n\n\n<li><span style=\"color:#a3000d\" class=\"has-inline-color\">030241<\/span> TMV Anschlagkette 2 AluH Rot<\/li>\n\n\n\n<li><span style=\"color:#a3000d\" class=\"has-inline-color\">030242<\/span> TMV Anschlagkette 3 AluH Rot<\/li>\n\n\n\n<li><span style=\"color:#a30003\" class=\"has-inline-color\">030243<\/span> TMV Anschlagkette 4 AluH Rot<\/li>\n<\/ul>\n\n\n\n<ul class=\"wp-block-list\">\n<li><span style=\"color:#a30004\" class=\"has-inline-color\">030244<\/span> TMV Anschlagkette 1 AluH Schwarz<\/li>\n\n\n\n<li><span style=\"color:#a3000d\" class=\"has-inline-color\">030245<\/span> TMV Anschlagkette 2 AluH Schwarz<\/li>\n\n\n\n<li><span style=\"color:#a30004\" class=\"has-inline-color\">030246<\/span> TMV Anschlagkette 3 AluH Schwarz<\/li>\n\n\n\n<li><span style=\"color:#a30003\" class=\"has-inline-color\">030247<\/span> TMV Anschlagkette 4 AluH Schwarz<\/li>\n<\/ul>\n\n\n\n<ul class=\"wp-block-list\">\n<li><span style=\"color:#a30004\" class=\"has-inline-color\">030248<\/span> TMV Anschlagkette 1 AluH Natur<\/li>\n\n\n\n<li><span style=\"color:#a30011\" class=\"has-inline-color\">030249 <\/span>TMV Anschlagkette 2 AluH Natur<\/li>\n\n\n\n<li><span style=\"color:#a30004\" class=\"has-inline-color\">030250<\/span> TMV Anschlagkette 3 AluH Natur<\/li>\n\n\n\n<li><span style=\"color:#a30011\" class=\"has-inline-color\">030251<\/span> TMV Anschlagkette 4 AluH Natur<\/li>\n<\/ul>\n\n\n\n<p>Preise ab: 8,50 \u20ac<\/p>\n\n\n\n<p>Olaf T\u00f6nsfeldt<br>T\u00f6nsfeldt Modellbau Vertrieb<br>Nobiskr\u00fcger Allee 20<br>24768 Rendsburg<\/p>\n\n\n\n<p><strong>Deutschland<\/strong><br>Tel.: 0049 (0 ) 43 31\/ 51 95<br>E-Mail an: <a href=\"mailto:tmv@toensfeldt-modellbau.de\">tmv@toensfeldt-modellbau.de<\/a><\/p>\n","protected":false},"excerpt":{"rendered":"<p>TMV Anschlagketten mit Aluhaken (AluH). Die TMV Anschlagketten k\u00f6nnen zum sicheren Verladen von schwerem Ladegut mit dem Kran benutz werden. Standartl\u00e4nge der Ketten ist 7,5 cm, Es k\u00f6nnen aber auch anderen L\u00e4ngen bestellt werden. Sonderanfertigungen sind m\u00f6glich, bitte sprechen Sie &hellip; <a href=\"https:\/\/toensfeldt-modellbau.de\/?page_id=5571\">Weiterlesen <span class=\"meta-nav\">&rarr;<\/span><\/a><\/p>\n","protected":false},"author":2,"featured_media":0,"parent":0,"menu_order":0,"comment_status":"closed","ping_status":"closed","template":"","meta":{"footnotes":""},"class_list":["post-5571","page","type-page","status-publish","hentry"],"_links":{"self":[{"href":"https:\/\/toensfeldt-modellbau.de\/index.php?rest_route=\/wp\/v2\/pages\/5571","targetHints":{"allow":["GET"]}}],"collection":[{"href":"https:\/\/toensfeldt-modellbau.de\/index.php?rest_route=\/wp\/v2\/pages"}],"about":[{"href":"https:\/\/toensfeldt-modellbau.de\/index.php?rest_route=\/wp\/v2\/types\/page"}],"author":[{"embeddable":true,"href":"https:\/\/toensfeldt-modellbau.de\/index.php?rest_route=\/wp\/v2\/users\/2"}],"replies":[{"embeddable":true,"href":"https:\/\/toensfeldt-modellbau.de\/index.php?rest_route=%2Fwp%2Fv2%2Fcomments&post=5571"}],"version-history":[{"count":5,"href":"https:\/\/toensfeldt-modellbau.de\/index.php?rest_route=\/wp\/v2\/pages\/5571\/revisions"}],"predecessor-version":[{"id":7606,"href":"https:\/\/toensfeldt-modellbau.de\/index.php?rest_route=\/wp\/v2\/pages\/5571\/revisions\/7606"}],"wp:attachment":[{"href":"https:\/\/toensfeldt-modellbau.de\/index.php?rest_route=%2Fwp%2Fv2%2Fmedia&parent=5571"}],"curies":[{"name":"wp","href":"https:\/\/api.w.org\/{rel}","templated":true}]}}