{"id":5654,"date":"2021-10-28T17:46:41","date_gmt":"2021-10-28T15:46:41","guid":{"rendered":"http:\/\/toensfeldt-modellbau.de\/?page_id=5654"},"modified":"2022-05-07T14:44:41","modified_gmt":"2022-05-07T12:44:41","slug":"ibc-tank-aufkleber","status":"publish","type":"page","link":"https:\/\/toensfeldt-modellbau.de\/?page_id=5654","title":{"rendered":"IBC-Tank Aufkleber"},"content":{"rendered":"\n<figure class=\"wp-block-image size-large\"><a href=\"http:\/\/toensfeldt-modellbau.de\/wp-content\/uploads\/2021\/10\/2-IBC-mit-Aufkleber.jpg\"><img loading=\"lazy\" decoding=\"async\" width=\"425\" height=\"500\" src=\"http:\/\/toensfeldt-modellbau.de\/wp-content\/uploads\/2021\/10\/2-IBC-mit-Aufkleber.jpg\" alt=\"\" class=\"wp-image-5653\" srcset=\"https:\/\/toensfeldt-modellbau.de\/wp-content\/uploads\/2021\/10\/2-IBC-mit-Aufkleber.jpg 425w, https:\/\/toensfeldt-modellbau.de\/wp-content\/uploads\/2021\/10\/2-IBC-mit-Aufkleber-255x300.jpg 255w\" sizes=\"auto, (max-width: 425px) 100vw, 425px\" \/><\/a><\/figure>\n\n\n\n<p><strong><em><span style=\"color:#a30008\" class=\"has-inline-color\">Aufkleber Gefahrgut f\u00fcr IBC &#8211; Tank<\/span><\/em><\/strong><\/p>\n\n\n\n<figure class=\"wp-block-image size-large is-resized\"><a href=\"http:\/\/toensfeldt-modellbau.de\/wp-content\/uploads\/2021\/10\/GHS02-Entzuendlich.jpg\"><img loading=\"lazy\" decoding=\"async\" src=\"http:\/\/toensfeldt-modellbau.de\/wp-content\/uploads\/2021\/10\/GHS02-Entzuendlich.jpg\" alt=\"\" class=\"wp-image-5647\" width=\"283\" height=\"251\"\/><\/a><\/figure>\n\n\n\n<p>GHS02. Entz\u00fcndlich<\/p>\n\n\n\n<figure class=\"wp-block-image size-large\"><a href=\"http:\/\/toensfeldt-modellbau.de\/wp-content\/uploads\/2021\/10\/GHS03-Entzuendend-oxidierend.jpg\"><img loading=\"lazy\" decoding=\"async\" width=\"283\" height=\"251\" src=\"http:\/\/toensfeldt-modellbau.de\/wp-content\/uploads\/2021\/10\/GHS03-Entzuendend-oxidierend.jpg\" alt=\"\" class=\"wp-image-5648\"\/><\/a><\/figure>\n\n\n\n<p>GHS03 Entz\u00fcndend-Oxidierend-Brandf\u00f6rdernd<\/p>\n\n\n\n<figure class=\"wp-block-image size-large\"><a href=\"http:\/\/toensfeldt-modellbau.de\/wp-content\/uploads\/2021\/10\/DHS05-Metallkorrosiv-hautaetzend.jpg\"><img loading=\"lazy\" decoding=\"async\" width=\"283\" height=\"232\" src=\"http:\/\/toensfeldt-modellbau.de\/wp-content\/uploads\/2021\/10\/DHS05-Metallkorrosiv-hautaetzend.jpg\" alt=\"\" class=\"wp-image-5652\"\/><\/a><\/figure>\n\n\n\n<p>GHS05 Metallkorrosiv-Haut\u00e4tzend-Augensch\u00e4den<\/p>\n\n\n\n<figure class=\"wp-block-image size-large\"><a href=\"http:\/\/toensfeldt-modellbau.de\/wp-content\/uploads\/2021\/10\/GHS06-Akut-giftig.jpg\"><img loading=\"lazy\" decoding=\"async\" width=\"283\" height=\"238\" src=\"http:\/\/toensfeldt-modellbau.de\/wp-content\/uploads\/2021\/10\/GHS06-Akut-giftig.jpg\" alt=\"\" class=\"wp-image-5649\"\/><\/a><\/figure>\n\n\n\n<p>GHS06 Akut giftig<\/p>\n\n\n\n<figure class=\"wp-block-image size-large\"><a href=\"http:\/\/toensfeldt-modellbau.de\/wp-content\/uploads\/2021\/10\/GHS07-Hautreizend-augenreizend.jpg\"><img loading=\"lazy\" decoding=\"async\" width=\"283\" height=\"250\" src=\"http:\/\/toensfeldt-modellbau.de\/wp-content\/uploads\/2021\/10\/GHS07-Hautreizend-augenreizend.jpg\" alt=\"\" class=\"wp-image-5650\"\/><\/a><\/figure>\n\n\n\n<p>GHS07 Hautreizend-Augenreizend-Stot<\/p>\n\n\n\n<figure class=\"wp-block-image size-large\"><a href=\"http:\/\/toensfeldt-modellbau.de\/wp-content\/uploads\/2021\/10\/GHS09-Wassergefaehrdend.jpg\"><img loading=\"lazy\" decoding=\"async\" width=\"283\" height=\"251\" src=\"http:\/\/toensfeldt-modellbau.de\/wp-content\/uploads\/2021\/10\/GHS09-Wassergefaehrdend.jpg\" alt=\"\" class=\"wp-image-5651\"\/><\/a><\/figure>\n\n\n\n<p>GHS09 Wassergef\u00e4hrdend<\/p>\n\n\n\n<p>Da viele Details auf so einem Aufkleber in 1:14 nicht zu Lesen sind, habe ich mich entschlossen das Augenmerk auf das Gefahrgut zulegen. Unter GHS sind insgesammt 9 Piktogramme zusammen gefast wie bieten 6 GHS Piktrogramme an. Auf anfrage k\u00f6nnen auch die fehlenden 3 Piktrogramme angeboten werden.<\/p>\n\n\n\n<p>Technische Daten Aufkleber:<\/p>\n\n\n\n<ul class=\"wp-block-list\"><li>L\u00e4nge: ca. 30 mm<\/li><li>Breite: ca. 30 mm<\/li><\/ul>\n\n\n\n<p>Art. Nr. Bestelltext:<\/p>\n\n\n\n<ul class=\"wp-block-list\"><li><span style=\"color:#a30008\" class=\"has-inline-color\">050102<\/span> IBC-Tank Aufkleber Gefahrgut GHS ?<\/li><\/ul>\n\n\n\n<p><a href=\"http:\/\/toensfeldt-modellbau.de\/wp-admin\/post.php?post=5603&amp;action=edit\">Bearbeiten<\/a><\/p>\n","protected":false},"excerpt":{"rendered":"<p>Aufkleber Gefahrgut f\u00fcr IBC &#8211; Tank GHS02. Entz\u00fcndlich GHS03 Entz\u00fcndend-Oxidierend-Brandf\u00f6rdernd GHS05 Metallkorrosiv-Haut\u00e4tzend-Augensch\u00e4den GHS06 Akut giftig GHS07 Hautreizend-Augenreizend-Stot GHS09 Wassergef\u00e4hrdend Da viele Details auf so einem Aufkleber in 1:14 nicht zu Lesen sind, habe ich mich entschlossen das Augenmerk auf das &hellip; <a href=\"https:\/\/toensfeldt-modellbau.de\/?page_id=5654\">Weiterlesen <span class=\"meta-nav\">&rarr;<\/span><\/a><\/p>\n","protected":false},"author":2,"featured_media":0,"parent":0,"menu_order":0,"comment_status":"closed","ping_status":"closed","template":"","meta":{"footnotes":""},"class_list":["post-5654","page","type-page","status-publish","hentry"],"_links":{"self":[{"href":"https:\/\/toensfeldt-modellbau.de\/index.php?rest_route=\/wp\/v2\/pages\/5654","targetHints":{"allow":["GET"]}}],"collection":[{"href":"https:\/\/toensfeldt-modellbau.de\/index.php?rest_route=\/wp\/v2\/pages"}],"about":[{"href":"https:\/\/toensfeldt-modellbau.de\/index.php?rest_route=\/wp\/v2\/types\/page"}],"author":[{"embeddable":true,"href":"https:\/\/toensfeldt-modellbau.de\/index.php?rest_route=\/wp\/v2\/users\/2"}],"replies":[{"embeddable":true,"href":"https:\/\/toensfeldt-modellbau.de\/index.php?rest_route=%2Fwp%2Fv2%2Fcomments&post=5654"}],"version-history":[{"count":8,"href":"https:\/\/toensfeldt-modellbau.de\/index.php?rest_route=\/wp\/v2\/pages\/5654\/revisions"}],"predecessor-version":[{"id":6698,"href":"https:\/\/toensfeldt-modellbau.de\/index.php?rest_route=\/wp\/v2\/pages\/5654\/revisions\/6698"}],"wp:attachment":[{"href":"https:\/\/toensfeldt-modellbau.de\/index.php?rest_route=%2Fwp%2Fv2%2Fmedia&parent=5654"}],"curies":[{"name":"wp","href":"https:\/\/api.w.org\/{rel}","templated":true}]}}